{"id":10021,"date":"2020-11-25T20:59:34","date_gmt":"2020-11-25T19:59:34","guid":{"rendered":"https:\/\/wgt.ch\/?page_id=10021"},"modified":"2020-11-27T11:22:27","modified_gmt":"2020-11-27T10:22:27","slug":"22-dez-2020","status":"publish","type":"page","link":"https:\/\/wgt.ch\/fr\/advent-2020\/22-dez-2020\/","title":{"rendered":"22 d\u00e9c 2020"},"content":{"rendered":"<section class=\"l-section wpb_row height_small\"><div class=\"l-section-h i-cf\"><div class=\"g-cols vc_row via_grid cols_2 laptops-cols_inherit tablets-cols_inherit mobiles-cols_1 valign_top type_default stacking_default\"><div class=\"wpb_column vc_column_container\"><div class=\"vc_column-inner\"><div class=\"w-image align_none\"><div class=\"w-image-h\"><img decoding=\"async\" width=\"1414\" height=\"2015\" src=\"https:\/\/wgt.ch\/wp-content\/uploads\/2020\/11\/22-Veronique-CH.jpg\" class=\"attachment-full size-full\" alt=\"\" loading=\"lazy\" srcset=\"https:\/\/wgt.ch\/wp-content\/uploads\/2020\/11\/22-Veronique-CH.jpg 1414w, https:\/\/wgt.ch\/wp-content\/uploads\/2020\/11\/22-Veronique-CH-211x300.jpg 211w, https:\/\/wgt.ch\/wp-content\/uploads\/2020\/11\/22-Veronique-CH-719x1024.jpg 719w, https:\/\/wgt.ch\/wp-content\/uploads\/2020\/11\/22-Veronique-CH-1078x1536.jpg 1078w\" sizes=\"auto, (max-width: 1414px) 100vw, 1414px\" \/><\/div><\/div><\/div><\/div><div class=\"wpb_column vc_column_container\"><div class=\"vc_column-inner\"><div class=\"wpb_text_column\"><div class=\"wpb_wrapper\"><p><strong>Je m\u2019appelle V\u00e9ronique<\/strong>, j\u2019habite \u00e0 Tramelan avec mes deux fils. En tant que nouvelle participante, j&#8217;ai v\u00e9cu une tr\u00e8s belle exp\u00e9rience enrichissante au sein de la JMP. J&#8217;ai beaucoup appris sur le Zimbabwe dont je devais faire la pr\u00e9sentation et aussi sur le team des femmes de Tramelan. La collaboration et l&#8217;entraide \u00e9taient g\u00e9nial, les soir\u00e9es de pr\u00e9parations tr\u00e8s anim\u00e9es par les chants, les pri\u00e8res et surtout l&#8217;\u00e9change et le partage. Malgr\u00e9 le covid, la soir\u00e9e de la JMP sur le Zimbabwe \u00e9tait excellente. J&#8217;ai beaucoup aim\u00e9 et j&#8217;ai aussi h\u00e2te de me retrouver de nouveau avec le team JMP pour la prochaine pr\u00e9sentation. Je conseille vivement la JMP.<\/p>\n<\/div><\/div><\/div><\/div><\/div><\/div><\/section><section class=\"l-section wpb_row height_small\"><div class=\"l-section-h i-cf\"><div class=\"g-cols vc_row via_grid cols_1 laptops-cols_inherit tablets-cols_inherit mobiles-cols_1 valign_top type_default stacking_default\">\r\n\r\n    <div class=\"back-button\">\r\n        <a class=\"width-full w-btn us-btn-style_2 usg_btn_1\" href=\"\/fr\/wp-json\/wp\/v2\/pages\">\r\n            <span class=\"w-btn-label\">\r\n                retour            <\/span>\r\n        <\/a>\r\n    <\/div>\r\n\r\n\r\n    <div class=\"wpb_column vc_column_container\"><div class=\"vc_column-inner\"><\/div><\/div><\/div><\/div><\/section>\n","protected":false},"excerpt":{"rendered":"{:de}Je m\u2019appelle V\u00e9ronique, j\u2019habite \u00e0 Tramelan avec mes deux fils. En tant que nouvelle participante, j&#8217;ai v\u00e9cu une tr\u00e8s belle exp\u00e9rience enrichissante au sein de la JMP. J&#8217;ai beaucoup appris sur le Zimbabwe dont je devais faire la pr\u00e9sentation et aussi sur le team des femmes de Tramelan. La collaboration et l&#8217;entraide \u00e9taient g\u00e9nial, les...","protected":false},"author":5,"featured_media":0,"parent":9441,"menu_order":63,"comment_status":"closed","ping_status":"closed","template":"","meta":{"_acf_changed":false,"footnotes":""},"class_list":["post-10021","page","type-page","status-publish","hentry"],"translation":{"provider":"WPGlobus","version":"3.0.2","language":"fr","enabled_languages":["de","fr","it"],"languages":{"de":{"title":true,"content":true,"excerpt":false},"fr":{"title":true,"content":true,"excerpt":false},"it":{"title":true,"content":true,"excerpt":false}}},"acf":[],"_links":{"self":[{"href":"https:\/\/wgt.ch\/fr\/wp-json\/wp\/v2\/pages\/10021","targetHints":{"allow":["GET"]}}],"collection":[{"href":"https:\/\/wgt.ch\/fr\/wp-json\/wp\/v2\/pages"}],"about":[{"href":"https:\/\/wgt.ch\/fr\/wp-json\/wp\/v2\/types\/page"}],"author":[{"embeddable":true,"href":"https:\/\/wgt.ch\/fr\/wp-json\/wp\/v2\/users\/5"}],"replies":[{"embeddable":true,"href":"https:\/\/wgt.ch\/fr\/wp-json\/wp\/v2\/comments?post=10021"}],"version-history":[{"count":10,"href":"https:\/\/wgt.ch\/fr\/wp-json\/wp\/v2\/pages\/10021\/revisions"}],"predecessor-version":[{"id":10239,"href":"https:\/\/wgt.ch\/fr\/wp-json\/wp\/v2\/pages\/10021\/revisions\/10239"}],"up":[{"embeddable":true,"href":"https:\/\/wgt.ch\/fr\/wp-json\/wp\/v2\/pages\/9441"}],"wp:attachment":[{"href":"https:\/\/wgt.ch\/fr\/wp-json\/wp\/v2\/media?parent=10021"}],"curies":[{"name":"wp","href":"https:\/\/api.w.org\/{rel}","templated":true}]}}