{"id":14635,"date":"2021-09-17T14:22:28","date_gmt":"2021-09-17T12:22:28","guid":{"rendered":"https:\/\/wgt.ch\/?page_id=14635"},"modified":"2024-07-03T11:56:38","modified_gmt":"2024-07-03T09:56:38","slug":"bibelarbeit-zu-jeremia-29-1-14","status":"publish","type":"page","link":"https:\/\/wgt.ch\/fr\/downloads-ewni-2022\/bibelarbeit-zu-jeremia-29-1-14\/","title":{"rendered":"\u00c9tude biblique : J\u00e9r\u00e9mie 29,1-14"},"content":{"rendered":"<section class=\"l-section wpb_row height_small\"><div class=\"l-section-h i-cf\"><div class=\"g-cols vc_row via_grid cols_1 laptops-cols_inherit tablets-cols_inherit mobiles-cols_1 valign_top type_default stacking_default\"><div class=\"wpb_column vc_column_container\"><div class=\"vc_column-inner\"><h2 class=\"w-post-elm post_title entry-title color_link_inherit\">\u00c9tude biblique : J\u00e9r\u00e9mie 29,1-14<\/h2><div class=\"wpb_text_column\"><div class=\"wpb_wrapper\"><p>De Moni Egger et Li Hangartner<br \/>\nPour la\u00a0Journ\u00e9e mondiale de pri\u00e8re 2022\u00a0Angleterre, Pays de Galles et Irlande du Nord<\/p>\n<\/div><\/div><\/div><\/div><\/div><\/div><\/section><section class=\"l-section wpb_row height_auto\"><div class=\"l-section-h i-cf\"><div class=\"g-cols vc_row via_grid cols_2 laptops-cols_inherit tablets-cols_inherit mobiles-cols_1 valign_top type_default stacking_default\"><div class=\"wpb_column vc_column_container\"><div class=\"vc_column-inner\"><div class=\"w-image align_none\"><div class=\"w-image-h\"><img decoding=\"async\" width=\"1024\" height=\"574\" src=\"https:\/\/wgt.ch\/wp-content\/uploads\/2021\/12\/Etude-biblique-2022-image-1024x574.png\" class=\"attachment-large size-large\" alt=\"\" loading=\"lazy\" srcset=\"https:\/\/wgt.ch\/wp-content\/uploads\/2021\/12\/Etude-biblique-2022-image-1024x574.png 1024w, https:\/\/wgt.ch\/wp-content\/uploads\/2021\/12\/Etude-biblique-2022-image-300x168.png 300w, https:\/\/wgt.ch\/wp-content\/uploads\/2021\/12\/Etude-biblique-2022-image-1536x861.png 1536w, https:\/\/wgt.ch\/wp-content\/uploads\/2021\/12\/Etude-biblique-2022-image.png 1830w\" sizes=\"auto, (max-width: 1024px) 100vw, 1024px\" \/><\/div><\/div><div class=\"w-separator size_medium\"><\/div><\/div><\/div><div class=\"wpb_column vc_column_container\"><div class=\"vc_column-inner\"><div class=\"wpb_text_column\"><div class=\"wpb_wrapper\"><h5>T\u00e9l\u00e9chargements &#8211; documents<\/h5>\n<p><a href=\"https:\/\/wgt.ch\/wp-content\/uploads\/2021\/12\/Etude-biblique-2022-HP1-De\u0301roulement.pdf\" target=\"_blank\" rel=\"noopener\">\u00c9tude biblique 2022 HP1 De\u0301roulement<\/a><\/p>\n<p><a href=\"https:\/\/wgt.ch\/wp-content\/uploads\/2021\/12\/Etude-biblique-2022-HP2-Contexte-historique-K.pdf\" target=\"_blank\" rel=\"noopener\">\u00c9tude biblique 2022 HP2 Contexte historique K<\/a><\/p>\n<p><a href=\"https:\/\/wgt.ch\/wp-content\/uploads\/2021\/12\/E\u0301tude-biblique-2022-HP3-Contexte-historique-PPP-N.pptx\" target=\"_blank\" rel=\"noopener\">E\u0301tude biblique 2022 HP3 Contexte historique PPP N<\/a><\/p>\n<p><a href=\"https:\/\/wgt.ch\/wp-content\/uploads\/2021\/12\/Etude-biblique-2022-HP4-Texte-biblique.pdf\" target=\"_blank\" rel=\"noopener\">\u00c9tude biblique 2022 HP4 Texte biblique<\/a><\/p>\n<p><a href=\"https:\/\/wgt.ch\/wp-content\/uploads\/2021\/12\/Etude-biblique-2022-HP5-Explications-relatives-au-texte-biblique.pdf\" target=\"_blank\" rel=\"noopener\">\u00c9tude biblique 2022 HP5 Explications relatives au texte biblique<\/a><\/p>\n<p><a href=\"https:\/\/wgt.ch\/wp-content\/uploads\/2021\/12\/Etude-biblique-2022-HP6-Phrases-cle\u0301s.pptx\" target=\"_blank\" rel=\"noopener\">\u00c9tude biblique 2022 HP6 Phrases cle\u0301s.PPP<\/a><\/p>\n<p><a href=\"https:\/\/wgt.ch\/wp-content\/uploads\/2021\/12\/Etude-biblique-2022-HP7-Approche-the\u0301ologique-journal-mural.pdf\" target=\"_blank\" rel=\"noopener\">\u00c9tude biblique 2022 HP7 Approche the\u0301ologique journal mural<\/a><\/p>\n<p><a href=\"https:\/\/wgt.ch\/wp-content\/uploads\/2021\/12\/Etude-biblique-2022-HP8-Lettre-de-re\u0301ponse.pdf\" target=\"_blank\" rel=\"noopener\">\u00c9tude biblique 2022 HP8 Lettre de re\u0301ponse<\/a><\/p>\n<p><a href=\"https:\/\/wgt.ch\/wp-content\/uploads\/2021\/12\/Etude-biblique-2022-HP9-Be\u0301ne\u0301diction.pdf\" target=\"_blank\" rel=\"noopener\">\u00c9tude biblique 2022 HP9 Be\u0301ne\u0301diction<\/a><\/p>\n<p><a href=\"https:\/\/wgt.ch\/wp-content\/uploads\/2021\/12\/Etude-biblique-2022-HP10-Suggestions-pour-la-lecture-du-texte-biblique-dans-la-liturgie.pdf\" target=\"_blank\" rel=\"noopener\">\u00c9tude biblique 2022 HP10 Suggestions pour la lecture du texte biblique dans la liturgie<\/a><\/p>\n<p>&nbsp;<\/p>\n<\/div><\/div><\/div><\/div><\/div><\/div><\/section>\n","protected":false},"excerpt":{"rendered":"{:de}\u00c9tude biblique : J\u00e9r\u00e9mie 29,1-14 Von\u00a0Moni Egger und Li Hangartner F\u00fcr den Weltgebetstag 2022 England, Wales und Nordirland Download-Material: Bibel-Arbeit EWNI HP 1 Ablauf Bibel-Arbeit EWNI HP 2 Historische Hintergr\u00fcnde Bibel-Arbeit EWNI HP 3 Historische Hintergr\u00fcnde PPP Bibel-Arbeit EWNI HP 4 Bibeltext Jeremia 29, 1-14 Bibel-Arbeit EWNI HP 5 Informationen Bibeltext Bibel-Arbeit EWNI HP 6...","protected":false},"author":5,"featured_media":0,"parent":14656,"menu_order":29,"comment_status":"closed","ping_status":"closed","template":"","meta":{"_acf_changed":false,"footnotes":""},"class_list":["post-14635","page","type-page","status-publish","hentry"],"translation":{"provider":"WPGlobus","version":"3.0.2","language":"fr","enabled_languages":["de","fr","it"],"languages":{"de":{"title":true,"content":true,"excerpt":false},"fr":{"title":true,"content":true,"excerpt":false},"it":{"title":true,"content":true,"excerpt":false}}},"acf":[],"_links":{"self":[{"href":"https:\/\/wgt.ch\/fr\/wp-json\/wp\/v2\/pages\/14635","targetHints":{"allow":["GET"]}}],"collection":[{"href":"https:\/\/wgt.ch\/fr\/wp-json\/wp\/v2\/pages"}],"about":[{"href":"https:\/\/wgt.ch\/fr\/wp-json\/wp\/v2\/types\/page"}],"author":[{"embeddable":true,"href":"https:\/\/wgt.ch\/fr\/wp-json\/wp\/v2\/users\/5"}],"replies":[{"embeddable":true,"href":"https:\/\/wgt.ch\/fr\/wp-json\/wp\/v2\/comments?post=14635"}],"version-history":[{"count":38,"href":"https:\/\/wgt.ch\/fr\/wp-json\/wp\/v2\/pages\/14635\/revisions"}],"predecessor-version":[{"id":34158,"href":"https:\/\/wgt.ch\/fr\/wp-json\/wp\/v2\/pages\/14635\/revisions\/34158"}],"up":[{"embeddable":true,"href":"https:\/\/wgt.ch\/fr\/wp-json\/wp\/v2\/pages\/14656"}],"wp:attachment":[{"href":"https:\/\/wgt.ch\/fr\/wp-json\/wp\/v2\/media?parent=14635"}],"curies":[{"name":"wp","href":"https:\/\/api.w.org\/{rel}","templated":true}]}}