{"id":14656,"date":"2021-09-17T14:28:17","date_gmt":"2021-09-17T12:28:17","guid":{"rendered":"https:\/\/wgt.ch\/?page_id=14656"},"modified":"2024-07-03T11:54:44","modified_gmt":"2024-07-03T09:54:44","slug":"downloads-ewni-2022","status":"publish","type":"page","link":"https:\/\/wgt.ch\/fr\/downloads-ewni-2022\/","title":{"rendered":"T\u00e9l\u00e9chargements EWNI 2022"},"content":{"rendered":"<section class=\"l-section wpb_row height_small\"><div class=\"l-section-h i-cf\"><div class=\"g-cols vc_row via_grid cols_1 laptops-cols_inherit tablets-cols_inherit mobiles-cols_1 valign_top type_default stacking_default\"><div class=\"wpb_column vc_column_container\"><div class=\"vc_column-inner\"><h2 class=\"w-post-elm post_title entry-title color_link_inherit\">T\u00e9l\u00e9chargements EWNI 2022<\/h2><\/div><\/div><\/div><\/div><\/section><section class=\"l-section wpb_row height_small\"><div class=\"l-section-h i-cf\"><div class=\"g-cols vc_row via_grid cols_1 laptops-cols_inherit tablets-cols_inherit mobiles-cols_1 valign_top type_default stacking_default\"><div class=\"wpb_column vc_column_container\"><div class=\"vc_column-inner\"><div class=\"wpb_text_column\"><div class=\"wpb_wrapper\"><h2>Mat\u00e9riel pour la pr\u00e9paration de la c\u00e9l\u00e9bration 2022<\/h2>\n<h5><a href=\"https:\/\/wgt.ch\/wp-content\/uploads\/2021\/10\/Sachet-de-graines-EWNI-2022-Modele-fr.pdf\" target=\"_blank\" rel=\"noopener\">Sachet de graines &#8211; EWNI 2022 &#8211; mod\u00e8le<\/a><\/h5>\n<\/div><\/div><div class=\"wpb_text_column\"><div class=\"wpb_wrapper\"><h5><a href=\"https:\/\/wgt.ch\/wp-content\/uploads\/2022\/02\/JMP-2022-EWNI-Idees-creatives.pdf\" target=\"_blank\" rel=\"noopener\">JMP 2022 EWNI Id\u00e9es cr\u00e9atives<\/a><\/h5>\n<\/div><\/div><div class=\"wpb_text_column hidden\"><div class=\"wpb_wrapper\"><h5><a href=\"https:\/\/wgt.ch\/wp-content\/uploads\/2022\/01\/EWNI-2022-Informations-sur-le-Pays-25.1.22.pdf\" target=\"_blank\" rel=\"noopener\">Informations sur le Pays &#8211; EWNI 2022 &#8211; PDF<\/a><\/h5>\n<\/div><\/div><div class=\"wpb_text_column hidden\"><div class=\"wpb_wrapper\"><h5><a href=\"https:\/\/wgt.ch\/wp-content\/uploads\/2021\/10\/EWNI-2022-Presentation-du-pays-CH-powerpoint-FR.pptx\" target=\"_blank\" rel=\"noopener\">Pr\u00e9sentation du Pays &#8211; EWNI 2022 &#8211; powerpoint<\/a><\/h5>\n<\/div><\/div><div class=\"g-cols wpb_row via_grid cols_2 laptops-cols_inherit tablets-cols_inherit mobiles-cols_1 valign_top type_default stacking_default\" style=\"--columns-gap:3rem;\"><div class=\"wpb_column vc_column_container\"><div class=\"vc_column-inner\"><div class=\"w-separator size_small\"><\/div><div class=\"wpb_text_column\"><div class=\"wpb_wrapper\"><h5>Les sept r\u00e9gions de la Journ\u00e9e mondiale de pri\u00e8re\u00a0:<\/h5>\n<p>En 2021, 146 pays ont re\u00e7u le mat\u00e9riel pour la c\u00e9l\u00e9bration de la JMP. Ces pays sont r\u00e9partis en sept r\u00e9gions. Sur la carte ce sont 126 pays qui figurent sur la liste des comit\u00e9s nationaux, ou qui, par ailleurs ont r\u00e9dig\u00e9 un rapport pour le journal du <em>World Day of Prayer\u00a0:<\/em><\/p>\n<p>(Source : worlddayofprayer.net)<\/p>\n<\/div><\/div><\/div><\/div><div class=\"wpb_column vc_column_container\"><div class=\"vc_column-inner\"><div class=\"w-image align_none\"><a ref=\"magnificPopup\" href=\"https:\/\/wgt.ch\/wp-content\/uploads\/2022\/01\/Les-sept-regions-de-la-JMP-copyrights-wgt.ch_.png\" aria-label=\"Les sept r\u00e9gions de la JMP copyrights wgt.ch\" class=\"w-image-h\"><img decoding=\"async\" width=\"1024\" height=\"674\" src=\"https:\/\/wgt.ch\/wp-content\/uploads\/2022\/01\/Les-sept-regions-de-la-JMP-copyrights-wgt.ch_-1024x674.png\" class=\"attachment-large size-large\" alt=\"\" loading=\"lazy\" srcset=\"https:\/\/wgt.ch\/wp-content\/uploads\/2022\/01\/Les-sept-regions-de-la-JMP-copyrights-wgt.ch_-1024x674.png 1024w, https:\/\/wgt.ch\/wp-content\/uploads\/2022\/01\/Les-sept-regions-de-la-JMP-copyrights-wgt.ch_-300x198.png 300w, https:\/\/wgt.ch\/wp-content\/uploads\/2022\/01\/Les-sept-regions-de-la-JMP-copyrights-wgt.ch_-1536x1011.png 1536w, https:\/\/wgt.ch\/wp-content\/uploads\/2022\/01\/Les-sept-regions-de-la-JMP-copyrights-wgt.ch_.png 1663w\" sizes=\"auto, (max-width: 1024px) 100vw, 1024px\" \/><\/a><\/div><\/div><\/div><\/div><div class=\"g-cols wpb_row via_grid cols_1 laptops-cols_inherit tablets-cols_inherit mobiles-cols_1 valign_top type_default stacking_default\" style=\"--columns-gap:3rem;\"><div class=\"wpb_column vc_column_container\"><div class=\"vc_column-inner\"><div class=\"w-separator size_small\"><\/div><\/div><\/div><\/div><div class=\"g-cols wpb_row via_grid cols_1-5 laptops-cols_inherit tablets-cols_inherit mobiles-cols_1 valign_top type_default stacking_default\" style=\"--columns-gap:3rem;\"><div class=\"wpb_column vc_column_container\"><div class=\"vc_column-inner\"><div class=\"w-image align_none\"><a title=\"QR-Code-Donations-Collecte-FR.pdf\" target=\" _blank\" rel=\"nofollow\" href=\"https:\/\/wgt.ch\/wp-content\/uploads\/2022\/02\/QR-Code-Donations-Collecte-FR.pdf\" aria-label=\"QR Code Donations Collecte FR Image\" class=\"w-image-h\"><img decoding=\"async\" width=\"211\" height=\"300\" src=\"https:\/\/wgt.ch\/wp-content\/uploads\/2022\/02\/QR-Code-Donations-Collecte-FR-Image-211x300.jpg\" class=\"attachment-medium size-medium\" alt=\"\" loading=\"lazy\" srcset=\"https:\/\/wgt.ch\/wp-content\/uploads\/2022\/02\/QR-Code-Donations-Collecte-FR-Image-211x300.jpg 211w, https:\/\/wgt.ch\/wp-content\/uploads\/2022\/02\/QR-Code-Donations-Collecte-FR-Image.jpg 635w\" sizes=\"auto, (max-width: 211px) 100vw, 211px\" \/><\/a><\/div><\/div><\/div><div class=\"wpb_column vc_column_container\"><div class=\"vc_column-inner\"><div class=\"wpb_text_column\"><div class=\"wpb_wrapper\"><p>Pour les donations en ligne, vous trouverez en annexe <a href=\"https:\/\/wgt.ch\/wp-content\/uploads\/2022\/02\/QR-Code-Donations-Collecte-FR.pdf\" target=\"_blank\" rel=\"noopener\"><strong>QR-Code-Donations-Collecte-FR.pdf<\/strong><\/a> qui vous m\u00e8nera \u00e0 notre page de <a href=\"https:\/\/wgt.ch\/fr\/raise-now-spenden\/\" rel=\"noopener\"><span style=\"color: #ff9900;\"><strong>DONS<\/strong><\/span><\/a>.<\/p>\n<\/div><\/div><\/div><\/div><\/div><div class=\"w-separator size_small\"><\/div><div class=\"g-cols wpb_row via_grid cols_1-5 laptops-cols_inherit tablets-cols_inherit mobiles-cols_1 valign_top type_default stacking_default\" style=\"--columns-gap:3rem;\"><div class=\"wpb_column vc_column_container\"><div class=\"vc_column-inner\"><div class=\"w-image align_none\"><a title=\"Mod\u00e8le de drapeau pour l&#039;Angleterre, le Pays de Galles et l&#039;Irlande du Nord.\" target=\" _blank\" rel=\"nofollow\" href=\"https:\/\/wgt.ch\/wp-content\/uploads\/2022\/02\/Flaggen-EWNI-mittel-3x5-1.pdf\" aria-label=\"Flaggen EWNI\" class=\"w-image-h\"><img decoding=\"async\" width=\"300\" height=\"148\" src=\"https:\/\/wgt.ch\/wp-content\/uploads\/2022\/02\/Flaggen-EWNI-300x148.png\" class=\"attachment-medium size-medium\" alt=\"\" loading=\"lazy\" srcset=\"https:\/\/wgt.ch\/wp-content\/uploads\/2022\/02\/Flaggen-EWNI-300x148.png 300w, https:\/\/wgt.ch\/wp-content\/uploads\/2022\/02\/Flaggen-EWNI.png 516w\" sizes=\"auto, (max-width: 300px) 100vw, 300px\" \/><\/a><\/div><\/div><\/div><div class=\"wpb_column vc_column_container\"><div class=\"vc_column-inner\"><div class=\"wpb_text_column\"><div class=\"wpb_wrapper\"><p><strong><a href=\"https:\/\/wgt.ch\/wp-content\/uploads\/2022\/02\/Flaggen-EWNI-mittel-3x5-1.pdf\" target=\"_blank\" rel=\"noopener\">Mod\u00e8le de drapeau pour l&#8217;Angleterre, le Pays de Galles et l&#8217;Irlande du Nord.<\/a><\/strong><br \/>\nDimensions : 5,5 cm x 9 cm<br \/>\nQuantit\u00e9 : 3 x 5<\/p>\n<\/div><\/div><\/div><\/div><\/div><\/div><\/div><\/div><\/div><\/section>\n","protected":false},"excerpt":{"rendered":"{:de}T\u00e9l\u00e9chargements EWNI 2022 Material zur Vorbereitung der Feier WGT 2022 EWNI Kreative Ideen Bhaltis: Vorlage f\u00fcr Sament\u00fctchen Vorlage f\u00fcr Sament\u00fctchen auf Sursilvan Vorlage f\u00fcr Sament\u00fctchen auf Vallader Landesvorstellung verfasst vom Komitee des WGT EWNI: EWNI 2022 Landesvorstellung CH PowerPoint EWNI 2022 Landesvorstellung CH zur PPP &#8211; pdf EWNI 2022 Landesvorstellung CH zur PPP &#8211; docx...","protected":false},"author":5,"featured_media":0,"parent":0,"menu_order":28,"comment_status":"closed","ping_status":"closed","template":"","meta":{"_acf_changed":false,"footnotes":""},"class_list":["post-14656","page","type-page","status-publish","hentry"],"translation":{"provider":"WPGlobus","version":"3.0.2","language":"fr","enabled_languages":["de","fr","it"],"languages":{"de":{"title":true,"content":true,"excerpt":false},"fr":{"title":true,"content":true,"excerpt":false},"it":{"title":true,"content":true,"excerpt":false}}},"acf":[],"_links":{"self":[{"href":"https:\/\/wgt.ch\/fr\/wp-json\/wp\/v2\/pages\/14656","targetHints":{"allow":["GET"]}}],"collection":[{"href":"https:\/\/wgt.ch\/fr\/wp-json\/wp\/v2\/pages"}],"about":[{"href":"https:\/\/wgt.ch\/fr\/wp-json\/wp\/v2\/types\/page"}],"author":[{"embeddable":true,"href":"https:\/\/wgt.ch\/fr\/wp-json\/wp\/v2\/users\/5"}],"replies":[{"embeddable":true,"href":"https:\/\/wgt.ch\/fr\/wp-json\/wp\/v2\/comments?post=14656"}],"version-history":[{"count":64,"href":"https:\/\/wgt.ch\/fr\/wp-json\/wp\/v2\/pages\/14656\/revisions"}],"predecessor-version":[{"id":34155,"href":"https:\/\/wgt.ch\/fr\/wp-json\/wp\/v2\/pages\/14656\/revisions\/34155"}],"wp:attachment":[{"href":"https:\/\/wgt.ch\/fr\/wp-json\/wp\/v2\/media?parent=14656"}],"curies":[{"name":"wp","href":"https:\/\/api.w.org\/{rel}","templated":true}]}}