{"id":14763,"date":"2021-09-19T22:15:07","date_gmt":"2021-09-19T20:15:07","guid":{"rendered":"https:\/\/wgt.ch\/?page_id=14763"},"modified":"2024-07-03T12:08:37","modified_gmt":"2024-07-03T10:08:37","slug":"projekte","status":"publish","type":"page","link":"https:\/\/wgt.ch\/fr\/projekte\/","title":{"rendered":"Projets"},"content":{"rendered":"<section class=\"l-section wpb_row height_auto\"><div class=\"l-section-h i-cf\"><div class=\"g-cols vc_row via_grid cols_1 laptops-cols_inherit tablets-cols_inherit mobiles-cols_1 valign_top type_default stacking_default\"><div class=\"wpb_column vc_column_container\"><div class=\"vc_column-inner\"><h2 class=\"w-post-elm post_title entry-title color_link_inherit\">Projets<\/h2><div class=\"w-separator size_small\"><\/div><div class=\"wpb_text_column\"><div class=\"wpb_wrapper\"><p>&nbsp;<\/p>\n<section class=\"l-section wpb_row height_medium\">\n<div class=\"l-section-h i-cf\">\n<div class=\"g-cols vc_row type_default valign_top\">\n<div class=\"vc_col-sm-12 wpb_column vc_column_container\">\n<div class=\"vc_column-inner\">\n<div class=\"wpb_wrapper\">\n<div class=\"g-cols wpb_row type_default valign_top vc_inner \">\n<div class=\"vc_col-sm-12 wpb_column vc_column_container\">\n<div class=\"vc_column-inner\">\n<div class=\"wpb_wrapper\">\n<div class=\"wpb_text_column \">\n<div class=\"wpb_wrapper\">\n<h3><span style=\"font-size: 28px;\">Projets dans le pays d\u2019origine de la liturgie<\/span><\/h3>\n<p>De la collecte de la JMP 2022, 45\u2019000 francs sont r\u00e9serv\u00e9s aux projets dans le pays d\u2019origine de la liturgie. Cette ann\u00e9e, nous soutenons sept projets en Angleterre, au Pays de Galles et en Irlande du Nord. Nous pr\u00e9sentons chacun d\u2019entre eux sur une fiche de projet.<\/p>\n<\/div>\n<\/div>\n<\/div>\n<\/div>\n<\/div>\n<\/div>\n<div class=\"g-cols wpb_row type_default valign_top vc_inner \">\n<div class=\"vc_col-sm-12 wpb_column vc_column_container\">\n<div class=\"vc_column-inner\">\n<div class=\"wpb_wrapper\">\n<div class=\"wpb_text_column \">\n<div class=\"wpb_wrapper\">\n<p>Pour la s\u00e9lection des projets dans le pays JMP, depuis 2013 les comit\u00e9s JMP d\u2019Allemagne, d\u2019Autriche et de Suisse collaborent plus \u00e9troitement et soutiennent certains projets conjointement. Cette ann\u00e9e, il y a deux projets DCH en collaboration avec JMP Allemagne.<\/p>\n<h3 class=\"wpb_wrapper\"><a style=\"font-size: 28px;\" href=\"https:\/\/wgt.ch\/fr\/projekte\/projekte-2022-ewni\/\">2022 Angleterre, Pays de Galles et Irlande du Nord &#8211; PDFs<\/a><\/h3>\n<\/div>\n<\/div>\n<\/div>\n<\/div>\n<\/div>\n<\/div>\n<\/div>\n<\/div>\n<\/div>\n<\/div>\n<\/div>\n<\/section>\n<\/div><\/div><div class=\"wpb_text_column\"><div class=\"wpb_wrapper\"><section class=\"l-section wpb_row height_medium\">\n<div class=\"l-section-h i-cf\">\n<div class=\"g-cols vc_row type_default valign_top\">\n<div class=\"vc_col-sm-12 wpb_column vc_column_container\">\n<div class=\"vc_column-inner\">\n<div class=\"wpb_wrapper\">\n<div class=\"g-cols wpb_row type_default valign_top vc_inner \">\n<div class=\"vc_col-sm-12 wpb_column vc_column_container\">\n<div class=\"vc_column-inner\">\n<div class=\"wpb_wrapper\">\n<div class=\"wpb_text_column \">\n<div class=\"wpb_wrapper\">\n<h3><span style=\"font-size: 28px;\">Projets sur plusieurs ann\u00e9es<\/span><\/h3>\n<p>Avec la grande partie des collectes de la JMP en Suisse, nous soutenons pendant plusieurs ann\u00e9es des projets d\u2019entraide avec des femmes proches et lointaines, en collaboration avec les associations de femmes de nos \u00e9glises. De ce fait, nous pr\u00e9sentons un projet au Guatemala, au Soudan du Sud, au Chili et au N\u00e9pal.<\/p>\n<h3><a style=\"font-size: 28px;\" href=\"https:\/\/wgt.ch\/fr\/projekte\/mehrjaehrige-projekte\/\">Projets sur plusieurs ann\u00e9es &#8211; PDFs<\/a><\/h3>\n<\/div>\n<\/div>\n<\/div>\n<\/div>\n<\/div>\n<\/div>\n<\/div>\n<\/div>\n<\/div>\n<\/div>\n<\/div>\n<\/section>\n<\/div><\/div><div class=\"w-separator size_small\"><\/div><\/div><\/div><\/div><\/div><\/section>\n","protected":false},"excerpt":{"rendered":"{:de}Projets&nbsp; Projekte im Herkunftsland der Liturgie Von der WGT-Kollekte sind 45\u00a0000 Franken f\u00fcr Projekte im Herkunftsland der Liturgie reserviert. Seit 2013 arbeiten die WGT-Komitees Deutschland, \u00d6sterreich und Schweiz eng zusammen und unterst\u00fctzen gemeinsame DACH-Projekte. Projekte 2022 England, Wales und Nordirland &#8211; PDFs Mehrj\u00e4hrige Projekte weltweit Mit dem gr\u00f6sseren Teil der WGT-Kollekte der Schweiz werden weltweit...","protected":false},"author":5,"featured_media":0,"parent":0,"menu_order":34,"comment_status":"closed","ping_status":"closed","template":"","meta":{"_acf_changed":false,"footnotes":""},"class_list":["post-14763","page","type-page","status-publish","hentry"],"translation":{"provider":"WPGlobus","version":"3.0.2","language":"fr","enabled_languages":["de","fr","it"],"languages":{"de":{"title":true,"content":true,"excerpt":false},"fr":{"title":true,"content":true,"excerpt":false},"it":{"title":true,"content":true,"excerpt":false}}},"acf":[],"_links":{"self":[{"href":"https:\/\/wgt.ch\/fr\/wp-json\/wp\/v2\/pages\/14763","targetHints":{"allow":["GET"]}}],"collection":[{"href":"https:\/\/wgt.ch\/fr\/wp-json\/wp\/v2\/pages"}],"about":[{"href":"https:\/\/wgt.ch\/fr\/wp-json\/wp\/v2\/types\/page"}],"author":[{"embeddable":true,"href":"https:\/\/wgt.ch\/fr\/wp-json\/wp\/v2\/users\/5"}],"replies":[{"embeddable":true,"href":"https:\/\/wgt.ch\/fr\/wp-json\/wp\/v2\/comments?post=14763"}],"version-history":[{"count":31,"href":"https:\/\/wgt.ch\/fr\/wp-json\/wp\/v2\/pages\/14763\/revisions"}],"predecessor-version":[{"id":34167,"href":"https:\/\/wgt.ch\/fr\/wp-json\/wp\/v2\/pages\/14763\/revisions\/34167"}],"wp:attachment":[{"href":"https:\/\/wgt.ch\/fr\/wp-json\/wp\/v2\/media?parent=14763"}],"curies":[{"name":"wp","href":"https:\/\/api.w.org\/{rel}","templated":true}]}}