{"id":18721,"date":"2022-01-25T16:28:00","date_gmt":"2022-01-25T15:28:00","guid":{"rendered":"https:\/\/wgt.ch\/?page_id=18721"},"modified":"2022-01-28T19:12:38","modified_gmt":"2022-01-28T18:12:38","slug":"links-zu-lied-musik-und-tanz-wgt-2022-ewni","status":"publish","type":"page","link":"https:\/\/wgt.ch\/fr\/downloads-ewni-2022\/links-zu-lied-musik-und-tanz-wgt-2022-ewni\/","title":{"rendered":"Indications sur les chants, la musique, des danses et CDs"},"content":{"rendered":"<section class=\"l-section wpb_row height_small\"><div class=\"l-section-h i-cf\"><div class=\"g-cols vc_row via_grid cols_1 laptops-cols_inherit tablets-cols_inherit mobiles-cols_1 valign_top type_default stacking_default\"><div class=\"wpb_column vc_column_container\"><div class=\"vc_column-inner\"><div class=\"wpb_text_column\"><div class=\"wpb_wrapper\"><h3><a href=\"https:\/\/wgt.ch\/wp-content\/uploads\/2022\/01\/Liens-Chants-musiques-danses-JMP-2022-EWNI.pdf\" target=\"_blank\" rel=\"noopener\">Indications sur les chants, la musique, des danses et CDs.pdf<\/a><\/h3>\n<\/div><\/div><div class=\"w-separator size_small\"><\/div><div class=\"wpb_text_column\"><div class=\"wpb_wrapper\"><h4><strong>Journ\u00e9e mondiale de pri\u00e8re 2022 <\/strong><strong>Angleterre, Pays de Galles et Irlande du Nord<br \/>\n<\/strong><strong>Indications sur les chants, la musique, des danses et CDs <\/strong><\/h4>\n<h5><strong>Chants de la liturgie d\u2019EWNI :<\/strong><strong> \u00a0 <\/strong><\/h5>\n<p><em>Musique d\u2019entr\u00e9e, p. 3 :<\/em><\/p>\n<p><strong>Guide me, O Thou Great Redeemer <\/strong><a href=\"http:\/\/www.youtube.com\/watch?v=5j48TLIRb4Q\">www.youtube.com\/watch?v=5j48TLIRb4Q<\/a> St Michaels Singers<br \/>\nKlavierbegl.: <a href=\"http:\/\/www.youtube.com\/watch?v=dwDGQ1Rmto0\">www.youtube.com\/watch?v=dwDGQ1Rmto0<\/a><\/p>\n<p><em>chant 1, chant de louange, p. 5 :<\/em><\/p>\n<p><strong>O ma joie et mon esp\u00e9rance<br \/>\n<\/strong><a href=\"https:\/\/www.youtube.com\/watch?v=ZKHW7CYwEBk&amp;ab_channel=MarkBaumann-Topic\">https:\/\/www.youtube.com\/watch?v=ZKHW7CYwEBk&amp;ab_channel=MarkBaumann-Topic<\/a><\/p>\n<p><strong>Venez chanter de joie<br \/>\n<\/strong>8\u00a0 CD audio\/CD-ROM JMP Musique France 2022, no. 1 et 18\u00a0 \u00a0 \u00a0 \u00a0 <strong>CD dans le <a href=\"https:\/\/wgt.ch\/fr\/produkte\/cd-musik-france\/\" target=\"_blank\" rel=\"noopener\"><span style=\"color: #ff9900;\">shop<\/span><\/a><\/strong><\/p>\n<p><em>chant 2, chant li\u00e9 au texte biblique: <\/em><\/p>\n<p><strong>For Surley I Know the Plans I Have for You<\/strong><br \/>\n8\u00a0 CD audio\/CD-ROM JMP Musique France 2022, no.\u00a02;<\/p>\n<p><strong>Je connais les projets<br \/>\n<\/strong>8\u00a0 CD audio\/CD-ROM JMP Musique France 2022, no. 5, 9 et 21<\/p>\n<p><em>chant 3, chant sur le th\u00e8me de la lumi\u00e8re, p. 10 : <\/em><\/p>\n<p><strong>Christ, Be Our Light (Longing for light)<br \/>\n<\/strong><a href=\"http:\/\/www.youtube.com\/watch?v=kt3Qc04ulOM\">www.youtube.com\/watch?v=kt3Qc04ulOM<\/a> Bernadette Farrell<strong><br \/>\n<\/strong><a href=\"http:\/\/www.youtube.com\/watch?v=AZc_ujslESE&amp;t=0s\">www.youtube.com\/watch?v=AZc_ujslESE&amp;t=0s<\/a> instrumental avec texte<\/p>\n<p><strong>L\u2019amour de Seigneur<br \/>\n<\/strong>8\u00a0 CD audio\/CD-ROM JMP Musique France 2022, no. 3 et 19<\/p>\n<p><strong>J\u00e9sus le Christ<br \/>\n<\/strong>\u00a0\u00a0 <a href=\"http:\/\/www.youtube.com\/watch?v=AqoYsauFa2I\">www.youtube.com\/watch?v=AqoYsauFa2I<\/a><\/p>\n<p><strong>Dans nos obscurit\u00e9<br \/>\n<\/strong>https:\/\/www.youtube.com\/watch?v=pfin1W0v7Ts&amp;ab_channel=Taiz%C3%A9-Topic<\/p>\n<p><em>Chant \u00a04, chant de gratitude, p. 15 :<\/em><\/p>\n<p><strong>Merci pour ce matin de vie<br \/>\n<\/strong>8\u00a0 CD audio\/CD-ROM JMP Musique France 2022, no. 4 et 20<\/p>\n<p><strong>Que je m\u2019en aille <\/strong><br \/>\n<a href=\"http:\/\/www.youtube.com\/watch?v=-LBN22CRceA\">www.youtube.com\/watch?v=-LBN22CRceA<\/a>; Jugendkathedralchor St. Hedwigs-Kathedrale in Berlin<\/p>\n<p><em>chant 5, Pri\u00e8re de Fran\u00e7ois d\u2018Assise, p. 20 :<\/em><\/p>\n<p><strong>Make me a channel of your peace<\/strong><br \/>\n<a href=\"http:\/\/www.youtube.com\/watch?v=g8eorCEMIK4\">www.youtube.com\/watch?v=g8eorCEMIK4<\/a>; Westminster Abbey Choir, (avec texte)<\/p>\n<p><strong>Seigneur, fais de nous des ouvriers de paix<br \/>\n<\/strong>8\u00a0 CD audio\/CD-ROM JMP Musique France 2022, no. 6<\/p>\n<p><em>chant 6, chant de benediction, p. 22 :<\/em><\/p>\n<p><strong>May the road rise to meet you<\/strong> <a href=\"http:\/\/www.youtube.com\/watch?v=bPi1iSEtgMU\">www.youtube.com\/watch?v=bPi1iSEtgMU<\/a> avec notes<\/p>\n<p><strong>Sois b\u00e9ni sur ta route\/May the road rise to meet you, autre m\u00e9lodie<br \/>\n<\/strong>8\u00a0 CD audio\/CD-ROM JMP Musique France 2022, no. 7 et 22<\/p>\n<p><strong>Que la gr\u00e2ce de Dieu soit sur toi<br \/>\n<\/strong>https:\/\/www.youtube.com\/watch?v=IVFeFlh1w1c&amp;ab_channel=benangybenangy<\/p>\n<h5><strong>Voyage musical en EWNI : <\/strong>\u00a0\u00a0\u00a0\u00a0\u00a0\u00a0 pr\u00e9par\u00e9 par le comit\u00e9 JMP de EWNI<\/h5>\n<p>8\u00a0 CD audio\/CD-ROM JMP Musique France 2022, no. 10 \u00e0 17\u00a0 \u00a0 \u00a0 \u00a0 <strong>CD dans le <a href=\"https:\/\/wgt.ch\/fr\/produkte\/cd-musik-france\/\" target=\"_blank\" rel=\"noopener\"><span style=\"color: #ff9900;\">shop<\/span><\/a><\/strong><\/p>\n<h5><strong>Musique, chants et danses <\/strong><\/h5>\n<p><strong>Hymne national du Royaume Uni :<\/strong><br \/>\nGod Save The Queen <a href=\"http:\/\/www.youtube.com\/watch?v=I8KSAtos-dk\">www.youtube.com\/watch?v=I8KSAtos-dk<\/a>\u00a0 (l\u2019Angleterre n\u2019a pas d\u2019hymne particulier)<\/p>\n<p><strong>Pays de Galles <\/strong>: Hen Wlad Fy Nhadau <a href=\"http:\/\/www.youtube.com\/watch?v=92Zq0kiHrwk\">www.youtube.com\/watch?v=92Zq0kiHrwk<\/a><\/p>\n<p><strong>Irlande du Nord <\/strong>: Danny Boy <a href=\"http:\/\/www.youtube.com\/watch?v=npNCY_7IyA8\">www.youtube.com\/watch?v=npNCY_7IyA8<\/a> (Hymne inofficiel)<\/p>\n<p><strong>John Stanley <\/strong>: Trumpet Voluntary <a href=\"http:\/\/www.youtube.com\/watch?v=oxUQCkrbhU0\">www.youtube.com\/watch?v=oxUQCkrbhU0<\/a> <strong>\u00a0<\/strong><\/p>\n<p><strong>Bells of Norwich<\/strong> (d\u00e9di\u00e9 \u00e0 Juliana of Norwich); Lied <a href=\"http:\/\/www.youtube.com\/watch?v=I-irwWT3oYg\">www.youtube.com\/watch?v=I-irwWT3oYg<\/a>;<\/p>\n<p><strong>Chants de no\u00ebl gallois\u00a0: <\/strong><a href=\"http:\/\/www.youtube.com\/watch?v=MOD_PjaAPUg\">www.youtube.com\/watch?v=MOD_PjaAPUg<\/a><\/p>\n<p><strong>Ethel Smyth<\/strong>: <strong>Mass in D<\/strong> (1891) <a href=\"http:\/\/www.youtube.com\/watch?v=IVSpw3srMbc\">www.youtube.com\/watch?v=IVSpw3srMbc<\/a><br \/>\n<a href=\"https:\/\/www.youtube.com\/watch?v=IVSpw3srMbc&amp;list=RDEMmdRlYauHJSBuQkpvpHtdDQ&amp;index=1&amp;t=0s\">0:00<\/a> I. Kyrie <a href=\"https:\/\/www.youtube.com\/watch?v=IVSpw3srMbc&amp;list=RDEMmdRlYauHJSBuQkpvpHtdDQ&amp;index=1&amp;t=550s\">9:10<\/a> II. Credo <a href=\"https:\/\/www.youtube.com\/watch?v=IVSpw3srMbc&amp;list=RDEMmdRlYauHJSBuQkpvpHtdDQ&amp;index=1&amp;t=1570s\">26:10<\/a> III. Sanctus <a href=\"https:\/\/www.youtube.com\/watch?v=IVSpw3srMbc&amp;list=RDEMmdRlYauHJSBuQkpvpHtdDQ&amp;index=1&amp;t=1844s\">30:44<\/a> IV. Benedictus <a href=\"https:\/\/www.youtube.com\/watch?v=IVSpw3srMbc&amp;list=RDEMmdRlYauHJSBuQkpvpHtdDQ&amp;index=1&amp;t=2205s\">36:45<\/a> V. Agnis Dei <a href=\"https:\/\/www.youtube.com\/watch?v=IVSpw3srMbc&amp;list=RDEMmdRlYauHJSBuQkpvpHtdDQ&amp;index=1&amp;t=2661s\">44:21<\/a> VI. Gloria<\/p>\n<p><strong>Ethel Smyth<\/strong>: March of the Women <a href=\"http:\/\/www.youtube.com\/watch?v=65NuypEkg-4\">www.youtube.com\/watch?v=65NuypEkg-4<\/a><\/p>\n<p><strong>Cecil Frances Alexander<\/strong>: Jesus Calls Us <a href=\"http:\/\/www.youtube.com\/watch?v=_b8JyoWQ_R8\">www.youtube.com\/watch?v=_b8JyoWQ_R8<\/a><\/p>\n<p><strong>Kate Bush:<\/strong> <strong>Wuthering Heights<\/strong> <a href=\"http:\/\/www.youtube.com\/watch?v=-1pMMIe4hb4\">www.youtube.com\/watch?v=-1pMMIe4hb4<\/a>; le chant se r\u00e9f\u00e8re au roman du m\u00eame nom d\u2019Emily Bront\u00eb (1818\u20131848)<\/p>\n<p><strong>Traditional Dance Music of Britain &amp; Ireland<\/strong><br \/>\n<a href=\"http:\/\/www.prestomusic.com\/classical\/products\/8474087--traditional-dance-music-of-britain-ireland\">www.prestomusic.com\/classical\/products\/8474087&#8211;traditional-dance-music-of-britain-ireland<\/a><\/p>\n<p><strong>Morris Dancers:<br \/>\n<\/strong>Wimborne Folk Festival 2007 <a href=\"http:\/\/www.youtube.com\/watch?v=kkaoj-QsHAI&amp;t=19s\">www.youtube.com\/watch?v=kkaoj-QsHAI&amp;t=19s<\/a> 6:42<\/p>\n<p>&nbsp;<\/p>\n<p><em> Liens s\u00e9lectionn\u00e9s par Theres Zumsteg et Carola Kneub\u00fchler<\/em><\/p>\n<\/div><\/div><\/div><\/div><\/div><\/div><\/section>\n","protected":false},"excerpt":{"rendered":"{:de} Links zu Lied, Musik und Tanz WGT 2022 EWNI.pdf Weltgebetstag 2022 England, Wales und Nordirland CD-Hinweise und Links zu Lied, Musik, Tanz Lieder zur EWNI-Liturgie: Reihenfolge wie im Artikel \u00abLieder in der Liturgie\u00bb Infoheft S. 16\/17 Eingangsmusik, S. 3: Guide me, O Thou Great Redeemer www.youtube.com\/watch?v=5j48TLIRb4Q St Michaels Singers Klavierbegl.: www.youtube.com\/watch?v=dwDGQ1Rmto0 (auch zu \u00abF\u00fcr...","protected":false},"author":5,"featured_media":0,"parent":14656,"menu_order":30,"comment_status":"closed","ping_status":"closed","template":"","meta":{"_acf_changed":false,"footnotes":""},"class_list":["post-18721","page","type-page","status-publish","hentry"],"translation":{"provider":"WPGlobus","version":"3.0.2","language":"fr","enabled_languages":["de","fr","it"],"languages":{"de":{"title":true,"content":true,"excerpt":false},"fr":{"title":true,"content":true,"excerpt":false},"it":{"title":false,"content":false,"excerpt":false}}},"acf":[],"_links":{"self":[{"href":"https:\/\/wgt.ch\/fr\/wp-json\/wp\/v2\/pages\/18721","targetHints":{"allow":["GET"]}}],"collection":[{"href":"https:\/\/wgt.ch\/fr\/wp-json\/wp\/v2\/pages"}],"about":[{"href":"https:\/\/wgt.ch\/fr\/wp-json\/wp\/v2\/types\/page"}],"author":[{"embeddable":true,"href":"https:\/\/wgt.ch\/fr\/wp-json\/wp\/v2\/users\/5"}],"replies":[{"embeddable":true,"href":"https:\/\/wgt.ch\/fr\/wp-json\/wp\/v2\/comments?post=18721"}],"version-history":[{"count":15,"href":"https:\/\/wgt.ch\/fr\/wp-json\/wp\/v2\/pages\/18721\/revisions"}],"predecessor-version":[{"id":18936,"href":"https:\/\/wgt.ch\/fr\/wp-json\/wp\/v2\/pages\/18721\/revisions\/18936"}],"up":[{"embeddable":true,"href":"https:\/\/wgt.ch\/fr\/wp-json\/wp\/v2\/pages\/14656"}],"wp:attachment":[{"href":"https:\/\/wgt.ch\/fr\/wp-json\/wp\/v2\/media?parent=18721"}],"curies":[{"name":"wp","href":"https:\/\/api.w.org\/{rel}","templated":true}]}}