{"id":20,"date":"2019-07-15T15:28:50","date_gmt":"2019-07-15T13:28:50","guid":{"rendered":"https:\/\/wgt.ch\/?page_id=20"},"modified":"2025-12-16T11:31:53","modified_gmt":"2025-12-16T10:31:53","slug":"organisation","status":"publish","type":"page","link":"https:\/\/wgt.ch\/fr\/ueber-uns\/organisation\/","title":{"rendered":"L&#8217;organisation"},"content":{"rendered":"<section class=\"l-section wpb_row height_small with_img\"><div class=\"l-section-img\" role=\"img\" aria-label=\"Image\" data-img-width=\"2000\" data-img-height=\"700\" style=\"background-image: url(https:\/\/wgt.ch\/wp-content\/uploads\/2019\/09\/Europe-e1568102938475.jpg);background-position: top center;\"><\/div><div class=\"l-section-h i-cf\"><div class=\"g-cols vc_row via_grid cols_1 laptops-cols_inherit tablets-cols_inherit mobiles-cols_1 valign_top type_default stacking_default\"><div class=\"wpb_column vc_column_container\"><div class=\"vc_column-inner\"><div class=\"w-separator size_custom\" style=\"height:20vH\"><\/div><\/div><\/div><\/div><\/div><\/section><section class=\"l-section wpb_row height_small\"><div class=\"l-section-h i-cf\"><div class=\"g-cols vc_row via_grid cols_1 laptops-cols_inherit tablets-cols_inherit mobiles-cols_1 valign_top type_default stacking_default\"><div class=\"wpb_column vc_column_container\"><div class=\"vc_column-inner\"><h1 class=\"w-post-elm post_title align_center entry-title color_link_inherit\">L&#8217;organisation<\/h1><div class=\"w-tabs style_default switch_click accordion has_scrolling\" style=\"--sections-title-size:inherit\"><div class=\"w-tabs-sections titles-align_none icon_chevron cpos_right\"><div class=\"w-tabs-section active\" id=\"t289\"><button class=\"w-tabs-section-header\" aria-controls=\"content-t289\" aria-expanded=\"false\"><div class=\"w-tabs-section-title\"><\/p>\n<h3>Structure nationale<\/h3>\n<p><\/div><div class=\"w-tabs-section-control\"><\/div><\/button><div  class=\"w-tabs-section-content\" id=\"content-t289\"><div class=\"w-tabs-section-content-h i-cf\"><div class=\"wpb_text_column\"><div class=\"wpb_wrapper\"><h6><strong>JOURN\u0116E MONDIALE DE PRI\u00c8RE Suisse<\/strong><\/h6>\n<p>L&#8217;association Journ\u00e9e mondiale de pri\u00e8re Suisse compte des membres collectifs. Il s&#8217;agit des associations f\u00e9minines suivantes : la Ligue suisse de femmes catholiques (LSFC), les Femmes protestantes en Suisse (FPS), l&#8217;Association des femmes catholiques chr\u00e9tiennes de Suisse (VCF) et le frauenNETZwerk de l&#8217;\u00c9glise \u00e9vang\u00e9lique m\u00e9thodiste de Suisse (EEM).<\/p>\n<p>Et d\u00e9sormais, il y a aussi des<strong> membres individuelles<br \/>\n<\/strong>Soyez les bienvenues ! Devenez, vous aussi, membre individuelle de la JMP et fais ainsi partie du r\u00e9seau mondial et \u0153cum\u00e9nique de femmes pour les femmes : <a href=\"https:\/\/wgt.ch\/wp-content\/uploads\/2023\/10\/Adhesion-membre-individuelle.pdf\" target=\"_blank\" rel=\"noopener\"><strong>Adh\u00e9sion membre individuelle.PDF<\/strong><\/a><\/p>\n<\/div><\/div><div class=\"wpb_text_column hidden\"><div class=\"wpb_wrapper\"><h6><strong>JOURN\u0116E MONDIALE DE PRI\u00c8RE Suisse<\/strong><\/h6>\n<p>L\u2019Association Journ\u00e9e mondiale de pri\u00e8re Suisse est compos\u00e9e de membres individuels repr\u00e9sentant les diff\u00e9rents groupes r\u00e9gionaux de la JMP, en tenant compte de l\u2019\u00e9quilibre confessionnel et linguistique. Sont membres collectifs les associations f\u00e9minines confessionnelles suivantes\u00a0: la Ligue suisse de femmes catholiques (SKF), les Femmes protestantes en Suisse (FPS) et l\u2019Association des femmes catholiques chr\u00e9tiennes (VCF), dont cependant chacune est \u00e9galement repr\u00e9sent\u00e9e par une d\u00e9l\u00e9gu\u00e9e ayant fonction de membre individuel.<\/p>\n<\/div><\/div><div class=\"w-separator size_small\"><\/div><div class=\"g-cols wpb_row via_grid cols_2 laptops-cols_inherit tablets-cols_inherit mobiles-cols_1 valign_top type_default stacking_default\" style=\"--columns-gap:3rem;\"><div class=\"wpb_column vc_column_container\"><div class=\"vc_column-inner\"><div class=\"wpb_text_column\"><div class=\"wpb_wrapper\"><h6><strong>Le comit\u00e9 directeur : <\/strong>dirige l&#8217;association Journ\u00e9e mondiale de pri\u00e8re Suisse conform\u00e9ment aux statuts.<\/h6>\n<ul>\n<li>Vroni Peterhans, Niederrohrdorf, AG &#8211; Pr\u00e9sidente<\/li>\n<li>Sara Hanselmann, St. Margrethen, SG &#8211; Vice-pr\u00e9sidente<\/li>\n<li>Carola Kneub\u00fchler, Tramelan, Jura bernois, BE<\/li>\n<li>B\u00e9atrice Battaglia, Uetikon, ZH<\/li>\n<li><span>Mirjam Savia, Wohlenschwil, AG<\/span><\/li>\n<\/ul>\n<\/div><\/div><div class=\"wpb_text_column\"><div class=\"wpb_wrapper\"><h6><strong>Secr\u00e9tariat :<\/strong><\/h6>\n<ul>\n<li>Ximena B\u00e4chi, ZH<\/li>\n<li>Silvia Wehrli, ZH<\/li>\n<\/ul>\n<\/div><\/div><div class=\"wpb_text_column\"><div class=\"wpb_wrapper\"><h6><strong>Le comit\u00e9 se constitue des membres du comit\u00e9 directeur et de :\u00a0<\/strong><\/h6>\n<p>Le comit\u00e9 suisse repr\u00e9sente autant que possible toutes les r\u00e9gions linguistiques de Suisse en respectant l&#8217;\u00e9quilibre confessionnel. L&#8217;objectif est de pouvoir repr\u00e9senter le plus grand nombre possible de r\u00e9gions et de d\u00e9nominations.<\/p>\n<\/div><\/div><\/div><\/div><div class=\"wpb_column vc_column_container\"><div class=\"vc_column-inner\"><div class=\"w-image align_none\"><div class=\"w-image-h\"><img decoding=\"async\" width=\"1024\" height=\"560\" src=\"https:\/\/wgt.ch\/wp-content\/uploads\/2025\/10\/20250908-WGT-CH-Vorstand-b-scaled-e1760988821847-1024x560.jpg\" class=\"attachment-large size-large\" alt=\"\" loading=\"lazy\" srcset=\"https:\/\/wgt.ch\/wp-content\/uploads\/2025\/10\/20250908-WGT-CH-Vorstand-b-scaled-e1760988821847-1024x560.jpg 1024w, https:\/\/wgt.ch\/wp-content\/uploads\/2025\/10\/20250908-WGT-CH-Vorstand-b-scaled-e1760988821847-300x164.jpg 300w\" sizes=\"auto, (max-width: 1024px) 100vw, 1024px\" \/><\/div><\/div><div class=\"w-separator size_small\"><\/div><\/div><\/div><\/div><div class=\"wpb_text_column\"><div class=\"wpb_wrapper\"><h6><\/h6>\n<h6><strong>Responsabilit\u00e9s du comit\u00e9 directeur et du comit\u00e9<\/strong><\/h6>\n<ul>\n<li>Assurer toute la documentation n\u00e9cessaire pour que chaque ann\u00e9e, le premier vendredi de mars, la Journ\u00e9e mondiale de pri\u00e8re soit c\u00e9l\u00e9br\u00e9e dans le plus grand nombre de localit\u00e9s possible, selon le principe de la JMP : \u00e9couter, ne pas juger, ne pas prendre parti<\/li>\n<li>Traduction de la liturgie dans les quatre langues nationales<\/li>\n<li>Publication du mat\u00e9riel de travail pour la pr\u00e9paration de la Journ\u00e9e mondiale de pri\u00e8re<\/li>\n<li>Organisation de journ\u00e9es suisses de pr\u00e9paration \u00e0 la Journ\u00e9e mondiale de pri\u00e8re, afin que la devise puisse continuer \u00e0 \u00eatre maintenue : \u00ab s\u2019informer pour prier \u2013 prier pour agir \u00bb.<\/li>\n<li>Proposer des \u00e9v\u00e9nements th\u00e9matiques, \u00e9galement en coop\u00e9ration avec d&#8217;autres organisations,<\/li>\n<li>Recherche de projets pour les femmes dans le pays d&#8217;origine de la liturgie<\/li>\n<li>Assumer les obligations envers le comit\u00e9 europ\u00e9en et international de la Journ\u00e9e mondiale de pri\u00e8re<\/li>\n<li>Collaboration notamment dans le domaine de la liturgie et des projets avec les pays germanophones de la JMP (DACH) : Allemagne D, Autriche A, Suisse CH.<\/li>\n<li>Promouvoir la coop\u00e9ration \u0153cum\u00e9nique<\/li>\n<\/ul>\n<\/div><\/div><div class=\"wpb_text_column hidden\"><div class=\"wpb_wrapper\"><h6><\/h6>\n<h6><strong>Les t\u00e2ches de l\u2019Association<\/strong><\/h6>\n<ul>\n<li>Traduire la liturgie dans les quatre langues nationales<\/li>\n<li>\u00c9laborer et distribuer la documentation n\u00e9cessaire \u00e0 la pr\u00e9paration et \u00e0 la c\u00e9l\u00e9bration de la Journ\u00e9e mondiale de pri\u00e8re<\/li>\n<li>Organiser une session suisse de la Journ\u00e9e mondiale de pri\u00e8re<\/li>\n<li>Se mettre en qu\u00eate de projets f\u00e9minins ad\u00e9quats dans le pays de provenance de la liturgie<\/li>\n<li>Collaborer avec la Commission \u0153cum\u00e9nique \u00ab\u00a0Collecte de la Journ\u00e9e mondiale de pri\u00e8re\u00a0\u00bb<\/li>\n<li>Maintenir les contacts avec le Comit\u00e9 international de la Journ\u00e9e mondiale de pri\u00e8re<\/li>\n<li>S\u2019occuper du d\u00e9veloppement et de la promotion de la Journ\u00e9e mondiale de pri\u00e8re<\/li>\n<li>Promouvoir la collaboration \u0153cum\u00e9nique<\/li>\n<\/ul>\n<\/div><\/div><div class=\"wpb_text_column\"><div class=\"wpb_wrapper\"><h6><strong>Les statuts<\/strong><\/h6>\n<ul>\n<li>Vous trouvez les statuts en allemand <a href=\"https:\/\/wgt.ch\/wp-content\/uploads\/2023\/08\/Statuten-Verein-WGT-Schweiz.pdf\"><strong>ici<\/strong>.<\/a><\/li>\n<\/ul>\n<\/div><\/div><\/div><\/div><\/div><div class=\"w-tabs-section\" id=\"x7ad\"><button class=\"w-tabs-section-header\" aria-controls=\"content-x7ad\" aria-expanded=\"false\"><div class=\"w-tabs-section-title\"><\/p>\n<h3>Structure internationale<\/h3>\n<p><\/div><div class=\"w-tabs-section-control\"><\/div><\/button><div  class=\"w-tabs-section-content\" id=\"content-x7ad\"><div class=\"w-tabs-section-content-h i-cf\"><div class=\"wpb_text_column\"><div class=\"wpb_wrapper\"><p><strong>Le comit\u00e9 international<\/strong><br \/>\nLe comit\u00e9 international fut fond\u00e9 en 1968. Les repr\u00e9sentantes des comit\u00e9s nationaux forment le comit\u00e9 international qui si\u00e8ge en principe une fois tous les quatre ans.<\/p>\n<p>Ses t\u00e2ches sont :<\/p>\n<ul>\n<li>Election du comit\u00e9 ex\u00e9cutif<\/li>\n<li>\u00e9lection de la pr\u00e9sidente<\/li>\n<li>choix des th\u00e8mes et des pays qui \u00e9criront les liturgies avec les informations compl\u00e9mentaires<\/li>\n<li>r\u00e9glementation des finances et de l\u2019administration<\/li>\n<li>\u00e9changes d&#8217;exp\u00e9riences<\/li>\n<li>d\u00e9veloppement et avancement de la JMP.<\/li>\n<\/ul>\n<\/div><\/div><\/div><\/div><\/div><div class=\"w-tabs-section\" id=\"gf86\"><button class=\"w-tabs-section-header\" aria-controls=\"content-gf86\" aria-expanded=\"false\"><div class=\"w-tabs-section-title\"><\/p>\n<h3>Structure ex\u00e9cutive<\/h3>\n<p><\/div><div class=\"w-tabs-section-control\"><\/div><\/button><div  class=\"w-tabs-section-content\" id=\"content-gf86\"><div class=\"w-tabs-section-content-h i-cf\"><div class=\"wpb_text_column\"><div class=\"wpb_wrapper\"><p><strong>Le comit\u00e9 ex\u00e9cutif<\/strong><br \/>\nLe comit\u00e9 ex\u00e9cutif est \u00e9lu par le comit\u00e9 international. Chaque r\u00e9gion de la JMP poss\u00e8de une voix au comit\u00e9 international pour \u00e9lire le comit\u00e9 ex\u00e9cutif. Ce comit\u00e9 doit en m\u00eame temps repr\u00e9senter les grandes confessions chr\u00e9tiennes. Le comit\u00e9 ex\u00e9cutif a pour t\u00e2che de redistribuer le travail dans le monde entier. De plus, il est responsable de la pr\u00e9paration et de la convocation pour l&#8217;assembl\u00e9e quadriennale du comit\u00e9 international.<\/p>\n<p>Les deux repr\u00e9sentantes pour<strong> l&#8217;Europe<\/strong> sont\u00a0:<\/p>\n<ul>\n<li>Senka Sestak Peterlin, Croatie<\/li>\n<li>Edith Toth, Roumanie<\/li>\n<\/ul>\n<p><strong>La pr\u00e9sidente : \u00a0 \u00a0 \u00a0 \u00a0\u00a0\u00a0<\/strong>\u00a0 Joyce\u00a0Larko\u00a0Steiner, Ghana<br \/>\n<strong>La caissi\u00e8re\u00a0:<\/strong> \u00a0 \u00a0 <strong>\u00a0 \u00a0 \u00a0 \u00a0 <\/strong>\u00a0 Deanne Newland, USA<br \/>\n<strong>Directrice ex\u00e9cutive\u00a0:<\/strong> Katie Reimer, New York<\/p>\n<table border=\"0\">\n<tbody>\n<tr>\n<td valign=\"top\">Agence:<\/td>\n<td valign=\"top\">World Day of Prayer.<br \/>\nInternational Committee<br \/>\n<span id=\"cloak4000033a02c0062fb5460855df9ac846\"><\/span><a href=\"mailto:wdpic@worlddayofprayer.net\">wdpic@worlddayofprayer.net<\/a><br \/>\n<a href=\"http:\/\/www.worlddayofprayer.net\">http:\/\/www.worlddayofprayer.net<\/a><\/td>\n<\/tr>\n<\/tbody>\n<\/table>\n<p><strong>Les r\u00e9gions de la Journ\u00e9e mondiale de pri\u00e8re<\/strong><\/p>\n<p>Le mouvement JMP est r\u00e9parti dans sept r\u00e9gions\u00a0:<\/p>\n<ul>\n<li>Afrique<\/li>\n<li>Am\u00e9rique Latine<\/li>\n<li>Am\u00e9rique du Nord &amp; Cara\u00efbes<\/li>\n<li>Asie<\/li>\n<li>Europe<\/li>\n<li>Moyen Orient<\/li>\n<li>Pacifique<\/li>\n<\/ul>\n<p>Les r\u00e9gions s\u2019organisent selon leurs besoins. En Europe p. ex, une conf\u00e9rence europ\u00e9enne a lieu tous les quatre ans, entre les conf\u00e9rences internationales. Cette conf\u00e9rence sert aux \u00e9changes d\u2019exp\u00e9riences, \u00e0 la promotion et au d\u00e9veloppement de la JMP.<\/p>\n<\/div><\/div><\/div><\/div><\/div><div class=\"w-tabs-section\" id=\"m3ee\"><button class=\"w-tabs-section-header\" aria-controls=\"content-m3ee\" aria-expanded=\"false\"><div class=\"w-tabs-section-title\"><\/p>\n<h3>Le secr\u00e9tariat g\u00e9n\u00e9ral<\/h3>\n<p><\/div><div class=\"w-tabs-section-control\"><\/div><\/button><div  class=\"w-tabs-section-content\" id=\"content-m3ee\"><div class=\"w-tabs-section-content-h i-cf\"><div class=\"wpb_text_column\"><div class=\"wpb_wrapper\"><p>Le si\u00e8ge du secr\u00e9tariat g\u00e9n\u00e9ral se trouve \u00e0 New York. La secr\u00e9taire g\u00e9n\u00e9rale travaille en \u00e9troite collaboration avec les comit\u00e9s nationaux et les r\u00e9dactrices respectives du mat\u00e9riel JMP. Les comit\u00e9s nationaux re\u00e7oivent le mat\u00e9riel JMP du secr\u00e9tariat g\u00e9n\u00e9ral en anglais. Une personne du groupe conseil, \u00e9lue par le comit\u00e9 ex\u00e9cutif, soutient le travail du secr\u00e9tariat g\u00e9n\u00e9ral.<\/p>\n<\/div><\/div><\/div><\/div><\/div><\/div><\/div><\/div><\/div><\/div><\/div><\/section>\n","protected":false},"excerpt":{"rendered":"{:de}L&#8217;organisation Struktur National WELTGEBETSTAG Schweiz Der Verein Weltgebetstag Schweiz besteht aus Kollektiv- und Einzelmitgliedern. Folgende Frauenverb\u00e4nde sind WGT-Kollektivmitglieder: Frauenbund Schweiz, femmes protestantes, Verband Christkatholischer Frauen der Schweiz (VCF) und das frauenNETZwerk der Evangelisch-methodistischen Kirche Schweiz (EMK). Komitee: Das schweizerische Komitee vertritt m\u00f6glichst alle Sprachregionen der Schweiz unter Beachtung des konfessionellen Gleichgewichts. Das Ziel ist, m\u00f6glichst...","protected":false},"author":1,"featured_media":1514,"parent":265,"menu_order":90,"comment_status":"closed","ping_status":"closed","template":"","meta":{"_acf_changed":false,"footnotes":""},"class_list":["post-20","page","type-page","status-publish","has-post-thumbnail","hentry"],"translation":{"provider":"WPGlobus","version":"3.0.2","language":"fr","enabled_languages":["de","fr","it"],"languages":{"de":{"title":true,"content":true,"excerpt":false},"fr":{"title":true,"content":true,"excerpt":false},"it":{"title":true,"content":true,"excerpt":false}}},"acf":[],"_links":{"self":[{"href":"https:\/\/wgt.ch\/fr\/wp-json\/wp\/v2\/pages\/20","targetHints":{"allow":["GET"]}}],"collection":[{"href":"https:\/\/wgt.ch\/fr\/wp-json\/wp\/v2\/pages"}],"about":[{"href":"https:\/\/wgt.ch\/fr\/wp-json\/wp\/v2\/types\/page"}],"author":[{"embeddable":true,"href":"https:\/\/wgt.ch\/fr\/wp-json\/wp\/v2\/users\/1"}],"replies":[{"embeddable":true,"href":"https:\/\/wgt.ch\/fr\/wp-json\/wp\/v2\/comments?post=20"}],"version-history":[{"count":186,"href":"https:\/\/wgt.ch\/fr\/wp-json\/wp\/v2\/pages\/20\/revisions"}],"predecessor-version":[{"id":1931,"href":"https:\/\/wgt.ch\/fr\/wp-json\/wp\/v2\/pages\/20\/revisions\/1931"}],"up":[{"embeddable":true,"href":"https:\/\/wgt.ch\/fr\/wp-json\/wp\/v2\/pages\/265"}],"wp:featuredmedia":[{"embeddable":true,"href":"https:\/\/wgt.ch\/fr\/wp-json\/wp\/v2\/media\/1514"}],"wp:attachment":[{"href":"https:\/\/wgt.ch\/fr\/wp-json\/wp\/v2\/media?parent=20"}],"curies":[{"name":"wp","href":"https:\/\/api.w.org\/{rel}","templated":true}]}}