{"id":20717,"date":"2022-05-22T14:08:09","date_gmt":"2022-05-22T12:08:09","guid":{"rendered":"https:\/\/wgt.ch\/?p=20717"},"modified":"2023-04-28T16:48:53","modified_gmt":"2023-04-28T14:48:53","slug":"fenster-zu-taiwan","status":"publish","type":"page","link":"https:\/\/wgt.ch\/fr\/fenster-zu-taiwan\/","title":{"rendered":"Fen\u00eatre sur Ta\u00efwan"},"content":{"rendered":"<section class=\"l-section wpb_row height_small\"><div class=\"l-section-h i-cf\"><div class=\"g-cols vc_row via_grid cols_1 laptops-cols_inherit tablets-cols_inherit mobiles-cols_1 valign_top type_default stacking_default\"><div class=\"wpb_column vc_column_container\"><div class=\"vc_column-inner\"><div class=\"wpb_text_column\"><div class=\"wpb_wrapper\"><p>Des choses int\u00e9ressantes, des curiosit\u00e9s, des conseils de lecture, des recommandations pour les diff\u00e9rents m\u00e9dias&#8230; &#8211; la fen\u00eatre sur Ta\u00efwan nous donnera un aper\u00e7u sur la vie du pays de la liturgie JMP 2023. De nouveaux articles viendront sporadiquement s&#8217;y ajouter. Veuillez cliquer sur les images.<\/p>\n<\/div><\/div><div class=\"wpb_text_column hidden\"><div class=\"wpb_wrapper\"><p>Des choses int\u00e9ressantes, des curiosit\u00e9s, des conseils de lecture, des recommandations pour les diff\u00e9rents m\u00e9dias&#8230; &#8211; la fen\u00eatre sur Ta\u00efwan nous donnera un aper\u00e7u sur la vie dans cette \u00eele situ\u00e9e au large de la Chine. De nouveaux articles viendront sporadiquement s&#8217;y ajouter. Veuillez cliquer sur les images.<\/p>\n<\/div><\/div><div class=\"w-separator size_small\"><\/div><div class=\"g-cols wpb_row us_custom_e8d6fc10 via_grid cols_3 laptops-cols_inherit tablets-cols_inherit mobiles-cols_1 valign_top type_default stacking_default\" style=\"--columns-gap:3rem;\"><div class=\"wpb_column vc_column_container\"><div class=\"vc_column-inner\"><div class=\"w-image align_none\"><a title=\"P\u00eeng-an!\" href=\"https:\/\/wgt.ch\/fr\/ein-fenster-zu-taiwan\/ping-an\/\" aria-label=\"Ping-an Bild 90 g\" class=\"w-image-h\"><img decoding=\"async\" width=\"1024\" height=\"1024\" src=\"https:\/\/wgt.ch\/wp-content\/uploads\/2022\/03\/Ping-an-Bild-90-g-1024x1024.png\" class=\"attachment-large size-large\" alt=\"\" loading=\"lazy\" srcset=\"https:\/\/wgt.ch\/wp-content\/uploads\/2022\/03\/Ping-an-Bild-90-g-1024x1024.png 1024w, https:\/\/wgt.ch\/wp-content\/uploads\/2022\/03\/Ping-an-Bild-90-g-300x300.png 300w, https:\/\/wgt.ch\/wp-content\/uploads\/2022\/03\/Ping-an-Bild-90-g-150x150.png 150w, https:\/\/wgt.ch\/wp-content\/uploads\/2022\/03\/Ping-an-Bild-90-g-1536x1536.png 1536w, https:\/\/wgt.ch\/wp-content\/uploads\/2022\/03\/Ping-an-Bild-90-g.png 2000w\" sizes=\"auto, (max-width: 1024px) 100vw, 1024px\" \/><\/a><\/div><\/div><\/div><div class=\"wpb_column vc_column_container\"><div class=\"vc_column-inner\"><div class=\"w-image align_none\"><a title=\"Bubble Tea\" href=\"https:\/\/wgt.ch\/fr\/ping-an\/bubble-tea\/\" aria-label=\"Bubble Tea copyrights wgt.ch\" class=\"w-image-h\"><img decoding=\"async\" width=\"1024\" height=\"1024\" src=\"https:\/\/wgt.ch\/wp-content\/uploads\/2022\/06\/Bubble-Tea-copyrights-wgt.ch_-1024x1024.png\" class=\"attachment-large size-large\" alt=\"\" loading=\"lazy\" srcset=\"https:\/\/wgt.ch\/wp-content\/uploads\/2022\/06\/Bubble-Tea-copyrights-wgt.ch_-1024x1024.png 1024w, https:\/\/wgt.ch\/wp-content\/uploads\/2022\/06\/Bubble-Tea-copyrights-wgt.ch_-300x300.png 300w, https:\/\/wgt.ch\/wp-content\/uploads\/2022\/06\/Bubble-Tea-copyrights-wgt.ch_-150x150.png 150w, https:\/\/wgt.ch\/wp-content\/uploads\/2022\/06\/Bubble-Tea-copyrights-wgt.ch_-1536x1536.png 1536w, https:\/\/wgt.ch\/wp-content\/uploads\/2022\/06\/Bubble-Tea-copyrights-wgt.ch_.png 2000w\" sizes=\"auto, (max-width: 1024px) 100vw, 1024px\" \/><\/a><\/div><\/div><\/div><div class=\"wpb_column vc_column_container\"><div class=\"vc_column-inner\"><div class=\"w-image align_none\"><a title=\"\u0152ufs au th\u00e9 \" href=\"https:\/\/wgt.ch\/fr\/ping-an\/rezept-tee-eier\/\" aria-label=\"Fenetre Oeufs au th\u00e9\" class=\"w-image-h\"><img decoding=\"async\" width=\"1024\" height=\"1024\" src=\"https:\/\/wgt.ch\/wp-content\/uploads\/2022\/09\/Fenetre-Oeufs-au-the-1024x1024.png\" class=\"attachment-large size-large\" alt=\"\" loading=\"lazy\" srcset=\"https:\/\/wgt.ch\/wp-content\/uploads\/2022\/09\/Fenetre-Oeufs-au-the-1024x1024.png 1024w, https:\/\/wgt.ch\/wp-content\/uploads\/2022\/09\/Fenetre-Oeufs-au-the-300x300.png 300w, https:\/\/wgt.ch\/wp-content\/uploads\/2022\/09\/Fenetre-Oeufs-au-the-150x150.png 150w, https:\/\/wgt.ch\/wp-content\/uploads\/2022\/09\/Fenetre-Oeufs-au-the-1536x1536.png 1536w, https:\/\/wgt.ch\/wp-content\/uploads\/2022\/09\/Fenetre-Oeufs-au-the.png 2000w\" sizes=\"auto, (max-width: 1024px) 100vw, 1024px\" \/><\/a><\/div><\/div><\/div><\/div><div class=\"g-cols wpb_row us_custom_e8d6fc10 via_grid cols_3 laptops-cols_inherit tablets-cols_inherit mobiles-cols_1 valign_top type_default stacking_default\" style=\"--columns-gap:3rem;\"><div class=\"wpb_column vc_column_container\"><div class=\"vc_column-inner\"><div class=\"w-image align_none\"><a title=\"Lesetipp: Der Mann mit den Facettenaugen\" href=\"https:\/\/wgt.ch\/fr\/ping-an\/lesetipp-der-mann-mit-den-facettenaugen\/\" aria-label=\"Conseil lecture lhomme aux yeux a facette\" class=\"w-image-h\"><img decoding=\"async\" width=\"1024\" height=\"1024\" src=\"https:\/\/wgt.ch\/wp-content\/uploads\/2022\/09\/Conseil-lecture-lhomme-aux-yeux-a-facette-1024x1024.png\" class=\"attachment-large size-large\" alt=\"\" loading=\"lazy\" srcset=\"https:\/\/wgt.ch\/wp-content\/uploads\/2022\/09\/Conseil-lecture-lhomme-aux-yeux-a-facette-1024x1024.png 1024w, https:\/\/wgt.ch\/wp-content\/uploads\/2022\/09\/Conseil-lecture-lhomme-aux-yeux-a-facette-300x300.png 300w, https:\/\/wgt.ch\/wp-content\/uploads\/2022\/09\/Conseil-lecture-lhomme-aux-yeux-a-facette-150x150.png 150w, https:\/\/wgt.ch\/wp-content\/uploads\/2022\/09\/Conseil-lecture-lhomme-aux-yeux-a-facette-1536x1536.png 1536w, https:\/\/wgt.ch\/wp-content\/uploads\/2022\/09\/Conseil-lecture-lhomme-aux-yeux-a-facette.png 2000w\" sizes=\"auto, (max-width: 1024px) 100vw, 1024px\" \/><\/a><\/div><\/div><\/div><div class=\"wpb_column vc_column_container\"><div class=\"vc_column-inner\"><div class=\"w-image align_none\"><a title=\"Vaterunser auf Taiwanisch\" href=\"https:\/\/wgt.ch\/fr\/downloads-taiwan-2023\/vaterunser-auf-taiwanisch\/\" aria-label=\"Fen\u00eatre Notre P\u00e8re de Ta\u00efwan\" class=\"w-image-h\"><img decoding=\"async\" width=\"1024\" height=\"1024\" src=\"https:\/\/wgt.ch\/wp-content\/uploads\/2022\/10\/Fenetre-Notre-Pere-de-Taiwan-1024x1024.png\" class=\"attachment-large size-large\" alt=\"\" loading=\"lazy\" srcset=\"https:\/\/wgt.ch\/wp-content\/uploads\/2022\/10\/Fenetre-Notre-Pere-de-Taiwan-1024x1024.png 1024w, https:\/\/wgt.ch\/wp-content\/uploads\/2022\/10\/Fenetre-Notre-Pere-de-Taiwan-300x300.png 300w, https:\/\/wgt.ch\/wp-content\/uploads\/2022\/10\/Fenetre-Notre-Pere-de-Taiwan-150x150.png 150w, https:\/\/wgt.ch\/wp-content\/uploads\/2022\/10\/Fenetre-Notre-Pere-de-Taiwan-1536x1536.png 1536w, https:\/\/wgt.ch\/wp-content\/uploads\/2022\/10\/Fenetre-Notre-Pere-de-Taiwan.png 2000w\" sizes=\"auto, (max-width: 1024px) 100vw, 1024px\" \/><\/a><\/div><\/div><\/div><div class=\"wpb_column vc_column_container\"><div class=\"vc_column-inner\"><div class=\"w-image align_none\"><a title=\"Nuit \u00e9toil\u00e9e\" href=\"https:\/\/wgt.ch\/fr\/ping-an\/die-sternennacht\/\" aria-label=\"Conseil de lecture Nuit etoilee\" class=\"w-image-h\"><img decoding=\"async\" width=\"1024\" height=\"1024\" src=\"https:\/\/wgt.ch\/wp-content\/uploads\/2022\/11\/Conseil-de-lecture-Nuit-etoilee-1024x1024.jpg\" class=\"attachment-large size-large\" alt=\"\" loading=\"lazy\" srcset=\"https:\/\/wgt.ch\/wp-content\/uploads\/2022\/11\/Conseil-de-lecture-Nuit-etoilee-1024x1024.jpg 1024w, https:\/\/wgt.ch\/wp-content\/uploads\/2022\/11\/Conseil-de-lecture-Nuit-etoilee-300x300.jpg 300w, https:\/\/wgt.ch\/wp-content\/uploads\/2022\/11\/Conseil-de-lecture-Nuit-etoilee-150x150.jpg 150w, https:\/\/wgt.ch\/wp-content\/uploads\/2022\/11\/Conseil-de-lecture-Nuit-etoilee-1536x1536.jpg 1536w, https:\/\/wgt.ch\/wp-content\/uploads\/2022\/11\/Conseil-de-lecture-Nuit-etoilee.jpg 2000w\" sizes=\"auto, (max-width: 1024px) 100vw, 1024px\" \/><\/a><\/div><\/div><\/div><\/div><div class=\"g-cols wpb_row us_custom_e8d6fc10 via_grid cols_3 laptops-cols_inherit tablets-cols_inherit mobiles-cols_1 valign_top type_default stacking_default\" style=\"--columns-gap:3rem;\"><div class=\"wpb_column vc_column_container\"><div class=\"vc_column-inner\"><div class=\"w-image align_none\"><a title=\"Portraits de diff\u00e9rentes femmes ta\u00efwanaises\" href=\"https:\/\/wgt.ch\/fr\/downloads-taiwan-2023\/portraets-verschiedener-taiwanerinnen\/\" aria-label=\"Portraits de femmes\" class=\"w-image-h\"><img decoding=\"async\" width=\"1024\" height=\"1024\" src=\"https:\/\/wgt.ch\/wp-content\/uploads\/2022\/12\/Portraits-de-femmes-1024x1024.jpg\" class=\"attachment-large size-large\" alt=\"\" loading=\"lazy\" srcset=\"https:\/\/wgt.ch\/wp-content\/uploads\/2022\/12\/Portraits-de-femmes-1024x1024.jpg 1024w, https:\/\/wgt.ch\/wp-content\/uploads\/2022\/12\/Portraits-de-femmes-300x300.jpg 300w, https:\/\/wgt.ch\/wp-content\/uploads\/2022\/12\/Portraits-de-femmes-150x150.jpg 150w, https:\/\/wgt.ch\/wp-content\/uploads\/2022\/12\/Portraits-de-femmes-1536x1536.jpg 1536w, https:\/\/wgt.ch\/wp-content\/uploads\/2022\/12\/Portraits-de-femmes.jpg 2000w\" sizes=\"auto, (max-width: 1024px) 100vw, 1024px\" \/><\/a><\/div><\/div><\/div><div class=\"wpb_column vc_column_container\"><div class=\"vc_column-inner\"><\/div><\/div><div class=\"wpb_column vc_column_container\"><div class=\"vc_column-inner\"><\/div><\/div><\/div><\/div><\/div><\/div><\/div><\/section>\n","protected":false},"excerpt":{"rendered":"{:de}Interessantes, Kurioses, Lesetipps, Medientipps\u2026 \u2013 das Fenster zu Taiwan soll einen Einblick in das Leben des WGT-Liturgie-Landes 2023 erm\u00f6glichen. In unregelm\u00e4ssigen Abst\u00e4nden werden neue Beitr\u00e4ge hinzukommen. Bitte auf die Bilder klicken. Interessantes, Kurioses, Lesetipps, Medientipps\u2026 \u2013 das Fenster zu Taiwan soll einen Einblick in das Leben auf dieser Insel vor der K\u00fcste Chinas erm\u00f6glichen. In...","protected":false},"author":5,"featured_media":0,"parent":0,"menu_order":43,"comment_status":"closed","ping_status":"closed","template":"","meta":{"_acf_changed":false,"footnotes":""},"class_list":["post-20717","page","type-page","status-publish","hentry"],"translation":{"provider":"WPGlobus","version":"3.0.2","language":"fr","enabled_languages":["de","fr","it"],"languages":{"de":{"title":true,"content":true,"excerpt":false},"fr":{"title":true,"content":true,"excerpt":false},"it":{"title":true,"content":true,"excerpt":false}}},"acf":[],"_links":{"self":[{"href":"https:\/\/wgt.ch\/fr\/wp-json\/wp\/v2\/pages\/20717","targetHints":{"allow":["GET"]}}],"collection":[{"href":"https:\/\/wgt.ch\/fr\/wp-json\/wp\/v2\/pages"}],"about":[{"href":"https:\/\/wgt.ch\/fr\/wp-json\/wp\/v2\/types\/page"}],"author":[{"embeddable":true,"href":"https:\/\/wgt.ch\/fr\/wp-json\/wp\/v2\/users\/5"}],"replies":[{"embeddable":true,"href":"https:\/\/wgt.ch\/fr\/wp-json\/wp\/v2\/comments?post=20717"}],"version-history":[{"count":117,"href":"https:\/\/wgt.ch\/fr\/wp-json\/wp\/v2\/pages\/20717\/revisions"}],"predecessor-version":[{"id":24137,"href":"https:\/\/wgt.ch\/fr\/wp-json\/wp\/v2\/pages\/20717\/revisions\/24137"}],"wp:attachment":[{"href":"https:\/\/wgt.ch\/fr\/wp-json\/wp\/v2\/media?parent=20717"}],"curies":[{"name":"wp","href":"https:\/\/api.w.org\/{rel}","templated":true}]}}