{"id":21131,"date":"2022-07-13T13:28:14","date_gmt":"2022-07-13T11:28:14","guid":{"rendered":"https:\/\/wgt.ch\/?page_id=21131"},"modified":"2024-07-03T16:05:35","modified_gmt":"2024-07-03T14:05:35","slug":"logo","status":"publish","type":"page","link":"https:\/\/wgt.ch\/fr\/ueber-uns\/logo\/","title":{"rendered":"Le logo"},"content":{"rendered":"<section class=\"l-section wpb_row height_small\"><div class=\"l-section-h i-cf\"><div class=\"g-cols vc_row via_grid cols_1 laptops-cols_inherit tablets-cols_inherit mobiles-cols_1 valign_top type_default stacking_default\"><div class=\"wpb_column vc_column_container\"><div class=\"vc_column-inner\"><h1 class=\"w-post-elm post_title align_center entry-title color_link_inherit\">Le logo<\/h1><\/div><\/div><\/div><\/div><\/section><section class=\"l-section wpb_row height_auto\"><div class=\"l-section-h i-cf\"><div class=\"g-cols vc_row via_grid cols_1 laptops-cols_inherit tablets-cols_inherit mobiles-cols_1 valign_top type_default stacking_default\"><div class=\"wpb_column vc_column_container\"><div class=\"vc_column-inner\"><div class=\"wpb_text_column\"><div class=\"wpb_wrapper\"><h6 style=\"text-align: center;\">Nouveau design d\u00e8s juillet 2022<\/h6>\n<\/div><\/div><div class=\"w-image align_center\"><a ref=\"magnificPopup\" href=\"https:\/\/wgt.ch\/wp-content\/uploads\/2022\/05\/signet_farbig.jpg\" aria-label=\"signet_farbig\" class=\"w-image-h\"><img decoding=\"async\" width=\"300\" height=\"300\" src=\"https:\/\/wgt.ch\/wp-content\/uploads\/2022\/05\/signet_farbig-300x300.jpg\" class=\"attachment-medium size-medium\" alt=\"{:de}WGT-CH-Logo 460 px{:}{:fr}JMP-CH-logo 460 px{:}{:it}GMP-CH-logo 460 px{:}\" loading=\"lazy\" srcset=\"https:\/\/wgt.ch\/wp-content\/uploads\/2022\/05\/signet_farbig-300x300.jpg 300w, https:\/\/wgt.ch\/wp-content\/uploads\/2022\/05\/signet_farbig-150x150.jpg 150w, https:\/\/wgt.ch\/wp-content\/uploads\/2022\/05\/signet_farbig.jpg 458w\" sizes=\"auto, (max-width: 300px) 100vw, 300px\" \/><\/a><\/div><\/div><\/div><\/div><\/div><\/section><section class=\"l-section wpb_row height_small\"><div class=\"l-section-h i-cf\"><div class=\"g-cols vc_row via_grid cols_4 laptops-cols_inherit tablets-cols_inherit mobiles-cols_1 valign_top type_default stacking_default\"><div class=\"wpb_column vc_column_container\"><div class=\"vc_column-inner\"><div class=\"wpb_text_column\"><div class=\"wpb_wrapper\"><p style=\"text-align: center;\">Points cardinaux<\/p>\n<\/div><\/div><div class=\"w-image align_center\"><div class=\"w-image-h\"><img decoding=\"async\" width=\"415\" height=\"414\" src=\"https:\/\/wgt.ch\/wp-content\/uploads\/2022\/05\/signet_einzelteile-02.png\" class=\"attachment-full size-full\" alt=\"\" loading=\"lazy\" srcset=\"https:\/\/wgt.ch\/wp-content\/uploads\/2022\/05\/signet_einzelteile-02.png 415w, https:\/\/wgt.ch\/wp-content\/uploads\/2022\/05\/signet_einzelteile-02-300x300.png 300w, https:\/\/wgt.ch\/wp-content\/uploads\/2022\/05\/signet_einzelteile-02-150x150.png 150w\" sizes=\"auto, (max-width: 415px) 100vw, 415px\" \/><\/div><\/div><\/div><\/div><div class=\"wpb_column vc_column_container\"><div class=\"vc_column-inner\"><div class=\"wpb_text_column\"><div class=\"wpb_wrapper\"><p style=\"text-align: center;\">Personnes agenouill\u00e9es dans la pri\u00e8re<\/p>\n<\/div><\/div><div class=\"w-image align_center\"><div class=\"w-image-h\"><img decoding=\"async\" width=\"414\" height=\"414\" src=\"https:\/\/wgt.ch\/wp-content\/uploads\/2022\/05\/signet_einzelteile-03.png\" class=\"attachment-full size-full\" alt=\"\" loading=\"lazy\" srcset=\"https:\/\/wgt.ch\/wp-content\/uploads\/2022\/05\/signet_einzelteile-03.png 414w, https:\/\/wgt.ch\/wp-content\/uploads\/2022\/05\/signet_einzelteile-03-300x300.png 300w, https:\/\/wgt.ch\/wp-content\/uploads\/2022\/05\/signet_einzelteile-03-150x150.png 150w\" sizes=\"auto, (max-width: 414px) 100vw, 414px\" \/><\/div><\/div><\/div><\/div><div class=\"wpb_column vc_column_container\"><div class=\"vc_column-inner\"><div class=\"wpb_text_column\"><div class=\"wpb_wrapper\"><p style=\"text-align: center;\">La croix celte<\/p>\n<\/div><\/div><div class=\"w-image align_center\"><div class=\"w-image-h\"><img decoding=\"async\" width=\"414\" height=\"413\" src=\"https:\/\/wgt.ch\/wp-content\/uploads\/2023\/04\/signet_einzelteile-04-kK.png\" class=\"attachment-full size-full\" alt=\"\" loading=\"lazy\" srcset=\"https:\/\/wgt.ch\/wp-content\/uploads\/2023\/04\/signet_einzelteile-04-kK.png 414w, https:\/\/wgt.ch\/wp-content\/uploads\/2023\/04\/signet_einzelteile-04-kK-300x300.png 300w, https:\/\/wgt.ch\/wp-content\/uploads\/2023\/04\/signet_einzelteile-04-kK-150x150.png 150w\" sizes=\"auto, (max-width: 414px) 100vw, 414px\" \/><\/div><\/div><\/div><\/div><div class=\"wpb_column vc_column_container\"><div class=\"vc_column-inner\"><div class=\"wpb_text_column\"><div class=\"wpb_wrapper\"><p style=\"text-align: center;\">Le cercle<\/p>\n<\/div><\/div><div class=\"w-image align_center\"><div class=\"w-image-h\"><img decoding=\"async\" width=\"415\" height=\"414\" src=\"https:\/\/wgt.ch\/wp-content\/uploads\/2022\/05\/signet_einzelteile-05.png\" class=\"attachment-full size-full\" alt=\"\" loading=\"lazy\" srcset=\"https:\/\/wgt.ch\/wp-content\/uploads\/2022\/05\/signet_einzelteile-05.png 415w, https:\/\/wgt.ch\/wp-content\/uploads\/2022\/05\/signet_einzelteile-05-300x300.png 300w, https:\/\/wgt.ch\/wp-content\/uploads\/2022\/05\/signet_einzelteile-05-150x150.png 150w\" sizes=\"auto, (max-width: 415px) 100vw, 415px\" \/><\/div><\/div><\/div><\/div><\/div><\/div><\/section><section class=\"l-section wpb_row height_auto\"><div class=\"l-section-h i-cf\"><div class=\"g-cols vc_row via_grid cols_1 laptops-cols_inherit tablets-cols_inherit mobiles-cols_1 valign_top type_default stacking_default\"><div class=\"wpb_column vc_column_container\"><div class=\"vc_column-inner\"><div class=\"wpb_text_column\"><div class=\"wpb_wrapper\"><div class=\"wpb_text_column \">\n<div class=\"wpb_wrapper\">\n<div>\n<p>Des femmes irlandaises nous ont offert une croix comme symbole de la Journ\u00e9e mondiale de pri\u00e8re. En 1982, le symbole a \u00e9t\u00e9 adopt\u00e9 par l&#8217;ensemble du mouvement.<\/p>\n<p>La Journ\u00e9e mondiale de pri\u00e8re est un mouvement qui se concr\u00e9tise dans une c\u00e9l\u00e9bration annuelle, \u00e0 laquelle tous sont invit\u00e9s \u00e0 participer. La Journ\u00e9e mondiale de pri\u00e8re rassemble des femmes chr\u00e9tiennes qui prient et agissent dans la solidarit\u00e9. La Journ\u00e9e mondiale de pri\u00e8re associe des chr\u00e9tiennes de divers pays et cultures pour confesser leur foi. La Journ\u00e9e mondiale de pri\u00e8re est un mouvement qui rassemble dans la fraternit\u00e9, la compr\u00e9hension mutuelle et l&#8217;action, des femmes de culture et de tradition diff\u00e9rentes.<\/p>\n<\/div>\n<\/div>\n<\/div>\n<\/div><\/div><\/div><\/div><\/div><\/div><\/section><section class=\"l-section wpb_row height_small\"><div class=\"l-section-h i-cf\"><div class=\"g-cols vc_row via_grid cols_2 laptops-cols_inherit tablets-cols_inherit mobiles-cols_1 valign_top type_default stacking_default\"><div class=\"wpb_column vc_column_container\"><div class=\"vc_column-inner\"><div class=\"w-image align_center meta_simple\"><a ref=\"magnificPopup\" href=\"https:\/\/wgt.ch\/wp-content\/uploads\/2022\/05\/signet_farbig.jpg\" aria-label=\"signet_farbig\" class=\"w-image-h\"><img decoding=\"async\" width=\"300\" height=\"300\" src=\"https:\/\/wgt.ch\/wp-content\/uploads\/2022\/05\/signet_farbig-300x300.jpg\" class=\"attachment-medium size-medium\" alt=\"{:de}WGT-CH-Logo 460 px{:}{:fr}JMP-CH-logo 460 px{:}{:it}GMP-CH-logo 460 px{:}\" loading=\"lazy\" srcset=\"https:\/\/wgt.ch\/wp-content\/uploads\/2022\/05\/signet_farbig-300x300.jpg 300w, https:\/\/wgt.ch\/wp-content\/uploads\/2022\/05\/signet_farbig-150x150.jpg 150w, https:\/\/wgt.ch\/wp-content\/uploads\/2022\/05\/signet_farbig.jpg 458w\" sizes=\"auto, (max-width: 300px) 100vw, 300px\" \/><\/a><div class=\"w-image-meta\"><div class=\"w-image-title\">signet_farbig<\/div><\/div><\/div><\/div><\/div><div class=\"wpb_column vc_column_container\"><div class=\"vc_column-inner\"><div class=\"w-image align_center meta_simple\"><a ref=\"magnificPopup\" href=\"https:\/\/wgt.ch\/wp-content\/uploads\/2022\/11\/WGT-CH-Logo-transparent-352-px.png\" aria-label=\"WGT CH Logo transparent 352 px\" class=\"w-image-h\"><img decoding=\"async\" width=\"300\" height=\"300\" src=\"https:\/\/wgt.ch\/wp-content\/uploads\/2022\/11\/WGT-CH-Logo-transparent-352-px-300x300.png\" class=\"attachment-medium size-medium\" alt=\"{:de}WGT-CH Logo transparent 352 px{:}{:fr}JMP-CH Logo transparent 352 px{:}{:it}GMP-CH Logo trasparente 352 px{:}\" loading=\"lazy\" srcset=\"https:\/\/wgt.ch\/wp-content\/uploads\/2022\/11\/WGT-CH-Logo-transparent-352-px-300x300.png 300w, https:\/\/wgt.ch\/wp-content\/uploads\/2022\/11\/WGT-CH-Logo-transparent-352-px-150x150.png 150w, https:\/\/wgt.ch\/wp-content\/uploads\/2022\/11\/WGT-CH-Logo-transparent-352-px.png 352w\" sizes=\"auto, (max-width: 300px) 100vw, 300px\" \/><\/a><div class=\"w-image-meta\"><div class=\"w-image-title\">WGT CH Logo transparent 352 px<\/div><\/div><\/div><\/div><\/div><\/div><\/div><\/section>\n","protected":false},"excerpt":{"rendered":"{:de}Le logo Neues Design ab Juli 2022. Alle Himmelsrichtungen Betende Frau Keltisches Kreuz Erdkreis Die irischen Frauen pr\u00e4sentierten an der Internationalen Tagung in Deutschland 1982 ein Logo, das wegen der Aussagekraft sofort Anklang fand und vom Internationalen Komitee angenommen wurde. Die Symbolik ist f\u00fcr alle L\u00e4nder gleich, die Farben jedoch k\u00f6nnen variieren. Es weist darauf...","protected":false},"author":5,"featured_media":0,"parent":265,"menu_order":92,"comment_status":"closed","ping_status":"closed","template":"","meta":{"_acf_changed":false,"footnotes":""},"class_list":["post-21131","page","type-page","status-publish","hentry"],"translation":{"provider":"WPGlobus","version":"3.0.2","language":"fr","enabled_languages":["de","fr","it"],"languages":{"de":{"title":true,"content":true,"excerpt":false},"fr":{"title":true,"content":true,"excerpt":false},"it":{"title":true,"content":true,"excerpt":false}}},"acf":[],"_links":{"self":[{"href":"https:\/\/wgt.ch\/fr\/wp-json\/wp\/v2\/pages\/21131","targetHints":{"allow":["GET"]}}],"collection":[{"href":"https:\/\/wgt.ch\/fr\/wp-json\/wp\/v2\/pages"}],"about":[{"href":"https:\/\/wgt.ch\/fr\/wp-json\/wp\/v2\/types\/page"}],"author":[{"embeddable":true,"href":"https:\/\/wgt.ch\/fr\/wp-json\/wp\/v2\/users\/5"}],"replies":[{"embeddable":true,"href":"https:\/\/wgt.ch\/fr\/wp-json\/wp\/v2\/comments?post=21131"}],"version-history":[{"count":43,"href":"https:\/\/wgt.ch\/fr\/wp-json\/wp\/v2\/pages\/21131\/revisions"}],"predecessor-version":[{"id":34219,"href":"https:\/\/wgt.ch\/fr\/wp-json\/wp\/v2\/pages\/21131\/revisions\/34219"}],"up":[{"embeddable":true,"href":"https:\/\/wgt.ch\/fr\/wp-json\/wp\/v2\/pages\/265"}],"wp:attachment":[{"href":"https:\/\/wgt.ch\/fr\/wp-json\/wp\/v2\/media?parent=21131"}],"curies":[{"name":"wp","href":"https:\/\/api.w.org\/{rel}","templated":true}]}}