{"id":21854,"date":"2022-09-27T15:24:05","date_gmt":"2022-09-27T13:24:05","guid":{"rendered":"https:\/\/wgt.ch\/?page_id=21854"},"modified":"2024-07-03T12:06:51","modified_gmt":"2024-07-03T10:06:51","slug":"downloads-taiwan-2023","status":"publish","type":"page","link":"https:\/\/wgt.ch\/fr\/downloads-taiwan-2023\/","title":{"rendered":"T\u00e9l\u00e9chargements Ta\u00efwan 2023"},"content":{"rendered":"<section class=\"l-section wpb_row height_small\"><div class=\"l-section-h i-cf\"><div class=\"g-cols vc_row via_grid cols_1 laptops-cols_inherit tablets-cols_inherit mobiles-cols_1 valign_top type_default stacking_default\"><div class=\"wpb_column vc_column_container\"><div class=\"vc_column-inner\"><h2 class=\"w-post-elm post_title entry-title color_link_inherit\">T\u00e9l\u00e9chargements Ta\u00efwan 2023<\/h2><div class=\"w-separator size_small\"><\/div><div class=\"wpb_text_column\"><div class=\"wpb_wrapper\"><h3>Image de couverture et nouveau logo :<\/h3>\n<\/div><\/div><div class=\"w-separator size_small\"><\/div><div class=\"g-cols wpb_row via_grid cols_3 laptops-cols_inherit tablets-cols_inherit mobiles-cols_1 valign_top type_default stacking_default\" style=\"--columns-gap:3rem;\"><div class=\"wpb_column vc_column_container\"><div class=\"vc_column-inner\"><div class=\"w-image align_none meta_simple\"><a ref=\"magnificPopup\" href=\"https:\/\/wgt.ch\/wp-content\/uploads\/2023\/01\/Titelbild_Taiwan_2023-\u00a9WDPIC.jpg\" aria-label=\"Titelbild_Taiwan_2023-\u00a9WDPIC\" class=\"w-image-h\"><img decoding=\"async\" width=\"150\" height=\"150\" src=\"https:\/\/wgt.ch\/wp-content\/uploads\/2023\/01\/Titelbild_Taiwan_2023-\u00a9WDPIC-150x150.jpg\" class=\"attachment-thumbnail size-thumbnail\" alt=\"{:de}Titelbild Taiwan 2023 \u00a9 WDPIC{:}{:fr}Image de couverture 2023 Ta\u00efwan \u00a9 WDPIC{:}{:it}Il frontespizio 2023 Taiwan \u00a9 WDPIC{:}\" loading=\"lazy\" \/><\/a><div class=\"w-image-meta\"><div class=\"w-image-title\">Titelbild_Taiwan_2023-\u00a9WDPIC<\/div><\/div><\/div><\/div><\/div><div class=\"wpb_column vc_column_container\"><div class=\"vc_column-inner\"><div class=\"w-image align_none meta_simple\"><a ref=\"magnificPopup\" href=\"https:\/\/wgt.ch\/wp-content\/uploads\/2022\/05\/signet_farbig.jpg\" aria-label=\"signet_farbig\" class=\"w-image-h\"><img decoding=\"async\" width=\"150\" height=\"150\" src=\"https:\/\/wgt.ch\/wp-content\/uploads\/2022\/05\/signet_farbig-150x150.jpg\" class=\"attachment-thumbnail size-thumbnail\" alt=\"{:de}WGT-CH-Logo 460 px{:}{:fr}JMP-CH-logo 460 px{:}{:it}GMP-CH-logo 460 px{:}\" loading=\"lazy\" srcset=\"https:\/\/wgt.ch\/wp-content\/uploads\/2022\/05\/signet_farbig-150x150.jpg 150w, https:\/\/wgt.ch\/wp-content\/uploads\/2022\/05\/signet_farbig-300x300.jpg 300w, https:\/\/wgt.ch\/wp-content\/uploads\/2022\/05\/signet_farbig.jpg 458w\" sizes=\"auto, (max-width: 150px) 100vw, 150px\" \/><\/a><div class=\"w-image-meta\"><div class=\"w-image-title\">signet_farbig<\/div><\/div><\/div><\/div><\/div><div class=\"wpb_column vc_column_container\"><div class=\"vc_column-inner\"><div class=\"w-image align_none meta_simple\"><a ref=\"magnificPopup\" href=\"https:\/\/wgt.ch\/wp-content\/uploads\/2022\/11\/WGT-CH-Logo-transparent-352-px.png\" aria-label=\"WGT CH Logo transparent 352 px\" class=\"w-image-h\"><img decoding=\"async\" width=\"150\" height=\"150\" src=\"https:\/\/wgt.ch\/wp-content\/uploads\/2022\/11\/WGT-CH-Logo-transparent-352-px-150x150.png\" class=\"attachment-thumbnail size-thumbnail\" alt=\"{:de}WGT-CH Logo transparent 352 px{:}{:fr}JMP-CH Logo transparent 352 px{:}{:it}GMP-CH Logo trasparente 352 px{:}\" loading=\"lazy\" srcset=\"https:\/\/wgt.ch\/wp-content\/uploads\/2022\/11\/WGT-CH-Logo-transparent-352-px-150x150.png 150w, https:\/\/wgt.ch\/wp-content\/uploads\/2022\/11\/WGT-CH-Logo-transparent-352-px-300x300.png 300w, https:\/\/wgt.ch\/wp-content\/uploads\/2022\/11\/WGT-CH-Logo-transparent-352-px.png 352w\" sizes=\"auto, (max-width: 150px) 100vw, 150px\" \/><\/a><div class=\"w-image-meta\"><div class=\"w-image-title\">WGT CH Logo transparent 352 px<\/div><\/div><\/div><\/div><\/div><\/div><div class=\"w-separator size_medium\"><\/div><div class=\"wpb_text_column\"><div class=\"wpb_wrapper\"><h3>Communiqu\u00e9 de presse :<\/h3>\n<\/div><\/div><div class=\"w-btn-wrapper align_none\"><a class=\"w-btn us-btn-style_2\" title=\"Communiqu\u00e9 de presse JMP Ta\u00efwan 2023\" target=\" _blank\" rel=\"nofollow\" href=\"https:\/\/wgt.ch\/wp-content\/uploads\/2023\/01\/Communique-de-presse-JMP-Taiwan-2023-francais.pdf\"><span class=\"w-btn-label\">Communiqu\u00e9 de presse JMP Ta\u00efwan 2023.pdf<\/span><\/a><\/div><div class=\"w-btn-wrapper align_none\"><a class=\"w-btn us-btn-style_2\" title=\"Communiqu\u00e9 de presse JMP Ta\u00efwan 2023.docx\" target=\" _blank\" rel=\"nofollow\" href=\"https:\/\/wgt.ch\/wp-content\/uploads\/2023\/01\/Communique-de-presse-JMP-Taiwan-2023-francais.docx\"><span class=\"w-btn-label\">Communiqu\u00e9 de presse JMP Ta\u00efwan 2023.docx<\/span><\/a><\/div><div class=\"w-separator size_small\"><\/div><div class=\"wpb_text_column\"><div class=\"wpb_wrapper\"><h3>Portraits de diff\u00e9rentes femmes ta\u00efwanaises :<\/h3>\n<\/div><\/div><div class=\"w-btn-wrapper align_none\"><a class=\"w-btn us-btn-style_2\" title=\"Portraits de diff\u00e9rentes femmes ta\u00efwanaises\" href=\"https:\/\/wgt.ch\/fr\/downloads-taiwan-2023\/portraets-verschiedener-taiwanerinnen\/\"><span class=\"w-btn-label\">Portraits de diff\u00e9rentes femmes ta\u00efwanaises &#8211; cliquez ici<\/span><\/a><\/div><div class=\"w-separator size_small\"><\/div><div class=\"wpb_text_column\"><div class=\"wpb_wrapper\"><h3>Id\u00e9es cr\u00e9atives :<\/h3>\n<\/div><\/div><div class=\"w-btn-wrapper align_none\"><a class=\"w-btn us-btn-style_2\" target=\" _blank\" rel=\"nofollow\" href=\"https:\/\/wgt.ch\/wp-content\/uploads\/2022\/10\/Bateau-dragon.pdf\"><span class=\"w-btn-label\">Bateau dragon.pdf<\/span><\/a><\/div><div class=\"w-btn-wrapper align_none\"><a class=\"w-btn us-btn-style_2\" target=\" _blank\" rel=\"nofollow\" href=\"https:\/\/wgt.ch\/wp-content\/uploads\/2022\/10\/Instructions-bricoler-des-papillons.pdf\"><span class=\"w-btn-label\">Bricoler des papillons.pdf<\/span><\/a><\/div><div class=\"w-btn-wrapper align_none\"><a class=\"w-btn us-btn-style_2\" target=\" _blank\" rel=\"nofollow\" href=\"https:\/\/wgt.ch\/wp-content\/uploads\/2022\/10\/Realisation-dune-couronne-de-tete.pdf\"><span class=\"w-btn-label\">R\u00e9alisation d&#8217;une couronne de t\u00eate.pdf<\/span><\/a><\/div><div class=\"w-separator size_small\"><\/div><div class=\"wpb_text_column\"><div class=\"wpb_wrapper\"><h3>C\u00e9l\u00e9bration avec les enfants :<\/h3>\n<\/div><\/div><div class=\"w-btn-wrapper align_none\"><a class=\"w-btn us-btn-style_2\" target=\" _blank\" rel=\"nofollow\" href=\"https:\/\/wgt.ch\/wp-content\/uploads\/2022\/10\/Langues-caracteres.pdf\"><span class=\"w-btn-label\">Langues caract\u00e8res.pdf<\/span><\/a><\/div><div class=\"w-btn-wrapper align_none\"><a class=\"w-btn us-btn-style_2\" target=\" _blank\" rel=\"nofollow\" href=\"https:\/\/wgt.ch\/wp-content\/uploads\/2022\/10\/Asra-Histoire-du-contexte-des-Ephesiens.pdf\"><span class=\"w-btn-label\">Asra Histoire du contexte des \u00c9ph\u00e9siens.pdf<\/span><\/a><\/div><div class=\"w-btn-wrapper align_none\"><a class=\"w-btn us-btn-style_2\" target=\" _blank\" rel=\"nofollow\" href=\"https:\/\/wgt.ch\/wp-content\/uploads\/2022\/10\/Etudes-bibliques-Ephesiens.pdf\"><span class=\"w-btn-label\">\u00c9tudes bibliques \u00c9ph\u00e9siens.pdf<\/span><\/a><\/div><div class=\"w-separator size_small\"><\/div><div class=\"wpb_text_column\"><div class=\"wpb_wrapper\"><h3>\u00c9tude biblique :<\/h3>\n<\/div><\/div><div class=\"w-btn-wrapper align_none\"><a class=\"w-btn us-btn-style_2\" target=\" _blank\" rel=\"nofollow\" href=\"https:\/\/wgt.ch\/wp-content\/uploads\/2022\/10\/1-E\u0301tude-biblique-de\u0301roulement.pdf\"><span class=\"w-btn-label\">1 E\u0301tude biblique de\u0301roulement.pdf<\/span><\/a><\/div><div class=\"w-btn-wrapper align_none\"><a class=\"w-btn us-btn-style_2\" target=\" _blank\" rel=\"nofollow\" href=\"https:\/\/wgt.ch\/wp-content\/uploads\/2022\/10\/2-E\u0301tude-biblique-texte.pdf\"><span class=\"w-btn-label\">2 E\u0301tude biblique texte.pdf<\/span><\/a><\/div><div class=\"w-btn-wrapper align_none\"><a class=\"w-btn us-btn-style_2\" target=\" _blank\" rel=\"nofollow\" href=\"https:\/\/wgt.ch\/wp-content\/uploads\/2022\/10\/3-E\u0301tude-biblique-texte-chinois.pdf\"><span class=\"w-btn-label\">3 E\u0301tude biblique texte chinois.pdf<\/span><\/a><\/div><div class=\"w-btn-wrapper align_none\"><a class=\"w-btn us-btn-style_2\" target=\" _blank\" rel=\"nofollow\" href=\"https:\/\/wgt.ch\/wp-content\/uploads\/2022\/10\/4-E\u0301tude-biblique-Informations-contexte.pdf\"><span class=\"w-btn-label\">4 E\u0301tude biblique Informations contexte.pdf<\/span><\/a><\/div><div class=\"w-btn-wrapper align_none\"><a class=\"w-btn us-btn-style_2\" target=\" _blank\" rel=\"nofollow\" href=\"https:\/\/wgt.ch\/wp-content\/uploads\/2022\/10\/5-E\u0301tude-biblique-caracte\u0300re-chinois-entendre.pdf\"><span class=\"w-btn-label\">5 E\u0301tude biblique caracte\u0300re chinois entendre.pdf<\/span><\/a><\/div><div class=\"w-btn-wrapper align_none\"><a class=\"w-btn us-btn-style_2\" target=\" _blank\" rel=\"nofollow\" href=\"https:\/\/wgt.ch\/wp-content\/uploads\/2022\/10\/6-E\u0301tude-biblique-caracte\u0300re-chinois-components.pdf\"><span class=\"w-btn-label\">6 E\u0301tude biblique caracte\u0300re chinois components.pdf<\/span><\/a><\/div><div class=\"w-btn-wrapper align_none\"><a class=\"w-btn us-btn-style_2\" target=\" _blank\" rel=\"nofollow\" href=\"https:\/\/wgt.ch\/wp-content\/uploads\/2022\/10\/7-E\u0301tude-biblique-re\u0301flexion-en-groupe.pdf\"><span class=\"w-btn-label\">7 E\u0301tude biblique re\u0301flexion en groupe.pdf<\/span><\/a><\/div><div class=\"w-btn-wrapper align_none\"><a class=\"w-btn us-btn-style_2\" target=\" _blank\" rel=\"nofollow\" href=\"https:\/\/wgt.ch\/wp-content\/uploads\/2022\/10\/8-E\u0301tude-biblique-caracte\u0300re-chinois-Je\u0301sus-Paix-Merci.pdf\"><span class=\"w-btn-label\">8 E\u0301tude biblique caracte\u0300re chinois Je\u0301sus Paix Merci.pdf<\/span><\/a><\/div><div class=\"w-btn-wrapper align_none\"><a class=\"w-btn us-btn-style_2\" target=\" _blank\" rel=\"nofollow\" href=\"https:\/\/wgt.ch\/wp-content\/uploads\/2022\/10\/9-E\u0301tude-biblique-Notre-Pe\u0300re-Tai\u0308wan.pdf\"><span class=\"w-btn-label\">9 E\u0301tude biblique Notre Pe\u0300re Tai\u0308wan.pdf<\/span><\/a><\/div><div class=\"w-separator size_small\"><\/div><div class=\"g-cols wpb_row via_grid cols_2-1 laptops-cols_inherit tablets-cols_inherit mobiles-cols_1 valign_top type_default stacking_default\" style=\"--columns-gap:3rem;\"><div class=\"wpb_column vc_column_container\"><div class=\"vc_column-inner\"><div class=\"wpb_text_column\"><div class=\"wpb_wrapper\"><h3>Notre P\u00e8re de Ta\u00efwan<\/h3>\n<audio class=\"wp-audio-shortcode\" id=\"audio-21854-1\" preload=\"none\" style=\"width: 100%;\" controls=\"controls\"><source type=\"audio\/mpeg\" src=\"https:\/\/wgt.ch\/wp-content\/uploads\/2022\/10\/the_Lords_prayer_in_Taiwanese.mp3?_=1\" \/><a href=\"https:\/\/wgt.ch\/wp-content\/uploads\/2022\/10\/the_Lords_prayer_in_Taiwanese.mp3\">https:\/\/wgt.ch\/wp-content\/uploads\/2022\/10\/the_Lords_prayer_in_Taiwanese.mp3<\/a><\/audio>\n<\/div><\/div><div class=\"w-btn-wrapper align_none\"><a class=\"w-btn us-btn-style_2\" target=\" _blank\" rel=\"nofollow\" href=\"https:\/\/wgt.ch\/wp-content\/uploads\/2022\/10\/the_Lords_prayer_in_Taiwanese.mp3\"><span class=\"w-btn-label\">Document audio : Notre P\u00e8re de Ta\u00efwan<\/span><\/a><\/div><div class=\"w-separator size_small\"><\/div><div class=\"wpb_text_column\"><div class=\"wpb_wrapper\"><h3>Le Notre P\u00e8re comme Praise Dance :<\/h3>\n<\/div><\/div><div class=\"w-btn-wrapper align_none\"><a class=\"w-btn us-btn-style_2\" target=\" _blank\" rel=\"nofollow\" href=\"http:\/\/www.youtube.com\/watch?v=jbmf4gDzyBg\"><span class=\"w-btn-label\">www.youtube.com\/watch?v=jbmf4gDzyBg 1:59 en une c\u00e9l\u00e9bration<\/span><\/a><\/div><div class=\"w-btn-wrapper align_none\"><a class=\"w-btn us-btn-style_2\" target=\" _blank\" rel=\"nofollow\" href=\"http:\/\/www.youtube.com\/watch?v=vV5lve-FA8E\"><span class=\"w-btn-label\">www.youtube.com\/watch?v=vV5lve-FA8E 3:32 deux passages : regarder &#8211; participer<\/span><\/a><\/div><\/div><\/div><div class=\"wpb_column vc_column_container\"><div class=\"vc_column-inner\"><div class=\"w-image align_none\"><a title=\"Fen\u00eatre Notre P\u00e8re de Ta\u00efwan\" href=\"https:\/\/wgt.ch\/fr\/ping-an\/vaterunser-auf-taiwanisch\/\" aria-label=\"Fen\u00eatre Notre P\u00e8re de Ta\u00efwan\" class=\"w-image-h\"><img decoding=\"async\" width=\"1024\" height=\"1024\" src=\"https:\/\/wgt.ch\/wp-content\/uploads\/2022\/10\/Fenetre-Notre-Pere-de-Taiwan-1024x1024.png\" class=\"attachment-large size-large\" alt=\"\" loading=\"lazy\" srcset=\"https:\/\/wgt.ch\/wp-content\/uploads\/2022\/10\/Fenetre-Notre-Pere-de-Taiwan-1024x1024.png 1024w, https:\/\/wgt.ch\/wp-content\/uploads\/2022\/10\/Fenetre-Notre-Pere-de-Taiwan-300x300.png 300w, https:\/\/wgt.ch\/wp-content\/uploads\/2022\/10\/Fenetre-Notre-Pere-de-Taiwan-150x150.png 150w, https:\/\/wgt.ch\/wp-content\/uploads\/2022\/10\/Fenetre-Notre-Pere-de-Taiwan-1536x1536.png 1536w, https:\/\/wgt.ch\/wp-content\/uploads\/2022\/10\/Fenetre-Notre-Pere-de-Taiwan.png 2000w\" sizes=\"auto, (max-width: 1024px) 100vw, 1024px\" \/><\/a><\/div><\/div><\/div><\/div><div class=\"w-separator size_small\"><\/div><div class=\"wpb_text_column\"><div class=\"wpb_wrapper\"><h3>Projets 2023 Ta\u00efwan :<\/h3>\n<\/div><\/div><div class=\"w-btn-wrapper align_none\"><a class=\"w-btn us-btn-style_2\" title=\"Projets 2023 Ta\u00efwan\" href=\"https:\/\/wgt.ch\/fr\/projekte\/projekte-2023-taiwan\/\"><span class=\"w-btn-label\">Vous trouverez les descriptions de projets pour Ta\u00efwan 2023 ici<\/span><\/a><\/div><div class=\"w-separator size_small\"><\/div><div class=\"wpb_text_column\"><div class=\"wpb_wrapper\"><h3>Liens 2023 Ta\u00efwan :<\/h3>\n<\/div><\/div><div class=\"w-btn-wrapper align_none\"><a class=\"w-btn us-btn-style_2\" target=\" _blank\" rel=\"nofollow\" href=\"https:\/\/wgt.ch\/wp-content\/uploads\/2022\/12\/Musique-Taiwan-2023.pdf\"><span class=\"w-btn-label\">Musique Ta\u00efwan 2023.pdf<\/span><\/a><\/div><div class=\"w-separator size_small\"><\/div><div class=\"wpb_text_column\"><div class=\"wpb_wrapper\"><h3>Liturgie-structure :<\/h3>\n<\/div><\/div><div class=\"w-btn-wrapper align_none\"><a class=\"w-btn us-btn-style_2\" target=\" _blank\" rel=\"nofollow\" href=\"https:\/\/wgt.ch\/wp-content\/uploads\/2022\/09\/JMP-Taiwan-2023-Liturgie-structure.pdf\"><span class=\"w-btn-label\">JMP-Taiwan-2023-Liturgie-structure.pdf<\/span><\/a><\/div><div class=\"w-btn-wrapper align_none\"><a class=\"w-btn us-btn-style_2\" target=\" _blank\" rel=\"nofollow\" href=\"https:\/\/wgt.ch\/wp-content\/uploads\/2022\/09\/JMP-Taiwan-2023-Liturgie-structure.docx\"><span class=\"w-btn-label\">JMP-Taiwan-2023-Liturgie-structure.docx<\/span><\/a><\/div><div class=\"w-separator size_large with_line width_default thick_1 style_solid color_border align_center\"><div class=\"w-separator-h\"><\/div><\/div><div class=\"w-btn-wrapper align_none\"><a class=\"w-btn us-btn-style_2\" title=\"C\u00e9l\u00e9bration 2023 Ta\u00efwan\" href=\"https:\/\/wgt.ch\/fr\/feiern\/2023-taiwan\/\"><span class=\"w-btn-label\">C\u00e9l\u00e9bration 2023 Ta\u00efwan<\/span><\/a><\/div><div class=\"w-btn-wrapper align_none\"><a class=\"w-btn us-btn-style_2\" title=\"Fen\u00eatre sur Ta\u00efwan\" href=\"https:\/\/wgt.ch\/fr\/fenster-zu-taiwan\/\"><span class=\"w-btn-label\">Fen\u00eatre sur Ta\u00efwan<\/span><\/a><\/div><div class=\"w-separator size_large\"><\/div><\/div><\/div><\/div><\/div><\/section>\n","protected":false},"excerpt":{"rendered":"{:de}T\u00e9l\u00e9chargements Ta\u00efwan 2023 Titelbild und neues Logo: Zum Herunterladen anklicken, dann mit rechter Maustaste \u00abBild speichern unter\u00bb anw\u00e4hlen. Titelbild_Taiwan_2023-\u00a9WDPICsignet_farbigWGT CH Logo transparent 352 px Pressetexte: Pressetext WGT Taiwan 2023 deutsch.pdfPressetext WGT Taiwan 2023 deutsch.docx Portr\u00e4ts verschiedener Taiwanerinnen: Portr\u00e4ts verschiedener Taiwanerinnen finden Sie hier Kreative Ideen: Verschiedene Puzzle Vorlagen.pdfHerstellung Kopfkranz.pdfSchmetterlinge basteln.pdfDrachenboot.pdf Feiern mit Kindern: Hinf\u00fchrung Epheser...","protected":false},"author":5,"featured_media":0,"parent":0,"menu_order":31,"comment_status":"closed","ping_status":"closed","template":"","meta":{"_acf_changed":false,"footnotes":""},"class_list":["post-21854","page","type-page","status-publish","hentry"],"translation":{"provider":"WPGlobus","version":"3.0.2","language":"fr","enabled_languages":["de","fr","it"],"languages":{"de":{"title":true,"content":true,"excerpt":false},"fr":{"title":true,"content":true,"excerpt":false},"it":{"title":true,"content":true,"excerpt":false}}},"acf":[],"_links":{"self":[{"href":"https:\/\/wgt.ch\/fr\/wp-json\/wp\/v2\/pages\/21854","targetHints":{"allow":["GET"]}}],"collection":[{"href":"https:\/\/wgt.ch\/fr\/wp-json\/wp\/v2\/pages"}],"about":[{"href":"https:\/\/wgt.ch\/fr\/wp-json\/wp\/v2\/types\/page"}],"author":[{"embeddable":true,"href":"https:\/\/wgt.ch\/fr\/wp-json\/wp\/v2\/users\/5"}],"replies":[{"embeddable":true,"href":"https:\/\/wgt.ch\/fr\/wp-json\/wp\/v2\/comments?post=21854"}],"version-history":[{"count":109,"href":"https:\/\/wgt.ch\/fr\/wp-json\/wp\/v2\/pages\/21854\/revisions"}],"predecessor-version":[{"id":34164,"href":"https:\/\/wgt.ch\/fr\/wp-json\/wp\/v2\/pages\/21854\/revisions\/34164"}],"wp:attachment":[{"href":"https:\/\/wgt.ch\/fr\/wp-json\/wp\/v2\/media?parent=21854"}],"curies":[{"name":"wp","href":"https:\/\/api.w.org\/{rel}","templated":true}]}}