{"id":22,"date":"2019-07-15T15:29:02","date_gmt":"2019-07-15T13:29:02","guid":{"rendered":"https:\/\/wgt.ch\/?page_id=22"},"modified":"2024-12-10T09:27:28","modified_gmt":"2024-12-10T08:27:28","slug":"kontakt","status":"publish","type":"page","link":"https:\/\/wgt.ch\/fr\/ueber-uns\/kontakt\/","title":{"rendered":"Contact"},"content":{"rendered":"<section class=\"l-section wpb_row height_small\"><div class=\"l-section-h i-cf\"><div class=\"g-cols vc_row via_grid cols_1 laptops-cols_inherit tablets-cols_inherit mobiles-cols_1 valign_top type_default stacking_default\"><div class=\"wpb_column vc_column_container\"><div class=\"vc_column-inner\"><h1 class=\"w-post-elm post_title entry-title color_link_inherit\">Contact<\/h1><\/div><\/div><\/div><\/div><\/section><section class=\"l-section wpb_row height_auto\"><div class=\"l-section-h i-cf\"><div class=\"g-cols vc_row via_grid cols_custom laptops-cols_inherit tablets-cols_inherit mobiles-cols_1 valign_top type_default stacking_default\" style=\"--custom-columns:2fr 1.5fr 2.5fr \"><div class=\"wpb_column vc_column_container\"><div class=\"vc_column-inner\"><div class=\"wpb_text_column\"><div class=\"wpb_wrapper\"><h5>Adresse\u00a0:<\/h5>\n<p>Journ\u00e9e mondiale de pri\u00e8re Suisse<br \/>\nSecr\u00e9tariat<br \/>\nNeum\u00fchlestr. 42<br \/>\nCH-8406 Winterthur<\/p>\n<\/div><\/div><\/div><\/div><div class=\"wpb_column vc_column_container\"><div class=\"vc_column-inner\"><div class=\"wpb_text_column\"><div class=\"wpb_wrapper\"><h5>Romandie\u00a0:<\/h5>\n<p><strong>Ximena B\u00e4chi<br \/>\n<\/strong><a href=\"phone:+41522032172\">+41 52 203 22 08<\/a><br \/>\n<a href=\"mailto:wgtsekretariat@wgt.ch\">jmpsecretariat@wgt.ch<\/a><\/p>\n<\/div><\/div><\/div><\/div><div class=\"wpb_column vc_column_container\"><div class=\"vc_column-inner\"><div class=\"wpb_text_column\"><div class=\"wpb_wrapper\"><h5>Suisse al\u00e9manique et italienne\u00a0:<\/h5>\n<p><strong>Silvia Wehrli<br \/>\n<\/strong><a href=\"phone:+41522032172\">+41 52 203 21 72<\/a><br \/>\n<a href=\"mailto:wgtsekretariat@wgt.ch\">wgtsecretariat@wgt.ch<\/a><\/p>\n<\/div><\/div><\/div><\/div><\/div><\/div><\/section><section class=\"l-section wpb_row height_small\"><div class=\"l-section-h i-cf\"><div class=\"g-cols vc_row via_grid cols_1 laptops-cols_inherit tablets-cols_inherit mobiles-cols_1 valign_top type_default stacking_default\"><div class=\"wpb_column vc_column_container\"><div class=\"vc_column-inner\"><div class=\"w-map provider_google\" id=\"us_map_1\"><div class=\"w-map-inner\"><div class=\"w-map-json\" onclick='return {&quot;address&quot;:&quot;Neum\\u00fchlestr. 42 8406 Winterthur&quot;,&quot;disableDragging&quot;:0,&quot;disableZoom&quot;:0,&quot;hideControls&quot;:0,&quot;zoom&quot;:14,&quot;markers&quot;:[{&quot;address&quot;:&quot;Neum\\u00fchlestr. 42 8406 Winterthur&quot;,&quot;html&quot;:&quot;&quot;,&quot;infowindow&quot;:0}],&quot;maptype&quot;:&quot;ROADMAP&quot;}'><\/div><\/div><\/div><\/div><\/div><\/div><\/div><\/section>\n","protected":false},"excerpt":{"rendered":"{:de}Contact Adresse: Weltgebetstag Schweiz Sekretariat Neum\u00fchlestr. 42 CH-8406 Winterthur Deutsche und italienische Schweiz: Silvia Wehrli +41 52 203 21 72 wgtsekretariat@wgt.ch Romandie: Ximena B\u00e4chi +41 52 203 22 08 jmpsecretariat@wgt.ch {:}{:fr}Contact Adresse\u00a0: Journ\u00e9e mondiale de pri\u00e8re Suisse Secr\u00e9tariat Neum\u00fchlestr. 42 CH-8406 Winterthur Romandie\u00a0: Ximena B\u00e4chi +41 52 203 22 08 jmpsecretariat@wgt.ch Suisse al\u00e9manique et italienne\u00a0:...","protected":false},"author":1,"featured_media":0,"parent":265,"menu_order":98,"comment_status":"closed","ping_status":"closed","template":"","meta":{"_acf_changed":false,"footnotes":""},"class_list":["post-22","page","type-page","status-publish","hentry"],"translation":{"provider":"WPGlobus","version":"3.0.2","language":"fr","enabled_languages":["de","fr","it"],"languages":{"de":{"title":true,"content":true,"excerpt":false},"fr":{"title":true,"content":true,"excerpt":false},"it":{"title":true,"content":true,"excerpt":false}}},"acf":[],"_links":{"self":[{"href":"https:\/\/wgt.ch\/fr\/wp-json\/wp\/v2\/pages\/22","targetHints":{"allow":["GET"]}}],"collection":[{"href":"https:\/\/wgt.ch\/fr\/wp-json\/wp\/v2\/pages"}],"about":[{"href":"https:\/\/wgt.ch\/fr\/wp-json\/wp\/v2\/types\/page"}],"author":[{"embeddable":true,"href":"https:\/\/wgt.ch\/fr\/wp-json\/wp\/v2\/users\/1"}],"replies":[{"embeddable":true,"href":"https:\/\/wgt.ch\/fr\/wp-json\/wp\/v2\/comments?post=22"}],"version-history":[{"count":52,"href":"https:\/\/wgt.ch\/fr\/wp-json\/wp\/v2\/pages\/22\/revisions"}],"predecessor-version":[{"id":34199,"href":"https:\/\/wgt.ch\/fr\/wp-json\/wp\/v2\/pages\/22\/revisions\/34199"}],"up":[{"embeddable":true,"href":"https:\/\/wgt.ch\/fr\/wp-json\/wp\/v2\/pages\/265"}],"wp:attachment":[{"href":"https:\/\/wgt.ch\/fr\/wp-json\/wp\/v2\/media?parent=22"}],"curies":[{"name":"wp","href":"https:\/\/api.w.org\/{rel}","templated":true}]}}