{"id":22823,"date":"2024-07-03T12:09:31","date_gmt":"2024-07-03T10:09:31","guid":{"rendered":"https:\/\/wgt.ch\/?page_id=22823"},"modified":"2024-07-03T12:12:38","modified_gmt":"2024-07-03T10:12:38","slug":"mehrjaehrige-projekte-weltweit-2023","status":"publish","type":"page","link":"https:\/\/wgt.ch\/fr\/projekte\/mehrjaehrige-projekte-weltweit-2023\/","title":{"rendered":"Projets sur plusieurs ann\u00e9es"},"content":{"rendered":"<section class=\"l-section wpb_row height_small\"><div class=\"l-section-h i-cf\"><div class=\"g-cols vc_row via_grid cols_1 laptops-cols_inherit tablets-cols_inherit mobiles-cols_1 valign_top type_default stacking_default\"><div class=\"wpb_column vc_column_container\"><div class=\"vc_column-inner\"><h2 class=\"w-post-elm post_title entry-title color_link_inherit\">Projets sur plusieurs ann\u00e9es<\/h2><\/div><\/div><\/div><\/div><\/section><section class=\"l-section wpb_row height_auto\"><div class=\"l-section-h i-cf\"><div class=\"g-cols vc_row via_grid cols_1 laptops-cols_inherit tablets-cols_inherit mobiles-cols_1 valign_top type_default stacking_default\"><div class=\"wpb_column vc_column_container\"><div class=\"vc_column-inner\"><div class=\"wpb_text_column\"><div class=\"wpb_wrapper\"><p>Avec la grande partie des collectes de la JMP en Suisse, nous soutenons pendant plusieurs ann\u00e9es des projets d&#8217;entraide avec des femmes proches et lointaines, en collaboration avec les associations de femmes de nos \u00e9glises. De ce fait, nous pr\u00e9sentons un projet au Guatemala, au Soudan du Sud, au Chili et au N\u00e9pal.<\/p>\n<\/div><\/div><div class=\"w-separator size_small\"><\/div><\/div><\/div><\/div><\/div><\/section><section class=\"l-section wpb_row height_auto\"><div class=\"l-section-h i-cf\"><div class=\"g-cols vc_row via_grid cols_1 laptops-cols_inherit tablets-cols_inherit mobiles-cols_1 valign_top type_default stacking_default\"><div class=\"wpb_column vc_column_container\"><div class=\"vc_column-inner\"><div class=\"wpb_text_column\"><div class=\"wpb_wrapper\"><h4>T\u00e9l\u00e9chargements en PDF :<\/h4>\n<\/div><\/div><div class=\"w-separator size_small\"><\/div><\/div><\/div><\/div><\/div><\/section><section class=\"l-section wpb_row height_auto\"><div class=\"l-section-h i-cf\"><div class=\"g-cols vc_row via_grid cols_1 laptops-cols_inherit tablets-cols_inherit mobiles-cols_1 valign_top type_default stacking_default\"><div class=\"wpb_column vc_column_container\"><div class=\"vc_column-inner\"><div class=\"g-cols wpb_row via_grid cols_2 laptops-cols_inherit tablets-cols_inherit mobiles-cols_1 valign_top type_default stacking_default\" style=\"--columns-gap:3rem;\"><div class=\"wpb_column vc_column_container\"><div class=\"vc_column-inner\"><div class=\"wpb_text_column\"><div class=\"wpb_wrapper\"><h6><a href=\"https:\/\/wgt.ch\/wp-content\/uploads\/2021\/09\/EWNI-08-Guatemala-Acoguate-FR.pdf\" target=\"_blank\" rel=\"noopener\"><strong>Soutien des d\u00e9fenseuses autochtones des droits humains <\/strong><\/a><strong><a href=\"https:\/\/wgt.ch\/wp-content\/uploads\/2021\/09\/EWNI-08-Guatemala-Acoguate-FR.pdf\" target=\"_blank\" rel=\"noopener\">au Guatemala<\/a><br \/>\n<\/strong><strong>Organisation ACOGUATE <\/strong><\/h6>\n<\/div><\/div><\/div><\/div><div class=\"wpb_column vc_column_container\"><div class=\"vc_column-inner\"><div class=\"w-grid us_grid type_grid layout_gallery_default cols_2 preload_style_spinner\" id=\"us_grid_1\" style=\"--columns:2;--gap:1.5rem;\" data-filterable=\"true\"><style>@media (max-width:600px){#us_grid_1{--columns:1!important}}.layout_gallery_default .w-grid-item-h{}<\/style><div class=\"w-grid-list\">\t<article class=\"w-grid-item size_1x1 post-19393 attachment type-attachment status-inherit hentry\" data-id=\"19393\">\r\n\t\t<div class=\"w-grid-item-h\">\r\n\t\t\t\t\t\t\t<a ref=\"magnificPopupGrid\" href=\"https:\/\/wgt.ch\/wp-content\/uploads\/2022\/02\/EWNI-08-mj-Guatemala-Acoguate-Copyright-PWS.jpg\" class=\"w-grid-item-anchor\" aria-label=\"EWNI 08 mj Guatemala Acoguate Copyright PWS\"><\/a>\r\n\t\t\t\t\t\t<div class=\"w-post-elm post_image usg_post_image_1 stretched\"><img loading=\"lazy\" decoding=\"async\" width=\"970\" height=\"513\" src=\"https:\/\/wgt.ch\/wp-content\/uploads\/2022\/02\/EWNI-08-mj-Guatemala-Acoguate-Copyright-PWS.jpg\" class=\"attachment-large size-large\" alt=\"\" srcset=\"https:\/\/wgt.ch\/wp-content\/uploads\/2022\/02\/EWNI-08-mj-Guatemala-Acoguate-Copyright-PWS.jpg 970w, https:\/\/wgt.ch\/wp-content\/uploads\/2022\/02\/EWNI-08-mj-Guatemala-Acoguate-Copyright-PWS-300x159.jpg 300w\" sizes=\"auto, (max-width: 970px) 100vw, 970px\" \/><\/div>\t\t<\/div>\r\n\t\t\t<\/article>\r\n<\/div>\t<div class=\"w-grid-preloader\">\r\n\t\t<div class=\"g-preloader type_1\">\r\n\t\t\t<div><\/div>\r\n\t\t<\/div>\r\n\t<\/div>\r\n\t\t<div class=\"w-grid-json hidden\" onclick='return {&quot;action&quot;:&quot;us_ajax_grid&quot;,&quot;infinite_scroll&quot;:0,&quot;max_num_pages&quot;:1,&quot;pagination&quot;:&quot;none&quot;,&quot;template_vars&quot;:{&quot;columns&quot;:&quot;2&quot;,&quot;exclude_items&quot;:&quot;none&quot;,&quot;img_size&quot;:&quot;default&quot;,&quot;ignore_items_size&quot;:0,&quot;items_layout&quot;:&quot;gallery_default&quot;,&quot;items_offset&quot;:&quot;1&quot;,&quot;load_animation&quot;:&quot;none&quot;,&quot;overriding_link&quot;:&quot;%7B%22type%22%3A%22popup_image%22%7D&quot;,&quot;post_id&quot;:0,&quot;query_args&quot;:{&quot;post_type&quot;:[&quot;attachment&quot;],&quot;post__in&quot;:[&quot;19393&quot;],&quot;post_status&quot;:&quot;inherit&quot;,&quot;post_mime_type&quot;:&quot;image&quot;,&quot;posts_per_page&quot;:&quot;10&quot;},&quot;orderby_query_args&quot;:{&quot;orderby&quot;:{&quot;post__in&quot;:&quot;ASC&quot;},&quot;order&quot;:&quot;ASC&quot;},&quot;type&quot;:&quot;grid&quot;,&quot;us_grid_post_type&quot;:&quot;attachment&quot;,&quot;us_grid_ajax_index&quot;:1,&quot;us_grid_filter_query_string&quot;:null,&quot;us_grid_index&quot;:1,&quot;page_args&quot;:[]}}'><\/div>\r\n\t<\/div><\/div><\/div><\/div><div class=\"w-separator size_small\"><\/div><\/div><\/div><\/div><\/div><\/section><section class=\"l-section wpb_row height_auto\"><div class=\"l-section-h i-cf\"><div class=\"g-cols vc_row via_grid cols_1 laptops-cols_inherit tablets-cols_inherit mobiles-cols_1 valign_top type_default stacking_default\"><div class=\"wpb_column vc_column_container\"><div class=\"vc_column-inner\"><div class=\"g-cols wpb_row via_grid cols_2 laptops-cols_inherit tablets-cols_inherit mobiles-cols_1 valign_top type_default stacking_default\" style=\"--columns-gap:3rem;\"><div class=\"wpb_column vc_column_container\"><div class=\"vc_column-inner\"><div class=\"wpb_text_column\"><div class=\"wpb_wrapper\"><h6><strong><a href=\"https:\/\/wgt.ch\/wp-content\/uploads\/2021\/09\/EWNI-09-Soudan-du-Sud-Ibba-FR.pdf\" target=\"_blank\" rel=\"noopener\">Formation continue pour les filles victimes de d\u00e9crochage scolaire d\u00fb aux bouleversements de la guerre<\/a><br \/>\n<\/strong><strong>Dioc\u00e8se d&#8217;Ibba au Soudan du Sud<\/strong><\/h6>\n<\/div><\/div><\/div><\/div><div class=\"wpb_column vc_column_container\"><div class=\"vc_column-inner\"><div class=\"w-grid us_grid type_grid layout_gallery_default cols_2 preload_style_spinner\" id=\"us_grid_2\" style=\"--columns:2;--gap:1.5rem;\" data-filterable=\"true\"><style>@media (max-width:600px){#us_grid_2{--columns:1!important}}<\/style><div class=\"w-grid-list\">\t<article class=\"w-grid-item size_1x1 post-19395 attachment type-attachment status-inherit hentry\" data-id=\"19395\">\r\n\t\t<div class=\"w-grid-item-h\">\r\n\t\t\t\t\t\t\t<a ref=\"magnificPopupGrid\" href=\"https:\/\/wgt.ch\/wp-content\/uploads\/2022\/02\/EWNI-09-mj-Suedsudan-Feldarbeit-copyright-Dioezese-Ibba.jpg\" class=\"w-grid-item-anchor\" aria-label=\"EWNI 09 mj S\u00fcdsudan Feldarbeit copyright Di\u00f6zese Ibba\"><\/a>\r\n\t\t\t\t\t\t<div class=\"w-post-elm post_image usg_post_image_1 stretched\"><img loading=\"lazy\" decoding=\"async\" width=\"679\" height=\"509\" src=\"https:\/\/wgt.ch\/wp-content\/uploads\/2022\/02\/EWNI-09-mj-Suedsudan-Feldarbeit-copyright-Dioezese-Ibba.jpg\" class=\"attachment-large size-large\" alt=\"\" srcset=\"https:\/\/wgt.ch\/wp-content\/uploads\/2022\/02\/EWNI-09-mj-Suedsudan-Feldarbeit-copyright-Dioezese-Ibba.jpg 679w, https:\/\/wgt.ch\/wp-content\/uploads\/2022\/02\/EWNI-09-mj-Suedsudan-Feldarbeit-copyright-Dioezese-Ibba-300x225.jpg 300w\" sizes=\"auto, (max-width: 679px) 100vw, 679px\" \/><\/div>\t\t<\/div>\r\n\t\t\t<\/article>\r\n\t<article class=\"w-grid-item size_1x1 post-19394 attachment type-attachment status-inherit hentry\" data-id=\"19394\">\r\n\t\t<div class=\"w-grid-item-h\">\r\n\t\t\t\t\t\t\t<a ref=\"magnificPopupGrid\" href=\"https:\/\/wgt.ch\/wp-content\/uploads\/2022\/02\/EWNI-09-mj-Suedsudan-copyright-Diozese-Ibba.jpg\" class=\"w-grid-item-anchor\" aria-label=\"EWNI 09 mj S\u00fcdsudan copyright Diozese Ibba\"><\/a>\r\n\t\t\t\t\t\t<div class=\"w-post-elm post_image usg_post_image_1 stretched\"><img loading=\"lazy\" decoding=\"async\" width=\"1024\" height=\"575\" src=\"https:\/\/wgt.ch\/wp-content\/uploads\/2022\/02\/EWNI-09-mj-Suedsudan-copyright-Diozese-Ibba-1024x575.jpg\" class=\"attachment-large size-large\" alt=\"\" srcset=\"https:\/\/wgt.ch\/wp-content\/uploads\/2022\/02\/EWNI-09-mj-Suedsudan-copyright-Diozese-Ibba-1024x575.jpg 1024w, https:\/\/wgt.ch\/wp-content\/uploads\/2022\/02\/EWNI-09-mj-Suedsudan-copyright-Diozese-Ibba-300x169.jpg 300w, https:\/\/wgt.ch\/wp-content\/uploads\/2022\/02\/EWNI-09-mj-Suedsudan-copyright-Diozese-Ibba.jpg 1280w\" sizes=\"auto, (max-width: 1024px) 100vw, 1024px\" \/><\/div>\t\t<\/div>\r\n\t\t\t<\/article>\r\n<\/div>\t<div class=\"w-grid-preloader\">\r\n\t\t<div class=\"g-preloader type_1\">\r\n\t\t\t<div><\/div>\r\n\t\t<\/div>\r\n\t<\/div>\r\n\t\t<div class=\"w-grid-json hidden\" onclick='return {&quot;action&quot;:&quot;us_ajax_grid&quot;,&quot;infinite_scroll&quot;:0,&quot;max_num_pages&quot;:1,&quot;pagination&quot;:&quot;none&quot;,&quot;template_vars&quot;:{&quot;columns&quot;:&quot;2&quot;,&quot;exclude_items&quot;:&quot;none&quot;,&quot;img_size&quot;:&quot;default&quot;,&quot;ignore_items_size&quot;:0,&quot;items_layout&quot;:&quot;gallery_default&quot;,&quot;items_offset&quot;:&quot;1&quot;,&quot;load_animation&quot;:&quot;none&quot;,&quot;overriding_link&quot;:&quot;%7B%22type%22%3A%22popup_image%22%7D&quot;,&quot;post_id&quot;:0,&quot;query_args&quot;:{&quot;post_type&quot;:[&quot;attachment&quot;],&quot;post__in&quot;:[&quot;19395&quot;,&quot;19394&quot;],&quot;post_status&quot;:&quot;inherit&quot;,&quot;post_mime_type&quot;:&quot;image&quot;,&quot;posts_per_page&quot;:&quot;10&quot;},&quot;orderby_query_args&quot;:{&quot;orderby&quot;:{&quot;post__in&quot;:&quot;ASC&quot;},&quot;order&quot;:&quot;ASC&quot;},&quot;type&quot;:&quot;grid&quot;,&quot;us_grid_post_type&quot;:&quot;attachment&quot;,&quot;us_grid_ajax_index&quot;:2,&quot;us_grid_filter_query_string&quot;:null,&quot;us_grid_index&quot;:2,&quot;page_args&quot;:[]}}'><\/div>\r\n\t<\/div><\/div><\/div><\/div><div class=\"w-separator size_small\"><\/div><\/div><\/div><\/div><\/div><\/section><section class=\"l-section wpb_row height_auto\"><div class=\"l-section-h i-cf\"><div class=\"g-cols vc_row via_grid cols_1 laptops-cols_inherit tablets-cols_inherit mobiles-cols_1 valign_top type_default stacking_default\"><div class=\"wpb_column vc_column_container\"><div class=\"vc_column-inner\"><div class=\"g-cols wpb_row via_grid cols_2 laptops-cols_inherit tablets-cols_inherit mobiles-cols_1 valign_top type_default stacking_default\" style=\"--columns-gap:3rem;\"><div class=\"wpb_column vc_column_container\"><div class=\"vc_column-inner\"><div class=\"wpb_text_column\"><div class=\"wpb_wrapper\"><h6><a href=\"https:\/\/wgt.ch\/wp-content\/uploads\/2021\/09\/EWNI-10-Chile-La-Red-FR.pdf\" target=\"_blank\" rel=\"noopener\"><strong>R\u00e9flexion collective et d\u00e9marche politique pertinente en temps de crise\u00a0<\/strong><\/a><strong><br \/>\n<\/strong><strong>La Red Chilena contra la Violencia Hacia las Mujeres, Chile<\/strong><\/h6>\n<\/div><\/div><\/div><\/div><div class=\"wpb_column vc_column_container\"><div class=\"vc_column-inner\"><div class=\"w-grid us_grid type_grid layout_gallery_default cols_2 preload_style_spinner\" id=\"us_grid_3\" style=\"--columns:2;--gap:1.5rem;\" data-filterable=\"true\"><style>@media (max-width:600px){#us_grid_3{--columns:1!important}}<\/style><div class=\"w-grid-list\">\t<article class=\"w-grid-item size_1x1 post-19400 attachment type-attachment status-inherit hentry\" data-id=\"19400\">\r\n\t\t<div class=\"w-grid-item-h\">\r\n\t\t\t\t\t\t\t<a ref=\"magnificPopupGrid\" href=\"https:\/\/wgt.ch\/wp-content\/uploads\/2022\/02\/EWNI-10-mj-La-Red-Chilena-copyright-La-Red-Chilena.jpg\" class=\"w-grid-item-anchor\" aria-label=\"EWNI 10 mj La Red Chilena copyright La Red Chilena\"><\/a>\r\n\t\t\t\t\t\t<div class=\"w-post-elm post_image usg_post_image_1 stretched\"><img loading=\"lazy\" decoding=\"async\" width=\"974\" height=\"769\" src=\"https:\/\/wgt.ch\/wp-content\/uploads\/2022\/02\/EWNI-10-mj-La-Red-Chilena-copyright-La-Red-Chilena.jpg\" class=\"attachment-large size-large\" alt=\"\" srcset=\"https:\/\/wgt.ch\/wp-content\/uploads\/2022\/02\/EWNI-10-mj-La-Red-Chilena-copyright-La-Red-Chilena.jpg 974w, https:\/\/wgt.ch\/wp-content\/uploads\/2022\/02\/EWNI-10-mj-La-Red-Chilena-copyright-La-Red-Chilena-300x237.jpg 300w\" sizes=\"auto, (max-width: 974px) 100vw, 974px\" \/><\/div>\t\t<\/div>\r\n\t\t\t<\/article>\r\n<\/div>\t<div class=\"w-grid-preloader\">\r\n\t\t<div class=\"g-preloader type_1\">\r\n\t\t\t<div><\/div>\r\n\t\t<\/div>\r\n\t<\/div>\r\n\t\t<div class=\"w-grid-json hidden\" onclick='return {&quot;action&quot;:&quot;us_ajax_grid&quot;,&quot;infinite_scroll&quot;:0,&quot;max_num_pages&quot;:1,&quot;pagination&quot;:&quot;none&quot;,&quot;template_vars&quot;:{&quot;columns&quot;:&quot;2&quot;,&quot;exclude_items&quot;:&quot;none&quot;,&quot;img_size&quot;:&quot;default&quot;,&quot;ignore_items_size&quot;:0,&quot;items_layout&quot;:&quot;gallery_default&quot;,&quot;items_offset&quot;:&quot;1&quot;,&quot;load_animation&quot;:&quot;none&quot;,&quot;overriding_link&quot;:&quot;%7B%22type%22%3A%22popup_image%22%7D&quot;,&quot;post_id&quot;:0,&quot;query_args&quot;:{&quot;post_type&quot;:[&quot;attachment&quot;],&quot;post__in&quot;:[&quot;19400&quot;],&quot;post_status&quot;:&quot;inherit&quot;,&quot;post_mime_type&quot;:&quot;image&quot;,&quot;posts_per_page&quot;:&quot;10&quot;},&quot;orderby_query_args&quot;:{&quot;orderby&quot;:{&quot;post__in&quot;:&quot;ASC&quot;},&quot;order&quot;:&quot;ASC&quot;},&quot;type&quot;:&quot;grid&quot;,&quot;us_grid_post_type&quot;:&quot;attachment&quot;,&quot;us_grid_ajax_index&quot;:3,&quot;us_grid_filter_query_string&quot;:null,&quot;us_grid_index&quot;:3,&quot;page_args&quot;:[]}}'><\/div>\r\n\t<\/div><\/div><\/div><\/div><div class=\"w-separator size_small\"><\/div><\/div><\/div><\/div><\/div><\/section><section class=\"l-section wpb_row height_auto\"><div class=\"l-section-h i-cf\"><div class=\"g-cols vc_row via_grid cols_1 laptops-cols_inherit tablets-cols_inherit mobiles-cols_1 valign_top type_default stacking_default\"><div class=\"wpb_column vc_column_container\"><div class=\"vc_column-inner\"><div class=\"g-cols wpb_row via_grid cols_2 laptops-cols_inherit tablets-cols_inherit mobiles-cols_1 valign_top type_default stacking_default\" style=\"--columns-gap:3rem;\"><div class=\"wpb_column vc_column_container\"><div class=\"vc_column-inner\"><div class=\"wpb_text_column\"><div class=\"wpb_wrapper\"><h6><strong><a href=\"https:\/\/wgt.ch\/wp-content\/uploads\/2021\/09\/EWNI-11-Ne\u0301pal-Femmes-de-paix-FR.pdf\" target=\"_blank\" rel=\"noopener\">Renforcer l&#8217;autonomie des femmes et leur participation \u00e0 la consolidation de la paix<\/a><br \/>\n<\/strong><strong>Femmes de Paix \u00e0 travers le Monde, <\/strong><strong>PeaceWomen Across the Globe (PWAG)<\/strong><\/h6>\n<\/div><\/div><\/div><\/div><div class=\"wpb_column vc_column_container\"><div class=\"vc_column-inner\"><div class=\"w-grid us_grid type_grid layout_gallery_default cols_2 preload_style_spinner\" id=\"us_grid_4\" style=\"--columns:2;--gap:1.5rem;\" data-filterable=\"true\"><style>@media (max-width:600px){#us_grid_4{--columns:1!important}}<\/style><div class=\"w-grid-list\">\t<article class=\"w-grid-item size_1x1 post-19396 attachment type-attachment status-inherit hentry\" data-id=\"19396\">\r\n\t\t<div class=\"w-grid-item-h\">\r\n\t\t\t\t\t\t\t<a ref=\"magnificPopupGrid\" href=\"https:\/\/wgt.ch\/wp-content\/uploads\/2022\/02\/EWNI-11-mj-Friedensfrauen-Nepal-copyright-Friedenstisch-Region-Suedasien.jpg\" class=\"w-grid-item-anchor\" aria-label=\"EWNI 11 mj Friedensfrauen Nepal copyright Friedenstisch Region S\u00fcdasien\"><\/a>\r\n\t\t\t\t\t\t<div class=\"w-post-elm post_image usg_post_image_1 stretched\"><img loading=\"lazy\" decoding=\"async\" width=\"550\" height=\"433\" src=\"https:\/\/wgt.ch\/wp-content\/uploads\/2022\/02\/EWNI-11-mj-Friedensfrauen-Nepal-copyright-Friedenstisch-Region-Suedasien.jpg\" class=\"attachment-large size-large\" alt=\"\" srcset=\"https:\/\/wgt.ch\/wp-content\/uploads\/2022\/02\/EWNI-11-mj-Friedensfrauen-Nepal-copyright-Friedenstisch-Region-Suedasien.jpg 550w, https:\/\/wgt.ch\/wp-content\/uploads\/2022\/02\/EWNI-11-mj-Friedensfrauen-Nepal-copyright-Friedenstisch-Region-Suedasien-300x236.jpg 300w\" sizes=\"auto, (max-width: 550px) 100vw, 550px\" \/><\/div>\t\t<\/div>\r\n\t\t\t<\/article>\r\n<\/div>\t<div class=\"w-grid-preloader\">\r\n\t\t<div class=\"g-preloader type_1\">\r\n\t\t\t<div><\/div>\r\n\t\t<\/div>\r\n\t<\/div>\r\n\t\t<div class=\"w-grid-json hidden\" onclick='return {&quot;action&quot;:&quot;us_ajax_grid&quot;,&quot;infinite_scroll&quot;:0,&quot;max_num_pages&quot;:1,&quot;pagination&quot;:&quot;none&quot;,&quot;template_vars&quot;:{&quot;columns&quot;:&quot;2&quot;,&quot;exclude_items&quot;:&quot;none&quot;,&quot;img_size&quot;:&quot;default&quot;,&quot;ignore_items_size&quot;:0,&quot;items_layout&quot;:&quot;gallery_default&quot;,&quot;items_offset&quot;:&quot;1&quot;,&quot;load_animation&quot;:&quot;none&quot;,&quot;overriding_link&quot;:&quot;%7B%22type%22%3A%22popup_image%22%7D&quot;,&quot;post_id&quot;:0,&quot;query_args&quot;:{&quot;post_type&quot;:[&quot;attachment&quot;],&quot;post__in&quot;:[&quot;19396&quot;],&quot;post_status&quot;:&quot;inherit&quot;,&quot;post_mime_type&quot;:&quot;image&quot;,&quot;posts_per_page&quot;:&quot;10&quot;},&quot;orderby_query_args&quot;:{&quot;orderby&quot;:{&quot;post__in&quot;:&quot;ASC&quot;},&quot;order&quot;:&quot;ASC&quot;},&quot;type&quot;:&quot;grid&quot;,&quot;us_grid_post_type&quot;:&quot;attachment&quot;,&quot;us_grid_ajax_index&quot;:4,&quot;us_grid_filter_query_string&quot;:null,&quot;us_grid_index&quot;:4,&quot;page_args&quot;:[]}}'><\/div>\r\n\t<\/div><\/div><\/div><\/div><div class=\"w-separator size_small\"><\/div><\/div><\/div><\/div><\/div><\/section><section class=\"l-section wpb_row height_auto\"><div class=\"l-section-h i-cf\"><div class=\"g-cols vc_row via_grid cols_1 laptops-cols_inherit tablets-cols_inherit mobiles-cols_1 valign_top type_default stacking_default\"><div class=\"wpb_column vc_column_container\"><div class=\"vc_column-inner\"><div class=\"wpb_text_column\"><div class=\"wpb_wrapper\"><h3><a href=\"https:\/\/wgt.ch\/fr\/projekte\/projekte-2022-ewni\/\">Projets 2022 Angleterre, Pays de Galles et Irlande du Nord<\/a><\/h3>\n<\/div><\/div><div class=\"w-separator size_small\"><\/div><div class=\"wpb_text_column\"><div class=\"wpb_wrapper\"><h3><a href=\"https:\/\/wgt.ch\/fr\/projekte\/\">Projets<\/a><\/h3>\n<\/div><\/div><div class=\"w-separator size_small\"><\/div><\/div><\/div><\/div><\/div><\/section>\n","protected":false},"excerpt":{"rendered":"","protected":false},"author":5,"featured_media":0,"parent":14763,"menu_order":35,"comment_status":"closed","ping_status":"closed","template":"","meta":{"_acf_changed":false,"footnotes":""},"class_list":["post-22823","page","type-page","status-publish","hentry"],"translation":{"provider":"WPGlobus","version":"3.0.2","language":"fr","enabled_languages":["de","fr","it"],"languages":{"de":{"title":true,"content":true,"excerpt":false},"fr":{"title":true,"content":true,"excerpt":false},"it":{"title":true,"content":true,"excerpt":false}}},"acf":[],"_links":{"self":[{"href":"https:\/\/wgt.ch\/fr\/wp-json\/wp\/v2\/pages\/22823","targetHints":{"allow":["GET"]}}],"collection":[{"href":"https:\/\/wgt.ch\/fr\/wp-json\/wp\/v2\/pages"}],"about":[{"href":"https:\/\/wgt.ch\/fr\/wp-json\/wp\/v2\/types\/page"}],"author":[{"embeddable":true,"href":"https:\/\/wgt.ch\/fr\/wp-json\/wp\/v2\/users\/5"}],"replies":[{"embeddable":true,"href":"https:\/\/wgt.ch\/fr\/wp-json\/wp\/v2\/comments?post=22823"}],"version-history":[{"count":12,"href":"https:\/\/wgt.ch\/fr\/wp-json\/wp\/v2\/pages\/22823\/revisions"}],"predecessor-version":[{"id":34171,"href":"https:\/\/wgt.ch\/fr\/wp-json\/wp\/v2\/pages\/22823\/revisions\/34171"}],"up":[{"embeddable":true,"href":"https:\/\/wgt.ch\/fr\/wp-json\/wp\/v2\/pages\/14763"}],"wp:attachment":[{"href":"https:\/\/wgt.ch\/fr\/wp-json\/wp\/v2\/media?parent=22823"}],"curies":[{"name":"wp","href":"https:\/\/api.w.org\/{rel}","templated":true}]}}