{"id":24,"date":"2019-07-15T15:29:14","date_gmt":"2019-07-15T13:29:14","guid":{"rendered":"https:\/\/wgt.ch\/?page_id=24"},"modified":"2026-01-20T19:21:49","modified_gmt":"2026-01-20T18:21:49","slug":"links","status":"publish","type":"page","link":"https:\/\/wgt.ch\/fr\/ueber-uns\/links\/","title":{"rendered":"Liens"},"content":{"rendered":"<section class=\"l-section wpb_row height_small\"><div class=\"l-section-h i-cf\"><div class=\"g-cols vc_row via_grid cols_1 laptops-cols_inherit tablets-cols_inherit mobiles-cols_1 valign_top type_default stacking_default\"><div class=\"wpb_column vc_column_container\"><div class=\"vc_column-inner\"><h1 class=\"w-post-elm post_title align_center entry-title color_link_inherit\">Liens<\/h1><div class=\"w-tabs style_default switch_click accordion has_scrolling\" style=\"--sections-title-size:inherit\"><div class=\"w-tabs-sections titles-align_none icon_chevron cpos_right\"><div class=\"w-tabs-section\" id=\"i999\"><button class=\"w-tabs-section-header\" aria-controls=\"content-i999\" aria-expanded=\"false\"><div class=\"w-tabs-section-title\"><\/p>\n<h3>La Journ\u00e9e de pri\u00e8re en divers pays<\/h3>\n<p><\/div><div class=\"w-tabs-section-control\"><\/div><\/button><div  class=\"w-tabs-section-content\" id=\"content-i999\"><div class=\"w-tabs-section-content-h i-cf\"><div class=\"wpb_text_column\"><div class=\"wpb_wrapper\"><p><a href=\"https:\/\/worlddayofprayer.net\">Secr\u00e9tariat de la journ\u00e9e mondiale de pri\u00e8re international \u00e0 New York: worlddayofprayer.net<\/a><br \/>\n<a class=\"category\" href=\"https:\/\/weltgebetstag.de\/\" target=\"_blank\" rel=\"nofollow noopener noreferrer\">Journ\u00e9e mondiale de pri\u00e8re Allemagne<\/a><br \/>\n<a class=\"category\" href=\"http:\/\/weltgebetstag.at\/\" target=\"_blank\" rel=\"nofollow noopener noreferrer\">Journ\u00e9e mondiale de pri\u00e8re Autriche<\/a><br \/>\n<a href=\"http:\/\/journeemondialedepriere.fr\/\" target=\"_blank\" rel=\"noopener noreferrer\">Journ\u00e9e mondiale de pri\u00e8re France<\/a><br \/>\n<a href=\"https:\/\/www.giornatamondialedipreghiera.it\" target=\"_blank\" rel=\"noopener\">Journ\u00e9e mondiale de pri\u00e8re Italie<\/a><br \/>\n<a href=\"https:\/\/www.worlddayofprayeraustralia.org\/\" target=\"_blank\" rel=\"noopener noreferrer\">Journ\u00e9e mondiale de pri\u00e8re Australie<\/a><br \/>\n<a class=\"category\" href=\"https:\/\/www.wereldgebedsdag.nl\/\" target=\"_blank\" rel=\"nofollow noopener noreferrer\">Journ\u00e9e mondiale de pri\u00e8re Pays-Bas<\/a><br \/>\n<a class=\"category\" href=\"http:\/\/www.wdpscotland.org.uk\/\" target=\"_blank\" rel=\"nofollow noopener noreferrer\">Journ\u00e9e mondiale de l&#8217;\u00c9cosse<\/a><br \/>\n<a class=\"category\" href=\"https:\/\/norgeskristnerad.no\/\" target=\"_blank\" rel=\"nofollow noopener noreferrer\">Journ\u00e9e mondiale de pri\u00e8re de la Norv\u00e8ge<\/a><br \/>\n<a class=\"category\" href=\"http:\/\/www.worlddayofprayer.co.nz\/\" target=\"_blank\" rel=\"nofollow noopener noreferrer\">Journ\u00e9e mondiale de pri\u00e8re de Nouvelle-Z\u00e9lande<\/a><br \/>\n<a class=\"category\" href=\"https:\/\/www.wwdp.org.uk\/\" target=\"_blank\" rel=\"nofollow noopener noreferrer\">Journ\u00e9e mondiale de pri\u00e8re de l&#8217;Angleterre, Pays de Galles, Irlande du Nord<\/a><\/p>\n<\/div><\/div><\/div><\/div><\/div><div class=\"w-tabs-section\" id=\"wb27\"><button class=\"w-tabs-section-header\" aria-controls=\"content-wb27\" aria-expanded=\"false\"><div class=\"w-tabs-section-title\"><\/p>\n<h3>Organisations eccl\u00e9siales<\/h3>\n<p><\/div><div class=\"w-tabs-section-control\"><\/div><\/button><div  class=\"w-tabs-section-content\" id=\"content-wb27\"><div class=\"w-tabs-section-content-h i-cf\"><div class=\"wpb_text_column\"><div class=\"wpb_wrapper\"><div class=\"list-title\"><a class=\"category\" href=\"https:\/\/www.femmesprotestantes.ch\/fr\" target=\"_blank\" rel=\"nofollow noopener noreferrer\">femmes protestantes<\/a><\/div>\n<div class=\"list-title\"><a class=\"category\" href=\"https:\/\/www.frauenbund.ch\/\" target=\"_blank\" rel=\"nofollow noopener noreferrer\">Schweizerischer Katholischer Frauenbund SKF<\/a><\/div>\n<div class=\"list-title\"><a class=\"category\" href=\"https:\/\/christkatholisch.ch\/vcf\/\" target=\"_blank\" rel=\"nofollow noopener noreferrer\">Verband christkath. Frauen der Schweiz VCF <\/a><\/div>\n<div class=\"list-title\"><a href=\"https:\/\/armeedusalut.ch\/\" target=\"_blank\" rel=\"noopener\">Arm\u00e9e du Salut<\/a><\/div>\n<div class=\"list-title\"><a class=\"category\" href=\"http:\/\/www.efecw.net\/\" target=\"_blank\" rel=\"nofollow noopener noreferrer\">Oekumenisches Forum christlicher Frauen Europas <\/a><\/div>\n<div class=\"list-title\"><a class=\"category\" href=\"http:\/\/www.theologinnen.ch\/\" target=\"_blank\" rel=\"nofollow noopener noreferrer\">Schweizer Theologinnen \/ th\u00e9ologiennes suisses <\/a><\/div>\n<div class=\"list-title\"><a class=\"category\" href=\"https:\/\/www.bibel-in-gerechter-sprache.de\/\" target=\"_blank\" rel=\"nofollow noopener noreferrer\">Bibel in gerechter Sprache<\/a><\/div>\n<div class=\"list-title\"><a class=\"category\" href=\"https:\/\/www.frieda.org\/fr\" target=\"_blank\" rel=\"nofollow noopener noreferrer\">Frieda<\/a><\/div>\n<div class=\"list-title\"><a class=\"category\" href=\"http:\/\/www.emk-frauennetzwerk.ch\/\" target=\"_blank\" rel=\"nofollow noopener noreferrer\">Evangelisch Methodistisches FrauenNETZwerk <\/a><\/div>\n<div><a href=\"https:\/\/www.iras-cotis.ch\/?lang=fr\" target=\"_blank\" rel=\"noopener noreferrer\">IRAS COTIS<\/a><\/div>\n<div class=\"list-title\"><a class=\"category\" href=\"https:\/\/www.comundo.org\/fr\" target=\"_blank\" rel=\"nofollow noopener noreferrer\">Comundo<\/a><\/div>\n<div class=\"list-title\"><a class=\"category\" href=\"http:\/\/www.recg.ch\/accueil.html\" target=\"_blank\" rel=\"nofollow noopener noreferrer\">Rassemblement des Eglises et Communaut\u00e9s Chr\u00e9tiennes de Gen\u00e8ve\u00a0<\/a><\/div>\n<\/div><\/div><\/div><\/div><\/div><\/div><\/div><\/div><\/div><\/div><\/div><\/section>\n","protected":false},"excerpt":{"rendered":"{:de}Liens Weltgebetstag in anderen L\u00e4ndern Sekretariat New York:\u00a0\u00a0 worlddayofprayer.net Deutschland:\u00a0\u00a0 weltgebetstag.de \u00d6sterreich:\u00a0\u00a0 weltgebetstag.at Frankreich:\u00a0\u00a0 journeemondialedepriere.fr Italien:\u00a0 \u00a0giornatamondialedipreghiera.it Australien:\u00a0\u00a0 worlddayofprayeraustralia.org England, Wales und Nord Irland:\u00a0\u00a0 wwdp.org.uk Neuseeland:\u00a0\u00a0 worlddayofprayer.co.nz Niederlande:\u00a0\u00a0 wereldgebedsdag.nl Norwegen:\u00a0\u00a0 norgeskristnerad.no Schottland:\u00a0\u00a0 wdpscotland.org.uk Taiwan (auf Mandarin):\u00a0 women.pct.org.tw Kirchliche Organisationen femmes protestantes Schweizerischer Katholischer Frauenbund SKF Verband christkath. Frauen der Schweiz VCF Heilsarmee Schweiz Frauen-Synode Schweiz...","protected":false},"author":1,"featured_media":0,"parent":265,"menu_order":97,"comment_status":"closed","ping_status":"closed","template":"","meta":{"_acf_changed":false,"footnotes":""},"class_list":["post-24","page","type-page","status-publish","hentry"],"translation":{"provider":"WPGlobus","version":"3.0.2","language":"fr","enabled_languages":["de","fr","it"],"languages":{"de":{"title":true,"content":true,"excerpt":false},"fr":{"title":true,"content":true,"excerpt":false},"it":{"title":true,"content":true,"excerpt":false}}},"acf":[],"_links":{"self":[{"href":"https:\/\/wgt.ch\/fr\/wp-json\/wp\/v2\/pages\/24","targetHints":{"allow":["GET"]}}],"collection":[{"href":"https:\/\/wgt.ch\/fr\/wp-json\/wp\/v2\/pages"}],"about":[{"href":"https:\/\/wgt.ch\/fr\/wp-json\/wp\/v2\/types\/page"}],"author":[{"embeddable":true,"href":"https:\/\/wgt.ch\/fr\/wp-json\/wp\/v2\/users\/1"}],"replies":[{"embeddable":true,"href":"https:\/\/wgt.ch\/fr\/wp-json\/wp\/v2\/comments?post=24"}],"version-history":[{"count":79,"href":"https:\/\/wgt.ch\/fr\/wp-json\/wp\/v2\/pages\/24\/revisions"}],"predecessor-version":[{"id":43880,"href":"https:\/\/wgt.ch\/fr\/wp-json\/wp\/v2\/pages\/24\/revisions\/43880"}],"up":[{"embeddable":true,"href":"https:\/\/wgt.ch\/fr\/wp-json\/wp\/v2\/pages\/265"}],"wp:attachment":[{"href":"https:\/\/wgt.ch\/fr\/wp-json\/wp\/v2\/media?parent=24"}],"curies":[{"name":"wp","href":"https:\/\/api.w.org\/{rel}","templated":true}]}}