{"id":26,"date":"2019-07-15T15:29:34","date_gmt":"2019-07-15T13:29:34","guid":{"rendered":"https:\/\/wgt.ch\/?page_id=26"},"modified":"2026-03-18T16:15:32","modified_gmt":"2026-03-18T15:15:32","slug":"termine","status":"publish","type":"page","link":"https:\/\/wgt.ch\/fr\/ueber-uns\/termine\/","title":{"rendered":"Vorbereitungstagungen"},"content":{"rendered":"<section class=\"l-section wpb_row height_small\"><div class=\"l-section-h i-cf\"><div class=\"g-cols vc_row via_grid cols_1 laptops-cols_inherit tablets-cols_inherit mobiles-cols_1 valign_top type_default stacking_default\"><div class=\"wpb_column vc_column_container\"><div class=\"vc_column-inner\"><div class=\"wpb_text_column\"><div class=\"wpb_wrapper\"><h2 style=\"text-align: center;\">Dates des \u00e9v\u00e9nements et des r\u00e9unions de pr\u00e9paration<br \/>\npour la Journ\u00e9e mondiale de pri\u00e8re du 5 mars 2027<\/h2>\n<\/div><\/div><div class=\"wpb_text_column\"><div class=\"wpb_wrapper\"><h4 style=\"text-align: center;\"><em>Les dates sont r\u00e9guli\u00e8rement actualis\u00e9es.<\/em><\/h4>\n<\/div><\/div><div class=\"w-btn-wrapper align_center\"><a class=\"w-btn us-btn-style_2\" title=\"Formulaire-dates-des-rencontes-fr.docx\" target=\" _blank\" rel=\"nofollow\" href=\"https:\/\/wgt.ch\/wp-content\/uploads\/2023\/10\/Formulaire-dates-des-rencontes-fr.docx\"><span class=\"w-btn-label\">Formulaire dates des rencontes.docx<\/span><\/a><\/div><div class=\"w-btn-wrapper align_center\"><a class=\"w-btn us-btn-style_2\" title=\"Formulaire-dates-des-rencontes-fr.pdf\" target=\" _blank\" rel=\"nofollow\" href=\"https:\/\/wgt.ch\/wp-content\/uploads\/2023\/10\/Formulaire-dates-des-rencontes-fr.pdf\"><span class=\"w-btn-label\">Formulaire dates des rencontes.PDF<\/span><\/a><\/div><\/div><\/div><\/div><\/div><\/section><section class=\"l-section wpb_row height_auto\"><div class=\"l-section-h i-cf\"><div class=\"g-cols vc_row via_grid cols_1 laptops-cols_inherit tablets-cols_inherit mobiles-cols_1 valign_top type_default stacking_default\"><div class=\"wpb_column vc_column_container\"><div class=\"vc_column-inner\"><div class=\"w-grid us_grid type_grid layout_322 cols_1 preload_style_spinner\" id=\"us_grid_1\" style=\"--columns:1;--gap:1.5rem;\" data-filterable=\"true\"><style>.layout_322 .w-grid-item-h{}<\/style><div class=\"w-grid-list\">\t<article class=\"w-grid-item size_1x1 post-32568 termine type-termine status-publish hentry\" data-id=\"32568\">\r\n\t\t<div class=\"w-grid-item-h\">\r\n\t\t\t\t\t\t<div class=\"w-hwrapper usg_hwrapper_1 grid-row vertical space-between align_left valign_top\"><div class=\"w-vwrapper usg_vwrapper_1 margin-b-1 align_left valign_top\"><h2 class=\"w-post-elm post_title usg_post_title_2 entry-title color_link_inherit\"><a href=\"https:\/\/wgt.ch\/fr\/termine\/freitag-1-maerz-weltgebetstag\/\">Freitag, 5. M\u00e4rz 2027 &#8211; 100 Jahre internationaler Weltgebetstag<\/a><\/h2><div class=\"w-post-elm post_custom_field usg_post_custom_field_1 type_text calendar_entry_coordinates color_link_inherit\"><p>Informieren Sie sich bei Ihrer Kirchgemeinde.<\/p>\n<p>&nbsp;<\/p>\n<\/div><\/div><div class=\"w-vwrapper usg_vwrapper_2  grid-item-20 all-width-full align_right valign_top\"><div class=\"w-html usg_html_1\">\n\t<a class=\"w-btn us-btn-style_2 usg_btn_1\" href=\"https:\/\/wgt.ch\/fr\/termine\/freitag-1-maerz-weltgebetstag\/\">\n\t\t<span class=\"w-btn-label\">\n\t\t\td\u00e9tails\t\t<\/span>\n\t<\/a>\n\n<\/div><\/div><\/div>\t\t<\/div>\r\n\t\t\t<\/article>\r\n\t<article class=\"w-grid-item size_1x1 post-42072 termine type-termine status-publish hentry\" data-id=\"42072\">\r\n\t\t<div class=\"w-grid-item-h\">\r\n\t\t\t\t\t\t<div class=\"w-hwrapper usg_hwrapper_1 grid-row vertical space-between align_left valign_top\"><div class=\"w-vwrapper usg_vwrapper_1 margin-b-1 align_left valign_top\"><h2 class=\"w-post-elm post_title usg_post_title_2 entry-title color_link_inherit\"><a href=\"https:\/\/wgt.ch\/fr\/termine\/jubilaeumsfeier-100-jahre-internationaler-weltgebetstag-in-zug\/\">Jubil\u00e4umsfeier 100 Jahre internationaler Weltgebetstag in Zug<\/a><\/h2><div class=\"w-post-elm post_custom_field usg_post_custom_field_1 type_text calendar_entry_coordinates color_link_inherit\"><p style=\"text-align: left;\"><span data-olk-copy-source=\"MessageBody\"> Sonntagnachmittag, 7. M\u00e4rz 2027<\/span><\/p>\n<p>6300 Zug<\/p>\n<p>&nbsp;<\/p>\n<\/div><\/div><div class=\"w-vwrapper usg_vwrapper_2  grid-item-20 all-width-full align_right valign_top\"><div class=\"w-html usg_html_1\">\n\t<a class=\"w-btn us-btn-style_2 usg_btn_1\" href=\"https:\/\/wgt.ch\/fr\/termine\/jubilaeumsfeier-100-jahre-internationaler-weltgebetstag-in-zug\/\">\n\t\t<span class=\"w-btn-label\">\n\t\t\td\u00e9tails\t\t<\/span>\n\t<\/a>\n\n<\/div><\/div><\/div>\t\t<\/div>\r\n\t\t\t<\/article>\r\n\t<article class=\"w-grid-item size_1x1 post-32608 termine type-termine status-publish hentry\" data-id=\"32608\">\r\n\t\t<div class=\"w-grid-item-h\">\r\n\t\t\t\t\t\t<div class=\"w-hwrapper usg_hwrapper_1 grid-row vertical space-between align_left valign_top\"><div class=\"w-vwrapper usg_vwrapper_1 margin-b-1 align_left valign_top\"><h2 class=\"w-post-elm post_title usg_post_title_2 entry-title color_link_inherit\"><a href=\"https:\/\/wgt.ch\/fr\/termine\/mitgliederversammlung-verein-wgt-schweiz\/\">Mitgliederversammlung Verein WGT Schweiz<\/a><\/h2><div class=\"w-post-elm post_custom_field usg_post_custom_field_1 type_text calendar_entry_coordinates color_link_inherit\"><p>Mittwoch, 10. Juni 2026, nachmittags<\/p>\n<p>F\u00fcr Einzel- und Kollektivmitglieder in Baden.<\/p>\n<p>16 &#8211; 18 Uhr offenes WGT-Programm<\/p>\n<p>&nbsp;<\/p>\n<\/div><\/div><div class=\"w-vwrapper usg_vwrapper_2  grid-item-20 all-width-full align_right valign_top\"><div class=\"w-html usg_html_1\">\n\t<a class=\"w-btn us-btn-style_2 usg_btn_1\" href=\"https:\/\/wgt.ch\/fr\/termine\/mitgliederversammlung-verein-wgt-schweiz\/\">\n\t\t<span class=\"w-btn-label\">\n\t\t\td\u00e9tails\t\t<\/span>\n\t<\/a>\n\n<\/div><\/div><\/div>\t\t<\/div>\r\n\t\t\t<\/article>\r\n\t<article class=\"w-grid-item size_1x1 post-1117 termine type-termine status-publish hentry\" data-id=\"1117\">\r\n\t\t<div class=\"w-grid-item-h\">\r\n\t\t\t\t\t\t<div class=\"w-hwrapper usg_hwrapper_1 grid-row vertical space-between align_left valign_top\"><div class=\"w-vwrapper usg_vwrapper_1 margin-b-1 align_left valign_top\"><h2 class=\"w-post-elm post_title usg_post_title_2 entry-title color_link_inherit\"><a href=\"https:\/\/wgt.ch\/fr\/termine\/kanton-zuerich-winterthur\/\">Z\u00fcrich \/ Winterthur<\/a><\/h2><div class=\"w-post-elm post_custom_field usg_post_custom_field_1 type_text calendar_entry_coordinates color_link_inherit\"><p>Mittwoch, 11. November 2026, Zeit: 13.30 &#8211; 18.15 Uhr<span> <\/span><\/p>\n<p>Ref. Kirchgemeindehaus Veltheim,<br \/>\nFeldstrasse 6<br \/>\n8406 Winterthur<\/p>\n<p>Anmeldeschluss: 1. November 2026<\/p>\n<\/div><\/div><div class=\"w-vwrapper usg_vwrapper_2  grid-item-20 all-width-full align_right valign_top\"><div class=\"w-html usg_html_1\">\n\t<a class=\"w-btn us-btn-style_2 usg_btn_1\" href=\"https:\/\/wgt.ch\/fr\/termine\/kanton-zuerich-winterthur\/\">\n\t\t<span class=\"w-btn-label\">\n\t\t\td\u00e9tails\t\t<\/span>\n\t<\/a>\n\n<\/div><\/div><\/div>\t\t<\/div>\r\n\t\t\t<\/article>\r\n\t<article class=\"w-grid-item size_1x1 post-343 termine type-termine status-publish hentry\" data-id=\"343\">\r\n\t\t<div class=\"w-grid-item-h\">\r\n\t\t\t\t\t\t<div class=\"w-hwrapper usg_hwrapper_1 grid-row vertical space-between align_left valign_top\"><div class=\"w-vwrapper usg_vwrapper_1 margin-b-1 align_left valign_top\"><h2 class=\"w-post-elm post_title usg_post_title_2 entry-title color_link_inherit\"><a href=\"https:\/\/wgt.ch\/fr\/termine\/vorbereitungstagung-wgt-zuerich-in-zuerich\/\">Z\u00fcrich \/ Z\u00fcrich 1. Tagung<\/a><\/h2><div class=\"w-post-elm post_custom_field usg_post_custom_field_1 type_text calendar_entry_coordinates color_link_inherit\"><p>Montag, 23. November 2026, Zeit: 11.30 bis 16.15 Uhr<\/p>\n<p>Pfarreizentrum Liebfrauen<br \/>\nWeinbergstrasse 36<br \/>\n8001 Z\u00fcrich<\/p>\n<p>Anmeldeschluss: 8. November 2026<\/p>\n<\/div><\/div><div class=\"w-vwrapper usg_vwrapper_2  grid-item-20 all-width-full align_right valign_top\"><div class=\"w-html usg_html_1\">\n\t<a class=\"w-btn us-btn-style_2 usg_btn_1\" href=\"https:\/\/wgt.ch\/fr\/termine\/vorbereitungstagung-wgt-zuerich-in-zuerich\/\">\n\t\t<span class=\"w-btn-label\">\n\t\t\td\u00e9tails\t\t<\/span>\n\t<\/a>\n\n<\/div><\/div><\/div>\t\t<\/div>\r\n\t\t\t<\/article>\r\n\t<article class=\"w-grid-item size_1x1 post-21655 termine type-termine status-publish hentry\" data-id=\"21655\">\r\n\t\t<div class=\"w-grid-item-h\">\r\n\t\t\t\t\t\t<div class=\"w-hwrapper usg_hwrapper_1 grid-row vertical space-between align_left valign_top\"><div class=\"w-vwrapper usg_vwrapper_1 margin-b-1 align_left valign_top\"><h2 class=\"w-post-elm post_title usg_post_title_2 entry-title color_link_inherit\"><a href=\"https:\/\/wgt.ch\/fr\/termine\/zuerich-zuerich-ii\/\">Z\u00fcrich \/ Z\u00fcrich 2. Tagung<\/a><\/h2><div class=\"w-post-elm post_custom_field usg_post_custom_field_1 type_text calendar_entry_coordinates color_link_inherit\"><p>Montag, 23. November 2026, Zeit: 17.00 bis 21.45 Uhr<\/p>\n<p>Pfarreizentrum Liebfrauen<br \/>\nWeinbergstrasse 36<br \/>\n8001 Z\u00fcrich<\/p>\n<p>Anmeldeschluss: 8. November 2026<\/p>\n<\/div><\/div><div class=\"w-vwrapper usg_vwrapper_2  grid-item-20 all-width-full align_right valign_top\"><div class=\"w-html usg_html_1\">\n\t<a class=\"w-btn us-btn-style_2 usg_btn_1\" href=\"https:\/\/wgt.ch\/fr\/termine\/zuerich-zuerich-ii\/\">\n\t\t<span class=\"w-btn-label\">\n\t\t\td\u00e9tails\t\t<\/span>\n\t<\/a>\n\n<\/div><\/div><\/div>\t\t<\/div>\r\n\t\t\t<\/article>\r\n<\/div>\t<div class=\"w-grid-preloader\">\r\n\t\t<div class=\"g-preloader type_1\">\r\n\t\t\t<div><\/div>\r\n\t\t<\/div>\r\n\t<\/div>\r\n\t\t<div class=\"w-grid-json hidden\" onclick='return {&quot;action&quot;:&quot;us_ajax_grid&quot;,&quot;infinite_scroll&quot;:0,&quot;max_num_pages&quot;:1,&quot;pagination&quot;:&quot;none&quot;,&quot;template_vars&quot;:{&quot;columns&quot;:&quot;1&quot;,&quot;exclude_items&quot;:&quot;none&quot;,&quot;img_size&quot;:&quot;default&quot;,&quot;ignore_items_size&quot;:0,&quot;items_layout&quot;:&quot;322&quot;,&quot;items_offset&quot;:&quot;1&quot;,&quot;load_animation&quot;:&quot;none&quot;,&quot;overriding_link&quot;:&quot;{\\&quot;url\\&quot;:\\&quot;\\&quot;}&quot;,&quot;post_id&quot;:0,&quot;query_args&quot;:{&quot;post_type&quot;:[&quot;termine&quot;],&quot;post_status&quot;:[&quot;publish&quot;,&quot;acf-disabled&quot;],&quot;posts_per_page&quot;:999},&quot;orderby_query_args&quot;:{&quot;orderby&quot;:{&quot;menu_order&quot;:&quot;ASC&quot;},&quot;order&quot;:&quot;ASC&quot;},&quot;type&quot;:&quot;grid&quot;,&quot;us_grid_post_type&quot;:&quot;termine&quot;,&quot;us_grid_ajax_index&quot;:1,&quot;us_grid_filter_query_string&quot;:null,&quot;us_grid_index&quot;:1,&quot;page_args&quot;:[]}}'><\/div>\r\n\t<\/div><\/div><\/div><\/div><\/div><\/section>\n","protected":false},"excerpt":{"rendered":"Wann und Wo Montag, 23. November 2026, Zeit: 17.00 bis 21.45 Uhr Pfarreizentrum Liebfrauen Weinbergstrasse 36 8001 Z\u00fcrich Anmeldeschluss: 8. November 2026 Kontakt Pfarreizentrum Liebfrauen, Weinbergstrasse 36, 8006 Z\u00fcrich Zu Fuss in ca. 10 min. vom Hauptbahnhof erreichbar. Tram 6, 7 oder 10: zwei Stationen bis \u00abHaldenegg\u00bb Heidi Gubler Saatlenstrasse 262 8050 Z\u00fcrich 043 548...","protected":false},"author":1,"featured_media":0,"parent":265,"menu_order":96,"comment_status":"closed","ping_status":"closed","template":"","meta":{"_acf_changed":false,"footnotes":""},"class_list":["post-26","page","type-page","status-publish","hentry"],"translation":{"provider":"WPGlobus","version":"3.0.2","language":"fr","enabled_languages":["de","fr","it"],"languages":{"de":{"title":true,"content":true,"excerpt":false},"fr":{"title":false,"content":true,"excerpt":false},"it":{"title":true,"content":true,"excerpt":false}}},"acf":[],"_links":{"self":[{"href":"https:\/\/wgt.ch\/fr\/wp-json\/wp\/v2\/pages\/26","targetHints":{"allow":["GET"]}}],"collection":[{"href":"https:\/\/wgt.ch\/fr\/wp-json\/wp\/v2\/pages"}],"about":[{"href":"https:\/\/wgt.ch\/fr\/wp-json\/wp\/v2\/types\/page"}],"author":[{"embeddable":true,"href":"https:\/\/wgt.ch\/fr\/wp-json\/wp\/v2\/users\/1"}],"replies":[{"embeddable":true,"href":"https:\/\/wgt.ch\/fr\/wp-json\/wp\/v2\/comments?post=26"}],"version-history":[{"count":73,"href":"https:\/\/wgt.ch\/fr\/wp-json\/wp\/v2\/pages\/26\/revisions"}],"predecessor-version":[{"id":45557,"href":"https:\/\/wgt.ch\/fr\/wp-json\/wp\/v2\/pages\/26\/revisions\/45557"}],"up":[{"embeddable":true,"href":"https:\/\/wgt.ch\/fr\/wp-json\/wp\/v2\/pages\/265"}],"wp:attachment":[{"href":"https:\/\/wgt.ch\/fr\/wp-json\/wp\/v2\/media?parent=26"}],"curies":[{"name":"wp","href":"https:\/\/api.w.org\/{rel}","templated":true}]}}