{"id":27468,"date":"2023-06-26T22:32:57","date_gmt":"2023-06-26T20:32:57","guid":{"rendered":"https:\/\/wgt.ch\/?page_id=27468"},"modified":"2024-07-03T10:15:03","modified_gmt":"2024-07-03T08:15:03","slug":"fenster-zu-palaestina-s","status":"publish","type":"page","link":"https:\/\/wgt.ch\/fr\/fenster-zu-palaestina-s\/","title":{"rendered":"Fen\u00eatre sur la Palestine"},"content":{"rendered":"<section class=\"l-section wpb_row height_small\"><div class=\"l-section-h i-cf\"><div class=\"g-cols vc_row via_grid cols_1 laptops-cols_inherit tablets-cols_inherit mobiles-cols_1 valign_top type_default stacking_default\"><div class=\"wpb_column vc_column_container\"><div class=\"vc_column-inner\"><h2 class=\"w-post-elm post_title entry-title color_link_inherit\">Fen\u00eatre sur la Palestine<\/h2><\/div><\/div><\/div><\/div><\/section><section class=\"l-section wpb_row height_small\"><div class=\"l-section-h i-cf\"><div class=\"g-cols vc_row via_grid cols_1 laptops-cols_inherit tablets-cols_inherit mobiles-cols_1 valign_top type_default stacking_default\"><div class=\"wpb_column vc_column_container\"><div class=\"vc_column-inner\"><div class=\"wpb_text_column\"><div class=\"wpb_wrapper\"><p>Nous vous souhaitons la bienvenue \u00e0 la pr\u00e9paration de la liturgie et au peuple de Palestine. Merci \u2013 Shukran \u2013 de vous y pr\u00e9parer et de cr\u00e9er ainsi un bon terrain pour la c\u00e9l\u00e9bration de la Journ\u00e9e mondiale de pri\u00e8re du 1er mars 2024.<\/p>\n<p>Salaam \u2013 que la paix soit avec nous.<\/p>\n<\/div><\/div><\/div><\/div><\/div><\/div><\/section><section class=\"l-section wpb_row height_small\"><div class=\"l-section-h i-cf\"><div class=\"g-cols vc_row via_grid cols_1 laptops-cols_inherit tablets-cols_inherit mobiles-cols_1 valign_top type_default stacking_default\"><div class=\"wpb_column vc_column_container\"><div class=\"vc_column-inner\"><div class=\"g-cols wpb_row us_custom_2843cfa0 via_grid cols_3 laptops-cols_inherit tablets-cols_inherit mobiles-cols_1 valign_top type_default stacking_default\" style=\"--columns-gap:3rem;\"><div class=\"wpb_column vc_column_container\"><div class=\"vc_column-inner\"><div class=\"w-image align_none\"><a title=\"Image de couverture 2024 Palestine\" href=\"https:\/\/wgt.ch\/fr\/fenster-zu-palaestina-s\/titelbild-2024-palaestina\/\" aria-label=\"Fenetre Image de couverture 2024 Palestine\" class=\"w-image-h\"><img decoding=\"async\" width=\"1024\" height=\"1024\" src=\"https:\/\/wgt.ch\/wp-content\/uploads\/2023\/07\/Fenetre-Image-de-couverture-2024-Palestine-1024x1024.jpg\" class=\"attachment-large size-large\" alt=\"\" loading=\"lazy\" srcset=\"https:\/\/wgt.ch\/wp-content\/uploads\/2023\/07\/Fenetre-Image-de-couverture-2024-Palestine-1024x1024.jpg 1024w, https:\/\/wgt.ch\/wp-content\/uploads\/2023\/07\/Fenetre-Image-de-couverture-2024-Palestine-300x300.jpg 300w, https:\/\/wgt.ch\/wp-content\/uploads\/2023\/07\/Fenetre-Image-de-couverture-2024-Palestine-150x150.jpg 150w, https:\/\/wgt.ch\/wp-content\/uploads\/2023\/07\/Fenetre-Image-de-couverture-2024-Palestine-1536x1536.jpg 1536w, https:\/\/wgt.ch\/wp-content\/uploads\/2023\/07\/Fenetre-Image-de-couverture-2024-Palestine.jpg 2000w\" sizes=\"auto, (max-width: 1024px) 100vw, 1024px\" \/><\/a><\/div><\/div><\/div><div class=\"wpb_column vc_column_container\"><div class=\"vc_column-inner\"><div class=\"w-image align_none\"><a title=\"Peace Ribbon - Faire partie du lien de paix \" href=\"https:\/\/wgt.ch\/fr\/fenster-zu-palaestina-s\/peace-ribbon\/\" aria-label=\"Fenster Peace Ribbon gold\" class=\"w-image-h\"><img decoding=\"async\" width=\"1024\" height=\"1024\" src=\"https:\/\/wgt.ch\/wp-content\/uploads\/2023\/06\/Fenster-Peace-Ribbon-gold-1024x1024.jpg\" class=\"attachment-large size-large\" alt=\"\" loading=\"lazy\" srcset=\"https:\/\/wgt.ch\/wp-content\/uploads\/2023\/06\/Fenster-Peace-Ribbon-gold-1024x1024.jpg 1024w, https:\/\/wgt.ch\/wp-content\/uploads\/2023\/06\/Fenster-Peace-Ribbon-gold-300x300.jpg 300w, https:\/\/wgt.ch\/wp-content\/uploads\/2023\/06\/Fenster-Peace-Ribbon-gold-150x150.jpg 150w, https:\/\/wgt.ch\/wp-content\/uploads\/2023\/06\/Fenster-Peace-Ribbon-gold-1536x1536.jpg 1536w, https:\/\/wgt.ch\/wp-content\/uploads\/2023\/06\/Fenster-Peace-Ribbon-gold.jpg 2001w\" sizes=\"auto, (max-width: 1024px) 100vw, 1024px\" \/><\/a><\/div><\/div><\/div><div class=\"wpb_column vc_column_container\"><div class=\"vc_column-inner\"><div class=\"w-image align_none\"><a title=\"Un message de bienvenue dans la pure tradition \" href=\"https:\/\/wgt.ch\/fr\/fenster-zu-palaestina-s\/ein-traditioneller-willkommensgruss\/\" aria-label=\"Un message de bienvenue dans la pure tradition\" class=\"w-image-h\"><img decoding=\"async\" width=\"1024\" height=\"1024\" src=\"https:\/\/wgt.ch\/wp-content\/uploads\/2023\/07\/Un-message-de-bienvenue-dans-la-pure-tradition-1024x1024.jpg\" class=\"attachment-large size-large\" alt=\"\" loading=\"lazy\" srcset=\"https:\/\/wgt.ch\/wp-content\/uploads\/2023\/07\/Un-message-de-bienvenue-dans-la-pure-tradition-1024x1024.jpg 1024w, https:\/\/wgt.ch\/wp-content\/uploads\/2023\/07\/Un-message-de-bienvenue-dans-la-pure-tradition-300x300.jpg 300w, https:\/\/wgt.ch\/wp-content\/uploads\/2023\/07\/Un-message-de-bienvenue-dans-la-pure-tradition-150x150.jpg 150w, https:\/\/wgt.ch\/wp-content\/uploads\/2023\/07\/Un-message-de-bienvenue-dans-la-pure-tradition-1536x1536.jpg 1536w, https:\/\/wgt.ch\/wp-content\/uploads\/2023\/07\/Un-message-de-bienvenue-dans-la-pure-tradition.jpg 2001w\" sizes=\"auto, (max-width: 1024px) 100vw, 1024px\" \/><\/a><\/div><\/div><\/div><\/div><div class=\"g-cols wpb_row us_custom_2843cfa0 via_grid cols_3 laptops-cols_inherit tablets-cols_inherit mobiles-cols_1 valign_top type_default stacking_default\" style=\"--columns-gap:3rem;\"><div class=\"wpb_column vc_column_container\"><div class=\"vc_column-inner\"><div class=\"w-image align_none\"><a title=\"Court m\u00e9trage La Palestine vue par les yeux de ses filles\" href=\"https:\/\/wgt.ch\/fr\/fenster-zu-palaestina-s\/palaestina-durch-die-augen-ihrer-toechter\/\" aria-label=\"Fenetre Court m\u00e9trage La Palestine vue par les yeux de ses filles\" class=\"w-image-h\"><img decoding=\"async\" width=\"1024\" height=\"1024\" src=\"https:\/\/wgt.ch\/wp-content\/uploads\/2023\/04\/Fenetre-Court-metrage-La-Palestine-vue-par-les-yeux-de-ses-filles-1024x1024.jpg\" class=\"attachment-large size-large\" alt=\"\" loading=\"lazy\" srcset=\"https:\/\/wgt.ch\/wp-content\/uploads\/2023\/04\/Fenetre-Court-metrage-La-Palestine-vue-par-les-yeux-de-ses-filles-1024x1024.jpg 1024w, https:\/\/wgt.ch\/wp-content\/uploads\/2023\/04\/Fenetre-Court-metrage-La-Palestine-vue-par-les-yeux-de-ses-filles-300x300.jpg 300w, https:\/\/wgt.ch\/wp-content\/uploads\/2023\/04\/Fenetre-Court-metrage-La-Palestine-vue-par-les-yeux-de-ses-filles-150x150.jpg 150w, https:\/\/wgt.ch\/wp-content\/uploads\/2023\/04\/Fenetre-Court-metrage-La-Palestine-vue-par-les-yeux-de-ses-filles-1536x1536.jpg 1536w, https:\/\/wgt.ch\/wp-content\/uploads\/2023\/04\/Fenetre-Court-metrage-La-Palestine-vue-par-les-yeux-de-ses-filles.jpg 2000w\" sizes=\"auto, (max-width: 1024px) 100vw, 1024px\" \/><\/a><\/div><\/div><\/div><div class=\"wpb_column vc_column_container\"><div class=\"vc_column-inner\"><div class=\"w-image align_none\"><a title=\"Apeirogon\" href=\"https:\/\/wgt.ch\/fr\/fenster-zu-palaestina-s\/apeirogon\/\" aria-label=\"Fenetre Apeirogon fr\" class=\"w-image-h\"><img decoding=\"async\" width=\"1024\" height=\"1024\" src=\"https:\/\/wgt.ch\/wp-content\/uploads\/2023\/07\/Fenetre-Apeirogon-fr-1024x1024.jpg\" class=\"attachment-large size-large\" alt=\"\" loading=\"lazy\" srcset=\"https:\/\/wgt.ch\/wp-content\/uploads\/2023\/07\/Fenetre-Apeirogon-fr-1024x1024.jpg 1024w, https:\/\/wgt.ch\/wp-content\/uploads\/2023\/07\/Fenetre-Apeirogon-fr-300x300.jpg 300w, https:\/\/wgt.ch\/wp-content\/uploads\/2023\/07\/Fenetre-Apeirogon-fr-150x150.jpg 150w, https:\/\/wgt.ch\/wp-content\/uploads\/2023\/07\/Fenetre-Apeirogon-fr-1536x1536.jpg 1536w, https:\/\/wgt.ch\/wp-content\/uploads\/2023\/07\/Fenetre-Apeirogon-fr.jpg 2000w\" sizes=\"auto, (max-width: 1024px) 100vw, 1024px\" \/><\/a><\/div><\/div><\/div><div class=\"wpb_column vc_column_container\"><div class=\"vc_column-inner\"><div class=\"w-image align_none\"><a title=\"Les cl\u00e9s de la m\u00e9moire et de l&#039;espoir \" href=\"https:\/\/wgt.ch\/fr\/fenster-zu-palaestina-s\/schluessel-der-erinnerung-und-der-hoffnung\/\" aria-label=\"Fen\u00eatre Cl\u00e9s 120F\" class=\"w-image-h\"><img decoding=\"async\" width=\"1024\" height=\"1024\" src=\"https:\/\/wgt.ch\/wp-content\/uploads\/2023\/10\/Fenetre-Cles-120F-1024x1024.jpg\" class=\"attachment-large size-large\" alt=\"\" loading=\"lazy\" srcset=\"https:\/\/wgt.ch\/wp-content\/uploads\/2023\/10\/Fenetre-Cles-120F-1024x1024.jpg 1024w, https:\/\/wgt.ch\/wp-content\/uploads\/2023\/10\/Fenetre-Cles-120F-300x300.jpg 300w, https:\/\/wgt.ch\/wp-content\/uploads\/2023\/10\/Fenetre-Cles-120F-150x150.jpg 150w, https:\/\/wgt.ch\/wp-content\/uploads\/2023\/10\/Fenetre-Cles-120F-1536x1536.jpg 1536w, https:\/\/wgt.ch\/wp-content\/uploads\/2023\/10\/Fenetre-Cles-120F.jpg 2000w\" sizes=\"auto, (max-width: 1024px) 100vw, 1024px\" \/><\/a><\/div><\/div><\/div><\/div><div class=\"g-cols wpb_row us_custom_2843cfa0 via_grid cols_3 laptops-cols_inherit tablets-cols_inherit mobiles-cols_1 valign_top type_default stacking_default\" style=\"--columns-gap:3rem;\"><div class=\"wpb_column vc_column_container\"><div class=\"vc_column-inner\"><div class=\"w-image align_none\"><a title=\"Handala\" href=\"https:\/\/wgt.ch\/fr\/fenster-zu-palaestina-s\/handala\/\" aria-label=\"Fenetre Handala symbole des personnes expulsees fr\" class=\"w-image-h\"><img decoding=\"async\" width=\"1024\" height=\"1024\" src=\"https:\/\/wgt.ch\/wp-content\/uploads\/2023\/09\/Fenetre-Handala-symbole-des-personnes-expulsees-fr-1024x1024.jpg\" class=\"attachment-large size-large\" alt=\"\" loading=\"lazy\" srcset=\"https:\/\/wgt.ch\/wp-content\/uploads\/2023\/09\/Fenetre-Handala-symbole-des-personnes-expulsees-fr-1024x1024.jpg 1024w, https:\/\/wgt.ch\/wp-content\/uploads\/2023\/09\/Fenetre-Handala-symbole-des-personnes-expulsees-fr-300x300.jpg 300w, https:\/\/wgt.ch\/wp-content\/uploads\/2023\/09\/Fenetre-Handala-symbole-des-personnes-expulsees-fr-150x150.jpg 150w, https:\/\/wgt.ch\/wp-content\/uploads\/2023\/09\/Fenetre-Handala-symbole-des-personnes-expulsees-fr-1536x1536.jpg 1536w, https:\/\/wgt.ch\/wp-content\/uploads\/2023\/09\/Fenetre-Handala-symbole-des-personnes-expulsees-fr.jpg 2000w\" sizes=\"auto, (max-width: 1024px) 100vw, 1024px\" \/><\/a><\/div><\/div><\/div><div class=\"wpb_column vc_column_container\"><div class=\"vc_column-inner\"><div class=\"w-image align_none\"><a title=\"Mur de s\u00e9paration avec images de son franchissement\" href=\"https:\/\/wgt.ch\/fr\/fenster-zu-palaestina-s\/trennmauer\/\" aria-label=\"Fen\u00eatre Mur de s\u00e9paration\" class=\"w-image-h\"><img decoding=\"async\" width=\"1024\" height=\"1024\" src=\"https:\/\/wgt.ch\/wp-content\/uploads\/2023\/10\/Fenetre-Mur-de-separation-1024x1024.jpg\" class=\"attachment-large size-large\" alt=\"\" loading=\"lazy\" srcset=\"https:\/\/wgt.ch\/wp-content\/uploads\/2023\/10\/Fenetre-Mur-de-separation-1024x1024.jpg 1024w, https:\/\/wgt.ch\/wp-content\/uploads\/2023\/10\/Fenetre-Mur-de-separation-300x300.jpg 300w, https:\/\/wgt.ch\/wp-content\/uploads\/2023\/10\/Fenetre-Mur-de-separation-150x150.jpg 150w, https:\/\/wgt.ch\/wp-content\/uploads\/2023\/10\/Fenetre-Mur-de-separation-1536x1536.jpg 1536w, https:\/\/wgt.ch\/wp-content\/uploads\/2023\/10\/Fenetre-Mur-de-separation.jpg 2001w\" sizes=\"auto, (max-width: 1024px) 100vw, 1024px\" \/><\/a><\/div><\/div><\/div><div class=\"wpb_column vc_column_container\"><div class=\"vc_column-inner\"><div class=\"w-image align_none\"><a title=\"Caritas Baby Hospital \u00e0 Bethl\u00e9em\" href=\"https:\/\/wgt.ch\/fr\/fenster-zu-palaestina-s\/kinderspital-bethlehem\/\" aria-label=\"Fen\u00eatre Caritas Baby Hospital \u00e0 Bethl\u00e9em\" class=\"w-image-h\"><img decoding=\"async\" width=\"1024\" height=\"1024\" src=\"https:\/\/wgt.ch\/wp-content\/uploads\/2023\/12\/Fenetre-Caritas-Baby-Hospital-a-Bethleem-1024x1024.jpg\" class=\"attachment-large size-large\" alt=\"\" loading=\"lazy\" srcset=\"https:\/\/wgt.ch\/wp-content\/uploads\/2023\/12\/Fenetre-Caritas-Baby-Hospital-a-Bethleem-1024x1024.jpg 1024w, https:\/\/wgt.ch\/wp-content\/uploads\/2023\/12\/Fenetre-Caritas-Baby-Hospital-a-Bethleem-300x300.jpg 300w, https:\/\/wgt.ch\/wp-content\/uploads\/2023\/12\/Fenetre-Caritas-Baby-Hospital-a-Bethleem-150x150.jpg 150w, https:\/\/wgt.ch\/wp-content\/uploads\/2023\/12\/Fenetre-Caritas-Baby-Hospital-a-Bethleem-1536x1536.jpg 1536w, https:\/\/wgt.ch\/wp-content\/uploads\/2023\/12\/Fenetre-Caritas-Baby-Hospital-a-Bethleem-rotated.jpg 2000w\" sizes=\"auto, (max-width: 1024px) 100vw, 1024px\" \/><\/a><\/div><\/div><\/div><\/div><\/div><\/div><\/div><\/div><\/section>\n","protected":false},"excerpt":{"rendered":"{:de}Fen\u00eatre sur la PalestineHerzlich willkommen zur Einstimmung auf die Liturgie und die Menschen aus Pal\u00e4stina. Shukran \u2013 Danke, dass ihr euch schon darauf einl\u00e4sst und so einen guten Boden schafft f\u00fcr die Weltgebetstagsfeier am 1. M\u00e4rz 2024. Salaam \u2013 der Friede sei mit uns allen {:}{:fr}Fen\u00eatre sur la PalestineNous vous souhaitons la bienvenue \u00e0 la...","protected":false},"author":5,"featured_media":0,"parent":0,"menu_order":7,"comment_status":"closed","ping_status":"closed","template":"","meta":{"_acf_changed":false,"footnotes":""},"class_list":["post-27468","page","type-page","status-publish","hentry"],"translation":{"provider":"WPGlobus","version":"3.0.2","language":"fr","enabled_languages":["de","fr","it"],"languages":{"de":{"title":true,"content":true,"excerpt":false},"fr":{"title":true,"content":true,"excerpt":false},"it":{"title":true,"content":true,"excerpt":false}}},"acf":[],"_links":{"self":[{"href":"https:\/\/wgt.ch\/fr\/wp-json\/wp\/v2\/pages\/27468","targetHints":{"allow":["GET"]}}],"collection":[{"href":"https:\/\/wgt.ch\/fr\/wp-json\/wp\/v2\/pages"}],"about":[{"href":"https:\/\/wgt.ch\/fr\/wp-json\/wp\/v2\/types\/page"}],"author":[{"embeddable":true,"href":"https:\/\/wgt.ch\/fr\/wp-json\/wp\/v2\/users\/5"}],"replies":[{"embeddable":true,"href":"https:\/\/wgt.ch\/fr\/wp-json\/wp\/v2\/comments?post=27468"}],"version-history":[{"count":72,"href":"https:\/\/wgt.ch\/fr\/wp-json\/wp\/v2\/pages\/27468\/revisions"}],"predecessor-version":[{"id":34120,"href":"https:\/\/wgt.ch\/fr\/wp-json\/wp\/v2\/pages\/27468\/revisions\/34120"}],"wp:attachment":[{"href":"https:\/\/wgt.ch\/fr\/wp-json\/wp\/v2\/media?parent=27468"}],"curies":[{"name":"wp","href":"https:\/\/api.w.org\/{rel}","templated":true}]}}