{"id":27538,"date":"2023-07-07T17:56:42","date_gmt":"2023-07-07T15:56:42","guid":{"rendered":"https:\/\/wgt.ch\/?page_id=27538"},"modified":"2024-07-03T10:20:51","modified_gmt":"2024-07-03T08:20:51","slug":"palaestina-durch-die-augen-ihrer-toechter","status":"publish","type":"page","link":"https:\/\/wgt.ch\/fr\/fenster-zu-palaestina-s\/palaestina-durch-die-augen-ihrer-toechter\/","title":{"rendered":"Court m\u00e9trage : \u00ab\u00a0La Palestine vue par les yeux de ses filles\u00a0\u00bb"},"content":{"rendered":"<section class=\"l-section wpb_row height_small\"><div class=\"l-section-h i-cf\"><div class=\"g-cols vc_row via_grid cols_1 laptops-cols_inherit tablets-cols_inherit mobiles-cols_1 valign_top type_default stacking_default\"><div class=\"wpb_column vc_column_container\"><div class=\"vc_column-inner\"><h2 class=\"w-post-elm post_title entry-title color_link_inherit\">Court m\u00e9trage : \u00ab\u00a0La Palestine vue par les yeux de ses filles\u00a0\u00bb<\/h2><\/div><\/div><\/div><\/div><\/section><section class=\"l-section wpb_row height_small\"><div class=\"l-section-h i-cf\"><div class=\"g-cols vc_row via_grid cols_2-1 laptops-cols_inherit tablets-cols_inherit mobiles-cols_1 valign_top type_default stacking_default\"><div class=\"wpb_column vc_column_container\"><div class=\"vc_column-inner\"><div class=\"wpb_text_column\"><div class=\"wpb_wrapper\"><h6><a href=\"https:\/\/www.foerderverein-bethlehem.de\/aktuelles-projekte\/filmprojekt\/\">https:\/\/www.foerderverein-bethlehem.de\/aktuelles-projekte\/filmprojekt\/<\/a><\/h6>\n<p>Un film de six minutes pour une premi\u00e8re rencontre avec cinq femmes palestiniennes de la ville et des environs de Bethl\u00e9em. Elles nous montrent ce qui est important dans leur vie et ce dont elles r\u00eavent pour elles-m\u00eames et pour leur pays\u00a0: une femme paysanne du village de Battir, une enseignante, une artiste c\u00e9ramiste avec des collaboratrices salari\u00e9es et deux adolescentes &#8211; l&#8217;une joue au football avec enthousiasme, l&#8217;autre \u00e9crit ses propres pi\u00e8ces de th\u00e9\u00e2tre. Une sixi\u00e8me femme, invisible, chante la libert\u00e9, la dignit\u00e9 humaine et l&#8217;amour pour la vie.<\/p>\n<p>Ce petit film en arabe, sous-titr\u00e9 en allemand, a \u00e9t\u00e9 r\u00e9alis\u00e9 par des \u00e9tudiant.e.s de l&#8217;universit\u00e9 Dar al-Kalima de Bethl\u00e9em pour la Journ\u00e9e mondiale de pri\u00e8re. Il est id\u00e9al pour d\u00e9buter le travail de pr\u00e9paration et peut \u00e9galement \u00eatre projet\u00e9 lors de la pr\u00e9sentation du pays avant la liturgie de la Journ\u00e9e mondiale de pri\u00e8re.<\/p>\n<\/div><\/div><\/div><\/div><div class=\"wpb_column vc_column_container\"><div class=\"vc_column-inner\"><div class=\"w-image align_none\"><a title=\"https:\/\/www.foerderverein-bethlehem.de\/aktuelles-projekte\/filmprojekt\/\" target=\" _blank\" rel=\"nofollow\" href=\"https:\/\/www.foerderverein-bethlehem.de\/aktuelles-projekte\/filmprojekt\/\" aria-label=\"Durch die Augen ihrer T\u00f6chter Bild\" class=\"w-image-h\"><img decoding=\"async\" width=\"1024\" height=\"576\" src=\"https:\/\/wgt.ch\/wp-content\/uploads\/2023\/07\/Durch-die-Augen-ihrer-Toechter-Bild-1024x576.jpg\" class=\"attachment-large size-large\" alt=\"\" loading=\"lazy\" srcset=\"https:\/\/wgt.ch\/wp-content\/uploads\/2023\/07\/Durch-die-Augen-ihrer-Toechter-Bild-1024x576.jpg 1024w, https:\/\/wgt.ch\/wp-content\/uploads\/2023\/07\/Durch-die-Augen-ihrer-Toechter-Bild-300x169.jpg 300w, https:\/\/wgt.ch\/wp-content\/uploads\/2023\/07\/Durch-die-Augen-ihrer-Toechter-Bild.jpg 1280w\" sizes=\"auto, (max-width: 1024px) 100vw, 1024px\" \/><\/a><\/div><div class=\"wpb_text_column\"><div class=\"wpb_wrapper\"><p>Pal\u00e4stina durch die Augen ihrer T\u00f6chter<br \/>\n(La Palestine vue par les yeux de ses filles)<\/p>\n<p>Avec sous-titres en allemand<\/p>\n<\/div><\/div><\/div><\/div><\/div><\/div><\/section><section class=\"l-section wpb_row height_small\"><div class=\"l-section-h i-cf\"><div class=\"g-cols vc_row via_grid cols_2 laptops-cols_inherit tablets-cols_inherit mobiles-cols_1 valign_top type_default stacking_default\"><div class=\"wpb_column vc_column_container\"><div class=\"vc_column-inner\"><div class=\"wpb_text_column\"><div class=\"wpb_wrapper\"><h6>Traduction des sous-titres :<\/h6>\n<p><strong><em>Chant\u00e9<\/em><\/strong><\/p>\n<p><em>Nous sommes libres, nous ne nous laissons pas soumettre<br \/>\nLibres vers l&#8217;humanit\u00e9<br \/>\nMalgr\u00e9 la douleur<br \/>\nNous avons des r\u00eaves<br \/>\nL&#8217;obscurit\u00e9 se dissipe. Le jour se l\u00e8ve<br \/>\nNous sommes libres (3x)<\/em><\/p>\n<p><strong>La Palestine vue par les yeux de ses filles<\/strong><\/p>\n<p>Je suis <strong>Saphia Hammad<\/strong>, du village de Battir.<br \/>\nEn tant que femme palestinienne, malgr\u00e9 les difficult\u00e9s de la vie quotidienne,<br \/>\nje reste attach\u00e9e \u00e0 ma terre, je la cultive et y ai plant\u00e9 des oliviers.<br \/>\n\u00c0 Battir, il y a plusieurs grandes familles qui se soutiennent mutuellement.<br \/>\nLes occupants ne r\u00e9ussiront pas \u00e0 nous d\u00e9pouiller de nos terres.<\/p>\n<p>Je suis <strong>Faten Nairoukh<\/strong>, c\u00e9ramiste palestinienne.<\/p>\n<p>Avec mes cr\u00e9ations, je mets en valeur l&#8217;esth\u00e9tique du paysage palestinien.<br \/>\nPr\u00e9cis\u00e9ment parce que celui-ci est d\u00e9truit<br \/>\npar le mur et la construction de colonies.<br \/>\nJe souhaite montrer au monde la beaut\u00e9 de la Palestine, qui risque d&#8217;\u00eatre perdue.<br \/>\nEn tant que cheffe d&#8217;entreprise, j&#8217;emploie plusieurs femmes.<br \/>\nNous travaillons en \u00e9quipe.<br \/>\nChacune d&#8217;entre nous a une t\u00e2che bien pr\u00e9cise \u00e0 accomplir pour obtenir finalement un beau produit<br \/>\nqui refl\u00e8te notre art et notre culture.<\/p>\n<p>Je m&#8217;appelle <strong>Dalia Murrah<\/strong> et j&#8217;ai 30 ans.<\/p>\n<p>En tant qu&#8217;enseignante, je veille \u00e0 ce que<br \/>\nnotre histoire et notre g\u00e9ographie palestiniennes ne soient pas d\u00e9form\u00e9es.<br \/>\nJe ne veux pas que l&#8217;on interf\u00e8re avec le processus \u00e9ducatif.<br \/>\nEn tant que femme palestinienne<br \/>\nconfront\u00e9e \u00e0 de nombreuses contraintes,<br \/>\nil me tient \u00e0 c\u0153ur de participer \u00e0 la construction d&#8217;une soci\u00e9t\u00e9 sans violence.<\/p>\n<p>Je m&#8217;appelle <strong>Maral Qusais<\/strong> et j&#8217;ai 16 ans.<\/p>\n<p>Je joue dans l&#8217;\u00e9quipe de football f\u00e9minin de Diyar en Palestine.<br \/>\nEn tant qu&#8217;\u00e9quipe<br \/>\nnous passons beaucoup de temps ensemble.<br \/>\nNous nous soutenons mutuellement et nous avons des objectifs communs.<br \/>\nLe football n&#8217;est pas seulement une activit\u00e9 physique, c&#8217;est aussi un symbole de r\u00e9silience.<\/p>\n<p>Je m&#8217;appelle <strong>Emilia Masou<\/strong> et j&#8217;ai 15 ans.<\/p>\n<p>J&#8217;ai d\u00e9couvert ma passion pour le th\u00e9\u00e2tre \u00e0 l&#8217;\u00e2ge de 6 ans.<br \/>\nEn tant que jeune fille palestinienne,<br \/>\nje r\u00eave de pouvoir faire une diff\u00e9rence dans la soci\u00e9t\u00e9 et que l&#8217;occupation cesse.<br \/>\nIl est important pour moi que les filles palestiniennes vivent avec insouciance<br \/>\net se lib\u00e8rent des r\u00f4les f\u00e9minins impos\u00e9s.<\/p>\n<p><strong>Saphia Hammad\u00a0:<\/strong><\/p>\n<p>Malgr\u00e9 l&#8217;oppression de l&#8217;occupation,<br \/>\nnous tenons \u00e0 ce que les jeunes restent dans leur pays<br \/>\net ne l&#8217;abandonnent pas.<\/p>\n<p><strong>Faten Nairoukh\u00a0:<\/strong><\/p>\n<p>Je souhaite que les femmes et leur art soient mis en avant.<br \/>\nJ&#8217;esp\u00e8re que leur travail sera connu<br \/>\ndans le pays et \u00e0 l&#8217;\u00e9tranger.<\/p>\n<p><strong>Maral Qusais\u00a0:<\/strong><\/p>\n<p>J&#8217;esp\u00e8re devenir une joueuse de football connue<br \/>\net repr\u00e9senter mon pays, la Palestine.<br \/>\nJ&#8217;aime vraiment le football !<\/p>\n<p><strong>Emilia Masou\u00a0:<\/strong><\/p>\n<p>Je souhaite que nous, les enfants, r\u00e9ussissions cette transformation.<br \/>\nQue nous puissions nous \u00e9panouir librement,<br \/>\nsans aucune restriction.<\/p>\n<p><strong><em>Chant\u00e9<\/em><\/strong><\/p>\n<p><em>Nous aimons la vie<br \/>\nNous disons non \u00e0 l&#8217;injustice<\/em>\u00a0<em>!<br \/>\nLa dignit\u00e9 de l&#8217;\u00eatre humain<br \/>\nreste le bien le plus pr\u00e9cieux<br \/>\nNous sommes libres (4x)<\/em><\/p>\n<h6><strong><a href=\"https:\/\/wgt.ch\/wp-content\/uploads\/2023\/07\/La-Palestine-vue-par-les-yeux-de-ses-filles-avec-sous-titres.pdf\" target=\"_blank\" rel=\"noopener\">La Palestine vue par les yeux de ses filles avec sous-titres.pdf<\/a><\/strong><\/h6>\n<\/div><\/div><\/div><\/div><div class=\"wpb_column vc_column_container\"><div class=\"vc_column-inner\"><div class=\"w-video align_none ratio_16x9 has_iframe\"><div class=\"w-video-h\"><iframe title=\"Youtube video player\" src=\"\/\/www.youtube.com\/embed\/DYsJavW3H3A?autoplay=0&controls=1&origin=https:\/\/wgt.ch\/fr&loop=0&mute=0\" allowfullscreen=\"1\" loading=\"lazy\"><\/iframe><\/div><\/div><div class=\"wpb_text_column\"><div class=\"wpb_wrapper\"><p>Palestine through the Eyes of her Daughters<\/p>\n<p>Avec sous-titres en anglais<\/p>\n<\/div><\/div><\/div><\/div><\/div><\/div><\/section>\n","protected":false},"excerpt":{"rendered":"{:de}Court m\u00e9trage : \u00ab\u00a0La Palestine vue par les yeux de ses filles\u00a0\u00bbhttps:\/\/www.foerderverein-bethlehem.de\/aktuelles-projekte\/filmprojekt\/ Sechs Filmminuten f\u00fcr eine erste Begegnung mit f\u00fcnf pal\u00e4stinensischen Frauen aus der Stadt und der Umgebung von Bethlehem. Sie zeigen uns, was ihnen in ihrem Leben wichtig ist und wovon sie f\u00fcr sich und ihr Land tr\u00e4umen: eine B\u00e4uerin aus dem Dorf Battir,...","protected":false},"author":5,"featured_media":0,"parent":27468,"menu_order":18,"comment_status":"closed","ping_status":"closed","template":"","meta":{"_acf_changed":false,"footnotes":""},"class_list":["post-27538","page","type-page","status-publish","hentry"],"translation":{"provider":"WPGlobus","version":"3.0.2","language":"fr","enabled_languages":["de","fr","it"],"languages":{"de":{"title":true,"content":true,"excerpt":false},"fr":{"title":true,"content":true,"excerpt":false},"it":{"title":true,"content":true,"excerpt":false}}},"acf":[],"_links":{"self":[{"href":"https:\/\/wgt.ch\/fr\/wp-json\/wp\/v2\/pages\/27538","targetHints":{"allow":["GET"]}}],"collection":[{"href":"https:\/\/wgt.ch\/fr\/wp-json\/wp\/v2\/pages"}],"about":[{"href":"https:\/\/wgt.ch\/fr\/wp-json\/wp\/v2\/types\/page"}],"author":[{"embeddable":true,"href":"https:\/\/wgt.ch\/fr\/wp-json\/wp\/v2\/users\/5"}],"replies":[{"embeddable":true,"href":"https:\/\/wgt.ch\/fr\/wp-json\/wp\/v2\/comments?post=27538"}],"version-history":[{"count":37,"href":"https:\/\/wgt.ch\/fr\/wp-json\/wp\/v2\/pages\/27538\/revisions"}],"predecessor-version":[{"id":34135,"href":"https:\/\/wgt.ch\/fr\/wp-json\/wp\/v2\/pages\/27538\/revisions\/34135"}],"up":[{"embeddable":true,"href":"https:\/\/wgt.ch\/fr\/wp-json\/wp\/v2\/pages\/27468"}],"wp:attachment":[{"href":"https:\/\/wgt.ch\/fr\/wp-json\/wp\/v2\/media?parent=27538"}],"curies":[{"name":"wp","href":"https:\/\/api.w.org\/{rel}","templated":true}]}}