{"id":27644,"date":"2023-07-12T20:58:46","date_gmt":"2023-07-12T18:58:46","guid":{"rendered":"https:\/\/wgt.ch\/?page_id=27644"},"modified":"2024-07-03T10:17:59","modified_gmt":"2024-07-03T08:17:59","slug":"titelbild-2024-palaestina","status":"publish","type":"page","link":"https:\/\/wgt.ch\/fr\/fenster-zu-palaestina-s\/titelbild-2024-palaestina\/","title":{"rendered":"Image de couverture 2024 Palestine"},"content":{"rendered":"<section class=\"l-section wpb_row height_small\"><div class=\"l-section-h i-cf\"><div class=\"g-cols vc_row via_grid cols_1 laptops-cols_inherit tablets-cols_inherit mobiles-cols_1 valign_top type_default stacking_default\"><div class=\"wpb_column vc_column_container\"><div class=\"vc_column-inner\"><h2 class=\"w-post-elm post_title entry-title color_link_inherit\">Image de couverture 2024 Palestine<\/h2><\/div><\/div><\/div><\/div><\/section><section class=\"l-section wpb_row height_small\"><div class=\"l-section-h i-cf\"><div class=\"g-cols vc_row via_grid cols_2-1 laptops-cols_inherit tablets-cols_inherit mobiles-cols_1 valign_top type_default stacking_default\"><div class=\"wpb_column vc_column_container\"><div class=\"vc_column-inner\"><div class=\"wpb_text_column\"><div class=\"wpb_wrapper\"><p>L\u2019artiste Halima Aziz a cr\u00e9\u00e9 l\u2019image de couverture sur le th\u00e8me de la lettre \u00e0 l\u2019\u00c9glise d\u2019\u00c9ph\u00e8se 4,1-7 :<strong>\u00a0\u00ab\u00a0 \u2026par le lien de la paix, supportez-vous les uns les autres avec amour\u00a0\u00bb.<\/strong><\/p>\n<p>L\u2019olivier est solidement enracin\u00e9 dans le sol, tout comme le peuple palestinien.<\/p>\n<p>Les trois femmes portent des robes brod\u00e9es traditionnelles et des foulards blancs d\u00e9cor\u00e9s de coquelicots. Elles ne montrent pas leur visage, mais elles esp\u00e8rent devenir plus visibles et pouvoir un jour retourner dans les maisons dont elles ou leurs parents ont \u00e9t\u00e9 chass\u00e9.e.s. Elles portent toujours sur elles les cl\u00e9s de leur maison et les transmettent \u00e0 la g\u00e9n\u00e9ration suivante, pour \u00eatre pr\u00eates pour ce jour significatif.<\/p>\n<p>Salaam \u2013 que la paix soit avec nous.<\/p>\n<\/div><\/div><\/div><\/div><div class=\"wpb_column vc_column_container\"><div class=\"vc_column-inner\"><div class=\"w-image align_none\"><a ref=\"magnificPopup\" href=\"https:\/\/wgt.ch\/wp-content\/uploads\/2023\/04\/Titelbild-WGT-2024-Palaestina-von-Halima-Aziz.jpg\" aria-label=\"Titelbild WGT 2024 Pal\u00e4stina von Halima Aziz\" class=\"w-image-h\"><img decoding=\"async\" width=\"726\" height=\"1024\" src=\"https:\/\/wgt.ch\/wp-content\/uploads\/2023\/04\/Titelbild-WGT-2024-Palaestina-von-Halima-Aziz-726x1024.jpg\" class=\"attachment-large size-large\" alt=\"{:de}Titelbild WGT 2024 Pal\u00e4stina von Halima Aziz{:}{:fr}Image de couverture JMP 2024 Palestine de Halima Aziz{:}{:it}Il frontespizio GMP 2024 Palestina de Halima Aziz{:}\" loading=\"lazy\" srcset=\"https:\/\/wgt.ch\/wp-content\/uploads\/2023\/04\/Titelbild-WGT-2024-Palaestina-von-Halima-Aziz-726x1024.jpg 726w, https:\/\/wgt.ch\/wp-content\/uploads\/2023\/04\/Titelbild-WGT-2024-Palaestina-von-Halima-Aziz-213x300.jpg 213w, https:\/\/wgt.ch\/wp-content\/uploads\/2023\/04\/Titelbild-WGT-2024-Palaestina-von-Halima-Aziz-1089x1536.jpg 1089w, https:\/\/wgt.ch\/wp-content\/uploads\/2023\/04\/Titelbild-WGT-2024-Palaestina-von-Halima-Aziz.jpg 1375w\" sizes=\"auto, (max-width: 726px) 100vw, 726px\" \/><\/a><\/div><\/div><\/div><\/div><\/div><\/section><section class=\"l-section wpb_row height_small\"><div class=\"l-section-h i-cf\"><div class=\"g-cols vc_row via_grid cols_1-2 laptops-cols_inherit tablets-cols_inherit mobiles-cols_1 valign_top type_default stacking_default\"><div class=\"wpb_column vc_column_container\"><div class=\"vc_column-inner\"><div class=\"w-image align_none\"><a ref=\"magnificPopup\" href=\"https:\/\/wgt.ch\/wp-content\/uploads\/2023\/08\/Halima-Aziz\u00a9wdpic.jpg\" aria-label=\"Halima Aziz\u00a9wdpic\" class=\"w-image-h\"><img decoding=\"async\" width=\"902\" height=\"1024\" src=\"https:\/\/wgt.ch\/wp-content\/uploads\/2023\/08\/Halima-Aziz\u00a9wdpic-902x1024.jpg\" class=\"attachment-large size-large\" alt=\"\" loading=\"lazy\" srcset=\"https:\/\/wgt.ch\/wp-content\/uploads\/2023\/08\/Halima-Aziz\u00a9wdpic-902x1024.jpg 902w, https:\/\/wgt.ch\/wp-content\/uploads\/2023\/08\/Halima-Aziz\u00a9wdpic-264x300.jpg 264w, https:\/\/wgt.ch\/wp-content\/uploads\/2023\/08\/Halima-Aziz\u00a9wdpic.jpg 1039w\" sizes=\"auto, (max-width: 902px) 100vw, 902px\" \/><\/a><\/div><\/div><\/div><div class=\"wpb_column vc_column_container\"><div class=\"vc_column-inner\"><div class=\"wpb_text_column\"><div class=\"wpb_wrapper\"><h3>L\u2019artiste peintre de l\u2019image de couverture : Halima Aziz<\/h3>\n<p>\u00ab Je pense qu&#8217;\u00e0 travers mes \u0153uvres d&#8217;art et celles d&#8217;autres artistes palestiniennes et palestiniens de talent, les gens comprendront plus clairement ce que nous, les gens de la Palestine, ressentons et ce que nous devons endurer. Tout le monde devrait s&#8217;en soucier, car il s&#8217;agit d&#8217;une question de droits de l&#8217;homme. J&#8217;esp\u00e8re et je crois qu&#8217;un jour la Palestine sera libre et que nous pourrons rentrer paisiblement dans nos maisons\u00a0\u00bb.<br \/>\nLe t\u00e9moignage d&#8217;Halima Aziz montre clairement comment et pourquoi elle s&#8217;engage pour sa patrie, la Palestine.<br \/>\nN\u00e9e en 1999 \u00e0 Hagen en Allemagne, Halima Aziz est une artiste dans le domaine de la plastique et designer palestinienne extr\u00eamement passionn\u00e9e, qui vit en Allemagne depuis 2009. Elle a pass\u00e9 son enfance en Palestine, a d\u00fb assister \u00e0 la guerre de Gaza en 2008 et y a surv\u00e9cu.<br \/>\nTr\u00e8s t\u00f4t, Halima Aziz s&#8217;est int\u00e9ress\u00e9e \u00e0 l&#8217;art et a aim\u00e9 peindre. En 2017, elle a commenc\u00e9 \u00e0 peindre de mani\u00e8re professionnelle alors qu&#8217;elle participait \u00e0 un projet d&#8217;\u00e9cole d&#8217;art. Lorsqu&#8217;elle peint, elle laisse spontan\u00e9ment libre cours \u00e0 sa cr\u00e9ativit\u00e9 et fait confiance au processus, sans trop planifier au pr\u00e9alable. Elle aime peindre des tableaux color\u00e9s et qui attirent l\u2019\u0153il, dont la plupart expriment des sentiments ou ont une signification particuli\u00e8re.<br \/>\nHalima Aziz puise principalement son inspiration dans la nature, les mus\u00e9es d&#8217;art, les livres et surtout dans sa Palestine natale. \u00c0 travers ses peintures, elle repr\u00e9sente fi\u00e8rement l&#8217;h\u00e9ritage, l&#8217;identit\u00e9, la culture, l&#8217;histoire et la tradition palestiniens. \u00c0 chaque coup de pinceau, elle exprime l&#8217;histoire du peuple palestinien et sa lutte de r\u00e9sistance contre l&#8217;occupation. Halima Aziz esp\u00e8re que ses peintures significatives parleront au monde de l&#8217;esprit palestinien et de l&#8217;oppression de son peuple. Elle se sent plus proche de sa patrie lorsqu&#8217;elle en peint des images.<\/p>\n<p>&nbsp;<\/p>\n<\/div><\/div><\/div><\/div><\/div><\/div><\/section>\n","protected":false},"excerpt":{"rendered":"{:de}Image de couverture 2024 PalestineDie K\u00fcnstlerin Halima Aziz hat das Titelbild erschaffen zum Thema aus dem Brief an die Gemeinde in Ephesus 4,1-7:\u00a0\u2026 durch das Band des Friedens ertragt einander in Liebe\u00bb. Der Olivenbaum ist mit seinen Wurzeln fest im Boden verankert, so wie es das pal\u00e4stinensische Volk auch ist. Die drei Frauen tragen traditionell...","protected":false},"author":5,"featured_media":0,"parent":27468,"menu_order":15,"comment_status":"closed","ping_status":"closed","template":"","meta":{"_acf_changed":false,"footnotes":""},"class_list":["post-27644","page","type-page","status-publish","hentry"],"translation":{"provider":"WPGlobus","version":"3.0.2","language":"fr","enabled_languages":["de","fr","it"],"languages":{"de":{"title":true,"content":true,"excerpt":false},"fr":{"title":true,"content":true,"excerpt":false},"it":{"title":true,"content":true,"excerpt":false}}},"acf":[],"_links":{"self":[{"href":"https:\/\/wgt.ch\/fr\/wp-json\/wp\/v2\/pages\/27644","targetHints":{"allow":["GET"]}}],"collection":[{"href":"https:\/\/wgt.ch\/fr\/wp-json\/wp\/v2\/pages"}],"about":[{"href":"https:\/\/wgt.ch\/fr\/wp-json\/wp\/v2\/types\/page"}],"author":[{"embeddable":true,"href":"https:\/\/wgt.ch\/fr\/wp-json\/wp\/v2\/users\/5"}],"replies":[{"embeddable":true,"href":"https:\/\/wgt.ch\/fr\/wp-json\/wp\/v2\/comments?post=27644"}],"version-history":[{"count":17,"href":"https:\/\/wgt.ch\/fr\/wp-json\/wp\/v2\/pages\/27644\/revisions"}],"predecessor-version":[{"id":34126,"href":"https:\/\/wgt.ch\/fr\/wp-json\/wp\/v2\/pages\/27644\/revisions\/34126"}],"up":[{"embeddable":true,"href":"https:\/\/wgt.ch\/fr\/wp-json\/wp\/v2\/pages\/27468"}],"wp:attachment":[{"href":"https:\/\/wgt.ch\/fr\/wp-json\/wp\/v2\/media?parent=27644"}],"curies":[{"name":"wp","href":"https:\/\/api.w.org\/{rel}","templated":true}]}}