{"id":27862,"date":"2023-08-23T18:27:00","date_gmt":"2023-08-23T16:27:00","guid":{"rendered":"https:\/\/wgt.ch\/?page_id=27862"},"modified":"2023-09-29T10:29:33","modified_gmt":"2023-09-29T08:29:33","slug":"handala","status":"publish","type":"page","link":"https:\/\/wgt.ch\/fr\/fenster-zu-palaestina-s\/handala\/","title":{"rendered":"Handala"},"content":{"rendered":"<section class=\"l-section wpb_row height_small\"><div class=\"l-section-h i-cf\"><div class=\"g-cols vc_row via_grid cols_1 laptops-cols_inherit tablets-cols_inherit mobiles-cols_1 valign_top type_default stacking_default\"><div class=\"wpb_column vc_column_container\"><div class=\"vc_column-inner\"><div class=\"wpb_text_column\"><div class=\"wpb_wrapper\"><h2><strong>Handala \u2013 <\/strong><strong>symbole des personnes expuls\u00e9es<\/strong><\/h2>\n<\/div><\/div><\/div><\/div><\/div><\/div><\/section><section class=\"l-section wpb_row height_small\"><div class=\"l-section-h i-cf\"><div class=\"g-cols vc_row via_grid cols_1 laptops-cols_inherit tablets-cols_inherit mobiles-cols_1 valign_top type_default stacking_default\"><div class=\"wpb_column vc_column_container\"><div class=\"vc_column-inner\"><div class=\"w-image align_none meta_simple\"><div class=\"w-image-h\"><img decoding=\"async\" width=\"2560\" height=\"1381\" src=\"https:\/\/wgt.ch\/wp-content\/uploads\/2023\/08\/Handala-links\u00a9Pia-Tschupp-rechts\u00a9Al-Tufula-Centre-scaled.jpg\" class=\"attachment-full size-full\" alt=\"{:de}Links: Handala an einer Mauer in Bethlehem Foto: Pia Tschupp - rechts: Handala im pal\u00e4stinensischen Bilderbuch \u00abDer Zeichner des Baumes\u00bb \u00a9 Al-Tufula-Centre{:}{:fr}Handala sur un mur \u00e0 Bethl\u00e9em, \u00a9 Pia Tschupp et Handala dans le livre d&#039;images palestinien \u00ab Le dessinateur de l&#039;arbre \u00bb \u00a9 Al-Tufula-Centre{:}{:it}Handala su un muro a Betlemme, \u00a9 Pia Tschupp e Handala nel libro illustrato palestinese \u00abIl disegnatore dell&#039;albero\u00bb \u00a9 Al-Tufula-Centre{:}\" loading=\"lazy\" srcset=\"https:\/\/wgt.ch\/wp-content\/uploads\/2023\/08\/Handala-links\u00a9Pia-Tschupp-rechts\u00a9Al-Tufula-Centre-scaled.jpg 2560w, https:\/\/wgt.ch\/wp-content\/uploads\/2023\/08\/Handala-links\u00a9Pia-Tschupp-rechts\u00a9Al-Tufula-Centre-300x162.jpg 300w, https:\/\/wgt.ch\/wp-content\/uploads\/2023\/08\/Handala-links\u00a9Pia-Tschupp-rechts\u00a9Al-Tufula-Centre-1024x552.jpg 1024w, https:\/\/wgt.ch\/wp-content\/uploads\/2023\/08\/Handala-links\u00a9Pia-Tschupp-rechts\u00a9Al-Tufula-Centre-1536x828.jpg 1536w, https:\/\/wgt.ch\/wp-content\/uploads\/2023\/08\/Handala-links\u00a9Pia-Tschupp-rechts\u00a9Al-Tufula-Centre-2048x1104.jpg 2048w\" sizes=\"auto, (max-width: 2560px) 100vw, 2560px\" \/><\/div><div class=\"w-image-meta\"><div class=\"w-image-title\">Handala links\u00a9Pia Tschupp-rechts\u00a9Al-Tufula-Centre<\/div><\/div><\/div><div class=\"w-separator size_small\"><\/div><div class=\"wpb_text_column\"><div class=\"wpb_wrapper\"><p>\u00ab\u00a0Handala\u00a0\u00bb, tout le monde le conna\u00eet en Palestine. On le voit souvent en graffiti\u00a0: toujours de derri\u00e8re, les mains crois\u00e9es dans le dos, pieds nus, avec des v\u00eatements r\u00e9par\u00e9s et les quelques cheveux en brosse. Il a dix ans et ne vieillit jamais. Il est l\u00e0 et ne s&#8217;en va pas, il me tourne le dos et regarde ailleurs avec d\u00e9fi, il reste debout avec insistance, un t\u00e9moin obstin\u00e9 et muet.<\/p>\n<\/div><\/div><div class=\"g-cols wpb_row via_grid cols_2-1 laptops-cols_inherit tablets-cols_inherit mobiles-cols_1 valign_top type_default stacking_default\" style=\"--columns-gap:3rem;\"><div class=\"wpb_column vc_column_container\"><div class=\"vc_column-inner\"><div class=\"wpb_text_column\"><div class=\"wpb_wrapper\"><p>Ce personnage a \u00e9t\u00e9 invent\u00e9 en 1969 au Kowe\u00eft par Naji Salim al-Ali, r\u00e9fugi\u00e9 palestinien et dessinateur de talent. Il a souvent sign\u00e9 ses caricatures avec ce petit personnage symbolique.<br \/>\nEn 1948, \u00e0 l&#8217;\u00e2ge de dix ans, Naji Salim al-Ali a d\u00fb se r\u00e9fugier au Liban \u00e0 cause de la Nakba. C&#8217;est pourquoi son Handala ne grandira que lorsqu&#8217;il sera de retour chez lui. En attendant, il tourne le dos \u00e0 l&#8217;occupation, t\u00e9moin muet de beaucoup d&#8217;injustice, de pauvret\u00e9 et de violence, et r\u00eave de retourner dans son pays et dans son village.<br \/>\nJusqu&#8217;en 1973, Handala est toujours rest\u00e9 immobile dans la m\u00eame posture. Depuis, il lui arrive de faire un pas, de s&#8217;activer, d&#8217;embrasser des bless\u00e9s, de participer \u00e0 une manifestation, de d\u00e9ployer le drapeau palestinien, de consoler un enfant triste ou de danser avec lui.<br \/>\n\u00ab\u00a0Handala\u00a0\u00bb est depuis longtemps une figure embl\u00e9-matique du peuple palestinien et incarne sa force de r\u00e9sistance et de vie.<br \/>\nSon nom provient d&#8217;une plante m\u00e9dicinale du d\u00e9sert, am\u00e8re et \u00e9pineuse, aux racines puissantes.<br \/>\nDe plus, \u00ab\u00a0Handala\u00a0\u00bb a presque la m\u00eame r\u00e9sonance que \u00ab\u00a0Hamdala\u00a0\u00bb qui signifie \u00ab\u00a0Dieu soit remerci\u00e9\u00a0\u00bb.<\/p>\n<p>B\u00e9atrice Battaglia<\/p>\n<h6><a href=\"https:\/\/wgt.ch\/wp-content\/uploads\/2023\/09\/Handala-\u2013-symbole-des-personnes-expulsees.pdf\" target=\"_blank\" rel=\"noopener\"><strong>Handala &#8211; Sy<\/strong><strong>mbole des personnes expuls\u00e9es<\/strong><strong>.pdf<\/strong><\/a><\/h6>\n<\/div><\/div><\/div><\/div><div class=\"wpb_column vc_column_container\"><div class=\"vc_column-inner\"><div class=\"w-image align_none meta_simple\"><div class=\"w-image-h\"><img decoding=\"async\" width=\"925\" height=\"1024\" src=\"https:\/\/wgt.ch\/wp-content\/uploads\/2023\/08\/Der-Zeichner-des-Baumes-\u00a9-Al-Tufula-Centre-925x1024.jpg\" class=\"attachment-large size-large\" alt=\"{:de}In \u00abDer Zeichner des Baumes\u00bb, Bilderbuch von Nabila Espanioly und Abdullah Qawariq in arabischer Sprache \u00a9 Al-Tufula-Centre{:}{:fr}Dans \u00ab Le dessinateur de l&#039;arbre \u00bb, livre d&#039;images de Nabila Espanioly et Abdullah Qawariq en arabe, \u00a9 Al-Tufula-Centre {:}{:it}Dal libro illustrato \u00abIl disegnatore dell&#039;albero\u00bb di Nabila Espanioly e Abdullah Qawariq in lingua araba. \u00a9 Al-Tufula-Centre {:}\" loading=\"lazy\" srcset=\"https:\/\/wgt.ch\/wp-content\/uploads\/2023\/08\/Der-Zeichner-des-Baumes-\u00a9-Al-Tufula-Centre-925x1024.jpg 925w, https:\/\/wgt.ch\/wp-content\/uploads\/2023\/08\/Der-Zeichner-des-Baumes-\u00a9-Al-Tufula-Centre-271x300.jpg 271w, https:\/\/wgt.ch\/wp-content\/uploads\/2023\/08\/Der-Zeichner-des-Baumes-\u00a9-Al-Tufula-Centre-1387x1536.jpg 1387w, https:\/\/wgt.ch\/wp-content\/uploads\/2023\/08\/Der-Zeichner-des-Baumes-\u00a9-Al-Tufula-Centre-1849x2048.jpg 1849w\" sizes=\"auto, (max-width: 925px) 100vw, 925px\" \/><\/div><div class=\"w-image-meta\"><div class=\"w-image-title\">Der Zeichner des Baumes \u00a9 Al-Tufula-Centre<\/div><\/div><\/div><\/div><\/div><\/div><\/div><\/div><\/div><\/div><\/section>\n","protected":false},"excerpt":{"rendered":"{:de} Handala \u2013 Symbolfigur der Vertriebenen Handala links\u00a9Pia Tschupp-rechts\u00a9Al-Tufula-Centre\u00abHandala\u00bb kennen in Pal\u00e4stina alle. Er ist oft als Graffiti zu sehen: immer von hinten, die H\u00e4nde auf dem R\u00fccken verschr\u00e4nkt, barfuss, mit geflickten Kleidern und einer Stoppelfrisur aus wenigen Haaren. Zehnj\u00e4hrig ist er und wird nicht \u00e4lter. Er steht da und geht nicht weg, dreht mir...","protected":false},"author":5,"featured_media":0,"parent":27468,"menu_order":13,"comment_status":"closed","ping_status":"closed","template":"","meta":{"_acf_changed":false,"footnotes":""},"class_list":["post-27862","page","type-page","status-publish","hentry"],"translation":{"provider":"WPGlobus","version":"3.0.2","language":"fr","enabled_languages":["de","fr","it"],"languages":{"de":{"title":true,"content":true,"excerpt":false},"fr":{"title":false,"content":true,"excerpt":false},"it":{"title":false,"content":true,"excerpt":false}}},"acf":[],"_links":{"self":[{"href":"https:\/\/wgt.ch\/fr\/wp-json\/wp\/v2\/pages\/27862","targetHints":{"allow":["GET"]}}],"collection":[{"href":"https:\/\/wgt.ch\/fr\/wp-json\/wp\/v2\/pages"}],"about":[{"href":"https:\/\/wgt.ch\/fr\/wp-json\/wp\/v2\/types\/page"}],"author":[{"embeddable":true,"href":"https:\/\/wgt.ch\/fr\/wp-json\/wp\/v2\/users\/5"}],"replies":[{"embeddable":true,"href":"https:\/\/wgt.ch\/fr\/wp-json\/wp\/v2\/comments?post=27862"}],"version-history":[{"count":21,"href":"https:\/\/wgt.ch\/fr\/wp-json\/wp\/v2\/pages\/27862\/revisions"}],"predecessor-version":[{"id":28365,"href":"https:\/\/wgt.ch\/fr\/wp-json\/wp\/v2\/pages\/27862\/revisions\/28365"}],"up":[{"embeddable":true,"href":"https:\/\/wgt.ch\/fr\/wp-json\/wp\/v2\/pages\/27468"}],"wp:attachment":[{"href":"https:\/\/wgt.ch\/fr\/wp-json\/wp\/v2\/media?parent=27862"}],"curies":[{"name":"wp","href":"https:\/\/api.w.org\/{rel}","templated":true}]}}