{"id":27963,"date":"2023-09-06T12:03:33","date_gmt":"2023-09-06T10:03:33","guid":{"rendered":"https:\/\/wgt.ch\/?page_id=27963"},"modified":"2024-07-03T11:12:20","modified_gmt":"2024-07-03T09:12:20","slug":"downloads-palaestina-2024","status":"publish","type":"page","link":"https:\/\/wgt.ch\/fr\/downloads-palaestina-2024\/","title":{"rendered":"T\u00e9l\u00e9chargements Palestine 2024"},"content":{"rendered":"<section class=\"l-section wpb_row height_small\"><div class=\"l-section-h i-cf\"><div class=\"g-cols vc_row via_grid cols_1 laptops-cols_inherit tablets-cols_inherit mobiles-cols_1 valign_top type_default stacking_default\"><div class=\"wpb_column vc_column_container\"><div class=\"vc_column-inner\"><h2 class=\"w-post-elm post_title entry-title color_link_inherit\">T\u00e9l\u00e9chargements Palestine 2024<\/h2><div class=\"wpb_text_column\"><div class=\"wpb_wrapper\"><ul>\n<li>\n<h6><a href=\"https:\/\/wgt.ch\/wp-content\/uploads\/2024\/02\/Priere-additionnelle-JMP-2024-Palestine.pdf\" target=\"_blank\" rel=\"noopener\"><strong>Pri\u00e8re additionnelle JMP 2024 Palestine.pdf<\/strong><\/a> &#8211; Comit\u00e9 JMP Palestine en f\u00e9vrier 2024<\/h6>\n<\/li>\n<li>\n<h6><a href=\"https:\/\/wgt.ch\/wp-content\/uploads\/2024\/02\/Priere-additionnelle-2x-sur-A4-JMP-2024-Palestine.pdf\" target=\"_blank\" rel=\"noopener\"><strong>Pri\u00e8re additionnelle 2x sur A4 JMP 2024 Palestine.pdf<\/strong><\/a><\/h6>\n<\/li>\n<li>\n<h6><a href=\"https:\/\/wgt.ch\/wp-content\/uploads\/2023\/10\/Quelques-eclaircissements-du-comite-suisse-de-la-JMP-concernant-la-presente-liturgie-de-Palestine.pdf\" target=\"_blank\" rel=\"noopener\"><strong>Quelques \u00e9claircissements du comit\u00e9 suisse de la Journ\u00e9e mondiale de pri\u00e8re concernant la pr\u00e9sente liturgie de Palestine<\/strong><\/a> &#8211; avril 2023<\/h6>\n<\/li>\n<\/ul>\n<\/div><\/div><\/div><\/div><\/div><\/div><\/section><section class=\"l-section wpb_row height_small\"><div class=\"l-section-h i-cf\"><div class=\"g-cols vc_row via_grid cols_1 laptops-cols_inherit tablets-cols_inherit mobiles-cols_1 valign_top type_default stacking_default\"><div class=\"g-cols wpb_row via_grid cols_3 laptops-cols_inherit tablets-cols_inherit mobiles-cols_1 valign_top type_default stacking_default\" style=\"--columns-gap:3rem;\"><div class=\"wpb_column vc_column_container\"><div class=\"vc_column-inner\"><div class=\"wpb_text_column\"><div class=\"wpb_wrapper\"><h5><strong>Le logo &#8211; Nouveau design d\u00e8s 2022<\/strong><\/h5>\n<\/div><\/div><div class=\"w-image align_center meta_simple\"><a ref=\"magnificPopup\" href=\"https:\/\/wgt.ch\/wp-content\/uploads\/2022\/11\/WGT-CH-Logo-transparent-352-px.png\" aria-label=\"WGT CH Logo transparent 352 px\" class=\"w-image-h\"><img decoding=\"async\" width=\"300\" height=\"300\" src=\"https:\/\/wgt.ch\/wp-content\/uploads\/2022\/11\/WGT-CH-Logo-transparent-352-px-300x300.png\" class=\"attachment-medium size-medium\" alt=\"{:de}WGT-CH Logo transparent 352 px{:}{:fr}JMP-CH Logo transparent 352 px{:}{:it}GMP-CH Logo trasparente 352 px{:}\" loading=\"lazy\" srcset=\"https:\/\/wgt.ch\/wp-content\/uploads\/2022\/11\/WGT-CH-Logo-transparent-352-px-300x300.png 300w, https:\/\/wgt.ch\/wp-content\/uploads\/2022\/11\/WGT-CH-Logo-transparent-352-px-150x150.png 150w, https:\/\/wgt.ch\/wp-content\/uploads\/2022\/11\/WGT-CH-Logo-transparent-352-px.png 352w\" sizes=\"auto, (max-width: 300px) 100vw, 300px\" \/><\/a><div class=\"w-image-meta\"><div class=\"w-image-title\">WGT CH Logo transparent 352 px<\/div><\/div><\/div><div class=\"w-separator size_small\"><\/div><\/div><\/div><div class=\"wpb_column vc_column_container\"><div class=\"vc_column-inner\"><div class=\"w-image align_none meta_simple\"><a ref=\"magnificPopup\" href=\"https:\/\/wgt.ch\/wp-content\/uploads\/2023\/04\/Titelbild-WGT-2024-Palaestina-von-Halima-Aziz.jpg\" aria-label=\"Titelbild WGT 2024 Pal\u00e4stina von Halima Aziz\" class=\"w-image-h\"><img decoding=\"async\" width=\"726\" height=\"1024\" src=\"https:\/\/wgt.ch\/wp-content\/uploads\/2023\/04\/Titelbild-WGT-2024-Palaestina-von-Halima-Aziz-726x1024.jpg\" class=\"attachment-large size-large\" alt=\"{:de}Titelbild WGT 2024 Pal\u00e4stina von Halima Aziz{:}{:fr}Image de couverture JMP 2024 Palestine de Halima Aziz{:}{:it}Il frontespizio GMP 2024 Palestina de Halima Aziz{:}\" loading=\"lazy\" srcset=\"https:\/\/wgt.ch\/wp-content\/uploads\/2023\/04\/Titelbild-WGT-2024-Palaestina-von-Halima-Aziz-726x1024.jpg 726w, https:\/\/wgt.ch\/wp-content\/uploads\/2023\/04\/Titelbild-WGT-2024-Palaestina-von-Halima-Aziz-213x300.jpg 213w, https:\/\/wgt.ch\/wp-content\/uploads\/2023\/04\/Titelbild-WGT-2024-Palaestina-von-Halima-Aziz-1089x1536.jpg 1089w, https:\/\/wgt.ch\/wp-content\/uploads\/2023\/04\/Titelbild-WGT-2024-Palaestina-von-Halima-Aziz.jpg 1375w\" sizes=\"auto, (max-width: 726px) 100vw, 726px\" \/><\/a><div class=\"w-image-meta\"><div class=\"w-image-title\">Titelbild WGT 2024 Pal\u00e4stina von Halima Aziz<\/div><\/div><\/div><div class=\"w-separator size_small\"><\/div><\/div><\/div><div class=\"wpb_column vc_column_container\"><div class=\"vc_column-inner\"><div class=\"w-image align_none meta_simple\"><a ref=\"magnificPopup\" href=\"https:\/\/wgt.ch\/wp-content\/uploads\/2023\/09\/Bild-Olive-Tree-von-Anoush-Vosguerichian-scaled.jpg\" aria-label=\"Olive Tree von Anoush Vosguerichian\" class=\"w-image-h\"><img decoding=\"async\" width=\"617\" height=\"1024\" src=\"https:\/\/wgt.ch\/wp-content\/uploads\/2023\/09\/Bild-Olive-Tree-von-Anoush-Vosguerichian-617x1024.jpg\" class=\"attachment-large size-large\" alt=\"{:de}Olive Tree von Anoush Vosguerichian{:}{:fr}Olive Tree de Anoush Vosguerichian{:}{:it}Olive Tree de Anoush Vosguerichian{:}\" loading=\"lazy\" srcset=\"https:\/\/wgt.ch\/wp-content\/uploads\/2023\/09\/Bild-Olive-Tree-von-Anoush-Vosguerichian-617x1024.jpg 617w, https:\/\/wgt.ch\/wp-content\/uploads\/2023\/09\/Bild-Olive-Tree-von-Anoush-Vosguerichian-181x300.jpg 181w, https:\/\/wgt.ch\/wp-content\/uploads\/2023\/09\/Bild-Olive-Tree-von-Anoush-Vosguerichian-925x1536.jpg 925w, https:\/\/wgt.ch\/wp-content\/uploads\/2023\/09\/Bild-Olive-Tree-von-Anoush-Vosguerichian-1233x2048.jpg 1233w, https:\/\/wgt.ch\/wp-content\/uploads\/2023\/09\/Bild-Olive-Tree-von-Anoush-Vosguerichian-scaled.jpg 1542w\" sizes=\"auto, (max-width: 617px) 100vw, 617px\" \/><\/a><div class=\"w-image-meta\"><div class=\"w-image-title\">Olive Tree von Anoush Vosguerichian<\/div><\/div><\/div><div class=\"w-separator size_small\"><\/div><\/div><\/div><\/div><div class=\"wpb_column vc_column_container\"><div class=\"vc_column-inner\"><div class=\"w-separator size_small\"><\/div><div class=\"wpb_text_column\"><div class=\"wpb_wrapper\"><h5><strong>1 L&#8217;olivier<\/strong><\/h5>\n<ul>\n<li><a ref=\"magnificPopup\" href=\"https:\/\/wgt.ch\/wp-content\/uploads\/2023\/10\/Olivenbaum-\u00a9Pia-Tschupp.jpg\" target=\"_blank\" rel=\"noopener\">Image de l&#8217;olivier<\/a><\/li>\n<li><a href=\"https:\/\/wgt.ch\/wp-content\/uploads\/2023\/10\/1-Lolivier-ou-larbre-a-huile-fiche-description.pdf\" target=\"_blank\" rel=\"noopener\">L&#8217;olivier ou l&#8217;arbre \u00e0 huile &#8211; fiche descriptive<\/a><\/li>\n<li><a href=\"https:\/\/wgt.ch\/wp-content\/uploads\/2023\/10\/2-Lolivier-dans-la-Bible.pdf\" target=\"_blank\" rel=\"noopener\">L&#8217;olivier dans la Bible<\/a><\/li>\n<li><a href=\"https:\/\/wgt.ch\/wp-content\/uploads\/2023\/10\/3-Le-rameau-dolivier-comme-symbole-et-autres-infos.pdf\" target=\"_blank\" rel=\"noopener\">Le rameau d&#8217;olivier comme symbole et autres informations autour de l&#8217;olivier<\/a><\/li>\n<\/ul>\n<\/div><\/div><div class=\"w-separator size_small\"><\/div><div class=\"wpb_text_column\"><div class=\"wpb_wrapper\"><h5><strong>2\u00a0<\/strong><b><span data-contrast=\"auto\">Conception de la liturgie<\/span><\/b><span data-ccp-props=\"{&quot;201341983&quot;:0,&quot;335559738&quot;:100,&quot;335559739&quot;:100,&quot;335559740&quot;:240,&quot;469777462&quot;:&#091;7655&#093;,&quot;469777927&quot;:&#091;0&#093;,&quot;469777928&quot;:&#091;4&#093;}\">\u00a0<\/span><\/h5>\n<ul>\n<li><a href=\"https:\/\/wgt.ch\/wp-content\/uploads\/2023\/10\/Presentation-collecte-lors-celebration-JMP-Palestine.pdf\" target=\"_blank\" rel=\"noopener\">Pr\u00e9sentation de la collecte lors de la c\u00e9l\u00e9bration de la JMP avec Khulud de Palestine<\/a><\/li>\n<li><a href=\"https:\/\/wgt.ch\/wp-content\/uploads\/2023\/10\/Presentation-collecte-Afghanistan-Sages-femmes.pdf\" target=\"_blank\" rel=\"noopener\">Pr\u00e9sentation de la collecte lors de la c\u00e9l\u00e9bration de la JMP avec Jamila d&#8217;Afghanistan<\/a><\/li>\n<li><a href=\"https:\/\/wgt.ch\/wp-content\/uploads\/2023\/09\/Aboun-dBishmayo-Lords-Prayer-in-Aramaic.mp3\" target=\"_blank\" rel=\"noopener\">Notre P\u00e8re : en aram\u00e9en pour \u00e9couter.mp3<\/a><\/li>\n<li><a href=\"https:\/\/wgt.ch\/wp-content\/uploads\/2023\/12\/Service-oecumenique-Sally-Azar.pdf\" target=\"_blank\" rel=\"noopener\">Service \u0153cum\u00e9nique Sally Azar<\/a><\/li>\n<li><a href=\"https:\/\/wgt.ch\/wp-content\/uploads\/2024\/01\/JMP-2024-Palestine-Liturgie-structure-FR.pdf\" target=\"_blank\" rel=\"noopener\">JMP 2024 Palestine Liturgie-structure.pdf<\/a><\/li>\n<li><a href=\"https:\/\/wgt.ch\/wp-content\/uploads\/2024\/01\/JMP-2024-Palestine-Liturgie-structure-FR.docx\" target=\"_blank\" rel=\"noopener\">JMP 2024 Palestine Liturgie-structure.docx<\/a><\/li>\n<\/ul>\n<\/div><\/div><div class=\"w-separator size_small\"><\/div><div class=\"wpb_text_column\"><div class=\"wpb_wrapper\"><h5><strong>3 <\/strong><b><span data-contrast=\"auto\">\u00c9tude biblique : \u00c9ph\u00e9siens 4:1-7<\/span><\/b><span data-ccp-props=\"{&quot;201341983&quot;:0,&quot;335559738&quot;:100,&quot;335559739&quot;:100,&quot;335559740&quot;:240,&quot;469777462&quot;:&#091;7655&#093;,&quot;469777927&quot;:&#091;0&#093;,&quot;469777928&quot;:&#091;4&#093;}\">\u00a0<\/span><\/h5>\n<ul>\n<li><a href=\"https:\/\/wgt.ch\/wp-content\/uploads\/2023\/10\/01-Deroulement-du-travail-biblique.pdf\" target=\"_blank\" rel=\"noopener\">1 D\u00e9roulement du travail biblique<\/a><\/li>\n<li><a href=\"https:\/\/wgt.ch\/wp-content\/uploads\/2023\/10\/02-Ephesiens-41-7-grecanglais-et-francais.pdf\" target=\"_blank\" rel=\"noopener\">2 \u00c9ph\u00e9siens 4:1-7 grec, anglais et fran\u00e7ais<\/a><\/li>\n<li>3 Explications du texte biblique seulement en allemand<\/li>\n<li><a href=\"https:\/\/wgt.ch\/wp-content\/uploads\/2023\/10\/04-Passages-cle-du-texte-biblique.pdf\" target=\"_blank\" rel=\"noopener\">4 <span class=\"TextRun SCXW156358897 BCX2\" lang=\"FR-CH\" xml:lang=\"FR-CH\" data-contrast=\"none\"><span class=\"NormalTextRun SCXW156358897 BCX2\">Passages cl\u00e9s du texte biblique<\/span><\/span><\/a><\/li>\n<li><a href=\"https:\/\/wgt.ch\/wp-content\/uploads\/2023\/10\/05-Homiletique-Interpretation-avec-notes-de-bas-de-page.pdf\" target=\"_blank\" rel=\"noopener\">5 Homil\u00e9tique &#8211; Interpr\u00e9tation avec notes de bas de page<\/a><\/li>\n<li><a href=\"https:\/\/wgt.ch\/wp-content\/uploads\/2023\/10\/06-Fiches-de-travail-en-groupe-Face-au-texte.pdf\" target=\"_blank\" rel=\"noopener\"><span class=\"TextRun SCXW258852891 BCX2\" lang=\"FR-CH\" xml:lang=\"FR-CH\" data-contrast=\"auto\"><span class=\"NormalTextRun SCXW258852891 BCX2\">6 <\/span><span class=\"NormalTextRun SCXW258852891 BCX2\">Fiches<\/span><span class=\"NormalTextRun SCXW258852891 BCX2\"> de travail en groupe &#8211; Face au texte<\/span><\/span><\/a><\/li>\n<li><a href=\"https:\/\/wgt.ch\/wp-content\/uploads\/2023\/10\/07-Feuilles-de-travail-en-groupe-Lien-vers-sa-propre-vie.pdf\" target=\"_blank\" rel=\"noopener\"><span class=\"TextRun SCXW258852891 BCX2\" lang=\"FR-CH\" xml:lang=\"FR-CH\" data-contrast=\"auto\"><span class=\"NormalTextRun SCXW258852891 BCX2\">7 <\/span><span class=\"NormalTextRun SCXW258852891 BCX2\">Feuilles<\/span><span class=\"NormalTextRun SCXW258852891 BCX2\"> de travail en groupe- Lien vers sa propre vie<\/span><\/span><\/a><\/li>\n<li><a href=\"https:\/\/wgt.ch\/wp-content\/uploads\/2023\/10\/08-Modele-de-feuille-dolivier.pdf\" target=\"_blank\" rel=\"noopener\"><span class=\"TextRun SCXW258852891 BCX2\" lang=\"FR-CH\" xml:lang=\"FR-CH\" data-contrast=\"auto\"><span class=\"NormalTextRun SCXW258852891 BCX2\">8 <\/span><span class=\"NormalTextRun SCXW258852891 BCX2\">Mod\u00e8le<\/span> <span class=\"NormalTextRun SCXW258852891 BCX2\">de feuille d\u2019o<\/span><span class=\"NormalTextRun SCXW258852891 BCX2\">livier<\/span><\/span><\/a><\/li>\n<li><a href=\"https:\/\/wgt.ch\/wp-content\/uploads\/2023\/10\/09-Carte-de-paroisses-chretiennes-dAsie-Mineure.pdf\" target=\"_blank\" rel=\"noopener\"><span class=\"TextRun SCXW16609655 BCX2\" lang=\"FR-CH\" xml:lang=\"FR-CH\" data-contrast=\"auto\"><span class=\"NormalTextRun SCXW16609655 BCX2\">9 <\/span><span class=\"NormalTextRun SCXW16609655 BCX2\">Carte<\/span><span class=\"NormalTextRun SCXW16609655 BCX2\"> de paroisses<\/span><span class=\"NormalTextRun SCXW16609655 BCX2\"> chr\u00e9tiennes <\/span><span class=\"NormalTextRun SCXW16609655 BCX2\">d\u2019<\/span><span class=\"NormalTextRun SCXW16609655 BCX2\">Asie Mineure<\/span><\/span><\/a><\/li>\n<\/ul>\n<\/div><\/div><div class=\"w-separator size_small\"><\/div><div class=\"wpb_text_column\"><div class=\"wpb_wrapper\"><h5><strong>4 C\u00e9l\u00e9bration avec les enfants<\/strong><\/h5>\n<ul>\n<li><a href=\"https:\/\/wgt.ch\/wp-content\/uploads\/2023\/09\/Histoire-Etoile-de-Bethleem.pdf\" target=\"_blank\" rel=\"noopener\">Histoire &#8211; L\u2019\u00e9toile de Bethl\u00e9em<\/a><\/li>\n<li><a href=\"https:\/\/wgt.ch\/wp-content\/uploads\/2023\/09\/Quatre-expressions-arabes.pdf\" target=\"_blank\" rel=\"noopener\">Quatre expressions arabes<\/a><\/li>\n<li><a ref=\"magnificPopup\" href=\"https:\/\/wgt.ch\/wp-content\/uploads\/2023\/09\/Bild-Olive-Tree-von-Anoush-Vosguerichian-scaled.jpg\" target=\"_blank\" rel=\"noopener\"><span class=\"TextRun SCXW224476134 BCX2\" lang=\"DE-CH\" xml:lang=\"DE-CH\" data-contrast=\"auto\"><span class=\"NormalTextRun SCXW224476134 BCX2\">Olive <\/span><span class=\"NormalTextRun SpellingErrorV2Themed SCXW224476134 BCX2\">Tree<\/span><span class=\"NormalTextRun SCXW224476134 BCX2\"> de <\/span><\/span><span class=\"TextRun Highlight SCXW224476134 BCX2\" lang=\"DE-CH\" xml:lang=\"DE-CH\" data-contrast=\"auto\"><span class=\"NormalTextRun SpellingErrorV2Themed SCXW224476134 BCX2\">Anoush<\/span> <span class=\"NormalTextRun SpellingErrorV2Themed SCXW224476134 BCX2\">Vosguerichian<\/span><\/span><\/a><\/li>\n<li><a href=\"https:\/\/wgt.ch\/wp-content\/uploads\/2023\/10\/Partout-Dieu-est-la-Andrew-Bond.pdf\" target=\"_blank\" rel=\"noopener\">Chant &#8211; Partout Dieu est la\u0300 &#8211; Andrew Bond<\/a><\/li>\n<\/ul>\n<\/div><\/div><div class=\"w-separator size_small\"><\/div><div class=\"wpb_text_column\"><div class=\"wpb_wrapper\"><h5><strong>5 Danse<\/strong><\/h5>\n<ul>\n<li><a href=\"https:\/\/wgt.ch\/wp-content\/uploads\/2023\/09\/Dabkeh-\u2013-danse-populaire-de-Palestine.pdf\" target=\"_blank\" rel=\"noopener\">Dabkeh \u2013 danse populaire de Palestine<\/a><\/li>\n<\/ul>\n<\/div><\/div><div class=\"w-separator size_small\"><\/div><div class=\"wpb_text_column\"><div class=\"wpb_wrapper\"><h5><strong>6 <\/strong><b><span data-contrast=\"auto\">Id\u00e9es cr\u00e9atives<\/span><\/b><\/h5>\n<ul>\n<li><a href=\"https:\/\/wgt.ch\/wp-content\/uploads\/2023\/10\/1-Rameau-dolivier_Photophores_Huile-donction.pdf\" target=\"_blank\" rel=\"noopener\">Rameau d&#8217;olivier Photophores Huile d&#8217;onction<\/a><\/li>\n<li><a href=\"https:\/\/wgt.ch\/wp-content\/uploads\/2023\/10\/2-La-colle-magique-et-main-dans-la-main.pdf\" target=\"_blank\" rel=\"noopener\"><span data-contrast=\"auto\">La colle magique et main dans la main<\/span><\/a><\/li>\n<li><a href=\"https:\/\/wgt.ch\/wp-content\/uploads\/2023\/10\/3-Origami-colombe-de-la-paix-et-guide-de-pliage.pdf\" target=\"_blank\" rel=\"noopener\"><span data-contrast=\"none\">Origami colombe de la paix et guide de pliage<\/span><\/a><\/li>\n<li><a href=\"https:\/\/wgt.ch\/wp-content\/uploads\/2023\/10\/4-Olivier-Mots-croises-I.pdf\" target=\"_blank\" rel=\"noopener\">Olivier Mots crois\u00e9s I<\/a><\/li>\n<li><a href=\"https:\/\/wgt.ch\/wp-content\/uploads\/2023\/10\/5-Olivier-Mots-croises-I-Solution.pdf\" target=\"_blank\" rel=\"noopener\"><span data-contrast=\"auto\">Olivier Mots crois\u00e9s I Solution<\/span><\/a><\/li>\n<li><a href=\"https:\/\/wgt.ch\/wp-content\/uploads\/2023\/10\/6-Olivier-Mots-croises-II.pdf\" target=\"_blank\" rel=\"noopener\"><span data-contrast=\"auto\">Olivier Mots crois\u00e9s II<\/span><\/a><\/li>\n<li><a href=\"https:\/\/wgt.ch\/wp-content\/uploads\/2023\/10\/7-Olivier-Mots-croises-II-Solution.pdf\" target=\"_blank\" rel=\"noopener\"><span data-contrast=\"auto\">Olivier Mots crois\u00e9s II Solution<\/span><\/a><\/li>\n<\/ul>\n<\/div><\/div><div class=\"w-separator size_small\"><\/div><div class=\"wpb_text_column\"><div class=\"wpb_wrapper\"><h5><strong>7 <\/strong><b><span data-contrast=\"auto\">Femmes <\/span><\/b><b><span data-contrast=\"auto\">courageuses<\/span><\/b><\/h5>\n<ul>\n<li><a href=\"https:\/\/wgt.ch\/wp-content\/uploads\/2023\/10\/Portrait-dAmal-Shanty-Coordinatrice-de-projets.pdf\" target=\"_blank\" rel=\"noopener\"><span data-ccp-props=\"{&quot;201341983&quot;:0,&quot;335559738&quot;:100,&quot;335559739&quot;:100,&quot;335559740&quot;:240,&quot;469777462&quot;:&#091;7655&#093;,&quot;469777927&quot;:&#091;0&#093;,&quot;469777928&quot;:&#091;4&#093;}\">Amal Shanti <\/span><\/a><\/li>\n<li><a href=\"https:\/\/wgt.ch\/wp-content\/uploads\/2023\/10\/Portrait-Nora-Carmi-JMP-Palestine.pdf\" target=\"_blank\" rel=\"noopener\"><span data-ccp-props=\"{&quot;201341983&quot;:0,&quot;335559738&quot;:100,&quot;335559739&quot;:100,&quot;335559740&quot;:240,&quot;469777462&quot;:&#091;7655&#093;,&quot;469777927&quot;:&#091;0&#093;,&quot;469777928&quot;:&#091;4&#093;}\">Nora Carmi<\/span><\/a><\/li>\n<\/ul>\n<\/div><\/div><div class=\"w-separator size_small\"><\/div><div class=\"wpb_text_column\"><div class=\"wpb_wrapper\"><h5><strong>10 Informations sur le pays et ses habitants destin\u00e9es aux enfants\u00a0<\/strong><\/h5>\n<ul>\n<li><a href=\"https:\/\/wgt.ch\/wp-content\/uploads\/2023\/10\/Loiseau-de-Sitti.pdf\" target=\"_blank\" rel=\"noopener\"><span class=\"TextRun SCXW103150181 BCX2\" lang=\"DE-CH\" xml:lang=\"DE-CH\" data-contrast=\"auto\"><span class=\"NormalTextRun SpellingErrorV2Themed SCXW103150181 BCX2\">L&#8217;oiseau<\/span><span class=\"NormalTextRun SCXW103150181 BCX2\"> de <\/span><span class=\"NormalTextRun SpellingErrorV2Themed SCXW103150181 BCX2\">Sitti<\/span> <span class=\"NormalTextRun SCXW103150181 BCX2\">&#8211;<\/span> <span class=\"NormalTextRun SpellingErrorV2Themed SCXW103150181 BCX2\">petite<\/span> <span class=\"NormalTextRun SCXW103150181 BCX2\">histoire<\/span><\/span><\/a><\/li>\n<li><a href=\"https:\/\/wgt.ch\/wp-content\/uploads\/2023\/10\/Voyage-et-parcours-sensoriels-pour-enfants-et-ados.pdf\" target=\"_blank\" rel=\"noopener\">Parcours sensoriel pour les jeunes enfants<\/a><\/li>\n<\/ul>\n<\/div><\/div><div class=\"w-separator size_small\"><\/div><div class=\"wpb_text_column\"><div class=\"wpb_wrapper\"><h5><strong>11 <\/strong><b><span data-contrast=\"auto\">Descriptions d\u00e9taill\u00e9es des projets<\/span><\/b><span data-ccp-props=\"{&quot;201341983&quot;:0,&quot;335559738&quot;:100,&quot;335559739&quot;:100,&quot;335559740&quot;:240,&quot;469777462&quot;:&#091;7655&#093;,&quot;469777927&quot;:&#091;0&#093;,&quot;469777928&quot;:&#091;4&#093;}\">\u00a0<\/span><\/h5>\n<ul>\n<li><span data-contrast=\"none\"><a href=\"https:\/\/wgt.ch\/wp-content\/uploads\/2023\/09\/Informations-sur-lequipe-des-projets-de-la-JMP.pdf\" target=\"_blank\" rel=\"noopener\">Informations sur l&#8217;\u00e9quipe des projets de la JMP<\/a><\/span><\/li>\n<li><a href=\"https:\/\/wgt.ch\/wp-content\/uploads\/2023\/09\/Des-femmes-bedouines-fabriquent-des-jouets-durables-pour-enfants.pdf\" target=\"_blank\" rel=\"noopener\">Des femmes b\u00e9douines fabriquent des jouets durables pour enfants<\/a><\/li>\n<li><a href=\"https:\/\/wgt.ch\/wp-content\/uploads\/2023\/09\/Formation-et-initiation-a-la-paix-des-femmes-et-des-jeunes.pdf\" target=\"_blank\" rel=\"noopener\">Formation et initiation \u00e0 la paix des femmes et des jeune<\/a><\/li>\n<li><a href=\"https:\/\/wgt.ch\/wp-content\/uploads\/2023\/09\/Mobilisation-des-jeunes-femmes-et-des-jeunes-hommes-contre-la-violence.pdf\" target=\"_blank\" rel=\"noopener\">Mobilisation des jeunes femmes et des jeunes hommes contre la violence fond\u00e9e sur le genre<\/a><\/li>\n<li><a href=\"https:\/\/wgt.ch\/wp-content\/uploads\/2023\/09\/Promouvoir-les-petites-entreprises-des-femmes-dans-la-bande-de-Gaza.DOC.pdf\" target=\"_blank\" rel=\"noopener\">Promouvoir les petites entreprises des femmes dans la bande de Gaza<\/a><\/li>\n<li><a href=\"https:\/\/wgt.ch\/wp-content\/uploads\/2023\/09\/Former-des-infirmieres-de-sante-publique-pour-la-Cisjordanie.pdf\" target=\"_blank\" rel=\"noopener\"><span data-contrast=\"none\">Former des infirmi\u00e8res de sant\u00e9 publique pour la Cisjordanie <\/span><\/a><\/li>\n<li><a href=\"https:\/\/wgt.ch\/wp-content\/uploads\/2023\/09\/Soutien-psychosocial-aux-femmes-de-la-bande-de-Gaza.pdf\" target=\"_blank\" rel=\"noopener\">Soutien psychosocial aux femmes de la bande de Gaza<\/a><\/li>\n<li><a href=\"https:\/\/wgt.ch\/wp-content\/uploads\/2023\/09\/Permettre-lacces-aux-soins-preventifs-et-obstetriques.pdf\" target=\"_blank\" rel=\"noopener\"><span data-contrast=\"none\">Afghanistan\u202f:<\/span><span data-contrast=\"none\"> Permettre l&#8217;acc\u00e8s aux soins pr\u00e9ventifs et obst\u00e9triques<\/span><\/a><\/li>\n<li><a href=\"https:\/\/wgt.ch\/wp-content\/uploads\/2023\/09\/Permettre-aux-femmes-traumatisees-de-sintegrer.pdf\" target=\"_blank\" rel=\"noopener\"><span data-contrast=\"none\"> RD Congo\u202f<\/span><span data-contrast=\"none\">:<\/span><span data-contrast=\"none\"> Permettre aux femmes traumatis\u00e9es de s&#8217;int\u00e9grer sur le plan social et \u00e9conomique<\/span><\/a><span data-ccp-props=\"{&quot;201341983&quot;:0,&quot;335559685&quot;:176,&quot;335559739&quot;:0,&quot;335559740&quot;:276,&quot;335559991&quot;:142}\">\u00a0<\/span><\/li>\n<\/ul>\n<\/div><\/div><div class=\"wpb_text_column\"><div class=\"wpb_wrapper\"><ul>\n<li><a href=\"https:\/\/wgt.ch\/fr\/downloads-palaestina-2024\/bilder-zu-projekten-2024-palaestina\/\" target=\"_blank\" rel=\"noopener\">Photos des projets 2024 Palestine<\/a><\/li>\n<\/ul>\n<\/div><\/div><div class=\"w-separator size_small\"><\/div><div class=\"wpb_text_column\"><div class=\"wpb_wrapper\"><h5><strong>12 Liste des m\u00e9dias et liens<\/strong><\/h5>\n<ul>\n<li><a href=\"https:\/\/wgt.ch\/wp-content\/uploads\/2023\/12\/Liens-chants-musique-danse.pdf\" target=\"_blank\" rel=\"noopener\">Liens chants musique danse<\/a><\/li>\n<\/ul>\n<\/div><\/div><div class=\"w-separator size_small\"><\/div><div class=\"wpb_text_column\"><div class=\"wpb_wrapper\"><h5><strong>13 Corrections<\/strong><\/h5>\n<ul>\n<li><a href=\"https:\/\/wgt.ch\/wp-content\/uploads\/2023\/10\/Fatayer-recette-corrigee_.pdf\" target=\"_blank\" rel=\"noopener\">Fatayer \u2013 Recette corrig\u00e9e<\/a><\/li>\n<li><a href=\"https:\/\/wgt.ch\/wp-content\/uploads\/2023\/11\/Maamul-Recette-corrigee.pdf\" target=\"_blank\" rel=\"noopener\">Maamul &#8211; Recette corrig\u00e9e<\/a><\/li>\n<li><a href=\"https:\/\/wgt.ch\/wp-content\/uploads\/2023\/12\/Chants-de-la-liturgie-Information-supplementaire.pdf\" target=\"_blank\" rel=\"noopener\">Chants de la liturgie &#8211; Information suppl\u00e9mentaire<\/a><\/li>\n<li><a href=\"https:\/\/wgt.ch\/wp-content\/uploads\/2023\/12\/Correction-Liturgie-2024-Palestine.pdf\" target=\"_blank\" rel=\"noopener\">Correction Liturgie<\/a><\/li>\n<\/ul>\n<\/div><\/div><div class=\"w-separator size_small\"><\/div><\/div><\/div><\/div><\/div><\/section>\n","protected":false},"excerpt":{"rendered":"{:de}T\u00e9l\u00e9chargements Palestine 2024 Material zur Vorbereitung der Feier &nbsp; Zusatzgebet WGT 2024 Pal\u00e4stina.pdf &#8211; WGT Komitee Pal\u00e4stina im Februar 2024 Zusatzgebet 2x auf A4 WGT 2024 Pal\u00e4stina.pdf Erkl\u00e4rung des schweizerischen Weltgebetstags-Komitees zur vorliegenden Liturgie aus Pal\u00e4stina &#8211; April 2023 Ank\u00fcndigungstext f\u00fcr lokale WGT-Feiern.pdf &nbsp; Logo Weltgebetstag Schweiz &#8211; neu seit 2022: WGT CH Logo transparent...","protected":false},"author":5,"featured_media":0,"parent":0,"menu_order":23,"comment_status":"closed","ping_status":"closed","template":"","meta":{"_acf_changed":false,"footnotes":""},"class_list":["post-27963","page","type-page","status-publish","hentry"],"translation":{"provider":"WPGlobus","version":"3.0.2","language":"fr","enabled_languages":["de","fr","it"],"languages":{"de":{"title":true,"content":true,"excerpt":false},"fr":{"title":true,"content":true,"excerpt":false},"it":{"title":true,"content":true,"excerpt":false}}},"acf":[],"_links":{"self":[{"href":"https:\/\/wgt.ch\/fr\/wp-json\/wp\/v2\/pages\/27963","targetHints":{"allow":["GET"]}}],"collection":[{"href":"https:\/\/wgt.ch\/fr\/wp-json\/wp\/v2\/pages"}],"about":[{"href":"https:\/\/wgt.ch\/fr\/wp-json\/wp\/v2\/types\/page"}],"author":[{"embeddable":true,"href":"https:\/\/wgt.ch\/fr\/wp-json\/wp\/v2\/users\/5"}],"replies":[{"embeddable":true,"href":"https:\/\/wgt.ch\/fr\/wp-json\/wp\/v2\/comments?post=27963"}],"version-history":[{"count":116,"href":"https:\/\/wgt.ch\/fr\/wp-json\/wp\/v2\/pages\/27963\/revisions"}],"predecessor-version":[{"id":34149,"href":"https:\/\/wgt.ch\/fr\/wp-json\/wp\/v2\/pages\/27963\/revisions\/34149"}],"wp:attachment":[{"href":"https:\/\/wgt.ch\/fr\/wp-json\/wp\/v2\/media?parent=27963"}],"curies":[{"name":"wp","href":"https:\/\/api.w.org\/{rel}","templated":true}]}}