{"id":29051,"date":"2023-10-24T16:56:36","date_gmt":"2023-10-24T14:56:36","guid":{"rendered":"https:\/\/wgt.ch\/?page_id=29051"},"modified":"2023-10-24T17:04:19","modified_gmt":"2023-10-24T15:04:19","slug":"nachdenken","status":"publish","type":"page","link":"https:\/\/wgt.ch\/fr\/fenster-zu-palaestina-s\/nachdenken\/","title":{"rendered":"Nachdenken"},"content":{"rendered":"<section class=\"l-section wpb_row height_small\"><div class=\"l-section-h i-cf\"><div class=\"g-cols vc_row via_grid cols_1 laptops-cols_inherit tablets-cols_inherit mobiles-cols_1 valign_top type_default stacking_default\"><div class=\"wpb_column vc_column_container\"><div class=\"vc_column-inner\"><div class=\"wpb_text_column\"><div class=\"wpb_wrapper\"><h2>Nachdenken mit Viola Raheb aus Bethlehem \u00fcber Denkmauern im eigenen Kopf<\/h2>\n<\/div><\/div><\/div><\/div><\/div><\/div><\/section><section class=\"l-section wpb_row height_small\"><div class=\"l-section-h i-cf\"><div class=\"g-cols vc_row via_grid cols_1 laptops-cols_inherit tablets-cols_inherit mobiles-cols_1 valign_top type_default stacking_default\"><div class=\"wpb_column vc_column_container\"><div class=\"vc_column-inner\"><div class=\"w-image align_none meta_simple\"><div class=\"w-image-h\"><img decoding=\"async\" width=\"2560\" height=\"1135\" src=\"https:\/\/wgt.ch\/wp-content\/uploads\/2023\/10\/Viola-Raheb-\u00a9WDPIC-und-Mauer-im-Kopf-Foto-Katrin-Wittwer-scaled.jpg\" class=\"attachment-full size-full\" alt=\"Viola Raheb, pal\u00e4stinensische Theologin aus Bethlehem, Foto \u00a9 WDPIC - Fotocollage \u00abMauer im Kopf\u00bb, Universit\u00e4t Dar al-Kalima, Bethlehem, Foto \u00a9 Katrin Wittwer\" loading=\"lazy\" srcset=\"https:\/\/wgt.ch\/wp-content\/uploads\/2023\/10\/Viola-Raheb-\u00a9WDPIC-und-Mauer-im-Kopf-Foto-Katrin-Wittwer-scaled.jpg 2560w, https:\/\/wgt.ch\/wp-content\/uploads\/2023\/10\/Viola-Raheb-\u00a9WDPIC-und-Mauer-im-Kopf-Foto-Katrin-Wittwer-300x133.jpg 300w, https:\/\/wgt.ch\/wp-content\/uploads\/2023\/10\/Viola-Raheb-\u00a9WDPIC-und-Mauer-im-Kopf-Foto-Katrin-Wittwer-1024x454.jpg 1024w, https:\/\/wgt.ch\/wp-content\/uploads\/2023\/10\/Viola-Raheb-\u00a9WDPIC-und-Mauer-im-Kopf-Foto-Katrin-Wittwer-1536x681.jpg 1536w, https:\/\/wgt.ch\/wp-content\/uploads\/2023\/10\/Viola-Raheb-\u00a9WDPIC-und-Mauer-im-Kopf-Foto-Katrin-Wittwer-2048x908.jpg 2048w\" sizes=\"auto, (max-width: 2560px) 100vw, 2560px\" \/><\/div><div class=\"w-image-meta\"><div class=\"w-image-title\">Viola Raheb \u00a9WDPIC und Mauer im Kopf Foto Katrin Wittwer<\/div><\/div><\/div><div class=\"w-separator size_small\"><\/div><div class=\"wpb_text_column\"><div class=\"wpb_wrapper\"><p style=\"text-align: right;\">ICH ODER ER<\/p>\n<p style=\"text-align: right;\">So beginnt der Krieg.<\/p>\n<p style=\"text-align: right;\">Doch er endet mit einer besch\u00e4menden Begegnung.<\/p>\n<p style=\"text-align: right;\">ICH UND ER<\/p>\n<p style=\"text-align: right;\">Mahmoud Darwish<\/p>\n<p>Ich hatte es leicht,<\/p>\n<p>als ich noch dachte, die Trennlinien im Nahostkonflikt<\/p>\n<p>w\u00fcrden entlang ethnischer, nationaler und religi\u00f6ser Grenzen verlaufen.<\/p>\n<p>&nbsp;<\/p>\n<p>Ich hatte es leicht,<\/p>\n<p>als ich noch dachte, die auf der hiesigen Seite<\/p>\n<p>seien meine \u00abGeschwister\u00bb<\/p>\n<p>und die da dr\u00fcben die \u00abFeinde\u00bb.<\/p>\n<p>&nbsp;<\/p>\n<p>Ich hatte es leicht,<\/p>\n<p>als ich noch dachte, in diesem Konflikt<\/p>\n<p>g\u00e4be es \u00abGute\u00bb und \u00abB\u00f6se\u00bb, \u00abOpfer\u00bb und \u00abT\u00e4ter\u00bb.<\/p>\n<p>&nbsp;<\/p>\n<p>Ich hatte es leicht,<\/p>\n<p>als ich noch dachte,<\/p>\n<p>zwei Staaten f\u00fcr zwei V\u00f6lker seien die L\u00f6sung,<\/p>\n<p>die f\u00fcr beide Parteien die notwendige Grundlage b\u00f6te,<\/p>\n<p>ein menschenw\u00fcrdiges Leben zu f\u00fchren.<\/p>\n<p>&nbsp;<\/p>\n<p>Ja, ich hatte es leicht mit einem Weltbild,<\/p>\n<p>das noch leicht zu durchschauen war,<\/p>\n<p>wo das Denken bisweilen keine Herausforderung darstellte,<\/p>\n<p>wo man\/frau nicht Teil des Ganzen war<\/p>\n<p>und sich entscheiden musste, wo man\/frau steht,<\/p>\n<p>denn wo sonst, ausser an der Seite des \u00abGuten\u00bb.<\/p>\n<p>&nbsp;<\/p>\n<p>Inzwischen ist mein Leben schwieriger und komplizierter geworden.<\/p>\n<p>Irgendwann legte ich diese Weltanschauung ab,<\/p>\n<p>ich sage bewusst \u00ablegte\u00bb,<\/p>\n<p>denn es war eine bewusste Entscheidung, die ich traf.<\/p>\n<p>Keine leichte,<\/p>\n<p>denn eine kritische Selbstreflexion ging ihr voraus,<\/p>\n<p>\u00fcber Werte, die mir wichtig sind.<\/p>\n<p>Menschenrechte, Freiheit, Frieden, Gerechtigkeit, Vergebung, Vers\u00f6hnung \u2026<\/p>\n<p>Eine erm\u00fcdende Reise hin zu einem anstrengenden \u00abIch\u00bb.<\/p>\n<p>&nbsp;<\/p>\n<p>Ich weiss seitdem, dass die Trennlinien im Nahostkonflikt<\/p>\n<p>entlang der unterschiedlichen Weltanschauungen verlaufen.<\/p>\n<p>&nbsp;<\/p>\n<p>Ich weiss heute,<\/p>\n<p>dass die sogenannten \u00abGeschwister\u00bb und \u00abFeinde\u00bb<\/p>\n<p>sowohl auf der hiesigen als auch auf der dortigen Seite existieren.<\/p>\n<p>In diesem Konflikt sind \u00abGut\u00bb und \u00abB\u00f6se\u00bb, \u00abOpfer\u00bb und \u00abT\u00e4ter\u00bb<\/p>\n<p>unendlich ineinander verwoben auf beiden Seiten,<\/p>\n<p>und in einer erschreckenden \u00c4hnlichkeit,<\/p>\n<p>die fast schicksalhaft erscheint.<\/p>\n<p>&nbsp;<\/p>\n<p>Inzwischen weiss ich,<\/p>\n<p>dass die Zwei-Staaten-L\u00f6sung kein Garant daf\u00fcr ist,<\/p>\n<p>dass die politischen Werte, die mir wichtig sind, gew\u00e4hrleistet werden.<\/p>\n<p>Ja, meine Einstellung zum Konflikt hat sich ver\u00e4ndert,<\/p>\n<p>aber gewiss nicht nur die.<\/p>\n<p>&nbsp;<\/p>\n<p>Denn auch der israelisch-pal\u00e4stinensische Konflikt<\/p>\n<p>hat sich in den letzten 65 Jahren ver\u00e4ndert, *\u00a0\u00a0\u00a0\u00a0\u00a0\u00a0\u00a0\u00a0\u00a0\u00a0\u00a0\u00a0\u00a0\u00a0\u00a0\u00a0\u00a0\u00a0\u00a0\u00a0\u00a0\u00a0\u00a0\u00a0\u00a0\u00a0\u00a0\u00a0\u00a0\u00a0\u00a0\u00a0\u00a0\u00a0\u00a0\u00a0\u00a0\u00a0\u00a0 \u00a0\u00a0\u00a0\u00a0\u00a0\u00a0\u00a0\u00a0\u00a0\u00a0\u00a0\u00a0\u00a0\u00a0\u00a0\u00a0\u00a0\u00a0\u00a0\u00a0\u00a0\u00a0\u00a0\u00a0\u00a0\u00a0\u00a0 * 2023 sind es 75 Jahre.<\/p>\n<p>unsere \u00abFeinde\u00bb haben sich ver\u00e4ndert,<\/p>\n<p>die Stellung der Weltgemeinschaft gegen\u00fcber dem Konflikt hat sich ver\u00e4ndert,<\/p>\n<p>und \u00abwir\u00bb, die Pal\u00e4stinenser:innen,<\/p>\n<p>wir haben uns auch ver\u00e4ndert,<\/p>\n<p>und das alles wahrlich nicht immer zum Besseren \u2026<\/p>\n<p>&nbsp;<\/p>\n<p>Es bleibt eine Tatsache,<\/p>\n<p>dass einige Akteure in Israel und in Pal\u00e4stina,<\/p>\n<p>und mit ihnen gemeinsam einige internationale \u00abSolidarit\u00e4tsgruppen\u00bb,<\/p>\n<p>sowohl pro-pal\u00e4stinensische als auch pro-israelische,<\/p>\n<p>sich gem\u00fctlich eingerichtet haben in ihren unver\u00e4nderten Anschauungen,<\/p>\n<p>wo die Trennlinien zwischen \u00abGut\u00bb und \u00abB\u00f6se\u00bb verlaufen \u2026<\/p>\n<p>und einzig sie haben es weiterhin leicht.<\/p>\n<p>&nbsp;<\/p>\n<p>Viola Raheb<\/p>\n<p>&nbsp;<\/p>\n<p>Text 2013 geschrieben<\/p>\n<p>&nbsp;<\/p>\n<h6><a href=\"https:\/\/wgt.ch\/wp-content\/uploads\/2023\/10\/Nachdenken-ueber-Mauern-im-eigenen-Kopf.pdf\" target=\"_blank\" rel=\"noopener\"><strong>Nachdenken u\u0308ber Mauern im eigenen Kopf.PDF<\/strong><\/a><\/h6>\n<\/div><\/div><\/div><\/div><\/div><\/div><\/section>\n","protected":false},"excerpt":{"rendered":"Nachdenken mit Viola Raheb aus Bethlehem \u00fcber Denkmauern im eigenen Kopf Viola Raheb \u00a9WDPIC und Mauer im Kopf Foto Katrin Wittwer ICH ODER ER So beginnt der Krieg. Doch er endet mit einer besch\u00e4menden Begegnung. ICH UND ER Mahmoud Darwish Ich hatte es leicht, als ich noch dachte, die Trennlinien im Nahostkonflikt w\u00fcrden entlang ethnischer,...","protected":false},"author":5,"featured_media":0,"parent":27468,"menu_order":11,"comment_status":"closed","ping_status":"closed","template":"","meta":{"_acf_changed":false,"footnotes":""},"class_list":["post-29051","page","type-page","status-publish","hentry"],"translation":{"provider":"WPGlobus","version":"3.0.2","language":"fr","enabled_languages":["de","fr","it"],"languages":{"de":{"title":true,"content":true,"excerpt":false},"fr":{"title":false,"content":false,"excerpt":false},"it":{"title":false,"content":false,"excerpt":false}}},"acf":[],"_links":{"self":[{"href":"https:\/\/wgt.ch\/fr\/wp-json\/wp\/v2\/pages\/29051","targetHints":{"allow":["GET"]}}],"collection":[{"href":"https:\/\/wgt.ch\/fr\/wp-json\/wp\/v2\/pages"}],"about":[{"href":"https:\/\/wgt.ch\/fr\/wp-json\/wp\/v2\/types\/page"}],"author":[{"embeddable":true,"href":"https:\/\/wgt.ch\/fr\/wp-json\/wp\/v2\/users\/5"}],"replies":[{"embeddable":true,"href":"https:\/\/wgt.ch\/fr\/wp-json\/wp\/v2\/comments?post=29051"}],"version-history":[{"count":6,"href":"https:\/\/wgt.ch\/fr\/wp-json\/wp\/v2\/pages\/29051\/revisions"}],"predecessor-version":[{"id":29058,"href":"https:\/\/wgt.ch\/fr\/wp-json\/wp\/v2\/pages\/29051\/revisions\/29058"}],"up":[{"embeddable":true,"href":"https:\/\/wgt.ch\/fr\/wp-json\/wp\/v2\/pages\/27468"}],"wp:attachment":[{"href":"https:\/\/wgt.ch\/fr\/wp-json\/wp\/v2\/media?parent=29051"}],"curies":[{"name":"wp","href":"https:\/\/api.w.org\/{rel}","templated":true}]}}