{"id":30467,"date":"2023-12-12T15:17:26","date_gmt":"2023-12-12T14:17:26","guid":{"rendered":"https:\/\/wgt.ch\/?page_id=30467"},"modified":"2023-12-12T16:37:08","modified_gmt":"2023-12-12T15:37:08","slug":"kinderspital-bethlehem","status":"publish","type":"page","link":"https:\/\/wgt.ch\/fr\/fenster-zu-palaestina-s\/kinderspital-bethlehem\/","title":{"rendered":"\u00ab Caritas Baby Hospital \u00bb \u00e0 Bethl\u00e9em"},"content":{"rendered":"<section class=\"l-section wpb_row height_small\"><div class=\"l-section-h i-cf\"><div class=\"g-cols vc_row via_grid cols_1 laptops-cols_inherit tablets-cols_inherit mobiles-cols_1 valign_top type_default stacking_default\"><div class=\"wpb_column vc_column_container\"><div class=\"vc_column-inner\"><div class=\"wpb_text_column\"><div class=\"wpb_wrapper\"><h2>\u00ab Caritas Baby Hospital \u00bb \u00e0 Bethl\u00e9em<\/h2>\n<\/div><\/div><div class=\"w-separator size_medium\"><\/div><div class=\"wpb_text_column us_custom_34c80cad\"><div class=\"wpb_wrapper\"><h4>La situation au 14 novembre 2023<\/h4>\n<p>Depuis le 7 octobre, la Cisjordanie est boucl\u00e9e. Les routes d&#8217;acc\u00e8s \u00e0 l&#8217;h\u00f4pital de Bethl\u00e9em sont vides. La porte du check point qui m\u00e8ne de Bethl\u00e9em \u00e0 J\u00e9rusalem est ferm\u00e9e. Les patient.e.s ne peuvent pas entrer dans l&#8217;h\u00f4pital. L&#8217;h\u00f4pital pour enfants a mis en place une assistance t\u00e9l\u00e9phonique pour les consultations.<\/p>\n<\/div><\/div><div class=\"wpb_text_column us_custom_2e8ed464\"><div class=\"wpb_wrapper\"><h4>\u00ab Caritas Baby Hospital \u00bb aujourd&#8217;hui<\/h4>\n<\/div><\/div><div class=\"g-cols wpb_row via_grid cols_2 laptops-cols_inherit tablets-cols_inherit mobiles-cols_1 valign_top type_default stacking_default\" style=\"--columns-gap:3rem;\"><div class=\"wpb_column vc_column_container\"><div class=\"vc_column-inner\"><div class=\"w-image align_none meta_simple\"><div class=\"w-image-h\"><img decoding=\"async\" width=\"1388\" height=\"956\" src=\"https:\/\/wgt.ch\/wp-content\/uploads\/2023\/12\/Kinderspital-Bethlehem-Wartebereich.jpg\" class=\"attachment-full size-full\" alt=\"\" loading=\"lazy\" srcset=\"https:\/\/wgt.ch\/wp-content\/uploads\/2023\/12\/Kinderspital-Bethlehem-Wartebereich.jpg 1388w, https:\/\/wgt.ch\/wp-content\/uploads\/2023\/12\/Kinderspital-Bethlehem-Wartebereich-300x207.jpg 300w, https:\/\/wgt.ch\/wp-content\/uploads\/2023\/12\/Kinderspital-Bethlehem-Wartebereich-1024x705.jpg 1024w\" sizes=\"auto, (max-width: 1388px) 100vw, 1388px\" \/><\/div><div class=\"w-image-meta\"><div class=\"w-image-title\">Kinderspital Bethlehem Wartebereich<\/div><\/div><\/div><div class=\"w-separator size_small\"><\/div><\/div><\/div><div class=\"wpb_column vc_column_container\"><div class=\"vc_column-inner\"><div class=\"wpb_text_column\"><div class=\"wpb_wrapper\"><p>Chaque ann\u00e9e, des dizaines de milliers d&#8217;enfants sont pris.e.s en charge et re\u00e7oivent des soins, m\u00e9dicaux et th\u00e9rapeutiques \u00e0 l\u2019h\u00f4pital pour enfants.<\/p>\n<p>Le service <strong>ambulatoire<\/strong> offre une assistance rapide aux enfants malades. Les parents peuvent se rendre au service ambulatoire sans prendre rendez-vous. Les enfants peuvent y rester jusqu&#8217;\u00e0 24 heures avant que la d\u00e9cision d&#8217;hospitaliser l&#8217;enfant ne soit prise.<\/p>\n<\/div><\/div><\/div><\/div><\/div><div class=\"g-cols wpb_row via_grid cols_2-1 laptops-cols_inherit tablets-cols_inherit mobiles-cols_1 valign_top type_default stacking_default\" style=\"--columns-gap:3rem;\"><div class=\"wpb_column vc_column_container\"><div class=\"vc_column-inner\"><div class=\"w-separator size_medium\"><\/div><div class=\"wpb_text_column\"><div class=\"wpb_wrapper\"><p>En 2013, une unit\u00e9 de <strong>soins intensifs p\u00e9diatriques<\/strong> a \u00e9t\u00e9 cr\u00e9\u00e9e, \u00e9largie \u00e0 neuf lits en 2018. L&#8217;\u00e9quipe y sauve des vies jour apr\u00e8s jour. On y traite les enfants atteints de maladies respiratoires tr\u00e8s graves, de troubles m\u00e9taboliques h\u00e9r\u00e9ditaires et de probl\u00e8mes cardiaques.<\/p>\n<p>L&#8217;h\u00f4pital propose des s\u00e9ances de <strong>physioth\u00e9rapie<\/strong> pour les enfants jusqu&#8217;\u00e0 la fin de leur troisi\u00e8me ann\u00e9e.<\/p>\n<\/div><\/div><\/div><\/div><div class=\"wpb_column vc_column_container\"><div class=\"vc_column-inner\"><div class=\"w-image us_custom_5137de87 align_none\"><div class=\"w-image-h\"><img decoding=\"async\" width=\"720\" height=\"1024\" src=\"https:\/\/wgt.ch\/wp-content\/uploads\/2023\/12\/Kinderspital-Bethlehem-Saeuglingsschwester-\u00a9-Meinrad-Schade--720x1024.jpg\" class=\"attachment-large size-large\" alt=\"\" loading=\"lazy\" srcset=\"https:\/\/wgt.ch\/wp-content\/uploads\/2023\/12\/Kinderspital-Bethlehem-Saeuglingsschwester-\u00a9-Meinrad-Schade--720x1024.jpg 720w, https:\/\/wgt.ch\/wp-content\/uploads\/2023\/12\/Kinderspital-Bethlehem-Saeuglingsschwester-\u00a9-Meinrad-Schade--211x300.jpg 211w, https:\/\/wgt.ch\/wp-content\/uploads\/2023\/12\/Kinderspital-Bethlehem-Saeuglingsschwester-\u00a9-Meinrad-Schade--1079x1536.jpg 1079w, https:\/\/wgt.ch\/wp-content\/uploads\/2023\/12\/Kinderspital-Bethlehem-Saeuglingsschwester-\u00a9-Meinrad-Schade--1439x2048.jpg 1439w, https:\/\/wgt.ch\/wp-content\/uploads\/2023\/12\/Kinderspital-Bethlehem-Saeuglingsschwester-\u00a9-Meinrad-Schade-.jpg 1754w\" sizes=\"auto, (max-width: 720px) 100vw, 720px\" \/><\/div><\/div><\/div><\/div><\/div><div class=\"g-cols wpb_row via_grid cols_2 laptops-cols_inherit tablets-cols_inherit mobiles-cols_1 valign_top type_default stacking_default\" style=\"--columns-gap:3rem;\"><div class=\"wpb_column vc_column_container\"><div class=\"vc_column-inner\"><div class=\"w-image align_none\"><div class=\"w-image-h\"><img decoding=\"async\" width=\"1024\" height=\"700\" src=\"https:\/\/wgt.ch\/wp-content\/uploads\/2023\/12\/Kinderspital-Bethlehem-Muetterabteilung-\u00a9-Meinrad-Schade-1024x700.jpg\" class=\"attachment-large size-large\" alt=\"\" loading=\"lazy\" srcset=\"https:\/\/wgt.ch\/wp-content\/uploads\/2023\/12\/Kinderspital-Bethlehem-Muetterabteilung-\u00a9-Meinrad-Schade-1024x700.jpg 1024w, https:\/\/wgt.ch\/wp-content\/uploads\/2023\/12\/Kinderspital-Bethlehem-Muetterabteilung-\u00a9-Meinrad-Schade-300x205.jpg 300w, https:\/\/wgt.ch\/wp-content\/uploads\/2023\/12\/Kinderspital-Bethlehem-Muetterabteilung-\u00a9-Meinrad-Schade.jpg 1323w\" sizes=\"auto, (max-width: 1024px) 100vw, 1024px\" \/><\/div><\/div><div class=\"w-separator size_small\"><\/div><\/div><\/div><div class=\"wpb_column vc_column_container\"><div class=\"vc_column-inner\"><div class=\"wpb_text_column\"><div class=\"wpb_wrapper\"><p>Dans le <strong>service de maternit\u00e9<\/strong>, les femmes trouvent calme et conseils. Elles re\u00e7oivent des conseils sur des sujets tels que les maladies h\u00e9r\u00e9ditaires, l&#8217;hygi\u00e8ne et l&#8217;alimentation. Les femmes, souvent tr\u00e8s jeunes, rapportent ces connaissances chez elles et les transmettent \u00e0 leur famille et \u00e0 leurs voisines.<\/p>\n<p>Si les femmes ne peuvent pas payer les frais de traitement, elles trouvent un soutien aupr\u00e8s du <strong>service social de l&#8217;h\u00f4pital<\/strong>.<\/p>\n<p>\u00a9: Photos: Meinrad Schade<\/p>\n<\/div><\/div><\/div><\/div><\/div><div class=\"w-separator size_medium\"><\/div><div class=\"g-cols wpb_row via_grid cols_1 laptops-cols_inherit tablets-cols_inherit mobiles-cols_1 valign_top type_default stacking_default\" style=\"--columns-gap:3rem;\"><div class=\"wpb_column vc_column_container\"><div class=\"vc_column-inner\"><div class=\"wpb_text_column\"><div class=\"wpb_wrapper\"><h4>L&#8217;histoire du \u00ab Caritas Baby Hospital \u00bb \u00e0 Bethl\u00e9em<\/h4>\n<p>En <strong>1948<\/strong>, la cr\u00e9ation de l&#8217;\u00c9tat isra\u00e9lien et la guerre d&#8217;ind\u00e9pendance qui s&#8217;en est suivie ont fait de centaines de milliers de familles palestiniennes des personnes d\u00e9plac\u00e9es et des r\u00e9fugi\u00e9.e.s. Elles vivaient dans une grande pauvret\u00e9 sous des tentes.<\/p>\n<\/div><\/div><div class=\"w-separator size_small\"><\/div><\/div><\/div><\/div><div class=\"g-cols wpb_row via_grid cols_2 laptops-cols_inherit tablets-cols_inherit mobiles-cols_1 valign_top type_default stacking_default\" style=\"--columns-gap:3rem;\"><div class=\"wpb_column vc_column_container\"><div class=\"vc_column-inner\"><div class=\"w-image align_none\"><div class=\"w-image-h\"><img decoding=\"async\" width=\"938\" height=\"681\" src=\"https:\/\/wgt.ch\/wp-content\/uploads\/2023\/12\/Gruender-\u00a9-Archiv-Kinderhilfe-Bethlehem.jpg\" class=\"attachment-large size-large\" alt=\"\" loading=\"lazy\" srcset=\"https:\/\/wgt.ch\/wp-content\/uploads\/2023\/12\/Gruender-\u00a9-Archiv-Kinderhilfe-Bethlehem.jpg 938w, https:\/\/wgt.ch\/wp-content\/uploads\/2023\/12\/Gruender-\u00a9-Archiv-Kinderhilfe-Bethlehem-300x218.jpg 300w\" sizes=\"auto, (max-width: 938px) 100vw, 938px\" \/><\/div><\/div><\/div><\/div><div class=\"wpb_column vc_column_container\"><div class=\"vc_column-inner\"><div class=\"wpb_text_column\"><div class=\"wpb_wrapper\"><p>En <strong>1949<\/strong>, Hedwig Vetter, une collaboratrice de Caritas Suisse, s&#8217;est rendue en Palestine et a constat\u00e9 la d\u00e9tresse de la population palestinienne. Avec l&#8217;aide du Dr Dabdoub, elle a d\u00e9cid\u00e9 de fonder un centre d&#8217;accueil pour les m\u00e8res avec des enfants en bas \u00e2ge et de leur fournir une aide m\u00e9dicale d&#8217;urgence. Ce fut le d\u00e9but d&#8217;un d\u00e9veloppement r\u00e9ussi qui donna naissance plus tard au Caritas Baby Hospital.<\/p>\n<p>En <strong>1952<\/strong>, le p\u00e8re valaisan Ernst Schnydrig s&#8217;est rendu \u00e0 Bethl\u00e9em sur mandat de Caritas Suisse. Il a \u00e9t\u00e9 boulevers\u00e9 par la pauvret\u00e9 qui r\u00e9gnait sur le lieu de naissance de J\u00e9sus. D\u00e8s lors, il a apport\u00e9 son soutien \u00e0 l&#8217;\u0153uvre d&#8217;Hedwig Vetter et du Dr Antoine Dabdoub.<\/p>\n<\/div><\/div><\/div><\/div><\/div><div class=\"w-separator size_small\"><\/div><div class=\"g-cols wpb_row via_grid cols_2 laptops-cols_inherit tablets-cols_inherit mobiles-cols_1 valign_top type_default stacking_default\" style=\"--columns-gap:3rem;\"><div class=\"wpb_column vc_column_container\"><div class=\"vc_column-inner\"><div class=\"wpb_text_column\"><div class=\"wpb_wrapper\"><p>En <strong>1953<\/strong>, ils ont r\u00e9ussi \u00e0 occuper quelques lits dans un h\u00f4pital local pour le traitement stationnaire d&#8217;enfants malades. Ce fut le d\u00e9but de l&#8217;h\u00f4pital et d&#8217;une collaboration fructueuse entre des personnes actives sur place et des personnes engag\u00e9es en Suisse, en Allemagne, en Italie, en Autriche et en Palestine.<\/p>\n<p>En <strong>1963<\/strong>, le p\u00e8re Ernst Schnydrig a fond\u00e9 l&#8217;association \u00e0 but non lucratif <em>Secours aux Enfants Bethl\u00e9em<\/em>, dont le si\u00e8ge est \u00e0 Lucerne.<\/p>\n<p>La collecte de No\u00ebl des paroisses catholiques de Suisse est vers\u00e9e chaque ann\u00e9e en faveur du \u00ab\u00a0Caritas Baby Hospital\u00a0\u00bb.<\/p>\n<p>Annemarie Akermann<\/p>\n<\/div><\/div><\/div><\/div><div class=\"wpb_column vc_column_container\"><div class=\"vc_column-inner\"><div class=\"w-image align_none\"><div class=\"w-image-h\"><img decoding=\"async\" width=\"962\" height=\"602\" src=\"https:\/\/wgt.ch\/wp-content\/uploads\/2023\/12\/\u00a9-Archiv-Kinderhilfe-Bethlehem.jpg\" class=\"attachment-large size-large\" alt=\"\" loading=\"lazy\" srcset=\"https:\/\/wgt.ch\/wp-content\/uploads\/2023\/12\/\u00a9-Archiv-Kinderhilfe-Bethlehem.jpg 962w, https:\/\/wgt.ch\/wp-content\/uploads\/2023\/12\/\u00a9-Archiv-Kinderhilfe-Bethlehem-300x188.jpg 300w\" sizes=\"auto, (max-width: 962px) 100vw, 962px\" \/><\/div><\/div><div class=\"wpb_text_column\"><div class=\"wpb_wrapper\"><p>\u00a9: Archives <em>Secours aux Enfants Bethl\u00e9em<\/em><\/p>\n<\/div><\/div><\/div><\/div><\/div><div class=\"g-cols wpb_row via_grid cols_1 laptops-cols_inherit tablets-cols_inherit mobiles-cols_1 valign_top type_default stacking_default\" style=\"--columns-gap:3rem;\"><div class=\"wpb_column vc_column_container\"><div class=\"vc_column-inner\"><div class=\"wpb_text_column\"><div class=\"wpb_wrapper\"><p><a href=\"https:\/\/wgt.ch\/wp-content\/uploads\/2023\/12\/Caritas-Baby-Hospital-a-Bethleem.pdf\" target=\"_blank\" rel=\"noopener\"><strong>Caritas Baby Hospital \u00e0 Bethl\u00e9em.pdf<\/strong><\/a><\/p>\n<\/div><\/div><\/div><\/div><\/div><\/div><\/div><\/div><\/div><\/section>\n","protected":false},"excerpt":{"rendered":"{:de} Caritas Baby Hospital in Bethlehem &nbsp; Die Situation des Caritas Baby Hospitals in Bethlehem (14. November 2023) Seit dem 7. Oktober ist das Westjordanland abgeriegelt. Die Zufahrtsstrassen zum Spital in Bethlehem sind leer. Das Tor zum Check Point, der von Bethlehem nach Jerusalem f\u00fchrt, ist geschlossen. Die Patient:innen k\u00f6nnen nicht ins Spital kommen. Das...","protected":false},"author":5,"featured_media":0,"parent":27468,"menu_order":9,"comment_status":"closed","ping_status":"closed","template":"","meta":{"_acf_changed":false,"footnotes":""},"class_list":["post-30467","page","type-page","status-publish","hentry"],"translation":{"provider":"WPGlobus","version":"3.0.2","language":"fr","enabled_languages":["de","fr","it"],"languages":{"de":{"title":true,"content":true,"excerpt":false},"fr":{"title":true,"content":true,"excerpt":false},"it":{"title":true,"content":true,"excerpt":false}}},"acf":[],"_links":{"self":[{"href":"https:\/\/wgt.ch\/fr\/wp-json\/wp\/v2\/pages\/30467","targetHints":{"allow":["GET"]}}],"collection":[{"href":"https:\/\/wgt.ch\/fr\/wp-json\/wp\/v2\/pages"}],"about":[{"href":"https:\/\/wgt.ch\/fr\/wp-json\/wp\/v2\/types\/page"}],"author":[{"embeddable":true,"href":"https:\/\/wgt.ch\/fr\/wp-json\/wp\/v2\/users\/5"}],"replies":[{"embeddable":true,"href":"https:\/\/wgt.ch\/fr\/wp-json\/wp\/v2\/comments?post=30467"}],"version-history":[{"count":38,"href":"https:\/\/wgt.ch\/fr\/wp-json\/wp\/v2\/pages\/30467\/revisions"}],"predecessor-version":[{"id":30521,"href":"https:\/\/wgt.ch\/fr\/wp-json\/wp\/v2\/pages\/30467\/revisions\/30521"}],"up":[{"embeddable":true,"href":"https:\/\/wgt.ch\/fr\/wp-json\/wp\/v2\/pages\/27468"}],"wp:attachment":[{"href":"https:\/\/wgt.ch\/fr\/wp-json\/wp\/v2\/media?parent=30467"}],"curies":[{"name":"wp","href":"https:\/\/api.w.org\/{rel}","templated":true}]}}