{"id":31558,"date":"2024-01-17T16:12:00","date_gmt":"2024-01-17T15:12:00","guid":{"rendered":"https:\/\/wgt.ch\/?p=31558"},"modified":"2024-01-17T16:12:00","modified_gmt":"2024-01-17T15:12:00","slug":"erklaerung-und-gebet-um-frieden-s","status":"publish","type":"page","link":"https:\/\/wgt.ch\/fr\/erklaerung-und-gebet-um-frieden-s\/","title":{"rendered":"D\u00e9claration et pri\u00e8re pour la paix"},"content":{"rendered":"<section class=\"l-section wpb_row height_small\"><div class=\"l-section-h i-cf\"><div class=\"g-cols vc_row via_grid cols_1 laptops-cols_inherit tablets-cols_inherit mobiles-cols_1 valign_top type_default stacking_default\"><div class=\"wpb_column vc_column_container\"><div class=\"vc_column-inner\"><div class=\"w-image align_none\"><div class=\"w-image-h\"><img decoding=\"async\" width=\"1471\" height=\"428\" src=\"https:\/\/wgt.ch\/wp-content\/uploads\/2023\/10\/Friedensgebet-Palaestina.jpg\" class=\"attachment-full size-full\" alt=\"\" loading=\"lazy\" srcset=\"https:\/\/wgt.ch\/wp-content\/uploads\/2023\/10\/Friedensgebet-Palaestina.jpg 1471w, https:\/\/wgt.ch\/wp-content\/uploads\/2023\/10\/Friedensgebet-Palaestina-300x87.jpg 300w, https:\/\/wgt.ch\/wp-content\/uploads\/2023\/10\/Friedensgebet-Palaestina-1024x298.jpg 1024w\" sizes=\"auto, (max-width: 1471px) 100vw, 1471px\" \/><\/div><\/div><div class=\"w-separator size_medium\"><\/div><div class=\"wpb_text_column\"><div class=\"wpb_wrapper\"><p>Nous sommes boulevers\u00e9es par la terreur du Hamas et horrifi\u00e9es par la brutalit\u00e9 et la violence qui se sont intensifi\u00e9es ces derniers jours au Proche-Orient. Sous le choc, paralys\u00e9es et tr\u00e8s inqui\u00e8tes, nous essayons de ne pas d\u00e9tourner le regard et de rester aux c\u00f4t\u00e9s de la population civile qui souffre, de nos partenaires de projet et des groupes de la Journ\u00e9e mondiale de pri\u00e8re.<\/p>\n<p>Une fois de plus, ce sont les femmes et les enfants, les personnes \u00e2g\u00e9es et les malades qui ressentent le plus l&#8217;ampleur de cette violence, dont on abuse et que l&#8217;on utilise pour r\u00e9pandre la terreur et l&#8217;horreur et pour imposer aveugl\u00e9ment ses propres int\u00e9r\u00eats de pouvoir.<\/p>\n<p>\u00ab\u00a0&#8230; par le lien de la paix\u00a0\u00bb est le fil conducteur de la Journ\u00e9e mondiale de pri\u00e8re 2024 et de la p\u00e9riode de pr\u00e9paration \u00e0 celle-ci. Dans une situation de guerre, nous cherchons maintenant des moyens de r\u00e9pondre \u00e0 cette pr\u00e9occupation fondamentale de contribuer \u00e0 une paix juste pour tous les \u00eatres humains. Pour ce faire, nous nous appuyons sur notre ligne directrice qui consiste \u00e0 \u00e9couter et \u00e0 regarder attentivement, \u00e0 s&#8217;informer et prier ensemble et par la pri\u00e8re \u00e0 agir de mani\u00e8re solidaire.<\/p>\n<p>Ainsi, nous vous encourageons, et nous de m\u00eame, \u00e0 oser faire un premier pas pour sortir de la paralysie et \u00e0 commencer d\u00e8s aujourd&#8217;hui \u00e0 prier ensemble pour une paix juste.<\/p>\n<\/div><\/div><div class=\"wpb_text_column us_custom_247cb5ab\"><div class=\"wpb_wrapper\"><p><strong>Dieu de la paix,<\/strong><\/p>\n<p><strong>dans notre stupeur, nous venons \u00e0 toi avec notre pri\u00e8re.<\/strong><\/p>\n<p><strong>Nos pens\u00e9es et nos pri\u00e8res vont aux personnes touch\u00e9es par la guerre, la violence et la terreur au Proche-Orient, plong\u00e9es dans la peur et la d\u00e9tresse.<\/strong><\/p>\n<p><strong>Nos pens\u00e9es vont en particulier aux enfants et aux jeunes, aux personnes \u00e2g\u00e9es et aux malades, aux femmes enceintes et aux m\u00e8res qui tentent de survivre seules avec leurs enfants.<\/strong><\/p>\n<p><strong>Seigneur, nous remettons toutes ces personnes entre tes mains.<\/strong><\/p>\n<p><strong>Et nous prions pour que la r\u00e9conciliation d\u00e9passe la haine, que la paix l\u2019emporte sur la guerre, que l&#8217;espoir surmonte le d\u00e9sespoir et que tes plans de paix s&#8217;accomplissent.<\/strong><\/p>\n<p>&nbsp;<\/p>\n<p><strong>\u00ab\u00a0Mettons-nous en marche maintenant et \u0153uvrons pour la paix et la justice.<\/strong><\/p>\n<p><strong>Que Dieu nous b\u00e9nisse tout au long du chemin.<\/strong><\/p>\n<p><strong>Que Dieu nous b\u00e9nisse et nous garde\u00a0!<\/strong><\/p>\n<p><strong>Que Dieu fasse rayonner sur nous son regard et nous accorde sa gr\u00e2ce\u00a0!<\/strong><\/p>\n<p><strong>Que Dieu porte sur nous son regard et nous donne la paix\u00a0! \u00bb<\/strong><\/p>\n<p><em>(\u00e0 partir de la liturgie \u0153cum\u00e9nique de la Journ\u00e9e mondiale de pri\u00e8re 2024)<\/em><\/p>\n<\/div><\/div><div class=\"wpb_text_column us_custom_c910f10e\"><div class=\"wpb_wrapper\"><p>Comit\u00e9 suisse de la Journ\u00e9e mondiale de pri\u00e8re<\/p>\n<p>10 octobre 2023<\/p>\n<p>&nbsp;<\/p>\n<h6><a href=\"https:\/\/wgt.ch\/wp-content\/uploads\/2023\/10\/Declaration-Palestine-et-priere-pour-la-paix.pdf\" target=\"_blank\" rel=\"noopener\"><strong>D\u00e9claration Palestine et pri\u00e8re pour la paix.pdf<\/strong><\/a><\/h6>\n<\/div><\/div><\/div><\/div><\/div><\/div><\/section>\n","protected":false},"excerpt":{"rendered":"{:de}Wir sind ersch\u00fcttert \u00fcber den Terror der Hamas und entsetzt \u00fcber die Brutalit\u00e4t und Gewalt, welche in den vergangenen Tagen im Nahen Osten eskaliert sind. Geschockt, gel\u00e4hmt und mit grosser Sorge versuchen wir nicht wegzuschauen und verbunden zu bleiben mit der leidenden Zivilbev\u00f6lkerung, unseren Projektpartner:innen und den Weltgebetstagsgruppen. Wieder sind es Frauen und Kinder, alte...","protected":false},"author":5,"featured_media":0,"parent":0,"menu_order":25,"comment_status":"closed","ping_status":"closed","template":"","meta":{"_acf_changed":false,"footnotes":""},"class_list":["post-31558","page","type-page","status-publish","hentry"],"translation":{"provider":"WPGlobus","version":"3.0.2","language":"fr","enabled_languages":["de","fr","it"],"languages":{"de":{"title":true,"content":true,"excerpt":false},"fr":{"title":true,"content":true,"excerpt":false},"it":{"title":true,"content":true,"excerpt":false}}},"acf":[],"_links":{"self":[{"href":"https:\/\/wgt.ch\/fr\/wp-json\/wp\/v2\/pages\/31558","targetHints":{"allow":["GET"]}}],"collection":[{"href":"https:\/\/wgt.ch\/fr\/wp-json\/wp\/v2\/pages"}],"about":[{"href":"https:\/\/wgt.ch\/fr\/wp-json\/wp\/v2\/types\/page"}],"author":[{"embeddable":true,"href":"https:\/\/wgt.ch\/fr\/wp-json\/wp\/v2\/users\/5"}],"replies":[{"embeddable":true,"href":"https:\/\/wgt.ch\/fr\/wp-json\/wp\/v2\/comments?post=31558"}],"version-history":[{"count":14,"href":"https:\/\/wgt.ch\/fr\/wp-json\/wp\/v2\/pages\/31558\/revisions"}],"predecessor-version":[{"id":31572,"href":"https:\/\/wgt.ch\/fr\/wp-json\/wp\/v2\/pages\/31558\/revisions\/31572"}],"wp:attachment":[{"href":"https:\/\/wgt.ch\/fr\/wp-json\/wp\/v2\/media?parent=31558"}],"curies":[{"name":"wp","href":"https:\/\/api.w.org\/{rel}","templated":true}]}}