{"id":31576,"date":"2024-01-17T16:19:20","date_gmt":"2024-01-17T15:19:20","guid":{"rendered":"https:\/\/wgt.ch\/?p=31576"},"modified":"2024-01-17T16:20:21","modified_gmt":"2024-01-17T15:20:21","slug":"aktuelle-situation-besinnung-zu-weihnachten-s","status":"publish","type":"page","link":"https:\/\/wgt.ch\/fr\/aktuelle-situation-besinnung-zu-weihnachten-s\/","title":{"rendered":"Situation actuelle &#8211; M\u00e9ditation de No\u00ebl : \u00ab &#8230;Prince de la paix \u00bb"},"content":{"rendered":"<section class=\"l-section wpb_row height_small\"><div class=\"l-section-h i-cf\"><div class=\"g-cols vc_row via_grid cols_1 laptops-cols_inherit tablets-cols_inherit mobiles-cols_1 valign_top type_default stacking_default\"><div class=\"wpb_column vc_column_container\"><div class=\"vc_column-inner\"><div class=\"wpb_text_column\"><div class=\"wpb_wrapper\"><p>Ch\u00e8res amies de la JMP,<\/p>\n<p>Nous avons le plaisir de vous transmettre les salutations chaleureuses des femmes du Comit\u00e9 palestinien de la JMP, rencontr\u00e9es lors d&#8217;une r\u00e9union en ligne. Nous sommes profond\u00e9ment boulevers\u00e9es par la situation difficile pour tous les habitants du Proche-Orient. Ces personnes nous demandent avec insistance de prier avec elles et pour toutes celles qui souffrent du conflit actuel, maintenant et en particulier le 1er mars 2024. Ainsi, elles savent qu&#8217;elles ne sont pas abandonn\u00e9es. Elles ont confirm\u00e9 qu&#8217;elles enverraient certains compl\u00e9ments au texte liturgique. Mais comme la situation \u00e9volue constamment et elle est loin d&#8217;\u00eatre stable, il est plus judicieux de r\u00e9diger ces compl\u00e9ments de texte \u00e0 une date proche du 1er mars, afin de pouvoir garantir une certaine actualit\u00e9.<\/p>\n<p>Nous devons donc continuer \u00e0 faire face \u00e0 l&#8217;incertitude quant \u00e0 la mani\u00e8re exacte dont nous allons c\u00e9l\u00e9brer la Journ\u00e9e mondiale de pri\u00e8re. Mais ce n&#8217;est rien compar\u00e9 aux incertitudes que doivent endurer toutes les personnes touch\u00e9es par les guerres et les crises. S&#8217;il vous pla\u00eet, ne vous laissez pas d\u00e9stabiliser par les propositions de modification pr\u00e9matur\u00e9es d&#8217;autres organisations. Les auteures de la liturgie (cela s&#8217;est pass\u00e9 avant l&#8217;escalade actuelle au Proche-Orient) m\u00e9ritent, en tant qu&#8217;auteures, d&#8217;avoir la chance de faire des adaptations.<\/p>\n<p>Nous vous remercions de nous permettre d&#8217;\u00eatre solidaires entre nous et dans le monde entier, unies par le lien de la paix\u00a0!<br \/>\nNous vous recommandons \u00e9galement de consulter r\u00e9guli\u00e8rement notre page Internet afin de vous tenir au courant des derni\u00e8res nouvelles. N&#8217;h\u00e9sitez pas \u00e0 nous contacter si vous avez des questions.<br \/>\nComme dans notre derni\u00e8re lettre, nous vous encourageons \u00e0 pr\u00e9parer la Journ\u00e9e mondiale de pri\u00e8re du 1er mars 2024 d&#8217;une mani\u00e8re qui vous convienne, sous le titre : \u00ab&#8230; par le lien de la paix\u00bb &#8211; car notre monde a plus que jamais besoin de prier pour et autour de la paix ! Si cela vous aide, lisez encore une fois la d\u00e9claration \u00e0 la deuxi\u00e8me page de la liturgie : en tant que femmes chr\u00e9tiennes d&#8217;origines, de g\u00e9n\u00e9rations et de confessions diff\u00e9rentes, nous souhaitons nous \u00e9couter les unes les autres, mais sans porter de jugement ni prendre parti.<br \/>\nSur notre site web, \u00e0 la rubrique \u00abT\u00e9l\u00e9chargements\u00bb, vous trouverez la pr\u00e9dication de Sally Azar, pr\u00e9sidente du comit\u00e9 palestinien de la JMP. Elle n&#8217;a malheureusement pas pu le faire elle-m\u00eame le 19 novembre \u00e0 Zurich.<\/p>\n<p>En outre, nous pr\u00e9parons du mat\u00e9riel des \u00eeles Cook pour la Journ\u00e9e mondiale de pri\u00e8re 2025\u00a0!<br \/>\nNous nous r\u00e9jouissons des inscriptions r\u00e9guli\u00e8res en tant que membres individuels de la JMP.<\/p>\n<p>Nous vous souhaitons \u00e0 tous patience et espoir<br \/>\nSalaam, shalom, que la paix soit avec nous tous<\/p>\n<p>Vroni Peterhans<\/p>\n<p>Pr\u00e9sidente du Comit\u00e9 de la JMP Suisse<\/p>\n<p>&nbsp;<\/p>\n<\/div><\/div><div class=\"w-separator size_medium\"><\/div><div class=\"g-cols wpb_row via_grid cols_1 laptops-cols_inherit tablets-cols_inherit mobiles-cols_1 valign_top type_default stacking_default\" style=\"--columns-gap:3rem;\"><div class=\"wpb_column vc_column_container\"><div class=\"vc_column-inner\"><div class=\"w-separator size_small\"><\/div><div class=\"w-image align_none\"><div class=\"w-image-h\"><img decoding=\"async\" width=\"2560\" height=\"1144\" src=\"https:\/\/wgt.ch\/wp-content\/uploads\/2023\/12\/Weihnachtsbesinnung-23-scaled.jpg\" class=\"attachment-full size-full\" alt=\"\" loading=\"lazy\" srcset=\"https:\/\/wgt.ch\/wp-content\/uploads\/2023\/12\/Weihnachtsbesinnung-23-scaled.jpg 2560w, https:\/\/wgt.ch\/wp-content\/uploads\/2023\/12\/Weihnachtsbesinnung-23-300x134.jpg 300w, https:\/\/wgt.ch\/wp-content\/uploads\/2023\/12\/Weihnachtsbesinnung-23-1024x458.jpg 1024w, https:\/\/wgt.ch\/wp-content\/uploads\/2023\/12\/Weihnachtsbesinnung-23-1536x686.jpg 1536w, https:\/\/wgt.ch\/wp-content\/uploads\/2023\/12\/Weihnachtsbesinnung-23-2048x915.jpg 2048w\" sizes=\"auto, (max-width: 2560px) 100vw, 2560px\" \/><\/div><\/div><div class=\"w-separator size_medium\"><\/div><\/div><\/div><\/div><div class=\"wpb_text_column\"><div class=\"wpb_wrapper\"><h4>M\u00e9ditation de No\u00ebl : \u00ab &#8230;Prince de la paix\u00a0\u00bb<\/h4>\n<\/div><\/div><div class=\"w-separator size_small\"><\/div><div class=\"g-cols wpb_row via_grid cols_1 laptops-cols_inherit tablets-cols_inherit mobiles-cols_1 valign_top type_default stacking_default\" style=\"--columns-gap:3rem;\"><div class=\"wpb_column vc_column_container\"><div class=\"vc_column-inner\"><div class=\"wpb_text_column\"><div class=\"wpb_wrapper\"><p>Car un enfant nous est n\u00e9, un fils nous a \u00e9t\u00e9 donn\u00e9. La souverainet\u00e9 est sur ses \u00e9paules. On proclame son nom : \u00ab Merveilleux-Conseiller, Dieu-Fort, P\u00e8re \u00e0 jamais, Prince de la paix. \u00bb Esa\u00efe 9,5<\/p>\n<p>Cette ancienne parole du proph\u00e8te exprime, m\u00eame apr\u00e8s environ 2700 ans, notre espoir et notre d\u00e9sir actuels que Dieu, en tant que merveilleux conseiller, puisse guider notre humanit\u00e9 vers la paix, tel un prince. Ce texte d&#8217;Esa\u00efe est \u00e9galement un passage parall\u00e8le au psaume 85 dans la liturgie de la Journ\u00e9e mondiale de pri\u00e8re.<\/p>\n<p>Cette ann\u00e9e, nous serons particuli\u00e8rement attentifs \u00e0 un autre passage mis en parall\u00e8le dans le message de No\u00ebl de Luc 2 : \u00ab L\u2019ange leur dit : \u00ab Soyez sans crainte, car voici, je viens vous annoncer une bonne nouvelle, qui sera une grande joie pour tout le peuple : Il vous est n\u00e9 aujourd&#8217;hui, dans la ville de David, un Sauveur qui est le Christ Seigneur ; et voici le signe qui vous est donn\u00e9 : vous trouverez un nouveau-n\u00e9 emmaillot\u00e9 et couch\u00e9 dans une mangeoire. \u00bb Tout \u00e0 coup il y eut avec l&#8217;ange l&#8217;arm\u00e9e c\u00e9leste en masse qui chantait les louanges de Dieu et disait : \u00ab Gloire \u00e0 Dieu au plus haut des cieux et <strong>sur la terre paix<\/strong> pour ses bien-aim\u00e9s. \u00bb\u00a0\u00bb<\/p>\n<p>Une naissance est possible lorsqu&#8217;une femme a \u00ab\u00a0port\u00e9 cet enfant sous son c\u0153ur\u00a0\u00bb. Le mot arabe \u00ab\u00a0hamel\u00a0\u00bb signifie non seulement \u00ab\u00a0supporter\u00a0\u00bb (voir la lettre aux \u00c9ph\u00e9siens), mais aussi \u00ab\u00a0porter\u00a0\u00bb et \u00ab\u00a0\u00eatre enceinte\u00a0\u00bb. Veillons \u00e0 porter en nous une \u00e9tincelle d&#8217;espoir de paix qui puisse m\u00fbrir et grandir en nous pour donner naissance \u00e0 la paix sur terre !<\/p>\n<p>En nous appuyant sur un texte de la liturgie 2024, qui se rapporte \u00e9galement \u00e0 la lettre aux \u00c9ph\u00e9siens, nous souhaitons nous encourager mutuellement pour les prochaines \u00e9tapes, en particulier pour la nouvelle ann\u00e9e :<\/p>\n<p>\u00ab\u00a0Encourageons-nous mutuellement pour d\u00e9fendre les causes qui nous tiennent \u00e0 c\u0153ur.<\/p>\n<p>Nous nous encourageons mutuellement \u00e0 travailler pour la paix en soutenant toutes les femmes. Nous d\u00e9sirons particuli\u00e8rement renforcer les femmes qui subissent l&#8217;oppression, la violence ou la discrimination.<\/p>\n<p>Nous nous encourageons mutuellement \u00e0 \u00eatre de fid\u00e8les <strong>porte-parole de la paix<\/strong> et de la justice \u00e0 tous les niveaux de la soci\u00e9t\u00e9, y compris dans nos \u00e9glises.<\/p>\n<p>Nous souhaitons nous supporter mutuellement dans l&#8217;amour jusqu&#8217;\u00e0 ce que la justice et la paix de Dieu remplissent le monde entier\u00a0\u00bb.<\/p>\n<p>Nous souhaitons \u00e0 tous la b\u00e9n\u00e9diction de No\u00ebl du Prince de la paix et des pas courageux dans la nouvelle ann\u00e9e.<\/p>\n<p>R\u00e9unies par le lien de la paix<br \/>\nau nom du Comit\u00e9 de la JMP<\/p>\n<p>Vroni Peterhans<\/p>\n<\/div><\/div><div class=\"wpb_text_column\"><div class=\"wpb_wrapper\"><p><a href=\"https:\/\/wgt.ch\/wp-content\/uploads\/2023\/12\/Meditation-de-Noel-.Prince-de-la-Paix.pdf\" target=\"_blank\" rel=\"noopener\"><strong>M\u00e9ditation de No\u00ebl : \u00ab &#8230;Prince de la paix\u00a0\u00bb<\/strong><strong>.pdf<\/strong><\/a><\/p>\n<\/div><\/div><\/div><\/div><\/div><\/div><\/div><\/div><\/div><\/section>\n","protected":false},"excerpt":{"rendered":"{:de}Liebe WGT-Interessierte Wir d\u00fcrfen euch herzliche Gr\u00fcsse von Frauen des pal\u00e4stinensischen WGT-Komitees \u00fcberbringen, die wir an einem Online-Meeting treffen konnten. Wir sind tief ersch\u00fcttert \u00fcber die schwierige Situation f\u00fcr alle Menschen im Nahen Osten. Sie bitten uns inst\u00e4ndig, jetzt und besonders am 1.\u00a0M\u00e4rz 2024 mit ihnen und f\u00fcr alle Menschen, die unter der aktuellen Auseinandersetzung...","protected":false},"author":5,"featured_media":0,"parent":0,"menu_order":21,"comment_status":"closed","ping_status":"closed","template":"","meta":{"_acf_changed":false,"footnotes":""},"class_list":["post-31576","page","type-page","status-publish","hentry"],"translation":{"provider":"WPGlobus","version":"3.0.2","language":"fr","enabled_languages":["de","fr","it"],"languages":{"de":{"title":true,"content":true,"excerpt":false},"fr":{"title":true,"content":true,"excerpt":false},"it":{"title":true,"content":true,"excerpt":false}}},"acf":[],"_links":{"self":[{"href":"https:\/\/wgt.ch\/fr\/wp-json\/wp\/v2\/pages\/31576","targetHints":{"allow":["GET"]}}],"collection":[{"href":"https:\/\/wgt.ch\/fr\/wp-json\/wp\/v2\/pages"}],"about":[{"href":"https:\/\/wgt.ch\/fr\/wp-json\/wp\/v2\/types\/page"}],"author":[{"embeddable":true,"href":"https:\/\/wgt.ch\/fr\/wp-json\/wp\/v2\/users\/5"}],"replies":[{"embeddable":true,"href":"https:\/\/wgt.ch\/fr\/wp-json\/wp\/v2\/comments?post=31576"}],"version-history":[{"count":1,"href":"https:\/\/wgt.ch\/fr\/wp-json\/wp\/v2\/pages\/31576\/revisions"}],"predecessor-version":[{"id":31577,"href":"https:\/\/wgt.ch\/fr\/wp-json\/wp\/v2\/pages\/31576\/revisions\/31577"}],"wp:attachment":[{"href":"https:\/\/wgt.ch\/fr\/wp-json\/wp\/v2\/media?parent=31576"}],"curies":[{"name":"wp","href":"https:\/\/api.w.org\/{rel}","templated":true}]}}