{"id":33759,"date":"2024-05-15T16:03:15","date_gmt":"2024-05-15T14:03:15","guid":{"rendered":"https:\/\/wgt.ch\/?page_id=33759"},"modified":"2024-07-03T10:13:49","modified_gmt":"2024-07-03T08:13:49","slug":"kia-orana","status":"publish","type":"page","link":"https:\/\/wgt.ch\/fr\/fenster-zu-den-cookinseln-s\/kia-orana\/","title":{"rendered":"Kia Orana"},"content":{"rendered":"<section class=\"l-section wpb_row height_small\"><div class=\"l-section-h i-cf\"><div class=\"g-cols vc_row via_grid cols_1 laptops-cols_inherit tablets-cols_inherit mobiles-cols_1 valign_top type_default stacking_default\"><div class=\"wpb_column vc_column_container\"><div class=\"vc_column-inner\"><h2 class=\"w-post-elm post_title entry-title color_link_inherit\">Kia Orana<\/h2><div class=\"wpb_text_column\"><div class=\"wpb_wrapper\"><p><strong>Kia orana !<\/strong> C&#8217;est ainsi que les habitants des \u00celes Cook se saluent. Et c&#8217;est ainsi que le comit\u00e9 de la JMP des \u00celes Cook nous accueille pour la c\u00e9l\u00e9bration de la Journ\u00e9e mondiale de pri\u00e8re du vendredi 7 mars 2025 !<\/p>\n<p><strong>Kia orana<\/strong> est bien plus qu&#8217;un simple \u00ab\u00a0bonjour\u00a0\u00bb. Cela signifie : \u00ab\u00a0Je te souhaite une longue et bonne vie ainsi que de briller comme le soleil et de danser avec les vagues\u00a0\u00bb.<\/p>\n<p><strong>KIA ORANA<\/strong> formule \u00e9galement des v\u0153ux pour une vie \u00e9panouie, car selon le titre de la liturgie, nous avons toutes et tous \u00e9t\u00e9 merveilleusement cr\u00e9\u00e9s. C&#8217;est ce qui d\u00e9crit \u00e9galement le Psaume 139.<\/p>\n<p>Nous nous r\u00e9jouissons d&#8217;ores et d\u00e9j\u00e0 de c\u00e9l\u00e9brer ensemble et d&#8217;accueillir les \u00celes Cook avec leur joie de vivre \u00e0 d\u00e9couvrir sur ce lien :<\/p>\n<\/div><\/div><div class=\"g-cols wpb_row via_grid cols_1-2 laptops-cols_inherit tablets-cols_inherit mobiles-cols_1 valign_top type_default stacking_default\" style=\"--columns-gap:3rem;\"><div class=\"wpb_column vc_column_container\"><div class=\"vc_column-inner\"><div class=\"wpb_text_column\"><div class=\"wpb_wrapper\"><p><strong>How do we say hello in the Cook Islands?<\/strong><\/p>\n<p><a href=\"https:\/\/www.youtube.com\/watch?v=ZRgjsCe22tw\">https:\/\/www.youtube.com\/watch?v=ZRgjsCe22tw<\/a><\/p>\n<p>Kia Orana is more than a welcome in a little paradise.<\/p>\n<p>Pratiquons cette salutation afin de pouvoir ensuite accueillir tout le monde de mani\u00e8re aussi joyeuse que conviviale lors de nos c\u00e9l\u00e9brations : <strong>Kia orana !<\/strong><\/p>\n<\/div><\/div><\/div><\/div><div class=\"wpb_column vc_column_container\"><div class=\"vc_column-inner\"><div class=\"w-video align_none ratio_16x9 has_iframe\"><div class=\"w-video-h\"><iframe title=\"Youtube video player\" src=\"\/\/www.youtube.com\/embed\/ZRgjsCe22tw?autoplay=0&controls=1&origin=https:\/\/wgt.ch\/fr&loop=0&mute=0\" allowfullscreen=\"1\" loading=\"lazy\"><\/iframe><\/div><\/div><\/div><\/div><\/div><\/div><\/div><\/div><\/div><\/section>\n","protected":false},"excerpt":{"rendered":"{:de}Kia OranaKia Orana! So begr\u00fcssen die Menschen einander auf den Cookinseln. Und so begr\u00fcsst uns auch das WGT-Komitee von den Cookinseln zur Weltgebetstagsfeier am Freitag, 7.\u00a0M\u00e4rz 2025! Kia Orana bedeutet mehr als nur \u00abHallo\u00bb. Es bedeutet: \u00abIch w\u00fcnsche dir, dass du lange und gut lebst, dass du leuchtest wie die Sonne und mit den Wellen...","protected":false},"author":5,"featured_media":0,"parent":33755,"menu_order":4,"comment_status":"closed","ping_status":"closed","template":"","meta":{"_acf_changed":false,"footnotes":""},"class_list":["post-33759","page","type-page","status-publish","hentry"],"translation":{"provider":"WPGlobus","version":"3.0.2","language":"fr","enabled_languages":["de","fr","it"],"languages":{"de":{"title":true,"content":true,"excerpt":false},"fr":{"title":true,"content":true,"excerpt":false},"it":{"title":true,"content":true,"excerpt":false}}},"acf":[],"_links":{"self":[{"href":"https:\/\/wgt.ch\/fr\/wp-json\/wp\/v2\/pages\/33759","targetHints":{"allow":["GET"]}}],"collection":[{"href":"https:\/\/wgt.ch\/fr\/wp-json\/wp\/v2\/pages"}],"about":[{"href":"https:\/\/wgt.ch\/fr\/wp-json\/wp\/v2\/types\/page"}],"author":[{"embeddable":true,"href":"https:\/\/wgt.ch\/fr\/wp-json\/wp\/v2\/users\/5"}],"replies":[{"embeddable":true,"href":"https:\/\/wgt.ch\/fr\/wp-json\/wp\/v2\/comments?post=33759"}],"version-history":[{"count":23,"href":"https:\/\/wgt.ch\/fr\/wp-json\/wp\/v2\/pages\/33759\/revisions"}],"predecessor-version":[{"id":34117,"href":"https:\/\/wgt.ch\/fr\/wp-json\/wp\/v2\/pages\/33759\/revisions\/34117"}],"up":[{"embeddable":true,"href":"https:\/\/wgt.ch\/fr\/wp-json\/wp\/v2\/pages\/33755"}],"wp:attachment":[{"href":"https:\/\/wgt.ch\/fr\/wp-json\/wp\/v2\/media?parent=33759"}],"curies":[{"name":"wp","href":"https:\/\/api.w.org\/{rel}","templated":true}]}}