{"id":33881,"date":"2024-06-13T17:22:47","date_gmt":"2024-06-13T15:22:47","guid":{"rendered":"https:\/\/wgt.ch\/?page_id=33881"},"modified":"2024-07-03T10:12:09","modified_gmt":"2024-07-03T08:12:09","slug":"wunderbar-geschaffen","status":"publish","type":"page","link":"https:\/\/wgt.ch\/fr\/fenster-zu-den-cookinseln-s\/wunderbar-geschaffen\/","title":{"rendered":"Merveilleusement cr\u00e9\u00e9es"},"content":{"rendered":"<section class=\"l-section wpb_row height_small\"><div class=\"l-section-h i-cf\"><div class=\"g-cols vc_row via_grid cols_1 laptops-cols_inherit tablets-cols_inherit mobiles-cols_1 valign_top type_default stacking_default\"><div class=\"wpb_column vc_column_container\"><div class=\"vc_column-inner\"><h2 class=\"w-post-elm post_title entry-title color_link_inherit\">Merveilleusement cr\u00e9\u00e9es<\/h2><\/div><\/div><\/div><\/div><\/section><section class=\"l-section wpb_row height_small\"><div class=\"l-section-h i-cf\"><div class=\"g-cols vc_row via_grid cols_2 laptops-cols_inherit tablets-cols_inherit mobiles-cols_1 valign_top type_default stacking_default\"><div class=\"wpb_column vc_column_container\"><div class=\"vc_column-inner\"><div class=\"w-image align_none\"><div class=\"w-image-h\"><img decoding=\"async\" width=\"724\" height=\"1024\" src=\"https:\/\/wgt.ch\/wp-content\/uploads\/2024\/04\/Titelbild-Cook-Islands-2025-724x1024.jpeg\" class=\"attachment-large size-large\" alt=\"{:de}Titelbild 2025 Cookinseln {:}{:fr}Image de couverture 2025 \u00celes Cook{:}{:it}Il frontespizio 2025 Isole Cook{:}\" loading=\"lazy\" srcset=\"https:\/\/wgt.ch\/wp-content\/uploads\/2024\/04\/Titelbild-Cook-Islands-2025-724x1024.jpeg 724w, https:\/\/wgt.ch\/wp-content\/uploads\/2024\/04\/Titelbild-Cook-Islands-2025-212x300.jpeg 212w, https:\/\/wgt.ch\/wp-content\/uploads\/2024\/04\/Titelbild-Cook-Islands-2025-1086x1536.jpeg 1086w, https:\/\/wgt.ch\/wp-content\/uploads\/2024\/04\/Titelbild-Cook-Islands-2025-1448x2048.jpeg 1448w, https:\/\/wgt.ch\/wp-content\/uploads\/2024\/04\/Titelbild-Cook-Islands-2025-scaled.jpeg 1810w\" sizes=\"auto, (max-width: 724px) 100vw, 724px\" \/><\/div><\/div><\/div><\/div><div class=\"wpb_column vc_column_container\"><div class=\"vc_column-inner\"><div class=\"wpb_text_column\"><div class=\"wpb_wrapper\"><p><strong>Merveilleusement cr\u00e9\u00e9es<\/strong>, flore color\u00e9e et plages de sable blanc, mer riche en poissons et autres cr\u00e9atures, perles noires &#8211; bijoux pr\u00e9cieux.<\/p>\n<p><strong>Merveilleusement cr\u00e9\u00e9s<\/strong> les majestueux cocotiers s&#8217;\u00e9lan\u00e7ant vers le firmament, offrant sant\u00e9 et bonheur. Chaque partie, des rameaux aux racines, est utilis\u00e9e et transform\u00e9e en nourriture, en rem\u00e8des et en abri.<\/p>\n<p><strong>Merveilleusement cr\u00e9\u00e9es, <\/strong>les femmes, porteuses de talents, se dressent au premier plan. Enseignantes et inspiratrices, par\u00e9es de chapeaux de rito, feuilles naissantes de cocotier, des couronnes et des guirlandes tiss\u00e9es de fleurs parfum\u00e9es. Elles t\u00e9moignent de leur respect et de leur amour pour Dieu et les unes pour les autres par des chants et des pri\u00e8res harmonieux.<\/p>\n<p><strong>Merveilleusement cr\u00e9\u00e9es<\/strong>, les couvertures <em>Tivaevae<\/em> des femmes. Elles montrent l&#8217;amour, la patience et l&#8217;unit\u00e9 des femmes entre elles.<\/p>\n<p><strong>Merveilleusement cr\u00e9\u00e9s<\/strong>, les anciens t\u00e9moignent de cette v\u00e9rit\u00e9 avec la phrase encourageante \u00ab accrochez-vous \u00e0 ce que vous \u00eates, dans toutes les facettes de votre existence\u00a0\u00bb, car vous \u00eates merveilleusement faites !<\/p>\n<p>Tout cela <strong>a \u00e9t\u00e9 merveilleusement cr\u00e9\u00e9<\/strong> par notre Dieu c\u00e9leste, qui ne cesse de nous montrer son impressionnante cr\u00e9ativit\u00e9.<\/p>\n<p><strong>Merveilleusement cr\u00e9\u00e9e<\/strong>, la croix qui brille de mille feux sur les voiles du navire et qui ne sombrera pas m\u00eame lors des temp\u00eates.<\/p>\n<p>Sr Madeleine Metzger<\/p>\n<\/div><\/div><\/div><\/div><\/div><\/div><\/section>\n","protected":false},"excerpt":{"rendered":"{:de}Merveilleusement cr\u00e9\u00e9es Wunderbar geschaffen, farbenfrohe Flora und weisse Sandstr\u00e4nde, das Meer reich an Fischen und anderen Lebewesen, schwarze Perlen \u2013 kostbarer Schmuck. Wunderbar geschaffen, starke Kokospalmen, die in den Himmel ragen, sorgen f\u00fcr Gesundheit und Wohlbefinden, da alle Teile von den Zweigen bis zu den Wurzeln genutzt und verarbeitet werden zu Lebensmitteln, medizinischen Produkten und...","protected":false},"author":5,"featured_media":0,"parent":33755,"menu_order":3,"comment_status":"closed","ping_status":"closed","template":"","meta":{"_acf_changed":false,"footnotes":""},"class_list":["post-33881","page","type-page","status-publish","hentry"],"translation":{"provider":"WPGlobus","version":"3.0.2","language":"fr","enabled_languages":["de","fr","it"],"languages":{"de":{"title":true,"content":true,"excerpt":false},"fr":{"title":true,"content":true,"excerpt":false},"it":{"title":true,"content":true,"excerpt":false}}},"acf":[],"_links":{"self":[{"href":"https:\/\/wgt.ch\/fr\/wp-json\/wp\/v2\/pages\/33881","targetHints":{"allow":["GET"]}}],"collection":[{"href":"https:\/\/wgt.ch\/fr\/wp-json\/wp\/v2\/pages"}],"about":[{"href":"https:\/\/wgt.ch\/fr\/wp-json\/wp\/v2\/types\/page"}],"author":[{"embeddable":true,"href":"https:\/\/wgt.ch\/fr\/wp-json\/wp\/v2\/users\/5"}],"replies":[{"embeddable":true,"href":"https:\/\/wgt.ch\/fr\/wp-json\/wp\/v2\/comments?post=33881"}],"version-history":[{"count":24,"href":"https:\/\/wgt.ch\/fr\/wp-json\/wp\/v2\/pages\/33881\/revisions"}],"predecessor-version":[{"id":34114,"href":"https:\/\/wgt.ch\/fr\/wp-json\/wp\/v2\/pages\/33881\/revisions\/34114"}],"up":[{"embeddable":true,"href":"https:\/\/wgt.ch\/fr\/wp-json\/wp\/v2\/pages\/33755"}],"wp:attachment":[{"href":"https:\/\/wgt.ch\/fr\/wp-json\/wp\/v2\/media?parent=33881"}],"curies":[{"name":"wp","href":"https:\/\/api.w.org\/{rel}","templated":true}]}}