{"id":34414,"date":"2024-08-21T17:31:46","date_gmt":"2024-08-21T15:31:46","guid":{"rendered":"https:\/\/wgt.ch\/?page_id=34414"},"modified":"2024-08-21T18:26:37","modified_gmt":"2024-08-21T16:26:37","slug":"schmuck-aus-blumen-und-muscheln","status":"publish","type":"page","link":"https:\/\/wgt.ch\/fr\/fenster-zu-den-cookinseln-s\/schmuck-aus-blumen-und-muscheln\/","title":{"rendered":"Bijoux \u00e0 base de fleurs et coquillages"},"content":{"rendered":"<section class=\"l-section wpb_row height_small\"><div class=\"l-section-h i-cf\"><div class=\"g-cols vc_row via_grid cols_1 laptops-cols_inherit tablets-cols_inherit mobiles-cols_1 valign_top type_default stacking_default\"><div class=\"wpb_column vc_column_container\"><div class=\"vc_column-inner\"><h1 class=\"w-post-elm post_title entry-title color_link_inherit\">Bijoux \u00e0 base de fleurs et coquillages<\/h1><\/div><\/div><\/div><\/div><\/section><section class=\"l-section wpb_row height_small\"><div class=\"l-section-h i-cf\"><div class=\"g-cols vc_row via_grid cols_1-3 laptops-cols_inherit tablets-cols_inherit mobiles-cols_1 valign_top type_default stacking_default\"><div class=\"wpb_column vc_column_container\"><div class=\"vc_column-inner\"><div class=\"g-cols wpb_row via_grid cols_1 laptops-cols_inherit tablets-cols_inherit mobiles-cols_1 valign_top type_default stacking_default\" style=\"--columns-gap:3rem;\"><div class=\"wpb_column vc_column_container\"><div class=\"vc_column-inner\"><div class=\"w-image align_none meta_simple\"><div class=\"w-image-h\"><img decoding=\"async\" width=\"377\" height=\"483\" src=\"https:\/\/wgt.ch\/wp-content\/uploads\/2024\/08\/Hut-mit-Blumenkranz-Ausschnitt-Bild-44-\u00a9-WDPIC.jpg\" class=\"attachment-large size-large\" alt=\"{:de}Hut mit Blumenkranz \u00a9 WDPIC{:}{:fr}Chapeaux avec Ei Katu \u00a9 WDPIC{:}{:it}Cappelli con corone di fiori \u00a9 WDPIC{:}\" loading=\"lazy\" srcset=\"https:\/\/wgt.ch\/wp-content\/uploads\/2024\/08\/Hut-mit-Blumenkranz-Ausschnitt-Bild-44-\u00a9-WDPIC.jpg 377w, https:\/\/wgt.ch\/wp-content\/uploads\/2024\/08\/Hut-mit-Blumenkranz-Ausschnitt-Bild-44-\u00a9-WDPIC-234x300.jpg 234w\" sizes=\"auto, (max-width: 377px) 100vw, 377px\" \/><\/div><div class=\"w-image-meta\"><div class=\"w-image-title\">{:de}Hut mit Blumenkranz \u00a9 WDPIC{:}{:fr}Chapeaux avec Ei Katu \u00a9 WDPIC{:}{:it}Cappelli con corone di fiori \u00a9 WDPIC{:}<\/div><\/div><\/div><\/div><\/div><\/div><\/div><\/div><div class=\"wpb_column vc_column_container\"><div class=\"vc_column-inner\"><div class=\"wpb_text_column\"><div class=\"wpb_wrapper\"><h3>EI KATU<\/h3>\n<p>L&#8217;Ei Katu est un couvre-chef naturellement port\u00e9 par les femmes et les hommes des \u00celes Cook. Il est couramment utilis\u00e9 au march\u00e9, dans les centres commerciaux, au travail et, bien entendu, lors des c\u00e9l\u00e9brations.<br \/>\nLes couronnes florales se portent autour du cou, sur la poitrine ou en tant qu&#8217;ornement sur divers chapeaux.<br \/>\nLes couronnes de fleurs, r\u00e9alis\u00e9es par des femmes et des jeunes filles, comportent souvent le tiare, un gard\u00e9nia blanc (Gardenia tahitensis), qui est une fleur embl\u00e9matique de la r\u00e9gion.)<br \/>\nLa forme circulaire de l&#8217;Ei Katu symbolise l&#8217;unit\u00e9 et la connexion universelle. Ces couronnes de fleurs servent \u00e0 accueillir chaleureusement les membres de la famille, les amis et les dignitaires en visite aux \u00celes Cook. Offertes en cadeau, elles incarnent une \u00e9treinte affectueuse.<br \/>\nChaque ann\u00e9e, un festival haut en couleurs c\u00e9l\u00e8bre les fleurs. Durant une semaine, des concours quotidiens r\u00e9compensent les magasins, les \u00e9coles et les b\u00e2timents gouvernementaux les plus joliment d\u00e9cor\u00e9s de fleurs.<\/p>\n<\/div><\/div><\/div><\/div><\/div><\/div><\/section><section class=\"l-section wpb_row height_small\"><div class=\"l-section-h i-cf\"><div class=\"g-cols vc_row via_grid cols_1-3 laptops-cols_inherit tablets-cols_inherit mobiles-cols_1 valign_top type_default stacking_default\"><div class=\"wpb_column vc_column_container\"><div class=\"vc_column-inner\"><div class=\"g-cols wpb_row via_grid cols_1 laptops-cols_inherit tablets-cols_inherit mobiles-cols_1 valign_top type_default stacking_default\" style=\"--columns-gap:3rem;\"><div class=\"wpb_column vc_column_container\"><div class=\"vc_column-inner\"><div class=\"w-image align_none meta_simple\"><div class=\"w-image-h\"><img decoding=\"async\" width=\"1024\" height=\"1024\" src=\"https:\/\/wgt.ch\/wp-content\/uploads\/2024\/08\/19-Ei-pupu-Mangaia-shell-leis-\u00a9-WDPIC-1024x1024.jpg\" class=\"attachment-large size-large\" alt=\"{:de}Muschelkette \u00a9 WDPIC{:}{:fr}Collier de coquillages Ei pupu \u00a9 WDPIC{:}{:it}Collana di conchiglie \u00a9 WDPIC {:}\" loading=\"lazy\" srcset=\"https:\/\/wgt.ch\/wp-content\/uploads\/2024\/08\/19-Ei-pupu-Mangaia-shell-leis-\u00a9-WDPIC-1024x1024.jpg 1024w, https:\/\/wgt.ch\/wp-content\/uploads\/2024\/08\/19-Ei-pupu-Mangaia-shell-leis-\u00a9-WDPIC-300x300.jpg 300w, https:\/\/wgt.ch\/wp-content\/uploads\/2024\/08\/19-Ei-pupu-Mangaia-shell-leis-\u00a9-WDPIC-150x150.jpg 150w\" sizes=\"auto, (max-width: 1024px) 100vw, 1024px\" \/><\/div><div class=\"w-image-meta\"><div class=\"w-image-title\">{:de}Muschelkette \u00a9 WDPIC{:}{:fr}Collier de coquillages Ei pupu \u00a9 WDPIC{:}{:it}Collana di conchiglie \u00a9 WDPIC {:}<\/div><\/div><\/div><\/div><\/div><\/div><\/div><\/div><div class=\"wpb_column vc_column_container\"><div class=\"vc_column-inner\"><div class=\"wpb_text_column\"><div class=\"wpb_wrapper\"><h3>EI PUPU<\/h3>\n<p>Les Ei Pupu sont des couronnes de coquillages fabriqu\u00e9es sur l&#8217;\u00eele de Mangaia. La fabrication est tr\u00e8s difficile. Apr\u00e8s une averse, il est n\u00e9cessaire pour les femmes de s&#8217;asseoir sur les rochers durant de longues heures afin de collecter de minuscules coquilles d&#8217;escargots jaunes. Elles les font ensuite bouillir, s\u00e9cher, les percent de petits trous et les enfilent sur un fil de p\u00eache. Ce processus m\u00e9ticuleux et fastidieux comporte des risques, comme la casse des coquilles ou des blessures aux doigts des artisanes. Enfin, un collier d&#8217;une grande finesse, blanc ou jaune, a \u00e9t\u00e9 confectionn\u00e9. Il est destin\u00e9 \u00e0 \u00eatre vendu ou donn\u00e9 en cadeau.<\/p>\n<p>Annemarie Akermann<\/p>\n<\/div><\/div><\/div><\/div><\/div><\/div><\/section>\n","protected":false},"excerpt":{"rendered":"{:de}Bijoux \u00e0 base de fleurs et coquillages{:de}Hut mit Blumenkranz \u00a9 WDPIC{:}{:fr}Chapeaux avec Ei Katu \u00a9 WDPIC{:}{:it}Cappelli con corone di fiori \u00a9 WDPIC{:} EI KATU Ei Katu heisst der Kopfschmuck, der ganz selbstverst\u00e4ndlich von Frauen und M\u00e4nnern auf den Cookinseln getragen wird. Sie tragen ihn auf dem Markt, im Einkaufszentrum, bei der Arbeit und nat\u00fcrlich bei...","protected":false},"author":5,"featured_media":0,"parent":33755,"menu_order":5,"comment_status":"closed","ping_status":"closed","template":"","meta":{"_acf_changed":false,"footnotes":""},"class_list":["post-34414","page","type-page","status-publish","hentry"],"translation":{"provider":"WPGlobus","version":"3.0.2","language":"fr","enabled_languages":["de","fr","it"],"languages":{"de":{"title":true,"content":true,"excerpt":false},"fr":{"title":true,"content":true,"excerpt":false},"it":{"title":true,"content":true,"excerpt":false}}},"acf":[],"_links":{"self":[{"href":"https:\/\/wgt.ch\/fr\/wp-json\/wp\/v2\/pages\/34414","targetHints":{"allow":["GET"]}}],"collection":[{"href":"https:\/\/wgt.ch\/fr\/wp-json\/wp\/v2\/pages"}],"about":[{"href":"https:\/\/wgt.ch\/fr\/wp-json\/wp\/v2\/types\/page"}],"author":[{"embeddable":true,"href":"https:\/\/wgt.ch\/fr\/wp-json\/wp\/v2\/users\/5"}],"replies":[{"embeddable":true,"href":"https:\/\/wgt.ch\/fr\/wp-json\/wp\/v2\/comments?post=34414"}],"version-history":[{"count":10,"href":"https:\/\/wgt.ch\/fr\/wp-json\/wp\/v2\/pages\/34414\/revisions"}],"predecessor-version":[{"id":34429,"href":"https:\/\/wgt.ch\/fr\/wp-json\/wp\/v2\/pages\/34414\/revisions\/34429"}],"up":[{"embeddable":true,"href":"https:\/\/wgt.ch\/fr\/wp-json\/wp\/v2\/pages\/33755"}],"wp:attachment":[{"href":"https:\/\/wgt.ch\/fr\/wp-json\/wp\/v2\/media?parent=34414"}],"curies":[{"name":"wp","href":"https:\/\/api.w.org\/{rel}","templated":true}]}}