{"id":34615,"date":"2024-09-05T17:36:55","date_gmt":"2024-09-05T15:36:55","guid":{"rendered":"https:\/\/wgt.ch\/?page_id=34615"},"modified":"2024-09-16T16:48:13","modified_gmt":"2024-09-16T14:48:13","slug":"huete-aus-rito","status":"publish","type":"page","link":"https:\/\/wgt.ch\/fr\/fenster-zu-den-cookinseln-s\/huete-aus-rito\/","title":{"rendered":"Chapeaux &#8211; tress\u00e9s en rito"},"content":{"rendered":"<section class=\"l-section wpb_row height_small\"><div class=\"l-section-h i-cf\"><div class=\"g-cols vc_row via_grid cols_1 laptops-cols_inherit tablets-cols_inherit mobiles-cols_1 valign_top type_default stacking_default\"><div class=\"wpb_column vc_column_container\"><div class=\"vc_column-inner\"><h1 class=\"w-post-elm post_title entry-title color_link_inherit\">Chapeaux &#8211; tress\u00e9s en rito<\/h1><\/div><\/div><\/div><\/div><\/section><section class=\"l-section wpb_row height_small\"><div class=\"l-section-h i-cf\"><div class=\"g-cols vc_row via_grid cols_1-3 laptops-cols_inherit tablets-cols_inherit mobiles-cols_1 valign_top type_default stacking_default\"><div class=\"wpb_column vc_column_container\"><div class=\"vc_column-inner\"><div class=\"g-cols wpb_row via_grid cols_1 laptops-cols_inherit tablets-cols_inherit mobiles-cols_1 valign_top type_default stacking_default\" style=\"--columns-gap:3rem;\"><div class=\"wpb_column vc_column_container\"><div class=\"vc_column-inner\"><div class=\"w-image align_none meta_simple\"><div class=\"w-image-h\"><img decoding=\"async\" width=\"768\" height=\"1024\" src=\"https:\/\/wgt.ch\/wp-content\/uploads\/2024\/09\/15-Handmade-rito-hat-\u00a9WDPIC-768x1024.jpg\" class=\"attachment-large size-large\" alt=\"{:de}Handgemachter Rito-Hut \u00a9WDPIC{:}{:fr}Chapeau en rito fait \u00e0 la main \u00a9WDPIC {:}{:it}Cappello di rito fatto a mano \u00a9WDPIC{:}\" loading=\"lazy\" srcset=\"https:\/\/wgt.ch\/wp-content\/uploads\/2024\/09\/15-Handmade-rito-hat-\u00a9WDPIC-768x1024.jpg 768w, https:\/\/wgt.ch\/wp-content\/uploads\/2024\/09\/15-Handmade-rito-hat-\u00a9WDPIC-225x300.jpg 225w, https:\/\/wgt.ch\/wp-content\/uploads\/2024\/09\/15-Handmade-rito-hat-\u00a9WDPIC-scaled.jpg 1920w\" sizes=\"auto, (max-width: 768px) 100vw, 768px\" \/><\/div><div class=\"w-image-meta\"><div class=\"w-image-title\">{:de}Handgemachter Rito-Hut \u00a9WDPIC{:}{:fr}Chapeau en rito fait \u00e0 la main \u00a9WDPIC {:}{:it}Cappello di rito fatto a mano \u00a9WDPIC{:}<\/div><\/div><\/div><\/div><\/div><\/div><\/div><\/div><div class=\"wpb_column vc_column_container\"><div class=\"vc_column-inner\"><div class=\"wpb_text_column\"><div class=\"wpb_wrapper\"><p><span data-contrast=\"auto\">\u00ab Nous honorons l&#8217;amour et la mis\u00e9ricorde de Dieu avec des chapeaux port\u00e9s \u00e0 l&#8217;\u00e9glise, tiss\u00e9s par des mains habiles et aimantes \u00e0 partir de fibres de rito, la tendre feuille du cocotier \u00bb.<\/span><span data-ccp-props=\"{&quot;335551550&quot;:6,&quot;335551620&quot;:6}\"><br \/>\n<\/span><em>Citation de la d\u00e9claration de l&#8217;artiste\u00a0<\/em><\/p>\n<\/div><\/div><div class=\"wpb_text_column\"><div class=\"wpb_wrapper\"><p><span data-contrast=\"auto\">Le rito, fibre de feuille de cocotier, souvent surnomm\u00e9 \u00ab l&#8217;arbre de vie \u00bb par les populations locales. Ce sont les jeunes pousses centrales des feuilles penn\u00e9es encore ferm\u00e9es, de couleur beige cr\u00e8me, qui sont utilis\u00e9es. Une fois r\u00e9colt\u00e9es, ces pousses sont divis\u00e9es, bouillies, s\u00e9ch\u00e9es puis d\u00e9roul\u00e9es. La pr\u00e9paration du rito repr\u00e9sente un travail exigeant.<\/span><span data-ccp-props=\"{}\"><br \/>\n<\/span><span data-contrast=\"auto\">Les chapeaux rito sont authentiques et confectionn\u00e9s \u00e0 la main, rendant chaque pi\u00e8ce unique. Les techniques utilis\u00e9es par la femme qui les tisse se transmettent de g\u00e9n\u00e9ration en g\u00e9n\u00e9ration. La cr\u00e9ation d&#8217;un chapeau rito n\u00e9cessite au moins cinq jours de tissage et de fa\u00e7onnage.<\/span><span data-ccp-props=\"{}\"><br \/>\n<\/span><span data-contrast=\"auto\">Les chapeaux rito constituent un pr\u00e9sent appr\u00e9ci\u00e9 pour les mariages et les anniversaires, ainsi que pour accueillir les visiteurs de marque.<\/span><span data-ccp-props=\"{}\"><br \/>\n<\/span><span data-contrast=\"auto\">Les femmes portent les chapeaux rito le dimanche \u00e0 l&#8217;\u00e9glise ainsi que lors d&#8217;\u00e9v\u00e9nements et de manifestations sp\u00e9ciales.<\/span><span data-ccp-props=\"{}\">\u00a0<\/span><\/p>\n<p><span data-ccp-props=\"{}\">\u00a0<\/span>Annemarie Akermann<\/p>\n<\/div><\/div><div class=\"wpb_text_column\"><div class=\"wpb_wrapper\"><h6 class=\"w-post-elm post_title entry-title color_link_inherit\"><a href=\"https:\/\/wgt.ch\/wp-content\/uploads\/2024\/09\/Fenetre-sur-les-chapeaux-en-rito.pdf\" target=\"_blank\" rel=\"noopener\"><strong>Chapeaux \u2013 tress\u00e9s en rito.pdf<\/strong><\/a><\/h6>\n<\/div><\/div><\/div><\/div><\/div><\/div><\/section><section class=\"l-section wpb_row height_small\"><div class=\"l-section-h i-cf\"><div class=\"g-cols vc_row via_grid cols_1 laptops-cols_inherit tablets-cols_inherit mobiles-cols_1 valign_top type_default stacking_default\"><div class=\"wpb_column vc_column_container\"><div class=\"vc_column-inner\"><div class=\"g-cols wpb_row via_grid cols_1 laptops-cols_inherit tablets-cols_inherit mobiles-cols_1 valign_top type_default stacking_default\" style=\"--columns-gap:3rem;\"><div class=\"wpb_column vc_column_container\"><div class=\"vc_column-inner\"><div class=\"w-image align_none meta_simple\"><div class=\"w-image-h\"><img decoding=\"async\" width=\"1024\" height=\"576\" src=\"https:\/\/wgt.ch\/wp-content\/uploads\/2024\/09\/16-Rito-weaving-\u00a9Cook-Islands-Tourism-1024x576.jpg\" class=\"attachment-large size-large\" alt=\"{:de}Rito-Weben \u00a9 Cook Islands Tourism{:}{:fr}Tissage du rito \u00a9 Cook Islands Tourism {:}{:it}Intreccio di rito \u00a9 Cook Islands Tourism{:}\" loading=\"lazy\" srcset=\"https:\/\/wgt.ch\/wp-content\/uploads\/2024\/09\/16-Rito-weaving-\u00a9Cook-Islands-Tourism-1024x576.jpg 1024w, https:\/\/wgt.ch\/wp-content\/uploads\/2024\/09\/16-Rito-weaving-\u00a9Cook-Islands-Tourism-300x169.jpg 300w\" sizes=\"auto, (max-width: 1024px) 100vw, 1024px\" \/><\/div><div class=\"w-image-meta\"><div class=\"w-image-title\">{:de}Rito-Weben \u00a9 Cook Islands Tourism{:}{:fr}Tissage du rito \u00a9 Cook Islands Tourism {:}{:it}Intreccio di rito \u00a9 Cook Islands Tourism{:}<\/div><\/div><\/div><\/div><\/div><\/div><\/div><\/div><\/div><\/div><\/section>\n","protected":false},"excerpt":{"rendered":"{:de}Chapeaux &#8211; tress\u00e9s en rito{:de}Handgemachter Rito-Hut \u00a9WDPIC{:}{:fr}Chapeau en rito fait \u00e0 la main \u00a9WDPIC {:}{:it}Cappello di rito fatto a mano \u00a9WDPIC{:}\u00abWir ehren Gottes Liebe und Barmherzigkeit mit H\u00fcten, die wir in der Kirche tragen und die von geschickten, liebevollen H\u00e4nden aus den Fasern von Rito, dem jungen Kokosnussblatt, gewebt wurden.\u00bb Zitat aus Artist Statement Rito...","protected":false},"author":5,"featured_media":0,"parent":33755,"menu_order":6,"comment_status":"closed","ping_status":"closed","template":"","meta":{"_acf_changed":false,"footnotes":""},"class_list":["post-34615","page","type-page","status-publish","hentry"],"translation":{"provider":"WPGlobus","version":"3.0.2","language":"fr","enabled_languages":["de","fr","it"],"languages":{"de":{"title":true,"content":true,"excerpt":false},"fr":{"title":true,"content":true,"excerpt":false},"it":{"title":true,"content":true,"excerpt":false}}},"acf":[],"_links":{"self":[{"href":"https:\/\/wgt.ch\/fr\/wp-json\/wp\/v2\/pages\/34615","targetHints":{"allow":["GET"]}}],"collection":[{"href":"https:\/\/wgt.ch\/fr\/wp-json\/wp\/v2\/pages"}],"about":[{"href":"https:\/\/wgt.ch\/fr\/wp-json\/wp\/v2\/types\/page"}],"author":[{"embeddable":true,"href":"https:\/\/wgt.ch\/fr\/wp-json\/wp\/v2\/users\/5"}],"replies":[{"embeddable":true,"href":"https:\/\/wgt.ch\/fr\/wp-json\/wp\/v2\/comments?post=34615"}],"version-history":[{"count":16,"href":"https:\/\/wgt.ch\/fr\/wp-json\/wp\/v2\/pages\/34615\/revisions"}],"predecessor-version":[{"id":34778,"href":"https:\/\/wgt.ch\/fr\/wp-json\/wp\/v2\/pages\/34615\/revisions\/34778"}],"up":[{"embeddable":true,"href":"https:\/\/wgt.ch\/fr\/wp-json\/wp\/v2\/pages\/33755"}],"wp:attachment":[{"href":"https:\/\/wgt.ch\/fr\/wp-json\/wp\/v2\/media?parent=34615"}],"curies":[{"name":"wp","href":"https:\/\/api.w.org\/{rel}","templated":true}]}}