{"id":34731,"date":"2024-09-13T17:14:20","date_gmt":"2024-09-13T15:14:20","guid":{"rendered":"https:\/\/wgt.ch\/?page_id=34731"},"modified":"2025-02-28T14:58:32","modified_gmt":"2025-02-28T13:58:32","slug":"downloads-cookinseln-2025","status":"publish","type":"page","link":"https:\/\/wgt.ch\/fr\/downloads-cookinseln-2025\/","title":{"rendered":"T\u00e9l\u00e9chargements \u00celes Cook 2025"},"content":{"rendered":"<section class=\"l-section wpb_row height_small\"><div class=\"l-section-h i-cf\"><div class=\"g-cols vc_row via_grid cols_1 laptops-cols_inherit tablets-cols_inherit mobiles-cols_1 valign_top type_default stacking_default\"><div class=\"wpb_column vc_column_container\"><div class=\"vc_column-inner\"><h2 class=\"w-post-elm post_title entry-title color_link_inherit\">T\u00e9l\u00e9chargements \u00celes Cook 2025<\/h2><\/div><\/div><\/div><\/div><\/section><section class=\"l-section wpb_row height_small\"><div class=\"l-section-h i-cf\"><div class=\"g-cols vc_row via_grid cols_1 laptops-cols_inherit tablets-cols_inherit mobiles-cols_1 valign_top type_default stacking_default\"><div class=\"g-cols wpb_row via_grid cols_3 laptops-cols_inherit tablets-cols_inherit mobiles-cols_1 valign_top type_default stacking_default\" style=\"--columns-gap:3rem;\"><div class=\"wpb_column vc_column_container\"><div class=\"vc_column-inner\"><div class=\"wpb_text_column\"><div class=\"wpb_wrapper\"><h5 style=\"text-align: center;\"><strong>Le logo<\/strong><\/h5>\n<\/div><\/div><div class=\"w-image align_center\"><a ref=\"magnificPopup\" href=\"https:\/\/wgt.ch\/wp-content\/uploads\/2022\/11\/WGT-CH-Logo-transparent-352-px.png\" aria-label=\"WGT CH Logo transparent 352 px\" class=\"w-image-h\"><img decoding=\"async\" width=\"300\" height=\"300\" src=\"https:\/\/wgt.ch\/wp-content\/uploads\/2022\/11\/WGT-CH-Logo-transparent-352-px-300x300.png\" class=\"attachment-medium size-medium\" alt=\"{:de}WGT-CH Logo transparent 352 px{:}{:fr}JMP-CH Logo transparent 352 px{:}{:it}GMP-CH Logo trasparente 352 px{:}\" loading=\"lazy\" srcset=\"https:\/\/wgt.ch\/wp-content\/uploads\/2022\/11\/WGT-CH-Logo-transparent-352-px-300x300.png 300w, https:\/\/wgt.ch\/wp-content\/uploads\/2022\/11\/WGT-CH-Logo-transparent-352-px-150x150.png 150w, https:\/\/wgt.ch\/wp-content\/uploads\/2022\/11\/WGT-CH-Logo-transparent-352-px.png 352w\" sizes=\"auto, (max-width: 300px) 100vw, 300px\" \/><\/a><\/div><div class=\"w-separator size_custom\" style=\"height:15px\"><\/div><div class=\"wpb_text_column\"><div class=\"wpb_wrapper\"><p style=\"text-align: center;\">Nouveau design d\u00e8s 2022<\/p>\n<\/div><\/div><div class=\"w-separator size_small\"><\/div><\/div><\/div><div class=\"wpb_column vc_column_container\"><div class=\"vc_column-inner\"><div class=\"w-image align_center\"><a ref=\"magnificPopup\" href=\"https:\/\/wgt.ch\/wp-content\/uploads\/2024\/04\/Titelbild-Cook-Islands-2025-scaled.jpeg\" aria-label=\"Titelbild Cook Islands 2025\" class=\"w-image-h\"><img decoding=\"async\" width=\"1810\" height=\"2560\" src=\"https:\/\/wgt.ch\/wp-content\/uploads\/2024\/04\/Titelbild-Cook-Islands-2025-scaled.jpeg\" class=\"attachment-full size-full\" alt=\"{:de}Titelbild 2025 Cookinseln {:}{:fr}Image de couverture 2025 \u00celes Cook{:}{:it}Il frontespizio 2025 Isole Cook{:}\" loading=\"lazy\" srcset=\"https:\/\/wgt.ch\/wp-content\/uploads\/2024\/04\/Titelbild-Cook-Islands-2025-scaled.jpeg 1810w, https:\/\/wgt.ch\/wp-content\/uploads\/2024\/04\/Titelbild-Cook-Islands-2025-212x300.jpeg 212w, https:\/\/wgt.ch\/wp-content\/uploads\/2024\/04\/Titelbild-Cook-Islands-2025-724x1024.jpeg 724w, https:\/\/wgt.ch\/wp-content\/uploads\/2024\/04\/Titelbild-Cook-Islands-2025-1086x1536.jpeg 1086w, https:\/\/wgt.ch\/wp-content\/uploads\/2024\/04\/Titelbild-Cook-Islands-2025-1448x2048.jpeg 1448w\" sizes=\"auto, (max-width: 1810px) 100vw, 1810px\" \/><\/a><\/div><div class=\"w-separator size_custom\" style=\"height:15px\"><\/div><div class=\"wpb_text_column\"><div class=\"wpb_wrapper\"><p style=\"text-align: left;\">Image de couverture 2025 \u00celes Cook<\/p>\n<\/div><\/div><div class=\"w-separator size_small\"><\/div><\/div><\/div><div class=\"wpb_column vc_column_container\"><div class=\"vc_column-inner\"><div class=\"wpb_text_column\"><div class=\"wpb_wrapper\"><h5 style=\"text-align: center;\">\u00abTu es une merveille\u00bb<br \/>\n(Psaume 139)<br \/>\n<strong>C\u00e9l\u00e9bration \u0153cum\u00e9nique de la Journ\u00e9e mondiale de pri\u00e8re avec les \u00celes Cook \u2013 7\u00a0mars\u00a02025<\/strong><\/h5>\n<p>Le comit\u00e9 de la Journ\u00e9e mondiale de pri\u00e8re des \u00celes Cook, compos\u00e9 de femmes de diff\u00e9rentes confessions chr\u00e9tiennes, a pr\u00e9par\u00e9 pour nous cette c\u00e9l\u00e9bration. Le titre et les th\u00e8mes abord\u00e9s sont inspir\u00e9s du Psaume 139. Trois r\u00e9cits de vie, les louanges, les intercessions nous rapprochent des habitants, de la culture et des beaut\u00e9s naturelles cet archipel du Pacifique Sud, situ\u00e9 de l&#8217;autre c\u00f4t\u00e9 du globe.<\/p>\n<p>Kia orana &#8211; soyez les bienvenues\u00a0!<\/p>\n<\/div><\/div><\/div><\/div><\/div><div class=\"wpb_column vc_column_container\"><div class=\"vc_column-inner\"><div class=\"g-cols wpb_row via_grid cols_1 laptops-cols_inherit tablets-cols_inherit mobiles-cols_1 valign_top type_default stacking_default\" style=\"--columns-gap:3rem;\"><div class=\"wpb_column vc_column_container\"><div class=\"vc_column-inner\"><div class=\"wpb_text_column\"><div class=\"wpb_wrapper\"><h5><span actionstate=\"&#091;object Object&#093;\" itemkey=\"&#091;&quot;spItem_7&quot;,&quot;https:\/\/wgtch1.sharepoint.com\/sites\/WGTKomitee_ro&quot;,&quot;https:\/\/wgtch1.sharepoint.com\/sites\/WGTKomitee_ro\/Daten&quot;,&quot;&quot;,&quot;\/sites\/WGTKomitee_ro\/Daten\/Komitee Dokumente\/1 L\u00e4nder\/2025 Cookinseln\/3 Website\/2 Downloads\/2 Franz\u00f6sisch\/02 \u00c9tude biblique&quot;&#093;\" class=\"ms-Breadcrumb-item item-152\">01 Liturgie<\/span><\/h5>\n<ul>\n<li><a href=\"https:\/\/wgt.ch\/wp-content\/uploads\/2024\/10\/To-matou-Metua-Notre-Pere-Maori-Francais.pdf\" target=\"_blank\" rel=\"noopener\">To matou Metua (Notre P\u00e8re) Maori &#8211; Fran\u00e7ais.pdf<\/a><\/li>\n<\/ul>\n<\/div><\/div><div class=\"w-separator size_small\"><\/div><div class=\"wpb_text_column\"><div class=\"wpb_wrapper\"><h5><span actionstate=\"&#091;object Object&#093;\" itemkey=\"&#091;&quot;spItem_7&quot;,&quot;https:\/\/wgtch1.sharepoint.com\/sites\/WGTKomitee_ro&quot;,&quot;https:\/\/wgtch1.sharepoint.com\/sites\/WGTKomitee_ro\/Daten&quot;,&quot;&quot;,&quot;\/sites\/WGTKomitee_ro\/Daten\/Komitee Dokumente\/1 L\u00e4nder\/2025 Cookinseln\/3 Website\/2 Downloads\/2 Franz\u00f6sisch\/02 \u00c9tude biblique&quot;&#093;\" class=\"ms-Breadcrumb-item item-152\">02 \u00c9tude biblique<\/span><\/h5>\n<ul>\n<li><a href=\"https:\/\/wgt.ch\/wp-content\/uploads\/2024\/10\/00-Introduction-etude-biblique.pdf\" target=\"_blank\" rel=\"noopener\">00 Introduction \u00e9tude biblique<\/a><\/li>\n<li><a href=\"https:\/\/wgt.ch\/wp-content\/uploads\/2024\/10\/01-Deroulement-de-letude-biblique.pdf\" target=\"_blank\" rel=\"noopener\">01 D\u00e9roulement de l&#8217;\u00e9tude biblique<\/a><\/li>\n<li><a href=\"https:\/\/wgt.ch\/wp-content\/uploads\/2024\/10\/02-Psaume-139-La-TOB.pdf\" target=\"_blank\" rel=\"noopener\">02 Psaume 139 La TOB<\/a><\/li>\n<li><a href=\"https:\/\/wgt.ch\/wp-content\/uploads\/2024\/10\/03-Breves-infos-sur-le-Psaume-139.pdf\" target=\"_blank\" rel=\"noopener\">03 Br\u00e8ves infos sur le Psaume 139<\/a><\/li>\n<li><a href=\"https:\/\/wgt.ch\/wp-content\/uploads\/2024\/10\/04-Realisation-des-illustrations-Declarations-sur-Dieu.pdf\" target=\"_blank\" rel=\"noopener\">04 R\u00e9alisation des illustrations- D\u00e9clarations sur Dieu<\/a><\/li>\n<li><a href=\"https:\/\/wgt.ch\/wp-content\/uploads\/2024\/10\/05-Consigne-de-travail-sur-les-illustrations.pdf\" target=\"_blank\" rel=\"noopener\">05 Consigne de travail sur les illustrations<\/a><\/li>\n<li><a href=\"https:\/\/wgt.ch\/wp-content\/uploads\/2024\/10\/06-Benediction.pdf\" target=\"_blank\" rel=\"noopener\">06 B\u00e9n\u00e9diction<\/a><\/li>\n<\/ul>\n<\/div><\/div><div class=\"w-separator size_small\"><\/div><\/div><\/div><\/div><div class=\"g-cols wpb_row via_grid cols_1 laptops-cols_inherit tablets-cols_inherit mobiles-cols_1 valign_top type_default stacking_default\" style=\"--columns-gap:3rem;\"><div class=\"wpb_column vc_column_container\"><div class=\"vc_column-inner\"><div class=\"wpb_text_column\"><div class=\"wpb_wrapper\"><h5><span>03 Musique, chant et danse<\/span><\/h5>\n<h6>Chants du Comit\u00e9 des \u00eeles Cook :<\/h6>\n<p>Cliquez sur un chant de la liste pour le t\u00e9l\u00e9charger dans votre dossier T\u00e9l\u00e9chargements, o\u00f9 vous pourrez ensuite le visualiser en cliquant dessus.<\/p>\n<ul>\n<li><a href=\"https:\/\/wgt.ch\/wp-content\/uploads\/2024\/09\/1a.-Ocean-waves-1-\u00a9-WDPIC.mov\">1a. Ocean waves 1 \u00a9 WDPIC<\/a> (Vagues de l&#8217;oc\u00e9an 1)<\/li>\n<li><a href=\"https:\/\/wgt.ch\/wp-content\/uploads\/2024\/09\/1b.-Ocean-waves-2-\u00a9-WDPIC.mov\" rel=\"noopener\">1b. Ocean waves 2 \u00a9 WDPIC<\/a> (Vagues de l&#8217;oc\u00e9an 2)<\/li>\n<li><a href=\"https:\/\/wgt.ch\/wp-content\/uploads\/2024\/09\/1c.-Ocean-waves-3-\u00a9-WDPIC.mov\">1c. Ocean waves 3 \u00a9 WDPIC<\/a> (Vagues de l&#8217;oc\u00e9an 3)<\/li>\n<li><a href=\"https:\/\/wgt.ch\/wp-content\/uploads\/2024\/09\/2.-Turou-turou-\u00a9-WDPIC.mov\">2. Turo\u016b, turo\u016b! Oro mai, oro mai! E te ao nei! I\u0113koko! \u00a9 WDPIC<\/a><\/li>\n<\/ul>\n<\/div><\/div><div class=\"w-separator size_small\"><\/div><\/div><\/div><\/div><div class=\"g-cols wpb_row via_grid cols_3 laptops-cols_inherit tablets-cols_inherit mobiles-cols_1 valign_top type_default stacking_default\" style=\"--columns-gap:3rem;\"><div class=\"wpb_column vc_column_container\"><div class=\"vc_column-inner\"><div class=\"w-video align_none ratio_16x9 has_iframe\"><div class=\"w-video-h\"><iframe title=\"Vimeo video player\" src=\"https:\/\/player.vimeo.com\/video\/1025522656?autoplay=0&loop=0&autopause=0&color=00adef&portrait=0&byline=0&title=0&controls=1&muted=0\" frameborder=\"0\" allow=\"autoplay; fullscreen\" allowfullscreen loading=\"lazy\"><\/iframe><\/div><\/div><div class=\"w-separator size_custom\" style=\"height:15px\"><\/div><div class=\"wpb_text_column\"><div class=\"wpb_wrapper\"><p><a href=\"https:\/\/wgt.ch\/wp-content\/uploads\/2024\/09\/1a.-Ocean-waves-1-\u00a9-WDPIC.mov\">1a. Ocean waves 1 \u00a9 WDPIC<\/a><\/p>\n<\/div><\/div><div class=\"w-separator size_small\"><\/div><\/div><\/div><div class=\"wpb_column vc_column_container\"><div class=\"vc_column-inner\"><div class=\"w-video align_none ratio_16x9 has_iframe\"><div class=\"w-video-h\"><iframe title=\"Vimeo video player\" src=\"https:\/\/player.vimeo.com\/video\/1025525101?autoplay=0&loop=0&autopause=0&color=00adef&portrait=0&byline=0&title=0&controls=1&muted=0\" frameborder=\"0\" allow=\"autoplay; fullscreen\" allowfullscreen loading=\"lazy\"><\/iframe><\/div><\/div><div class=\"w-separator size_custom\" style=\"height:15px\"><\/div><div class=\"wpb_text_column\"><div class=\"wpb_wrapper\"><p><a href=\"https:\/\/wgt.ch\/wp-content\/uploads\/2024\/09\/1b.-Ocean-waves-2-%C2%A9-WDPIC.mov\" rel=\"noopener\">1b. Ocean waves 2 \u00a9 WDPIC<\/a><\/p>\n<\/div><\/div><div class=\"w-separator size_small\"><\/div><\/div><\/div><div class=\"wpb_column vc_column_container\"><div class=\"vc_column-inner\"><div class=\"w-video align_none ratio_16x9 has_iframe\"><div class=\"w-video-h\"><iframe title=\"Vimeo video player\" src=\"https:\/\/player.vimeo.com\/video\/1025527391?autoplay=0&loop=0&autopause=0&color=00adef&portrait=0&byline=0&title=0&controls=1&muted=0\" frameborder=\"0\" allow=\"autoplay; fullscreen\" allowfullscreen loading=\"lazy\"><\/iframe><\/div><\/div><div class=\"w-separator size_custom\" style=\"height:15px\"><\/div><div class=\"wpb_text_column\"><div class=\"wpb_wrapper\"><p><a href=\"https:\/\/wgt.ch\/wp-content\/uploads\/2024\/09\/1c.-Ocean-waves-3-\u00a9-WDPIC.mov\">1c. Ocean waves 3 \u00a9 WDPIC<\/a><\/p>\n<\/div><\/div><div class=\"w-separator size_small\"><\/div><\/div><\/div><\/div><div class=\"g-cols wpb_row via_grid cols_3 laptops-cols_inherit tablets-cols_inherit mobiles-cols_1 valign_top type_default stacking_default\" style=\"--columns-gap:3rem;\"><div class=\"wpb_column vc_column_container\"><div class=\"vc_column-inner\"><div class=\"w-video align_none ratio_16x9 has_iframe\"><div class=\"w-video-h\"><iframe title=\"Vimeo video player\" src=\"https:\/\/player.vimeo.com\/video\/1025504205?autoplay=0&loop=0&autopause=0&color=00adef&portrait=0&byline=0&title=0&controls=1&muted=0\" frameborder=\"0\" allow=\"autoplay; fullscreen\" allowfullscreen loading=\"lazy\"><\/iframe><\/div><\/div><div class=\"w-separator size_custom\" style=\"height:15px\"><\/div><div class=\"wpb_text_column\"><div class=\"wpb_wrapper\"><p><a href=\"https:\/\/wgt.ch\/wp-content\/uploads\/2024\/09\/2.-Turou-turou-%C2%A9-WDPIC.mov\">2. Turo\u016b, turo\u016b! Oro mai, oro mai! E te ao nei! I\u0113koko! \u00a9 WDPIC<\/a> (Mot de bienvenue)<\/p>\n<\/div><\/div><div class=\"w-separator size_small\"><\/div><\/div><\/div><div class=\"wpb_column vc_column_container\"><div class=\"vc_column-inner\"><div class=\"w-video align_none ratio_16x9 has_iframe\"><div class=\"w-video-h\"><iframe title=\"Vimeo video player\" src=\"https:\/\/player.vimeo.com\/video\/1010248241?autoplay=0&loop=0&autopause=0&color=00adef&portrait=0&byline=0&title=0&controls=1&muted=0\" frameborder=\"0\" allow=\"autoplay; fullscreen\" allowfullscreen loading=\"lazy\"><\/iframe><\/div><\/div><div class=\"w-separator size_custom\" style=\"height:15px\"><\/div><div class=\"wpb_text_column\"><div class=\"wpb_wrapper\"><p>3. Wonderfully Made (Ruru Maeva) \u00a9 WDPIC<\/p>\n<\/div><\/div><div class=\"w-separator size_small\"><\/div><\/div><\/div><div class=\"wpb_column vc_column_container\"><div class=\"vc_column-inner\"><div class=\"w-video align_none ratio_16x9 has_iframe\"><div class=\"w-video-h\"><iframe title=\"Vimeo video player\" src=\"https:\/\/player.vimeo.com\/video\/1010259111?autoplay=0&loop=0&autopause=0&color=00adef&portrait=0&byline=0&title=0&controls=1&muted=0\" frameborder=\"0\" allow=\"autoplay; fullscreen\" allowfullscreen loading=\"lazy\"><\/iframe><\/div><\/div><div class=\"w-separator size_custom\" style=\"height:15px\"><\/div><div class=\"wpb_text_column\"><div class=\"wpb_wrapper\"><p>4. God Who Knows Us (Ruru Maeva) \u00a9 WDPIC<\/p>\n<\/div><\/div><div class=\"w-separator size_small\"><\/div><\/div><\/div><\/div><div class=\"g-cols wpb_row via_grid cols_1 laptops-cols_inherit tablets-cols_inherit mobiles-cols_1 valign_top type_default stacking_default\" style=\"--columns-gap:3rem;\"><div class=\"wpb_column vc_column_container\"><div class=\"vc_column-inner\"><div class=\"wpb_text_column\"><div class=\"wpb_wrapper\"><h6>Notre P\u00e8re &#8211; Te Pure \u0100 Te Atu (Pri\u00e8re du Seigneur des \u00celes Cook en Maori)<\/h6>\n<\/div><\/div><div class=\"w-separator size_small\"><\/div><\/div><\/div><\/div><div class=\"g-cols wpb_row via_grid cols_1-2 laptops-cols_inherit tablets-cols_inherit mobiles-cols_1 valign_top type_default stacking_default\" style=\"--columns-gap:3rem;\"><div class=\"wpb_column vc_column_container\"><div class=\"vc_column-inner\"><div class=\"w-video align_none ratio_16x9 has_iframe\"><div class=\"w-video-h\"><iframe title=\"Vimeo video player\" src=\"https:\/\/player.vimeo.com\/video\/1013545506?autoplay=0&loop=0&autopause=0&color=00adef&portrait=0&byline=0&title=0&controls=1&muted=0\" frameborder=\"0\" allow=\"autoplay; fullscreen\" allowfullscreen loading=\"lazy\"><\/iframe><\/div><\/div><div class=\"w-separator size_custom\" style=\"height:15px\"><\/div><div class=\"wpb_text_column\"><div class=\"wpb_wrapper\"><p>Te Pure \u0100 Te Atu<br \/>\nLe Notre P\u00e8re chant\u00e9 en Maori par le comit\u00e9 de la JMP des \u00eeles Cook \u00a9 WDPIC<\/p>\n<\/div><\/div><div class=\"w-separator size_small\"><\/div><\/div><\/div><div class=\"wpb_column vc_column_container\"><div class=\"vc_column-inner\"><div class=\"wpb_text_column\"><div class=\"wpb_wrapper\"><p><strong>Et ici sous forme de fichier audio :<\/strong><\/p>\n<audio class=\"wp-audio-shortcode\" id=\"audio-34731-1\" preload=\"none\" style=\"width: 100%;\" controls=\"controls\"><source type=\"audio\/mpeg\" src=\"https:\/\/wgt.ch\/wp-content\/uploads\/2024\/09\/Te-Pure-A-Te-Atu-Vaterunser-auf-Maori-\u00a9WDPIC.mp3?_=1\" \/><a href=\"https:\/\/wgt.ch\/wp-content\/uploads\/2024\/09\/Te-Pure-A-Te-Atu-Vaterunser-auf-Maori-\u00a9WDPIC.mp3\">https:\/\/wgt.ch\/wp-content\/uploads\/2024\/09\/Te-Pure-A-Te-Atu-Vaterunser-auf-Maori-\u00a9WDPIC.mp3<\/a><\/audio>\n<p>&nbsp;<\/p>\n<p><strong>Cliquez ici :<\/strong><\/p>\n<ul>\n<li><a href=\"https:\/\/wgt.ch\/wp-content\/uploads\/2024\/09\/Te-Pure-A-Te-Atu-Vaterunser-auf-Maori-\u00a9WDPIC.mp3\">Te pure A Te Atu &#8211; Notre P\u00e8re en maori.mp3<\/a><br \/>\n(T\u00e9l\u00e9chargeable en cliquant sur les trois points \u205d lors de l&#8217;\u00e9coute)<\/li>\n<li><a href=\"https:\/\/wgt.ch\/wp-content\/uploads\/2024\/10\/To-matou-Metua-Notre-Pere-Maori-Francais.pdf\" target=\"_blank\" rel=\"noopener\">To matou Metua (Notre P\u00e8re) Maori &#8211; Fran\u00e7ais<\/a><\/li>\n<\/ul>\n<\/div><\/div><\/div><\/div><\/div><div class=\"g-cols wpb_row via_grid cols_1 laptops-cols_inherit tablets-cols_inherit mobiles-cols_1 valign_top type_default stacking_default\" style=\"--columns-gap:3rem;\"><div class=\"wpb_column vc_column_container\"><div class=\"vc_column-inner\"><div class=\"wpb_text_column\"><div class=\"wpb_wrapper\"><h6>Notre P\u00e8re &#8211; Te Pure \u0100 Te Atu (Pri\u00e8re du Seigneur des \u00celes Cook en Maori) &#8211; Feuilles de chant :<\/h6>\n<ul>\n<li><a href=\"https:\/\/wgt.ch\/wp-content\/uploads\/2024\/09\/1-Te-Pure-Lord-s-Prayer-SOPRANO.pdf\" target=\"_blank\" rel=\"noopener\">1 Te Pure Lord s Prayer &#8211; SOPRANO<\/a><\/li>\n<li><a href=\"https:\/\/wgt.ch\/wp-content\/uploads\/2024\/09\/2-Te-Pure-Lord-s-Prayer-ALTO.pdf\" target=\"_blank\" rel=\"noopener\">2 Te Pure Lord s Prayer &#8211; ALTO<\/a><\/li>\n<li><a href=\"https:\/\/wgt.ch\/wp-content\/uploads\/2024\/09\/3-Te-Pure-Lord-s-Prayer-TENOR.pdf\" target=\"_blank\" rel=\"noopener\">3 Te Pure Lord s Prayer &#8211; TENOR<\/a><\/li>\n<li><a href=\"https:\/\/wgt.ch\/wp-content\/uploads\/2024\/09\/4-Te-Pure-Lord-s-BASS.pdf\" target=\"_blank\" rel=\"noopener\">4 Te Pure Lord s &#8211; BASSE<\/a><\/li>\n<li><a href=\"https:\/\/wgt.ch\/wp-content\/uploads\/2024\/09\/5-Te-Pure-Lord-s-Prayer-4-stimmig.pdf\" target=\"_blank\" rel=\"noopener\">5 Te Pure Lord s Prayer 4 voix<\/a><\/li>\n<\/ul>\n<h6>Autres propositions de chants et de musique :<\/h6>\n<ul>\n<li><a href=\"https:\/\/wgt.ch\/wp-content\/uploads\/2024\/10\/Liens-chant-musique-danse.pdf\" target=\"_blank\" rel=\"noopener\">Liens-chant-musique-danse<\/a><\/li>\n<li><a href=\"https:\/\/wgt.ch\/wp-content\/uploads\/2024\/12\/Danse-Wonderfully-Made.pdf\" target=\"_blank\" rel=\"noopener\">Danse Wonderfully Made<\/a><\/li>\n<\/ul>\n<\/div><\/div><div class=\"w-separator size_small\"><\/div><\/div><\/div><\/div><div class=\"g-cols wpb_row via_grid cols_1 laptops-cols_inherit tablets-cols_inherit mobiles-cols_1 valign_top type_default stacking_default\" style=\"--columns-gap:3rem;\"><div class=\"wpb_column vc_column_container\"><div class=\"vc_column-inner\"><div class=\"wpb_text_column\"><div class=\"wpb_wrapper\"><h5><span>04 Id\u00e9es Cr\u00e9atives<\/span><\/h5>\n<ul>\n<li><a href=\"https:\/\/wgt.ch\/wp-content\/uploads\/2024\/10\/1-Fabriquer-un-Ocean-Drum.pdf\" target=\"_blank\" rel=\"noopener\">1 Fabriquer un Ocean Drum<\/a><\/li>\n<li><a href=\"https:\/\/wgt.ch\/wp-content\/uploads\/2024\/10\/2-Instructions-Fleur-sur-leau-.pdf\" target=\"_blank\" rel=\"noopener\">2 Instructions Fleur sur l&#8217;eau<\/a><\/li>\n<li><a href=\"https:\/\/wgt.ch\/wp-content\/uploads\/2024\/10\/Models-de-fleurs-en-papier.pdf\" target=\"_blank\" rel=\"noopener\">Models de fleurs en papier<\/a><\/li>\n<li><a href=\"https:\/\/wgt.ch\/wp-content\/uploads\/2024\/10\/3-Fleurs-en-papier-guirlandes-de-fleurs.pdf\" target=\"_blank\" rel=\"noopener\">3 Fleurs en papier guirlandes de fleurs<\/a><\/li>\n<\/ul>\n<\/div><\/div><div class=\"w-separator size_small\"><\/div><\/div><\/div><\/div><div class=\"g-cols wpb_row via_grid cols_1 laptops-cols_inherit tablets-cols_inherit mobiles-cols_1 valign_top type_default stacking_default\" style=\"--columns-gap:3rem;\"><div class=\"wpb_column vc_column_container\"><div class=\"vc_column-inner\"><div class=\"wpb_text_column\"><div class=\"wpb_wrapper\"><h5><span>05 Descriptions d\u00e9taill\u00e9es des projets<\/span><\/h5>\n<ul>\n<li><a href=\"https:\/\/wgt.ch\/wp-content\/uploads\/2024\/10\/0-Infos-sur-la-collecte-et-les-projets.pdf\" target=\"_blank\" rel=\"noopener\">0 Infos sur la collecte et les projets<\/a><\/li>\n<li><a href=\"https:\/\/wgt.ch\/wp-content\/uploads\/2024\/10\/1-Renforcer-les-femmes-enceintes-et-les-parents-de-nouveau-nes.pdf\" target=\"_blank\" rel=\"noopener\">1 Renforcer les femmes enceintes et les parents de nouveau-n\u00e9s<\/a><\/li>\n<li><a href=\"https:\/\/wgt.ch\/wp-content\/uploads\/2024\/10\/2-Renforcer-les-femmes-grace-au-developpement-economique-durable.pdf\" target=\"_blank\" rel=\"noopener\">2 Renforcer les femmes gr\u00e2ce au d\u00e9veloppement \u00e9conomique durable<\/a><\/li>\n<\/ul>\n<\/div><\/div><div class=\"w-separator size_small\"><\/div><\/div><\/div><\/div><div class=\"wpb_text_column\"><div class=\"wpb_wrapper\"><\/div><\/div><\/div><\/div><\/div><\/div><\/section>\n","protected":false},"excerpt":{"rendered":"{:de}T\u00e9l\u00e9chargements \u00celes Cook 2025 Material zur Vorbereitung der Feier Logo Weltgebetstag Schweiz neu seit 2022 Siehe auch unter &#8220;\u00dcber uns \/ Das Logo&#8221; Titelbild Cook Islands 2025 \u00abWunderbar geschaffen\u00bb (Psalm 139) \u00d6kumenischer Weltgebetstags-Gottesdienst von den Cookinseln am 7.\u00a0M\u00e4rz\u00a02025 Das Weltgebetstagskomitee von den Cookinseln, mit Frauen aus verschiedenen christlichen Konfessionen, hat f\u00fcr uns den Weltgebetstags-Gottesdienst vorbereitet....","protected":false},"author":5,"featured_media":0,"parent":0,"menu_order":0,"comment_status":"closed","ping_status":"closed","template":"","meta":{"_acf_changed":false,"footnotes":""},"class_list":["post-34731","page","type-page","status-publish","hentry"],"translation":{"provider":"WPGlobus","version":"3.0.2","language":"fr","enabled_languages":["de","fr","it"],"languages":{"de":{"title":true,"content":true,"excerpt":false},"fr":{"title":true,"content":true,"excerpt":false},"it":{"title":true,"content":true,"excerpt":false}}},"acf":[],"_links":{"self":[{"href":"https:\/\/wgt.ch\/fr\/wp-json\/wp\/v2\/pages\/34731","targetHints":{"allow":["GET"]}}],"collection":[{"href":"https:\/\/wgt.ch\/fr\/wp-json\/wp\/v2\/pages"}],"about":[{"href":"https:\/\/wgt.ch\/fr\/wp-json\/wp\/v2\/types\/page"}],"author":[{"embeddable":true,"href":"https:\/\/wgt.ch\/fr\/wp-json\/wp\/v2\/users\/5"}],"replies":[{"embeddable":true,"href":"https:\/\/wgt.ch\/fr\/wp-json\/wp\/v2\/comments?post=34731"}],"version-history":[{"count":147,"href":"https:\/\/wgt.ch\/fr\/wp-json\/wp\/v2\/pages\/34731\/revisions"}],"predecessor-version":[{"id":39054,"href":"https:\/\/wgt.ch\/fr\/wp-json\/wp\/v2\/pages\/34731\/revisions\/39054"}],"wp:attachment":[{"href":"https:\/\/wgt.ch\/fr\/wp-json\/wp\/v2\/media?parent=34731"}],"curies":[{"name":"wp","href":"https:\/\/api.w.org\/{rel}","templated":true}]}}