{"id":39628,"date":"2025-06-03T22:44:07","date_gmt":"2025-06-03T20:44:07","guid":{"rendered":"https:\/\/wgt.ch\/?page_id=39628"},"modified":"2026-02-16T21:24:15","modified_gmt":"2026-02-16T20:24:15","slug":"fenster-zu-nigeria","status":"publish","type":"page","link":"https:\/\/wgt.ch\/fr\/2026-nigeria-2\/fenster-zu-nigeria\/","title":{"rendered":"Fen\u00eatre sur Nig\u00e9ria"},"content":{"rendered":"<section class=\"l-section wpb_row height_small\"><div class=\"l-section-h i-cf\"><div class=\"g-cols vc_row via_grid cols_1 laptops-cols_inherit tablets-cols_inherit mobiles-cols_1 valign_top type_default stacking_default\"><div class=\"wpb_column vc_column_container\"><div class=\"vc_column-inner\"><h1 class=\"w-post-elm post_title entry-title color_link_inherit\">Fen\u00eatre sur Nig\u00e9ria<\/h1><div class=\"wpb_text_column\"><div class=\"wpb_wrapper\"><h6>Cliquez sur l&#8217;image pour ouvrir la fen\u00eatre.<\/h6>\n<\/div><\/div><\/div><\/div><\/div><\/div><\/section><section class=\"l-section wpb_row height_small\"><div class=\"l-section-h i-cf\"><div class=\"g-cols vc_row via_grid cols_4 laptops-cols_inherit tablets-cols_inherit mobiles-cols_1 valign_top type_default stacking_default\"><div class=\"wpb_column vc_column_container\"><div class=\"vc_column-inner\"><div class=\"w-image align_none\"><a href=\"https:\/\/wgt.ch\/fr\/2026-nigeria-2\/fenster-zu-nigeria\/keleya\/\" aria-label=\"Fenster Keleya\" class=\"w-image-h\"><img decoding=\"async\" width=\"1024\" height=\"1024\" src=\"https:\/\/wgt.ch\/wp-content\/uploads\/2025\/06\/Fenster-Keleya-1024x1024.jpg\" class=\"attachment-large size-large\" alt=\"\" loading=\"lazy\" srcset=\"https:\/\/wgt.ch\/wp-content\/uploads\/2025\/06\/Fenster-Keleya-1024x1024.jpg 1024w, https:\/\/wgt.ch\/wp-content\/uploads\/2025\/06\/Fenster-Keleya-300x300.jpg 300w, https:\/\/wgt.ch\/wp-content\/uploads\/2025\/06\/Fenster-Keleya-150x150.jpg 150w, https:\/\/wgt.ch\/wp-content\/uploads\/2025\/06\/Fenster-Keleya.jpg 2000w\" sizes=\"auto, (max-width: 1024px) 100vw, 1024px\" \/><\/a><\/div><\/div><\/div><div class=\"wpb_column vc_column_container\"><div class=\"vc_column-inner\"><div class=\"w-image align_none\"><a href=\"https:\/\/wgt.ch\/fr\/2026-nigeria-2\/fenster-zu-nigeria\/gele\" aria-label=\"Fenster Gele 250\" class=\"w-image-h\"><img decoding=\"async\" width=\"1024\" height=\"1024\" src=\"https:\/\/wgt.ch\/wp-content\/uploads\/2025\/09\/Fenster-Gele-250-1024x1024.jpg\" class=\"attachment-large size-large\" alt=\"\" loading=\"lazy\" srcset=\"https:\/\/wgt.ch\/wp-content\/uploads\/2025\/09\/Fenster-Gele-250-1024x1024.jpg 1024w, https:\/\/wgt.ch\/wp-content\/uploads\/2025\/09\/Fenster-Gele-250-300x300.jpg 300w, https:\/\/wgt.ch\/wp-content\/uploads\/2025\/09\/Fenster-Gele-250-150x150.jpg 150w, https:\/\/wgt.ch\/wp-content\/uploads\/2025\/09\/Fenster-Gele-250.jpg 2000w\" sizes=\"auto, (max-width: 1024px) 100vw, 1024px\" \/><\/a><\/div><\/div><\/div><div class=\"wpb_column vc_column_container\"><div class=\"vc_column-inner\"><div class=\"w-image align_none\"><a href=\"https:\/\/wgt.ch\/fr\/2026-nigeria-2\/fenster-zu-nigeria\/asisat-oshoala\/\" aria-label=\"Asisat Oshoala\" class=\"w-image-h\"><img decoding=\"async\" width=\"1024\" height=\"1024\" src=\"https:\/\/wgt.ch\/wp-content\/uploads\/2025\/09\/Fenster-Fussballerin-Asisat-Oshoala-1024x1024.jpg\" class=\"attachment-large size-large\" alt=\"\" loading=\"lazy\" srcset=\"https:\/\/wgt.ch\/wp-content\/uploads\/2025\/09\/Fenster-Fussballerin-Asisat-Oshoala-1024x1024.jpg 1024w, https:\/\/wgt.ch\/wp-content\/uploads\/2025\/09\/Fenster-Fussballerin-Asisat-Oshoala-300x300.jpg 300w, https:\/\/wgt.ch\/wp-content\/uploads\/2025\/09\/Fenster-Fussballerin-Asisat-Oshoala-150x150.jpg 150w, https:\/\/wgt.ch\/wp-content\/uploads\/2025\/09\/Fenster-Fussballerin-Asisat-Oshoala.jpg 2000w\" sizes=\"auto, (max-width: 1024px) 100vw, 1024px\" \/><\/a><\/div><\/div><\/div><div class=\"wpb_column vc_column_container\"><div class=\"vc_column-inner\"><div class=\"w-image align_none\"><a href=\"https:\/\/wgt.ch\/fr\/2026-nigeria-2\/fenster-zu-nigeria\/dundun\/\" aria-label=\"Fenster Dundun\" class=\"w-image-h\"><img decoding=\"async\" width=\"1000\" height=\"1000\" src=\"https:\/\/wgt.ch\/wp-content\/uploads\/2025\/09\/Fenster-Dundun.jpg\" class=\"attachment-large size-large\" alt=\"\" loading=\"lazy\" srcset=\"https:\/\/wgt.ch\/wp-content\/uploads\/2025\/09\/Fenster-Dundun.jpg 1000w, https:\/\/wgt.ch\/wp-content\/uploads\/2025\/09\/Fenster-Dundun-300x300.jpg 300w, https:\/\/wgt.ch\/wp-content\/uploads\/2025\/09\/Fenster-Dundun-150x150.jpg 150w\" sizes=\"auto, (max-width: 1000px) 100vw, 1000px\" \/><\/a><\/div><\/div><\/div><\/div><\/div><\/section><section class=\"l-section wpb_row height_small\"><div class=\"l-section-h i-cf\"><div class=\"g-cols vc_row via_grid cols_4 laptops-cols_inherit tablets-cols_inherit mobiles-cols_1 valign_top type_default stacking_default\"><div class=\"wpb_column vc_column_container\"><div class=\"vc_column-inner\"><div class=\"w-image align_none\"><a href=\"https:\/\/wgt.ch\/fr\/2026-nigeria-2\/fenster-zu-nigeria\/basilikum\/\" aria-label=\"Fen\u00eatre Basilic\" class=\"w-image-h\"><img decoding=\"async\" width=\"1024\" height=\"1024\" src=\"https:\/\/wgt.ch\/wp-content\/uploads\/2025\/11\/Fenetre-Basilic-1024x1024.jpg\" class=\"attachment-large size-large\" alt=\"\" loading=\"lazy\" srcset=\"https:\/\/wgt.ch\/wp-content\/uploads\/2025\/11\/Fenetre-Basilic-1024x1024.jpg 1024w, https:\/\/wgt.ch\/wp-content\/uploads\/2025\/11\/Fenetre-Basilic-300x300.jpg 300w, https:\/\/wgt.ch\/wp-content\/uploads\/2025\/11\/Fenetre-Basilic-150x150.jpg 150w, https:\/\/wgt.ch\/wp-content\/uploads\/2025\/11\/Fenetre-Basilic.jpg 2000w\" sizes=\"auto, (max-width: 1024px) 100vw, 1024px\" \/><\/a><\/div><\/div><\/div><div class=\"wpb_column vc_column_container\"><div class=\"vc_column-inner\"><div class=\"w-image align_none\"><a href=\"https:\/\/wgt.ch\/fr\/2026-nigeria-2\/fenster-zu-nigeria\/danken-und-gruessen\/\" aria-label=\"7. Fen\u00eatre Remerciements et salutations\" class=\"w-image-h\"><img decoding=\"async\" width=\"1024\" height=\"1024\" src=\"https:\/\/wgt.ch\/wp-content\/uploads\/2026\/02\/7.-Fenetre-Remerciements-et-salutations-1024x1024.jpg\" class=\"attachment-large size-large\" alt=\"\" loading=\"lazy\" srcset=\"https:\/\/wgt.ch\/wp-content\/uploads\/2026\/02\/7.-Fenetre-Remerciements-et-salutations-1024x1024.jpg 1024w, https:\/\/wgt.ch\/wp-content\/uploads\/2026\/02\/7.-Fenetre-Remerciements-et-salutations-300x300.jpg 300w, https:\/\/wgt.ch\/wp-content\/uploads\/2026\/02\/7.-Fenetre-Remerciements-et-salutations-150x150.jpg 150w, https:\/\/wgt.ch\/wp-content\/uploads\/2026\/02\/7.-Fenetre-Remerciements-et-salutations.jpg 2000w\" sizes=\"auto, (max-width: 1024px) 100vw, 1024px\" \/><\/a><\/div><\/div><\/div><div class=\"wpb_column vc_column_container\"><div class=\"vc_column-inner\"><div class=\"w-image align_none\"><a href=\"https:\/\/wgt.ch\/fr\/2026-nigeria-2\/fenster-zu-nigeria\/namen-in-nigeria\/\" aria-label=\"Fen\u00eatre Noms\" class=\"w-image-h\"><img decoding=\"async\" width=\"1024\" height=\"1024\" src=\"https:\/\/wgt.ch\/wp-content\/uploads\/2026\/02\/Fenetre-Noms-1024x1024.jpg\" class=\"attachment-large size-large\" alt=\"\" loading=\"lazy\" srcset=\"https:\/\/wgt.ch\/wp-content\/uploads\/2026\/02\/Fenetre-Noms-1024x1024.jpg 1024w, https:\/\/wgt.ch\/wp-content\/uploads\/2026\/02\/Fenetre-Noms-300x300.jpg 300w, https:\/\/wgt.ch\/wp-content\/uploads\/2026\/02\/Fenetre-Noms-150x150.jpg 150w, https:\/\/wgt.ch\/wp-content\/uploads\/2026\/02\/Fenetre-Noms.jpg 2000w\" sizes=\"auto, (max-width: 1024px) 100vw, 1024px\" \/><\/a><\/div><\/div><\/div><div class=\"wpb_column vc_column_container\"><div class=\"vc_column-inner\"><\/div><\/div><\/div><\/div><\/section><section class=\"l-section wpb_row height_small\"><div class=\"l-section-h i-cf\"><div class=\"g-cols vc_row via_grid cols_1 laptops-cols_inherit tablets-cols_inherit mobiles-cols_1 valign_top type_default stacking_default\"><div class=\"wpb_column vc_column_container\"><div class=\"vc_column-inner\"><\/div><\/div><\/div><\/div><\/section>\n","protected":false},"excerpt":{"rendered":"{:de}Fen\u00eatre sur Nig\u00e9riaBitte auf das Bild klicken, um das Fenster zu \u00f6ffnen. {:}{:fr}Fen\u00eatre sur Nig\u00e9riaCliquez sur l&#8217;image pour ouvrir la fen\u00eatre. {:}{:it}Fen\u00eatre sur Nig\u00e9riaCliccare sull&#8217;immagine per aprire la finestra. {:}","protected":false},"author":5,"featured_media":0,"parent":39626,"menu_order":2,"comment_status":"closed","ping_status":"closed","template":"","meta":{"_acf_changed":false,"footnotes":""},"class_list":["post-39628","page","type-page","status-publish","hentry"],"translation":{"provider":"WPGlobus","version":"3.0.2","language":"fr","enabled_languages":["de","fr","it"],"languages":{"de":{"title":true,"content":true,"excerpt":false},"fr":{"title":true,"content":true,"excerpt":false},"it":{"title":true,"content":true,"excerpt":false}}},"acf":[],"_links":{"self":[{"href":"https:\/\/wgt.ch\/fr\/wp-json\/wp\/v2\/pages\/39628","targetHints":{"allow":["GET"]}}],"collection":[{"href":"https:\/\/wgt.ch\/fr\/wp-json\/wp\/v2\/pages"}],"about":[{"href":"https:\/\/wgt.ch\/fr\/wp-json\/wp\/v2\/types\/page"}],"author":[{"embeddable":true,"href":"https:\/\/wgt.ch\/fr\/wp-json\/wp\/v2\/users\/5"}],"replies":[{"embeddable":true,"href":"https:\/\/wgt.ch\/fr\/wp-json\/wp\/v2\/comments?post=39628"}],"version-history":[{"count":35,"href":"https:\/\/wgt.ch\/fr\/wp-json\/wp\/v2\/pages\/39628\/revisions"}],"predecessor-version":[{"id":44891,"href":"https:\/\/wgt.ch\/fr\/wp-json\/wp\/v2\/pages\/39628\/revisions\/44891"}],"up":[{"embeddable":true,"href":"https:\/\/wgt.ch\/fr\/wp-json\/wp\/v2\/pages\/39626"}],"wp:attachment":[{"href":"https:\/\/wgt.ch\/fr\/wp-json\/wp\/v2\/media?parent=39628"}],"curies":[{"name":"wp","href":"https:\/\/api.w.org\/{rel}","templated":true}]}}