{"id":39636,"date":"2025-06-03T23:24:12","date_gmt":"2025-06-03T21:24:12","guid":{"rendered":"https:\/\/wgt.ch\/?page_id=39636"},"modified":"2025-06-03T23:30:24","modified_gmt":"2025-06-03T21:30:24","slug":"keleya","status":"publish","type":"page","link":"https:\/\/wgt.ch\/fr\/2026-nigeria-2\/fenster-zu-nigeria\/keleya\/","title":{"rendered":"Keleya"},"content":{"rendered":"<section class=\"l-section wpb_row height_small\"><div class=\"l-section-h i-cf\"><div class=\"g-cols vc_row via_grid cols_custom laptops-cols_inherit tablets-cols_inherit mobiles-cols_1 valign_top type_default stacking_default\" style=\"--custom-columns:1.2fr 3fr 1.2fr \"><div class=\"wpb_column vc_column_container\"><div class=\"vc_column-inner\"><div class=\"w-image align_none\"><div class=\"w-image-h\"><img decoding=\"async\" width=\"658\" height=\"1024\" src=\"https:\/\/wgt.ch\/wp-content\/uploads\/2025\/06\/6-Artwork-2026-Rest-for-the-Weary-3-women-by-Gift-Amarachi-Ottah-658x1024.jpg\" class=\"attachment-large size-large\" alt=\"\" loading=\"lazy\" srcset=\"https:\/\/wgt.ch\/wp-content\/uploads\/2025\/06\/6-Artwork-2026-Rest-for-the-Weary-3-women-by-Gift-Amarachi-Ottah-658x1024.jpg 658w, https:\/\/wgt.ch\/wp-content\/uploads\/2025\/06\/6-Artwork-2026-Rest-for-the-Weary-3-women-by-Gift-Amarachi-Ottah-193x300.jpg 193w, https:\/\/wgt.ch\/wp-content\/uploads\/2025\/06\/6-Artwork-2026-Rest-for-the-Weary-3-women-by-Gift-Amarachi-Ottah.jpg 1093w\" sizes=\"auto, (max-width: 658px) 100vw, 658px\" \/><\/div><\/div><\/div><\/div><div class=\"wpb_column vc_column_container\"><div class=\"vc_column-inner\"><div class=\"wpb_text_column\"><div class=\"wpb_wrapper\"><h2>Keleya<\/h2>\n<p>\u00ab La douleur d&#8217;une personne est la douleur de tous. \u00bb C&#8217;est avec ce proverbe nig\u00e9rian que nos s\u0153urs du Nig\u00e9ria introduisent les t\u00e9moignages personnels de leur liturgie de la JMP. Elles d\u00e9crivent les pressions auxquelles de nombreuses personnes dans le monde sont confront\u00e9es et le fait que nous sommes tous concern\u00e9s. Cela souligne \u00e9galement la grande confiance en Dieu du titre de la liturgie tir\u00e9 de Matthieu 11 : \u00ab Je veux vous fortifier. Venez ! \u00bb. Unies, nous nous engageons \u00e0 nouveau dans le prochain pays de la liturgie avec notre devise\u00a0 : \u00ab S&#8217;informer pour prier &#8211; prier pour agir \u00bb. Malgr\u00e9 tous les fardeaux, nous chantons le chant \u00ab Keleya (langue Igbo) &#8230; rends gr\u00e2ce \u00e0 notre Dieu \u00bb, \u00e9crit sp\u00e9cialement pour cette liturgie de la JMP. Keleya, nous vous remercions de votre participation \u00e0 cette liturgie de la JMP sur une terre africaine, qui nous permet de c\u00e9l\u00e9brer \u00e0 nouveau le 6 mars 2026 dans un esprit de solidarit\u00e9 mondiale.<\/p>\n<\/div><\/div><\/div><\/div><div class=\"wpb_column vc_column_container\"><div class=\"vc_column-inner\"><\/div><\/div><\/div><\/div><\/section>\n","protected":false},"excerpt":{"rendered":"{:de} Keleya \u00abDer Schmerz von Einzelnen ist der Schmerz aller.\u00bb Mit diesem nigerianischen Sprichwort f\u00fchren unsere Schwestern aus Nigeria in die pers\u00f6nlichen Lebensgeschichten ihrer WGT-Liturgie ein. Sie schildern Belastungen, mit denen viele Menschen auf der ganzen Welt umgehen m\u00fcssen und dass diese uns alle angehen. Damit wird auch das grosse Gottvertrauen im Titel der Liturgie...","protected":false},"author":5,"featured_media":0,"parent":39628,"menu_order":0,"comment_status":"closed","ping_status":"closed","template":"","meta":{"_acf_changed":false,"footnotes":""},"class_list":["post-39636","page","type-page","status-publish","hentry"],"translation":{"provider":"WPGlobus","version":"3.0.2","language":"fr","enabled_languages":["de","fr","it"],"languages":{"de":{"title":true,"content":true,"excerpt":false},"fr":{"title":true,"content":true,"excerpt":false},"it":{"title":true,"content":true,"excerpt":false}}},"acf":[],"_links":{"self":[{"href":"https:\/\/wgt.ch\/fr\/wp-json\/wp\/v2\/pages\/39636","targetHints":{"allow":["GET"]}}],"collection":[{"href":"https:\/\/wgt.ch\/fr\/wp-json\/wp\/v2\/pages"}],"about":[{"href":"https:\/\/wgt.ch\/fr\/wp-json\/wp\/v2\/types\/page"}],"author":[{"embeddable":true,"href":"https:\/\/wgt.ch\/fr\/wp-json\/wp\/v2\/users\/5"}],"replies":[{"embeddable":true,"href":"https:\/\/wgt.ch\/fr\/wp-json\/wp\/v2\/comments?post=39636"}],"version-history":[{"count":22,"href":"https:\/\/wgt.ch\/fr\/wp-json\/wp\/v2\/pages\/39636\/revisions"}],"predecessor-version":[{"id":39660,"href":"https:\/\/wgt.ch\/fr\/wp-json\/wp\/v2\/pages\/39636\/revisions\/39660"}],"up":[{"embeddable":true,"href":"https:\/\/wgt.ch\/fr\/wp-json\/wp\/v2\/pages\/39628"}],"wp:attachment":[{"href":"https:\/\/wgt.ch\/fr\/wp-json\/wp\/v2\/media?parent=39636"}],"curies":[{"name":"wp","href":"https:\/\/api.w.org\/{rel}","templated":true}]}}