{"id":40290,"date":"2025-09-01T17:30:31","date_gmt":"2025-09-01T15:30:31","guid":{"rendered":"https:\/\/wgt.ch\/?page_id=40290"},"modified":"2025-09-01T17:53:25","modified_gmt":"2025-09-01T15:53:25","slug":"gele","status":"publish","type":"page","link":"https:\/\/wgt.ch\/fr\/2026-nigeria-2\/fenster-zu-nigeria\/gele\/","title":{"rendered":"Gele"},"content":{"rendered":"<section class=\"l-section wpb_row height_small\"><div class=\"l-section-h i-cf\"><div class=\"g-cols vc_row via_grid cols_1 laptops-cols_inherit tablets-cols_inherit mobiles-cols_1 valign_top type_default stacking_default\"><div class=\"wpb_column vc_column_container\"><div class=\"vc_column-inner\"><h1 class=\"w-post-elm post_title entry-title color_link_inherit\">Gele<\/h1><div class=\"w-image align_none meta_simple\"><div class=\"w-image-h\"><img decoding=\"async\" width=\"1010\" height=\"603\" src=\"https:\/\/wgt.ch\/wp-content\/uploads\/2025\/09\/Nigerian_women-\u00a9Linda-Adiele-CC-BY-2.0.jpg\" class=\"attachment-full size-full\" alt=\"\" loading=\"lazy\" srcset=\"https:\/\/wgt.ch\/wp-content\/uploads\/2025\/09\/Nigerian_women-\u00a9Linda-Adiele-CC-BY-2.0.jpg 1010w, https:\/\/wgt.ch\/wp-content\/uploads\/2025\/09\/Nigerian_women-\u00a9Linda-Adiele-CC-BY-2.0-300x179.jpg 300w\" sizes=\"auto, (max-width: 1010px) 100vw, 1010px\" \/><\/div><div class=\"w-image-meta\"><div class=\"w-image-title\">\u00a9Linda Adiele CC BY 2.0<\/div><\/div><\/div><div class=\"w-separator size_small\"><\/div><div class=\"wpb_text_column\"><div class=\"wpb_wrapper\"><h2>Le gele prononc\u00e9 [gu\u00e9l\u00e9], un couvre-chef typique au Nig\u00e9ria :<\/h2>\n<p>Il s&#8217;agit d&#8217;un foulard traditionnel, souvent nou\u00e9 de mani\u00e8re cr\u00e9ative, que l&#8217;on porte principalement lors d&#8217;occasions festives. Il est fabriqu\u00e9 dans un tissu r\u00e9sistant, comme du damas ou du brocart de soie, afin de conserver sa forme. Ses motifs sont g\u00e9n\u00e9ralement color\u00e9s et orn\u00e9s de broderies, de paillettes ou de perles.<\/p>\n<p>Le gele est souvent assorti au reste de la tenue. Le foulard est enroul\u00e9 de mani\u00e8re artistique autour de la t\u00eate, puis pli\u00e9 et fronc\u00e9, il forme une coiffure haute et voyante. Symbole de fiert\u00e9, d&#8217;\u00e9l\u00e9gance, de statut social et d&#8217;identit\u00e9 culturelle, le gele est port\u00e9 par les femmes yorubas.<\/p>\n<h5>Instructions :<\/h5>\n<h6 style=\"padding-left: 40px;\">Pour nouer un gele, vous aurez besoin de :<\/h6>\n<ul>\n<li style=\"list-style-type: none;\">\n<ul>\n<li>Un tissu rectangulaire (g\u00e9n\u00e9ralement entre 2 et 2,5 m\u00e8tres de long)<\/li>\n<li>Un miroir<\/li>\n<li>Des \u00e9pingles, des \u00e9pingles de s\u00fbret\u00e9 et des pinces \u00e0 cheveux<\/li>\n<\/ul>\n<\/li>\n<\/ul>\n<h6 style=\"padding-left: 40px;\">Pr\u00e9paration :<\/h6>\n<ul>\n<li style=\"list-style-type: none;\">\n<ul>\n<li>Fixer les cheveux et les attacher en queue de cheval ou en chignon<\/li>\n<li>Plier le tissu du gele : replier environ 10 \u00e0 15 cm sur l\u2019un des c\u00f4t\u00e9s longs \u2013 cela permet d\u2019obtenir une bordure nette au niveau du visage<\/li>\n<\/ul>\n<\/li>\n<\/ul>\n<h6>\u00c9tapes pour nouer un gele<\/h6>\n<ul>\n<li>Commencez par placer le tissu du gele au centre de la nuque, de mani\u00e8re \u00e0 avoir deux extr\u00e9mit\u00e9s de m\u00eame longueur de chaque c\u00f4t\u00e9.<\/li>\n<li>Ramenez les deux extr\u00e9mit\u00e9s vers l\u2019avant en passant au-dessus des oreilles, croisez-les sur le front, puis placez l\u2019une sur l\u2019autre.<\/li>\n<li>En enroulant les extr\u00e9mit\u00e9s autour de la t\u00eate, formez des plis dans le tissu (comme des plis en accord\u00e9on) pour donner du volume et du style.<\/li>\n<li>Ensuite, nouez les extr\u00e9mit\u00e9s \u00e0 l\u2019arri\u00e8re ou sur le c\u00f4t\u00e9, glissez-les sous le tissu et fixez-les avec des \u00e9pingles.<\/li>\n<li>Enfin, ajustez les plis sur le dessus, serrez le gele, et alignez proprement le bord avant. Vous pouvez porter le gele comme une couronne ou l\u00e9g\u00e8rement inclin\u00e9. Il est pr\u00e9f\u00e9rable de faire cela devant un miroir.<\/li>\n<li>Pour d\u00e9buter, il est conseill\u00e9 d\u2019utiliser un tissu l\u00e9ger. Les tissus plus rigides tiennent mieux en place, mais sont plus difficiles \u00e0 nouer.<\/li>\n<\/ul>\n<p>Nous pouvons aussi nous inspirer de tutoriels sur YouTube, comme\u00a0\u00ab How to tie a Nigerian Gele \u00bb.<\/p>\n<\/div><\/div><\/div><\/div><\/div><\/div><\/section><section class=\"l-section wpb_row height_small\"><div class=\"l-section-h i-cf\"><div class=\"g-cols vc_row via_grid cols_1 laptops-cols_inherit tablets-cols_inherit mobiles-cols_1 valign_top type_default stacking_default\"><div class=\"wpb_column vc_column_container\"><div class=\"vc_column-inner\"><div class=\"w-btn-wrapper align_none\"><a class=\"w-btn us-btn-style_2\" href=\"https:\/\/wgt.ch\/wp-content\/uploads\/2025\/09\/Fenetre-Nigeria-Gele.pdf\"><span class=\"w-btn-label\">Fen\u00eatre Nig\u00e9ria Gele.pdf<\/span><\/a><\/div><div class=\"w-separator size_medium\"><\/div><\/div><\/div><\/div><\/div><\/section>\n","protected":false},"excerpt":{"rendered":"{:de}Gele\u00a9Linda Adiele CC BY 2.0 Das Gele-Kopftuch, eine typische Kopfbedeckung in Nigeria: Es ist ein traditionelles, oft kunstvoll gebundenes Tuch, das vor allem an festlichen Anl\u00e4ssen getragen wird. Das Tuch besteht aus festem Stoff, zum Beispiel Damast oder Brokat aus Seide, damit es gut in Form bleibt. Die Muster sind meist farbenfroh, mit Stickereien, Glitzer...","protected":false},"author":5,"featured_media":0,"parent":39628,"menu_order":0,"comment_status":"closed","ping_status":"closed","template":"","meta":{"_acf_changed":false,"footnotes":""},"class_list":["post-40290","page","type-page","status-publish","hentry"],"translation":{"provider":"WPGlobus","version":"3.0.2","language":"fr","enabled_languages":["de","fr","it"],"languages":{"de":{"title":true,"content":true,"excerpt":false},"fr":{"title":true,"content":true,"excerpt":false},"it":{"title":true,"content":true,"excerpt":false}}},"acf":[],"_links":{"self":[{"href":"https:\/\/wgt.ch\/fr\/wp-json\/wp\/v2\/pages\/40290","targetHints":{"allow":["GET"]}}],"collection":[{"href":"https:\/\/wgt.ch\/fr\/wp-json\/wp\/v2\/pages"}],"about":[{"href":"https:\/\/wgt.ch\/fr\/wp-json\/wp\/v2\/types\/page"}],"author":[{"embeddable":true,"href":"https:\/\/wgt.ch\/fr\/wp-json\/wp\/v2\/users\/5"}],"replies":[{"embeddable":true,"href":"https:\/\/wgt.ch\/fr\/wp-json\/wp\/v2\/comments?post=40290"}],"version-history":[{"count":15,"href":"https:\/\/wgt.ch\/fr\/wp-json\/wp\/v2\/pages\/40290\/revisions"}],"predecessor-version":[{"id":40314,"href":"https:\/\/wgt.ch\/fr\/wp-json\/wp\/v2\/pages\/40290\/revisions\/40314"}],"up":[{"embeddable":true,"href":"https:\/\/wgt.ch\/fr\/wp-json\/wp\/v2\/pages\/39628"}],"wp:attachment":[{"href":"https:\/\/wgt.ch\/fr\/wp-json\/wp\/v2\/media?parent=40290"}],"curies":[{"name":"wp","href":"https:\/\/api.w.org\/{rel}","templated":true}]}}