{"id":40374,"date":"2025-09-09T18:48:34","date_gmt":"2025-09-09T16:48:34","guid":{"rendered":"https:\/\/wgt.ch\/?page_id=40374"},"modified":"2025-09-09T18:59:38","modified_gmt":"2025-09-09T16:59:38","slug":"asisat-oshoala","status":"publish","type":"page","link":"https:\/\/wgt.ch\/fr\/2026-nigeria-2\/fenster-zu-nigeria\/asisat-oshoala\/","title":{"rendered":"Asisat Oshoala"},"content":{"rendered":"<section class=\"l-section wpb_row height_small\"><div class=\"l-section-h i-cf\"><div class=\"g-cols vc_row via_grid cols_1-3 laptops-cols_inherit tablets-cols_inherit mobiles-cols_1 valign_top type_default stacking_default\"><div class=\"wpb_column vc_column_container\"><div class=\"vc_column-inner\"><div class=\"w-image align_none meta_simple\"><div class=\"w-image-h\"><img decoding=\"async\" width=\"744\" height=\"1024\" src=\"https:\/\/wgt.ch\/wp-content\/uploads\/2025\/09\/Asisat_Oshoala_2019_Champions_League-744x1024.jpg\" class=\"attachment-large size-large\" alt=\"\" loading=\"lazy\" srcset=\"https:\/\/wgt.ch\/wp-content\/uploads\/2025\/09\/Asisat_Oshoala_2019_Champions_League-744x1024.jpg 744w, https:\/\/wgt.ch\/wp-content\/uploads\/2025\/09\/Asisat_Oshoala_2019_Champions_League-218x300.jpg 218w, https:\/\/wgt.ch\/wp-content\/uploads\/2025\/09\/Asisat_Oshoala_2019_Champions_League-scaled.jpg 1860w\" sizes=\"auto, (max-width: 744px) 100vw, 744px\" \/><\/div><div class=\"w-image-meta\"><div class=\"w-image-title\">Asisat Oshoala \u00a9 CC BY-SA 4.0<\/div><\/div><\/div><\/div><\/div><div class=\"wpb_column vc_column_container\"><div class=\"vc_column-inner\"><div class=\"wpb_text_column\"><div class=\"wpb_wrapper\"><h2>Asisat Oshoala, footballeuse nig\u00e9riane<\/h2>\n<p>Alors que l\u2019Europe vibrait au rythme du Championnat d\u2019Europe de football f\u00e9minin, les Nig\u00e9rianes remportaient pour la dixi\u00e8me fois la Coupe d\u2019Afrique des nations f\u00e9minine ! Une victoire \u00e9clatante, pourtant pass\u00e9e inaper\u00e7ue dans notre pays. Du 5 au 26 juillet 2025, les meilleures \u00e9quipes africaines se sont affront\u00e9es au Maroc dans le cadre de cette comp\u00e9tition biennale, organis\u00e9e depuis 1998.<\/p>\n<p><strong>\u00a0<\/strong>Parmi les figures embl\u00e9matiques de ce tournoi, impossible de ne pas citer<strong> Asisat Lamina Oshoala<\/strong>. N\u00e9e le 9 octobre 1994 \u00e0 Ikorodu, dans l\u2019\u00c9tat de Lagos, la star nig\u00e9riane \u00e9volue depuis 2011 avec les \u00ab Super Falcons \u00bb, l\u2019\u00e9quipe nationale f\u00e9minine du Nigeria. Elle a \u00e9t\u00e9 sacr\u00e9e six fois \u00ab Joueuse africaine de l\u2019ann\u00e9e \u00bb, un record absolu. Son parcours exceptionnel inspire aujourd\u2019hui des milliers de jeunes filles \u00e0 travers tout le continent. En brisant les st\u00e9r\u00e9otypes et en s\u2019imposant sur la sc\u00e8ne internationale, Oshoala contribue \u00e0 faire tomber les barri\u00e8res de genre dans le sport.<\/p>\n<p>Ursula Sigg<\/p>\n<p>Sources :<br \/>\n<span><a href=\"https:\/\/de.wikipedia.org\/wiki\/Asisat_Oshoala\">Asisat Oshoala \u2013 Wikip\u00e9dia<\/a><\/span>,<\/p>\n<\/div><\/div><\/div><\/div><\/div><\/div><\/section>\n","protected":false},"excerpt":{"rendered":"{:de}Asisat Oshoala \u00a9 CC BY-SA 4.0 Asisat Oshoala, nigerianische Fussballerin W\u00e4hrend in Europa die Fussball-EM der Frauen stattfand, gewannen die Nigerianerinnen den Africa Cup der Frauen zum 10.\u00a0Mal! Hierzulande v\u00f6llig unbeachtet, spielten die afrikanischen Fussballerinnen in Marokko vom 5. bis 26. Juli 2025 um den Africa Cup der Frauen, der seit 1998 alle zwei Jahre...","protected":false},"author":5,"featured_media":0,"parent":39628,"menu_order":0,"comment_status":"closed","ping_status":"closed","template":"","meta":{"_acf_changed":false,"footnotes":""},"class_list":["post-40374","page","type-page","status-publish","hentry"],"translation":{"provider":"WPGlobus","version":"3.0.2","language":"fr","enabled_languages":["de","fr","it"],"languages":{"de":{"title":true,"content":true,"excerpt":false},"fr":{"title":true,"content":true,"excerpt":false},"it":{"title":true,"content":true,"excerpt":false}}},"acf":[],"_links":{"self":[{"href":"https:\/\/wgt.ch\/fr\/wp-json\/wp\/v2\/pages\/40374","targetHints":{"allow":["GET"]}}],"collection":[{"href":"https:\/\/wgt.ch\/fr\/wp-json\/wp\/v2\/pages"}],"about":[{"href":"https:\/\/wgt.ch\/fr\/wp-json\/wp\/v2\/types\/page"}],"author":[{"embeddable":true,"href":"https:\/\/wgt.ch\/fr\/wp-json\/wp\/v2\/users\/5"}],"replies":[{"embeddable":true,"href":"https:\/\/wgt.ch\/fr\/wp-json\/wp\/v2\/comments?post=40374"}],"version-history":[{"count":11,"href":"https:\/\/wgt.ch\/fr\/wp-json\/wp\/v2\/pages\/40374\/revisions"}],"predecessor-version":[{"id":40386,"href":"https:\/\/wgt.ch\/fr\/wp-json\/wp\/v2\/pages\/40374\/revisions\/40386"}],"up":[{"embeddable":true,"href":"https:\/\/wgt.ch\/fr\/wp-json\/wp\/v2\/pages\/39628"}],"wp:attachment":[{"href":"https:\/\/wgt.ch\/fr\/wp-json\/wp\/v2\/media?parent=40374"}],"curies":[{"name":"wp","href":"https:\/\/api.w.org\/{rel}","templated":true}]}}