{"id":40504,"date":"2025-09-22T12:02:14","date_gmt":"2025-09-22T10:02:14","guid":{"rendered":"https:\/\/wgt.ch\/?page_id=40504"},"modified":"2026-03-05T16:47:26","modified_gmt":"2026-03-05T15:47:26","slug":"downloads-2026-nigeria","status":"publish","type":"page","link":"https:\/\/wgt.ch\/fr\/2026-nigeria-2\/downloads-2026-nigeria\/","title":{"rendered":"T\u00e9l\u00e9chargements 2026 Nig\u00e9ria"},"content":{"rendered":"<section class=\"l-section wpb_row height_small\"><div class=\"l-section-h i-cf\"><div class=\"g-cols vc_row via_grid cols_1 laptops-cols_inherit tablets-cols_inherit mobiles-cols_1 valign_top type_default stacking_default\"><div class=\"wpb_column vc_column_container\"><div class=\"vc_column-inner\"><h2 class=\"w-post-elm post_title entry-title color_link_inherit\">T\u00e9l\u00e9chargements 2026 Nig\u00e9ria<\/h2><\/div><\/div><\/div><\/div><\/section><section class=\"l-section wpb_row height_small\"><div class=\"l-section-h i-cf\"><div class=\"g-cols vc_row via_grid cols_1 laptops-cols_inherit tablets-cols_inherit mobiles-cols_1 valign_top type_default stacking_default\"><div class=\"g-cols wpb_row via_grid cols_custom laptops-cols_inherit tablets-cols_inherit mobiles-cols_1 valign_top type_default stacking_default\" style=\"--columns-gap:3rem;--custom-columns:2fr 1fr 2fr \"><div class=\"wpb_column vc_column_container\"><div class=\"vc_column-inner\"><div class=\"w-image align_center\"><a ref=\"magnificPopup\" href=\"https:\/\/wgt.ch\/wp-content\/uploads\/2025\/05\/6-Artwork-2026-Rest-for-the-Weary-by-Gift-Amarachi-Ottah-2.9MB.jpg\" aria-label=\"Titelbild 2026 Nigeria\" class=\"w-image-h\"><img decoding=\"async\" src=\"https:\/\/wgt.ch\/wp-content\/uploads\/2025\/05\/6-Artwork-2026-Rest-for-the-Weary-by-Gift-Amarachi-Ottah-2.9MB.jpg\" class=\"attachment-full size-full\" alt=\"\" loading=\"lazy\" \/><\/a><\/div><div class=\"wpb_text_column\"><div class=\"wpb_wrapper\"><p style=\"text-align: left;\">Image de couverture 2026 Nig\u00e9ria<\/p>\n<\/div><\/div><div class=\"w-separator size_small\"><\/div><\/div><\/div><div class=\"wpb_column vc_column_container\"><div class=\"vc_column-inner\"><div class=\"w-image align_center\"><a ref=\"magnificPopup\" href=\"https:\/\/wgt.ch\/wp-content\/uploads\/2022\/11\/WGT-CH-Logo-transparent-352-px.png\" aria-label=\"WGT CH Logo transparent 352 px\" class=\"w-image-h\"><img decoding=\"async\" width=\"300\" height=\"300\" src=\"https:\/\/wgt.ch\/wp-content\/uploads\/2022\/11\/WGT-CH-Logo-transparent-352-px-300x300.png\" class=\"attachment-medium size-medium\" alt=\"{:de}WGT-CH Logo transparent 352 px{:}{:fr}JMP-CH Logo transparent 352 px{:}{:it}GMP-CH Logo trasparente 352 px{:}\" loading=\"lazy\" srcset=\"https:\/\/wgt.ch\/wp-content\/uploads\/2022\/11\/WGT-CH-Logo-transparent-352-px-300x300.png 300w, https:\/\/wgt.ch\/wp-content\/uploads\/2022\/11\/WGT-CH-Logo-transparent-352-px-150x150.png 150w, https:\/\/wgt.ch\/wp-content\/uploads\/2022\/11\/WGT-CH-Logo-transparent-352-px.png 352w\" sizes=\"auto, (max-width: 300px) 100vw, 300px\" \/><\/a><\/div><div class=\"w-separator size_custom\" style=\"height:15px\"><\/div><div class=\"wpb_text_column\"><div class=\"wpb_wrapper\"><p style=\"text-align: center;\">Le Logo<br \/>\nnouveau design d\u00e8s 2022<\/p>\n<\/div><\/div><div class=\"w-separator size_small\"><\/div><\/div><\/div><div class=\"wpb_column vc_column_container\"><div class=\"vc_column-inner\"><\/div><\/div><\/div><div class=\"wpb_column vc_column_container\"><div class=\"vc_column-inner\"><div class=\"g-cols wpb_row via_grid cols_1 laptops-cols_inherit tablets-cols_inherit mobiles-cols_1 valign_top type_default stacking_default\" style=\"--columns-gap:3rem;\"><div class=\"wpb_column vc_column_container\"><div class=\"vc_column-inner\"><div class=\"wpb_text_column\"><div class=\"wpb_wrapper\"><h5><span actionstate=\"&#091;object Object&#093;\" itemkey=\"&#091;&quot;spItem_7&quot;,&quot;https:\/\/wgtch1.sharepoint.com\/sites\/WGTKomitee_ro&quot;,&quot;https:\/\/wgtch1.sharepoint.com\/sites\/WGTKomitee_ro\/Daten&quot;,&quot;&quot;,&quot;\/sites\/WGTKomitee_ro\/Daten\/Komitee Dokumente\/1 L\u00e4nder\/2025 Cookinseln\/3 Website\/2 Downloads\/2 Franz\u00f6sisch\/02 \u00c9tude biblique&quot;&#093;\" class=\"ms-Breadcrumb-item item-152\">01 \u00c9tude biblique<\/span><\/h5>\n<ul>\n<li><a href=\"https:\/\/wgt.ch\/wp-content\/uploads\/2025\/10\/01-Introduction-a-la-reflexion-biblique-cor.pdf\" target=\"_blank\" rel=\"noopener\">01 Introduction a\u0300 la re\u0301flexion biblique cor<\/a><\/li>\n<li><a href=\"https:\/\/wgt.ch\/wp-content\/uploads\/2025\/09\/02-Deroulement-de-la-reflexion-biblique.pdf\" target=\"_blank\" rel=\"noopener\">02 D\u00e9roulement de la r\u00e9flexion biblique<\/a><\/li>\n<li><a href=\"https:\/\/wgt.ch\/wp-content\/uploads\/2025\/09\/03-Citation-biblique-Mt-1128-30.pdf\" target=\"_blank\" rel=\"noopener\">03 Citation biblique Mt 11,28-30<\/a><\/li>\n<li><a href=\"https:\/\/wgt.ch\/wp-content\/uploads\/2025\/09\/04-Mandala-de-mots-Mt-1128-30.pdf\" target=\"_blank\" rel=\"noopener\">04 Mandala de mots Mt 11,28-30<\/a><\/li>\n<li><a href=\"https:\/\/wgt.ch\/wp-content\/uploads\/2025\/09\/05-Citation-biblique-Mt-1128.30.pdf\" target=\"_blank\" rel=\"noopener\">05 Citation biblique Mt 11,28.30<\/a><\/li>\n<li><a href=\"https:\/\/wgt.ch\/wp-content\/uploads\/2025\/09\/06-Citation-biblique-Mt-234.pdf\" target=\"_blank\" rel=\"noopener\">06 Citation biblique Mt 23,4<\/a><\/li>\n<li><a href=\"https:\/\/wgt.ch\/wp-content\/uploads\/2025\/09\/07-Questions-pour-les-petits-groupes.pdf\" target=\"_blank\" rel=\"noopener\">07 Questions pour les petits groupes<\/a><\/li>\n<li><a href=\"https:\/\/wgt.ch\/wp-content\/uploads\/2025\/09\/08-Parole-biblique-en-mouvement-Mt-1128-30.pdf\" target=\"_blank\" rel=\"noopener\">08 Parole biblique en mouvement Mt 11,28-30<\/a><\/li>\n<\/ul>\n<\/div><\/div><div class=\"w-separator size_small\"><\/div><\/div><\/div><\/div><div class=\"g-cols wpb_row via_grid cols_3 laptops-cols_inherit tablets-cols_inherit mobiles-cols_1 valign_top type_default stacking_default\" style=\"--columns-gap:3rem;\"><div class=\"wpb_column vc_column_container\"><div class=\"vc_column-inner\"><div class=\"wpb_text_column\"><div class=\"wpb_wrapper\"><h5><span>02 Musique, chant et danse<\/span><\/h5>\n<ul>\n<li><a href=\"https:\/\/wgt.ch\/wp-content\/uploads\/2025\/10\/Danse-O-viens-Esprit-Wa-Emimimo.pdf\" target=\"_blank\" rel=\"noopener\">Danse O viens, Esprit, Wa Emimimo<\/a><\/li>\n<\/ul>\n<\/div><\/div><div class=\"w-separator size_medium\"><\/div><div class=\"w-video align_none ratio_16x9 has_iframe\"><div class=\"w-video-h\"><iframe title=\"Youtube video player\" src=\"\/\/www.youtube.com\/embed\/yUBDPstG75U?autoplay=0&controls=1&origin=https:\/\/wgt.ch\/fr&loop=0&mute=0\" allowfullscreen=\"1\" loading=\"lazy\"><\/iframe><\/div><\/div><div class=\"wpb_text_column\"><div class=\"wpb_wrapper\"><p>La chorale virtuelle mondiale du WDPIC chante \u00ab\u00a0Are You Weary\u00a0\u00bb.<\/p>\n<\/div><\/div><\/div><\/div><div class=\"wpb_column vc_column_container\"><div class=\"vc_column-inner\"><div class=\"w-video align_none ratio_16x9 has_iframe\"><div class=\"w-video-h\"><iframe title=\"Youtube video player\" src=\"\/\/www.youtube.com\/embed\/tATartYvEso?autoplay=0&controls=1&origin=https:\/\/wgt.ch\/fr&loop=0&mute=0\" allowfullscreen=\"1\" loading=\"lazy\"><\/iframe><\/div><\/div><div class=\"wpb_text_column\"><div class=\"wpb_wrapper\"><p><span data-olk-copy-source=\"MessageBody\">Version originale (Come unto me) du chant th\u00e9matique \u00ab Venez \u00e0 moi\u00a0\u00bb, page 23 de la liturgie<\/span><\/p>\n<\/div><\/div><div class=\"w-video align_none ratio_16x9 has_iframe\"><div class=\"w-video-h\"><iframe title=\"Youtube video player\" src=\"\/\/www.youtube.com\/embed\/o4DD1DQ6xKY?autoplay=0&controls=1&origin=https:\/\/wgt.ch\/fr&loop=0&mute=0\" allowfullscreen=\"1\" loading=\"lazy\"><\/iframe><\/div><\/div><div class=\"wpb_text_column\"><div class=\"wpb_wrapper\"><p>La chorale virtuelle mondiale du WDPIC chante \u00ab\u00a0Come Unto Me\u00a0\u00bb.<\/p>\n<\/div><\/div><\/div><\/div><div class=\"wpb_column vc_column_container\"><div class=\"vc_column-inner\"><div class=\"w-video align_none ratio_16x9 has_iframe\"><div class=\"w-video-h\"><iframe title=\"Youtube video player\" src=\"\/\/www.youtube.com\/embed\/S0Cl_fgKh3g?autoplay=0&controls=1&origin=https:\/\/wgt.ch\/fr&loop=0&mute=0\" allowfullscreen=\"1\" loading=\"lazy\"><\/iframe><\/div><\/div><div class=\"wpb_text_column\"><div class=\"wpb_wrapper\"><p><span data-olk-copy-source=\"MessageBody\">Keleya, refrain improvis\u00e9, page 22 de la liturgie<\/span><\/p>\n<\/div><\/div><div class=\"w-video align_none ratio_16x9 has_iframe\"><div class=\"w-video-h\"><iframe title=\"Youtube video player\" src=\"\/\/www.youtube.com\/embed\/dOcYulq5TzY?autoplay=0&controls=1&origin=https:\/\/wgt.ch\/fr&loop=0&mute=0\" allowfullscreen=\"1\" loading=\"lazy\"><\/iframe><\/div><\/div><div class=\"wpb_text_column\"><div class=\"wpb_wrapper\"><p>Keleya &#8211; WDPIC Chorale virtuelle<\/p>\n<\/div><\/div><\/div><\/div><\/div><div class=\"w-separator size_small\"><\/div><div class=\"g-cols wpb_row via_grid cols_1 laptops-cols_inherit tablets-cols_inherit mobiles-cols_1 valign_top type_default stacking_default\" style=\"--columns-gap:3rem;\"><div class=\"wpb_column vc_column_container\"><div class=\"vc_column-inner\"><div class=\"wpb_text_column\"><div class=\"wpb_wrapper\"><h5><span>03 Id\u00e9es Cr\u00e9atives<\/span><\/h5>\n<ul>\n<li><a href=\"https:\/\/wgt.ch\/wp-content\/uploads\/2025\/10\/Creation-de-petits-fagots-\u2013-Souvenirs-symboliques.pdf\" target=\"_blank\" rel=\"noopener\">Cr\u00e9ation de petits fagots \u2013 Souvenirs symboliques<\/a><\/li>\n<li><a href=\"https:\/\/wgt.ch\/wp-content\/uploads\/2026\/02\/CeLebration-avec-les-enfants-Matthieu-1128.pdf\" target=\"_blank\" rel=\"noopener\">C\u00e9l\u00e9bration avec les enfants &#8211; Mathieu 11,28<\/a><\/li>\n<\/ul>\n<\/div><\/div><div class=\"w-separator size_small\"><\/div><\/div><\/div><\/div><div class=\"g-cols wpb_row via_grid cols_1 laptops-cols_inherit tablets-cols_inherit mobiles-cols_1 valign_top type_default stacking_default\" style=\"--columns-gap:3rem;\"><div class=\"wpb_column vc_column_container\"><div class=\"vc_column-inner\"><div class=\"wpb_text_column\"><div class=\"wpb_wrapper\"><h5><span>04 Descriptions d\u00e9taill\u00e9es des projets<\/span><\/h5>\n<ul>\n<li><a href=\"https:\/\/wgt.ch\/wp-content\/uploads\/2025\/11\/F-00-Infos-collecte-et-projets.pdf\" target=\"_blank\" rel=\"noopener\">00 Infos collecte et projets<\/a><\/li>\n<li><a href=\"https:\/\/wgt.ch\/wp-content\/uploads\/2025\/11\/F-01-Assurer-la-subsistance.pdf\" target=\"_blank\" rel=\"noopener\">01 Assurer la subsistance<\/a><\/li>\n<li><a href=\"https:\/\/wgt.ch\/wp-content\/uploads\/2025\/11\/F-02-Lagos-Un-repas-par-jour.pdf\" target=\"_blank\" rel=\"noopener\">02 Lagos Un repas par jour<\/a><\/li>\n<li><a href=\"https:\/\/wgt.ch\/wp-content\/uploads\/2025\/11\/F-02.1-Entretien-Lagos-un-repas-par-jour.pdf\" target=\"_blank\" rel=\"noopener\">02.1 Entretien &#8211; Lagos un repas par jour<\/a><\/li>\n<li><a href=\"https:\/\/wgt.ch\/wp-content\/uploads\/2025\/11\/F-03-Education-pour-un-developpement-ecologique.pdf\" target=\"_blank\" rel=\"noopener\">03 \u00c9ducation pour un d\u00e9veloppement \u00e9cologique<\/a><\/li>\n<li><a href=\"https:\/\/wgt.ch\/wp-content\/uploads\/2025\/11\/F-04-Aide-moi-a-me-relever-mise-en-oeuvre-de-modeles-dentreprise.pdf\" target=\"_blank\" rel=\"noopener\">04 Aide-moi \u00e0 me relever ! &#8211; mise en oeuvre de mod\u00e8les d&#8217;entreprise<\/a><\/li>\n<li><a href=\"https:\/\/wgt.ch\/wp-content\/uploads\/2025\/11\/F-04.1-Entretien-avec-Rita-Kobler-Emiko-Aide-moi-a-me-relever.pdf\" target=\"_blank\" rel=\"noopener\">04.1 Entretien avec Rita Kobler-Emiko &#8211; Aide-moi \u00e0 me relever<\/a><\/li>\n<li><a href=\"https:\/\/wgt.ch\/wp-content\/uploads\/2025\/11\/F-05-Soutien-aux-survivantes-des-violences.pdf\" target=\"_blank\" rel=\"noopener\">05 Soutien aux survivantes des violences<\/a><\/li>\n<li><a href=\"https:\/\/wgt.ch\/wp-content\/uploads\/2025\/11\/F-05.2-Entretien-Rebecca-Dali.pdf\" target=\"_blank\" rel=\"noopener\">05.2 Entretien Rebecca Dali<\/a><\/li>\n<li><a href=\"https:\/\/wgt.ch\/wp-content\/uploads\/2025\/11\/F-06-Nepal.pdf\" target=\"_blank\" rel=\"noopener\">06 N\u00e9pal<\/a><\/li>\n<li><a href=\"https:\/\/wgt.ch\/wp-content\/uploads\/2025\/11\/F-07-Benin.pdf\" target=\"_blank\" rel=\"noopener\">07 B\u00e9nin<\/a><\/li>\n<li><a href=\"https:\/\/wgt.ch\/wp-content\/uploads\/2025\/11\/F-08-Haiti.pdf\" target=\"_blank\" rel=\"noopener\">08 Ha\u00efti<\/a><\/li>\n<\/ul>\n<\/div><\/div><div class=\"w-separator size_small\"><\/div><\/div><\/div><\/div><div class=\"wpb_text_column\"><div class=\"wpb_wrapper\"><\/div><\/div><\/div><\/div><\/div><\/div><\/section>\n","protected":false},"excerpt":{"rendered":"{:de}T\u00e9l\u00e9chargements 2026 Nig\u00e9riaMaterial zur Vorbereitung der Feier Titelbild 2026 NigeriaZum Herunterladen anklicken. Logo Weltgebetstag Schweiz,\u00a0neu seit 2022 Siehe auch unter \u00dcber uns \/ Das Logo 01 Bibelarbeit 01 Hinf\u00fchrung zum biblischen Impuls kor 02 Biblischer Impuls Ablauf 03 Bibelwort Mt 11,28-30 04 Wortmandala Mt 11,28-30 05 Bibelwort Mt 11,28.30 06 Bibelwort Mt 23,4 07 Fragen...","protected":false},"author":5,"featured_media":0,"parent":39626,"menu_order":0,"comment_status":"closed","ping_status":"closed","template":"","meta":{"_acf_changed":false,"footnotes":""},"class_list":["post-40504","page","type-page","status-publish","hentry"],"translation":{"provider":"WPGlobus","version":"3.0.2","language":"fr","enabled_languages":["de","fr","it"],"languages":{"de":{"title":true,"content":true,"excerpt":false},"fr":{"title":true,"content":true,"excerpt":false},"it":{"title":true,"content":true,"excerpt":false}}},"acf":[],"_links":{"self":[{"href":"https:\/\/wgt.ch\/fr\/wp-json\/wp\/v2\/pages\/40504","targetHints":{"allow":["GET"]}}],"collection":[{"href":"https:\/\/wgt.ch\/fr\/wp-json\/wp\/v2\/pages"}],"about":[{"href":"https:\/\/wgt.ch\/fr\/wp-json\/wp\/v2\/types\/page"}],"author":[{"embeddable":true,"href":"https:\/\/wgt.ch\/fr\/wp-json\/wp\/v2\/users\/5"}],"replies":[{"embeddable":true,"href":"https:\/\/wgt.ch\/fr\/wp-json\/wp\/v2\/comments?post=40504"}],"version-history":[{"count":113,"href":"https:\/\/wgt.ch\/fr\/wp-json\/wp\/v2\/pages\/40504\/revisions"}],"predecessor-version":[{"id":45350,"href":"https:\/\/wgt.ch\/fr\/wp-json\/wp\/v2\/pages\/40504\/revisions\/45350"}],"up":[{"embeddable":true,"href":"https:\/\/wgt.ch\/fr\/wp-json\/wp\/v2\/pages\/39626"}],"wp:attachment":[{"href":"https:\/\/wgt.ch\/fr\/wp-json\/wp\/v2\/media?parent=40504"}],"curies":[{"name":"wp","href":"https:\/\/api.w.org\/{rel}","templated":true}]}}