{"id":40514,"date":"2025-09-22T17:03:15","date_gmt":"2025-09-22T15:03:15","guid":{"rendered":"https:\/\/wgt.ch\/?page_id=40514"},"modified":"2025-09-22T17:04:18","modified_gmt":"2025-09-22T15:04:18","slug":"dundun","status":"publish","type":"page","link":"https:\/\/wgt.ch\/fr\/2026-nigeria-2\/fenster-zu-nigeria\/dundun\/","title":{"rendered":"Dundun"},"content":{"rendered":"<section class=\"l-section wpb_row height_small\"><div class=\"l-section-h i-cf\"><div class=\"g-cols vc_row via_grid cols_1 laptops-cols_inherit tablets-cols_inherit mobiles-cols_1 valign_top type_default stacking_default\"><div class=\"wpb_column vc_column_container\"><div class=\"vc_column-inner\"><div class=\"w-separator size_large\"><\/div><div class=\"wpb_text_column\"><div class=\"wpb_wrapper\"><h2>Dundun &#8211; Un tambour qui parle ?<\/h2>\n<p>Oui, cela existe chez le peuple nig\u00e9rian des Yorubas. Ce tambour s&#8217;appelle Dundun <em>[doune-doune]<\/em>. Il est jou\u00e9 de mani\u00e8re \u00e0 pouvoir moduler la hauteur des sons, ce qui permet d\u2019imiter la langue parl\u00e9e des Yorubas.<\/p>\n<\/div><\/div><div class=\"g-cols wpb_row via_grid cols_3 laptops-cols_inherit tablets-cols_inherit mobiles-cols_1 valign_top type_default stacking_default\" style=\"--columns-gap:3rem;\"><div class=\"wpb_column vc_column_container\"><div class=\"vc_column-inner\"><div class=\"w-image align_none meta_simple\"><div class=\"w-image-h\"><img decoding=\"async\" width=\"614\" height=\"461\" src=\"https:\/\/wgt.ch\/wp-content\/uploads\/2025\/09\/Dundun-TalkingDrum-CC-BY-SA-3.0.jpg\" class=\"attachment-large size-large\" alt=\"\" loading=\"lazy\" srcset=\"https:\/\/wgt.ch\/wp-content\/uploads\/2025\/09\/Dundun-TalkingDrum-CC-BY-SA-3.0.jpg 614w, https:\/\/wgt.ch\/wp-content\/uploads\/2025\/09\/Dundun-TalkingDrum-CC-BY-SA-3.0-300x225.jpg 300w\" sizes=\"auto, (max-width: 614px) 100vw, 614px\" \/><\/div><div class=\"w-image-meta\"><div class=\"w-image-title\">Dundun - TalkingDrum CC BY-SA 3.0<\/div><\/div><\/div><\/div><\/div><div class=\"wpb_column vc_column_container\"><div class=\"vc_column-inner\"><div class=\"wpb_text_column\"><div class=\"wpb_wrapper\"><h6>Un aper\u00e7u de la langue parl\u00e9e des Yorubas\u00a0:<\/h6>\n<\/div><\/div><div class=\"w-video align_none ratio_16x9 has_iframe\"><div class=\"w-video-h\"><iframe title=\"Youtube video player\" src=\"\/\/www.youtube.com\/embed\/YyYrWgfaRwk?autoplay=0&controls=1&origin=https:\/\/wgt.ch\/fr&loop=0&mute=0\" allowfullscreen=\"1\" loading=\"lazy\"><\/iframe><\/div><\/div><\/div><\/div><div class=\"wpb_column vc_column_container\"><div class=\"vc_column-inner\"><div class=\"wpb_text_column\"><div class=\"wpb_wrapper\"><h6>Voici un extrait musical jou\u00e9 au tambour Dundun\u00a0:<\/h6>\n<\/div><\/div><div class=\"w-video align_none ratio_16x9 has_iframe\"><div class=\"w-video-h\"><iframe title=\"Youtube video player\" src=\"\/\/www.youtube.com\/embed\/F0L2fhqFzKU?autoplay=0&controls=1&origin=https:\/\/wgt.ch\/fr&loop=0&mute=0\" allowfullscreen=\"1\" loading=\"lazy\"><\/iframe><\/div><\/div><\/div><\/div><\/div><div class=\"w-separator size_medium\"><\/div><\/div><\/div><\/div><\/div><\/section>\n","protected":false},"excerpt":{"rendered":"{:de} Dundun &#8211; Eine Trommel, die spricht? Ja, beim nigerianischen Volk der Yoruba gibt es das. Diese Trommel heisst Dundun. Sie wird so gespielt, dass die Tonh\u00f6he ver\u00e4ndert werden kann. Dadurch kann die Sprache der Yoruba imitiert werden. Dundun - TalkingDrum CC BY-SA 3.0 Ein Beispiel der Yoruba-Sprache: Ein Dundun-Musikbeispiel: {:}{:fr}Dundun &#8211; Un tambour qui...","protected":false},"author":5,"featured_media":0,"parent":39628,"menu_order":0,"comment_status":"closed","ping_status":"closed","template":"","meta":{"_acf_changed":false,"footnotes":""},"class_list":["post-40514","page","type-page","status-publish","hentry"],"translation":{"provider":"WPGlobus","version":"3.0.2","language":"fr","enabled_languages":["de","fr","it"],"languages":{"de":{"title":true,"content":true,"excerpt":false},"fr":{"title":true,"content":true,"excerpt":false},"it":{"title":true,"content":true,"excerpt":false}}},"acf":[],"_links":{"self":[{"href":"https:\/\/wgt.ch\/fr\/wp-json\/wp\/v2\/pages\/40514","targetHints":{"allow":["GET"]}}],"collection":[{"href":"https:\/\/wgt.ch\/fr\/wp-json\/wp\/v2\/pages"}],"about":[{"href":"https:\/\/wgt.ch\/fr\/wp-json\/wp\/v2\/types\/page"}],"author":[{"embeddable":true,"href":"https:\/\/wgt.ch\/fr\/wp-json\/wp\/v2\/users\/5"}],"replies":[{"embeddable":true,"href":"https:\/\/wgt.ch\/fr\/wp-json\/wp\/v2\/comments?post=40514"}],"version-history":[{"count":15,"href":"https:\/\/wgt.ch\/fr\/wp-json\/wp\/v2\/pages\/40514\/revisions"}],"predecessor-version":[{"id":40529,"href":"https:\/\/wgt.ch\/fr\/wp-json\/wp\/v2\/pages\/40514\/revisions\/40529"}],"up":[{"embeddable":true,"href":"https:\/\/wgt.ch\/fr\/wp-json\/wp\/v2\/pages\/39628"}],"wp:attachment":[{"href":"https:\/\/wgt.ch\/fr\/wp-json\/wp\/v2\/media?parent=40514"}],"curies":[{"name":"wp","href":"https:\/\/api.w.org\/{rel}","templated":true}]}}