{"id":41384,"date":"2025-10-28T15:19:05","date_gmt":"2025-10-28T14:19:05","guid":{"rendered":"https:\/\/wgt.ch\/?page_id=41384"},"modified":"2025-11-13T11:49:53","modified_gmt":"2025-11-13T10:49:53","slug":"basilikum","status":"publish","type":"page","link":"https:\/\/wgt.ch\/fr\/2026-nigeria-2\/fenster-zu-nigeria\/basilikum\/","title":{"rendered":"Basilikum"},"content":{"rendered":"<section class=\"l-section wpb_row height_small\"><div class=\"l-section-h i-cf\"><div class=\"g-cols vc_row via_grid cols_2-1 laptops-cols_inherit tablets-cols_inherit mobiles-cols_1 valign_top type_default stacking_default\"><div class=\"wpb_column vc_column_container\"><div class=\"vc_column-inner\"><div class=\"wpb_text_column\"><div class=\"wpb_wrapper\"><h2><span data-contrast=\"auto\" xml:lang=\"DE-CH\" lang=\"DE-CH\" class=\"TextRun SCXW11412779 BCX8\"><span class=\"NormalTextRun SCXW11412779 BCX8\">Le <\/span><span class=\"NormalTextRun SpellingErrorV2Themed SCXW11412779 BCX8\">basilic <\/span><span class=\"NormalTextRun SpellingErrorV2Themed SCXW11412779 BCX8\">nig\u00e9rian<\/span><\/span><span class=\"EOP SCXW11412779 BCX8\" data-ccp-props=\"{}\">\u00a0<\/span><strong><br \/>\n<\/strong>Ocimum gratissimum<\/h2>\n<p><span data-contrast=\"auto\">Il y a 59 ans, une missionnaire racontait \u00e0 l\u2019\u00e9cole du dimanche comment elle avait \u00e9t\u00e9 gu\u00e9rie de la fi\u00e8vre palud\u00e9enne. Les femmes africaines qui travaillaient \u00e0 la mission lui avaient pr\u00e9par\u00e9 une tisane \u00e0 base de basilic, accompagn\u00e9e d\u2019un plat traditionnel contenant cette m\u00eame plante.\u00a0Apr\u00e8s quelques semaines, elle retrouva la sant\u00e9.\u00a0Elle associa le pouvoir de gu\u00e9rison du basilic \u00e0 l\u2019amour de Dieu et interpr\u00e9ta sa gu\u00e9rison comme un miracle.\u00a0J\u2019avais alors neuf ans, et j\u2019\u00e9tais fascin\u00e9e par ces r\u00e9cits venus de\u00a0terres\u00a0lointaines. C\u2019est ainsi que le nom de cette plante m\u00e9dicinale est rest\u00e9 grav\u00e9 dans ma m\u00e9moire.\u00a0<\/span><span data-ccp-props=\"{}\">\u00a0<\/span><\/p>\n<p><span data-contrast=\"auto\">En faisant des recherches sur le\u00a0\u00ab\u202fbasilic nig\u00e9rian\u202f\u00bb, ce souvenir m\u2019est revenu en m\u00e9moire. Au Nig\u00e9ria, comme dans d\u2019autres pays africains, le basilic arbustif\u00a0<\/span><i><span data-contrast=\"auto\">Ocimum\u00a0gratissimum<\/span><\/i><span data-contrast=\"auto\">\u00a0est couramment utilis\u00e9 en m\u00e9decine traditionnelle.\u00a0On lui reconna\u00eet des propri\u00e9t\u00e9s anti-inflammatoires et antimicrobiennes.\u00a0<\/span><span data-ccp-props=\"{}\">\u00a0<\/span><\/p>\n<p><span data-contrast=\"auto\">Le petit plant de basilic est id\u00e9al pour d\u00e9corer une f\u00eate : il d\u00e9gage un parfum agr\u00e9able et frais.<\/span><span data-ccp-props=\"{}\">\u00a0<\/span><\/p>\n<p><span data-contrast=\"auto\">Conseil : renseignez-vous \u00e0 l\u2019avance aupr\u00e8s des jardineries ou grandes surfaces pour savoir o\u00f9 il est disponible.<\/span><span data-ccp-props=\"{}\">\u00a0<\/span><\/p>\n<p><span data-contrast=\"auto\">Hanna Marty<\/span><span data-ccp-props=\"{}\">\u00a0<\/span><\/p>\n<\/div><\/div><div class=\"w-separator size_medium\"><\/div><\/div><\/div><div class=\"wpb_column vc_column_container\"><div class=\"vc_column-inner\"><div class=\"w-image align_none\"><div class=\"w-image-h\"><img decoding=\"async\" width=\"768\" height=\"1024\" src=\"https:\/\/wgt.ch\/wp-content\/uploads\/2025\/10\/Basilikum-Ocimum-gratissimum-\u00a9Forest-Kim-Starr-768x1024.jpg\" class=\"attachment-large size-large\" alt=\"{:de}Basilikum Ocimum gratissimum \u00a9Forest &amp; Kim Starr {:}{:fr}Basilic Ocimum gratissimum \u00a9Forest &amp; Kim Starr{:}{:it}Basilico Ocimum gratissimum \u00a9Forest &amp; Kim Starr{:}\" loading=\"lazy\" srcset=\"https:\/\/wgt.ch\/wp-content\/uploads\/2025\/10\/Basilikum-Ocimum-gratissimum-\u00a9Forest-Kim-Starr-768x1024.jpg 768w, https:\/\/wgt.ch\/wp-content\/uploads\/2025\/10\/Basilikum-Ocimum-gratissimum-\u00a9Forest-Kim-Starr-225x300.jpg 225w, https:\/\/wgt.ch\/wp-content\/uploads\/2025\/10\/Basilikum-Ocimum-gratissimum-\u00a9Forest-Kim-Starr.jpg 960w\" sizes=\"auto, (max-width: 768px) 100vw, 768px\" \/><\/div><\/div><div class=\"w-separator size_custom\" style=\"height:15px\"><\/div><div class=\"wpb_text_column\"><div class=\"wpb_wrapper\"><p><span>Basilic Ocimum gratissimum \u00a9Forest &amp; Kim Starr<\/span><\/p>\n<\/div><\/div><div class=\"w-separator size_small\"><\/div><\/div><\/div><\/div><\/div><\/section>\n","protected":false},"excerpt":{"rendered":"{:de} Nigerianisches Basilikum Ocimum gratissimum Vor 59\u00a0Jahren erz\u00e4hlte eine Missionarin in der Sonntagsschule, wie sie vom Malariafieber geheilt worden sei. Die Afrikanerinnen, die in der Missionsstation gearbeitet hatten, gaben der Missionarin Basilikumtee. Dazu musste sie ein spezielles Gericht essen, das Basilikumkr\u00e4uter enthielt. Nach einigen Wochen wurde die Missionarin gesund. Sie verband die Heilkraft des Basilikums...","protected":false},"author":5,"featured_media":0,"parent":39628,"menu_order":0,"comment_status":"closed","ping_status":"closed","template":"","meta":{"_acf_changed":false,"footnotes":""},"class_list":["post-41384","page","type-page","status-publish","hentry"],"translation":{"provider":"WPGlobus","version":"3.0.2","language":"fr","enabled_languages":["de","fr","it"],"languages":{"de":{"title":true,"content":true,"excerpt":false},"fr":{"title":false,"content":true,"excerpt":false},"it":{"title":false,"content":true,"excerpt":false}}},"acf":[],"_links":{"self":[{"href":"https:\/\/wgt.ch\/fr\/wp-json\/wp\/v2\/pages\/41384","targetHints":{"allow":["GET"]}}],"collection":[{"href":"https:\/\/wgt.ch\/fr\/wp-json\/wp\/v2\/pages"}],"about":[{"href":"https:\/\/wgt.ch\/fr\/wp-json\/wp\/v2\/types\/page"}],"author":[{"embeddable":true,"href":"https:\/\/wgt.ch\/fr\/wp-json\/wp\/v2\/users\/5"}],"replies":[{"embeddable":true,"href":"https:\/\/wgt.ch\/fr\/wp-json\/wp\/v2\/comments?post=41384"}],"version-history":[{"count":16,"href":"https:\/\/wgt.ch\/fr\/wp-json\/wp\/v2\/pages\/41384\/revisions"}],"predecessor-version":[{"id":41560,"href":"https:\/\/wgt.ch\/fr\/wp-json\/wp\/v2\/pages\/41384\/revisions\/41560"}],"up":[{"embeddable":true,"href":"https:\/\/wgt.ch\/fr\/wp-json\/wp\/v2\/pages\/39628"}],"wp:attachment":[{"href":"https:\/\/wgt.ch\/fr\/wp-json\/wp\/v2\/media?parent=41384"}],"curies":[{"name":"wp","href":"https:\/\/api.w.org\/{rel}","templated":true}]}}