{"id":4359,"date":"2019-11-25T17:22:42","date_gmt":"2019-11-25T16:22:42","guid":{"rendered":"https:\/\/wgt.ch\/?page_id=4359"},"modified":"2019-11-25T18:01:44","modified_gmt":"2019-11-25T17:01:44","slug":"kinderliturgie","status":"publish","type":"page","link":"https:\/\/wgt.ch\/fr\/kinderliturgie\/","title":{"rendered":"Kinderliturgie"},"content":{"rendered":"<h4>Kinderliturgie &#8211; The Big Five<\/h4>\n<p>In der Kinderliturgie, die Sie im Shop bestellen k\u00f6nnen, finden sich viele Anregungen f\u00fcr die Arbeit mit Kindern, z.B. &#8220;The big five&#8221;. Der Name &#8220;The big five&#8221; hat nichts mit der Gr\u00f6sse der Tiere zu tun, sondern mit den Grosswild-Safaris, die J\u00e4ger in Afrika im 19. und 20. Jahrhundert f\u00fcr reiche Briten und Amerikaner organisiert hatten.<\/p>\n<p>Hier k\u00f6nnen Sie Steckbriefe und Bilder herunterladen:<\/p>\n<p><a href=\"https:\/\/wgt.ch\/wp-content\/uploads\/2019\/11\/THE-BIG-FIVE-mit-Bilder.pdf\" target=\"_blank\" rel=\"noopener noreferrer\">The BIG FIVE.pdf<\/a><a href=\"https:\/\/wgt.ch\/wp-content\/uploads\/2019\/10\/THE-BIG-FIVE-mit-Bilder.pdf\" target=\"_blank\" rel=\"noopener noreferrer\"><img loading=\"lazy\" decoding=\"async\" class=\"size-medium wp-image-3651 alignright\" src=\"https:\/\/wgt.ch\/wp-content\/uploads\/2019\/10\/KiLi-Logo-269x300.jpg\" alt=\"\" width=\"269\" height=\"300\" srcset=\"https:\/\/wgt.ch\/wp-content\/uploads\/2019\/10\/KiLi-Logo-269x300.jpg 269w, https:\/\/wgt.ch\/wp-content\/uploads\/2019\/10\/KiLi-Logo.jpg 292w\" sizes=\"auto, (max-width: 269px) 100vw, 269px\" \/><\/a><\/p>\n<p><a href=\"https:\/\/wgt.ch\/wp-content\/uploads\/2019\/11\/Afrikanischer-Elefant-KILI-Steckbrief.pdf\" target=\"_blank\" rel=\"noopener noreferrer\">Steckbrief afrikanischerElefant.pdf<\/a><\/p>\n<p><a ref=\"magnificPopup\" href=\"https:\/\/wgt.ch\/wp-content\/uploads\/2019\/10\/Elefant.jpg\" target=\"_blank\" rel=\"noopener noreferrer\">Elefant Bild<\/a><\/p>\n<p><a href=\"https:\/\/wgt.ch\/wp-content\/uploads\/2019\/11\/Afrikanischer-Bueffel-KILI-Steckbrief.pdf\" target=\"_blank\" rel=\"noopener noreferrer\">Steckbrief afrikanischer B\u00fcffel.pdf<\/a><\/p>\n<p><a ref=\"magnificPopup\" href=\"https:\/\/wgt.ch\/wp-content\/uploads\/2019\/10\/B\u00fcffel.jpg\" target=\"_blank\" rel=\"noopener noreferrer\">B\u00fcffel Bild<\/a><\/p>\n<p><a href=\"https:\/\/wgt.ch\/wp-content\/uploads\/2019\/11\/Leopard-KILI-Steckbrief.pdf\" target=\"_blank\" rel=\"noopener noreferrer\">Steckbrief afrikanischer Leopard.pdf<\/a><\/p>\n<p><a ref=\"magnificPopup\" href=\"https:\/\/wgt.ch\/wp-content\/uploads\/2019\/10\/Leopard.jpg\" target=\"_blank\" rel=\"noopener noreferrer\">Leopard Bild<\/a><\/p>\n<p><a href=\"https:\/\/wgt.ch\/wp-content\/uploads\/2019\/11\/Loewe-KILI-Steckbrief.pdf\" target=\"_blank\" rel=\"noopener noreferrer\">Steckbrief afrikanischer L\u00f6we.pdf<\/a><\/p>\n<p><a ref=\"magnificPopup\" href=\"https:\/\/wgt.ch\/wp-content\/uploads\/2019\/10\/L\u00f6we.jpg\" target=\"_blank\" rel=\"noopener noreferrer\">L\u00f6we Bild<\/a><\/p>\n<p><a href=\"https:\/\/wgt.ch\/wp-content\/uploads\/2019\/11\/Nashorn-KILI-Steckbrief.pdf\" target=\"_blank\" rel=\"noopener noreferrer\">Steckbrief Breit- oder Spitzmaulnashorn.pdf<\/a><\/p>\n<p><a ref=\"magnificPopup\" href=\"https:\/\/wgt.ch\/wp-content\/uploads\/2019\/10\/Nashorn-.jpg\" target=\"_blank\" rel=\"noopener noreferrer\">Nashorn Bild<\/a><\/p>\n","protected":false},"excerpt":{"rendered":"<p>Kinderliturgie &#8211; The Big Five In der Kinderliturgie, die Sie im Shop bestellen k\u00f6nnen, finden sich viele Anregungen f\u00fcr die Arbeit mit Kindern, z.B. &#8220;The big five&#8221;. Der Name &#8220;The big five&#8221; hat nichts mit der Gr\u00f6sse der Tiere zu tun, sondern mit den Grosswild-Safaris, die J\u00e4ger in Afrika im 19. und 20. Jahrhundert f\u00fcr&#8230;<\/p>\n","protected":false},"author":5,"featured_media":0,"parent":0,"menu_order":85,"comment_status":"closed","ping_status":"closed","template":"","meta":{"_acf_changed":false,"footnotes":""},"class_list":["post-4359","page","type-page","status-publish","hentry"],"translation":{"provider":"WPGlobus","version":"3.0.2","language":"fr","enabled_languages":["de","fr","it"],"languages":{"de":{"title":true,"content":true,"excerpt":false},"fr":{"title":false,"content":false,"excerpt":false},"it":{"title":false,"content":false,"excerpt":false}}},"acf":[],"_links":{"self":[{"href":"https:\/\/wgt.ch\/fr\/wp-json\/wp\/v2\/pages\/4359","targetHints":{"allow":["GET"]}}],"collection":[{"href":"https:\/\/wgt.ch\/fr\/wp-json\/wp\/v2\/pages"}],"about":[{"href":"https:\/\/wgt.ch\/fr\/wp-json\/wp\/v2\/types\/page"}],"author":[{"embeddable":true,"href":"https:\/\/wgt.ch\/fr\/wp-json\/wp\/v2\/users\/5"}],"replies":[{"embeddable":true,"href":"https:\/\/wgt.ch\/fr\/wp-json\/wp\/v2\/comments?post=4359"}],"version-history":[{"count":2,"href":"https:\/\/wgt.ch\/fr\/wp-json\/wp\/v2\/pages\/4359\/revisions"}],"predecessor-version":[{"id":4363,"href":"https:\/\/wgt.ch\/fr\/wp-json\/wp\/v2\/pages\/4359\/revisions\/4363"}],"wp:attachment":[{"href":"https:\/\/wgt.ch\/fr\/wp-json\/wp\/v2\/media?parent=4359"}],"curies":[{"name":"wp","href":"https:\/\/api.w.org\/{rel}","templated":true}]}}