{"id":521,"date":"2019-08-06T13:51:46","date_gmt":"2019-08-06T11:51:46","guid":{"rendered":"https:\/\/wgt.ch\/?page_id=521"},"modified":"2023-10-23T14:55:44","modified_gmt":"2023-10-23T12:55:44","slug":"bestellung-danke","status":"publish","type":"page","link":"https:\/\/wgt.ch\/fr\/bestellung-danke\/","title":{"rendered":"Merci beaucoup"},"content":{"rendered":"<section class=\"l-section wpb_row height_small\"><div class=\"l-section-h i-cf\"><div class=\"g-cols vc_row via_grid cols_1 laptops-cols_inherit tablets-cols_inherit mobiles-cols_1 valign_top type_default stacking_default\"><div class=\"wpb_column vc_column_container\"><div class=\"vc_column-inner\"><div class=\"wpb_text_column\"><div class=\"wpb_wrapper\"><h1>Merci beaucoup!<\/h1>\n<\/div><\/div><div class=\"wpb_text_column\"><div class=\"wpb_wrapper\"><p>Votre commande sera trait\u00e9e dans les prochains jours.<\/p>\n<\/div><\/div><\/div><\/div><\/div><\/div><\/section>\n","protected":false},"excerpt":{"rendered":"{:de} Vielen Dank! Ihre Bestellung wird in den n\u00e4chsten Tagen bearbeitet. {:}{:fr} Merci beaucoup! Votre commande sera trait\u00e9e dans les prochains jours. {:}{:it} Grazie Mille! La sua ordinazione verr\u00e0 elaborata nei prossimi giorni. {:}","protected":false},"author":1,"featured_media":0,"parent":0,"menu_order":87,"comment_status":"closed","ping_status":"closed","template":"","meta":{"_acf_changed":false,"footnotes":""},"class_list":["post-521","page","type-page","status-publish","hentry"],"translation":{"provider":"WPGlobus","version":"3.0.2","language":"fr","enabled_languages":["de","fr","it"],"languages":{"de":{"title":true,"content":true,"excerpt":false},"fr":{"title":true,"content":true,"excerpt":false},"it":{"title":true,"content":true,"excerpt":false}}},"acf":[],"_links":{"self":[{"href":"https:\/\/wgt.ch\/fr\/wp-json\/wp\/v2\/pages\/521","targetHints":{"allow":["GET"]}}],"collection":[{"href":"https:\/\/wgt.ch\/fr\/wp-json\/wp\/v2\/pages"}],"about":[{"href":"https:\/\/wgt.ch\/fr\/wp-json\/wp\/v2\/types\/page"}],"author":[{"embeddable":true,"href":"https:\/\/wgt.ch\/fr\/wp-json\/wp\/v2\/users\/1"}],"replies":[{"embeddable":true,"href":"https:\/\/wgt.ch\/fr\/wp-json\/wp\/v2\/comments?post=521"}],"version-history":[{"count":11,"href":"https:\/\/wgt.ch\/fr\/wp-json\/wp\/v2\/pages\/521\/revisions"}],"predecessor-version":[{"id":28960,"href":"https:\/\/wgt.ch\/fr\/wp-json\/wp\/v2\/pages\/521\/revisions\/28960"}],"wp:attachment":[{"href":"https:\/\/wgt.ch\/fr\/wp-json\/wp\/v2\/media?parent=521"}],"curies":[{"name":"wp","href":"https:\/\/api.w.org\/{rel}","templated":true}]}}