{"id":68,"date":"2019-07-16T09:19:25","date_gmt":"2019-07-16T07:19:25","guid":{"rendered":"https:\/\/wgt.ch\/?page_id=68"},"modified":"2024-07-03T12:41:50","modified_gmt":"2024-07-03T10:41:50","slug":"impressum","status":"publish","type":"page","link":"https:\/\/wgt.ch\/fr\/impressum\/","title":{"rendered":"Mentions l\u00e9gales"},"content":{"rendered":"<section class=\"l-section wpb_row height_small\"><div class=\"l-section-h i-cf\"><div class=\"g-cols vc_row via_grid cols_1 laptops-cols_inherit tablets-cols_inherit mobiles-cols_1 valign_top type_default stacking_default\"><div class=\"wpb_column vc_column_container\"><div class=\"vc_column-inner\"><h1 class=\"w-post-elm post_title entry-title color_link_inherit\">Mentions l\u00e9gales<\/h1><\/div><\/div><\/div><\/div><\/section><section class=\"l-section wpb_row us_custom_97dde11f height_auto\"><div class=\"l-section-h i-cf\"><div class=\"g-cols vc_row via_grid cols_1 laptops-cols_inherit tablets-cols_inherit mobiles-cols_1 valign_top type_default stacking_default\"><div class=\"wpb_column vc_column_container\"><div class=\"vc_column-inner\"><div class=\"wpb_text_column\"><div class=\"wpb_wrapper\"><div class=\"base-container-background\">\n<div class=\"base-container-slim\">\n<div class=\"content content-textbox textBoxMatrixBlock\">\n<div class=\"textbox-text line-height-140\">\n<p><strong>Responsable du contenu :<\/strong><br \/>\nJourn\u00e9e mondiale de pri\u00e8re Suisse<br \/>\nNeum\u00fchlestr. 42<br \/>\nCH-8406 Winterthur<br \/>\nTel\u00a0: 052 203 22 08<\/p>\n<p><strong>Responsable technique\u00a0:<\/strong><a href=\"https:\/\/www.erfrischung.ch\/\"><br \/>\nB\u00fcro f\u00fcr Erfrischung GmbH<\/a>, Winterthour<\/p>\n<h2>Clause de non-responsabilit\u00e9<\/h2>\n<p>Malgr\u00e9 un contr\u00f4le minutieux du contenu, la Journ\u00e9e mondiale de pri\u00e8re Suisse n&#8217;assume aucune responsabilit\u00e9 quant au contenu des liens externes. Seuls les exploitants de ces sites sont responsables de leur contenu.<\/p>\n<p>La Journ\u00e9e mondiale de pri\u00e8re Suisse se d\u00e9gage \u00e9galement de toute responsabilit\u00e9 en cas de dysfonctionnement d&#8217;Internet, de dommages caus\u00e9s par des tiers, de donn\u00e9es import\u00e9es de toutes sortes (virus, vers, chevaux de Troie, etc.). En aucun cas, la Journ\u00e9e mondiale de pri\u00e8re Suisse ne peut \u00eatre tenue responsable envers vous ou des tiers pour des dommages directs, indirects, sp\u00e9ciaux ou cons\u00e9cutifs r\u00e9sultant de l&#8217;utilisation de ce site ou d&#8217;un site li\u00e9 \u00e0 celui-ci. De m\u00eame, aucune responsabilit\u00e9 n&#8217;est endoss\u00e9e pour un manque \u00e0 gagner, une interruption d&#8217;exploitation, une perte de programmes ou d&#8217;autres donn\u00e9es dans vos syst\u00e8mes d&#8217;information. Ceci est \u00e9galement valable si la Journ\u00e9e mondiale de pri\u00e8re Suisse a \u00e9t\u00e9 express\u00e9ment inform\u00e9e de la possibilit\u00e9 de tels dommages.<\/p>\n<p>Droits\u00a0: \u00a9 2019. Tous les droits sont d\u00e9tenus par la Journ\u00e9e mondiale de pri\u00e8re Suisse.<\/p>\n<p>&nbsp;<\/p>\n<\/div>\n<\/div>\n<\/div>\n<\/div>\n<\/div><\/div><\/div><\/div><\/div><\/div><\/section>\n","protected":false},"excerpt":{"rendered":"{:de}Mentions l\u00e9gales Verantwortlich f\u00fcr den Inhalt: Weltgebetstag Schweiz Neum\u00fchlestr. 42 CH-8406 Winterthur Tel: 052 203 21 72 Verantwortlich f\u00fcr die Technik: B\u00fcro f\u00fcr Erfrischung GmbH, Winterthur Disclaimer \/ Haftungsausschluss Trotz sorgf\u00e4ltiger inhaltlicher Kontrolle \u00fcbernimmt der Weltgebetstag Schweiz keine Haftung f\u00fcr die Inhalte externer Links. F\u00fcr den Inhalt der verlinkten Seiten sind ausschliesslich deren Betreiber verantwortlich....","protected":false},"author":1,"featured_media":0,"parent":0,"menu_order":100,"comment_status":"closed","ping_status":"closed","template":"","meta":{"_acf_changed":false,"footnotes":""},"class_list":["post-68","page","type-page","status-publish","hentry"],"translation":{"provider":"WPGlobus","version":"3.0.2","language":"fr","enabled_languages":["de","fr","it"],"languages":{"de":{"title":true,"content":true,"excerpt":false},"fr":{"title":true,"content":true,"excerpt":false},"it":{"title":true,"content":true,"excerpt":false}}},"acf":[],"_links":{"self":[{"href":"https:\/\/wgt.ch\/fr\/wp-json\/wp\/v2\/pages\/68","targetHints":{"allow":["GET"]}}],"collection":[{"href":"https:\/\/wgt.ch\/fr\/wp-json\/wp\/v2\/pages"}],"about":[{"href":"https:\/\/wgt.ch\/fr\/wp-json\/wp\/v2\/types\/page"}],"author":[{"embeddable":true,"href":"https:\/\/wgt.ch\/fr\/wp-json\/wp\/v2\/users\/1"}],"replies":[{"embeddable":true,"href":"https:\/\/wgt.ch\/fr\/wp-json\/wp\/v2\/comments?post=68"}],"version-history":[{"count":30,"href":"https:\/\/wgt.ch\/fr\/wp-json\/wp\/v2\/pages\/68\/revisions"}],"predecessor-version":[{"id":34202,"href":"https:\/\/wgt.ch\/fr\/wp-json\/wp\/v2\/pages\/68\/revisions\/34202"}],"wp:attachment":[{"href":"https:\/\/wgt.ch\/fr\/wp-json\/wp\/v2\/media?parent=68"}],"curies":[{"name":"wp","href":"https:\/\/api.w.org\/{rel}","templated":true}]}}