{"id":7163,"date":"2020-04-22T19:04:57","date_gmt":"2020-04-22T17:04:57","guid":{"rendered":"https:\/\/wgt.ch\/?page_id=7163"},"modified":"2025-06-07T14:21:32","modified_gmt":"2025-06-07T12:21:32","slug":"zukuenftige-feiern","status":"publish","type":"page","link":"https:\/\/wgt.ch\/fr\/zukuenftige-feiern\/","title":{"rendered":"C\u00e9l\u00e9brations futures"},"content":{"rendered":"<section class=\"l-section wpb_row height_small\"><div class=\"l-section-h i-cf\"><div class=\"g-cols vc_row via_grid cols_1 laptops-cols_inherit tablets-cols_inherit mobiles-cols_1 valign_top type_default stacking_default\"><div class=\"wpb_column vc_column_container\"><div class=\"vc_column-inner\"><h2 class=\"w-post-elm post_title entry-title color_link_inherit\">C\u00e9l\u00e9brations futures<\/h2><div class=\"w-separator size_small\"><\/div><div class=\"wpb_text_column\"><div class=\"wpb_wrapper\"><p>La Journ\u00e9e mondiale de pri\u00e8re est c\u00e9l\u00e9br\u00e9e d\u2019en plus de 170 pays, r\u00e9gions et \u00eeles toujours le premier vendredi du mois de mars. Chaque ann\u00e9e la liturgie est \u00e9crite par des femmes chr\u00e9tiennes d\u2019un pays diff\u00e9rent et mise \u00e0 disposition \u00e0 toutes les organisations JMP autour du monde.<\/p>\n<h5>Les pays d\u2019origine des prochaines liturgies seront:<\/h5>\n<\/div><\/div><div class=\"w-separator size_custom with_line width_default thick_1 style_solid color_border align_center\" style=\"height:30px\"><div class=\"w-separator-h\"><\/div><\/div><div class=\"g-cols wpb_row via_grid cols_1-3 laptops-cols_inherit tablets-cols_inherit mobiles-cols_1 valign_top type_default stacking_default\" style=\"--columns-gap:3rem;\"><div class=\"wpb_column vc_column_container\"><div class=\"vc_column-inner\"><div class=\"wpb_text_column\"><div class=\"wpb_wrapper\"><h6><a href=\"https:\/\/wgt.ch\/fr\/feiern\/2026-nigeria\/\">2026 Nigeria<\/a><\/h6>\n<\/div><\/div><\/div><\/div><div class=\"wpb_column vc_column_container\"><div class=\"vc_column-inner\"><div class=\"wpb_text_column\"><div class=\"wpb_wrapper\"><h6><a href=\"https:\/\/wgt.ch\/fr\/feiern\/2026-nigeria\/\">\u00abI will give you rest: come\u00bb &#8211; \u00ab Je veux vous fortifier. Venez ! \u00bb<\/a><\/h6>\n<\/div><\/div><\/div><\/div><\/div><div class=\"w-separator size_custom with_line width_default thick_1 style_solid color_border align_center\" style=\"height:30px\"><div class=\"w-separator-h\"><\/div><\/div><div class=\"g-cols wpb_row via_grid cols_1-3 laptops-cols_inherit tablets-cols_inherit mobiles-cols_1 valign_top type_default stacking_default\" style=\"--columns-gap:3rem;\"><div class=\"wpb_column vc_column_container\"><div class=\"vc_column-inner\"><div class=\"wpb_text_column\"><div class=\"wpb_wrapper\"><h6>2027 WDP International Commitee<\/h6>\n<\/div><\/div><\/div><\/div><div class=\"wpb_column vc_column_container\"><div class=\"vc_column-inner\"><div class=\"wpb_text_column\"><div class=\"wpb_wrapper\"><h6>\u00abUnited in prayer for justice and peace\u00bb<\/h6>\n<\/div><\/div><\/div><\/div><\/div><div class=\"w-separator size_custom with_line width_default thick_1 style_solid color_border align_center\" style=\"height:30px\"><div class=\"w-separator-h\"><\/div><\/div><div class=\"g-cols wpb_row via_grid cols_1-3 laptops-cols_inherit tablets-cols_inherit mobiles-cols_1 valign_top type_default stacking_default\" style=\"--columns-gap:3rem;\"><div class=\"wpb_column vc_column_container\"><div class=\"vc_column-inner\"><div class=\"wpb_text_column\"><div class=\"wpb_wrapper\"><h6>\u00a02028 Costa Rica<\/h6>\n<\/div><\/div><\/div><\/div><div class=\"wpb_column vc_column_container\"><div class=\"vc_column-inner\"><div class=\"wpb_text_column\"><div class=\"wpb_wrapper\"><h6>\u00abLeading the way in grace\u00bb<\/h6>\n<\/div><\/div><\/div><\/div><\/div><div class=\"w-separator size_custom with_line width_default thick_1 style_solid color_border align_center\" style=\"height:30px\"><div class=\"w-separator-h\"><\/div><\/div><div class=\"g-cols wpb_row via_grid cols_1-3 laptops-cols_inherit tablets-cols_inherit mobiles-cols_1 valign_top type_default stacking_default\" style=\"--columns-gap:3rem;\"><div class=\"wpb_column vc_column_container\"><div class=\"vc_column-inner\"><div class=\"wpb_text_column\"><div class=\"wpb_wrapper\"><h6>\u00a02029 Italy<\/h6>\n<\/div><\/div><\/div><\/div><div class=\"wpb_column vc_column_container\"><div class=\"vc_column-inner\"><div class=\"wpb_text_column\"><div class=\"wpb_wrapper\"><h6>\u00abCompassion brings healing\u00bb<\/h6>\n<\/div><\/div><\/div><\/div><\/div><div class=\"w-separator size_custom with_line width_default thick_1 style_solid color_border align_center\" style=\"height:30px\"><div class=\"w-separator-h\"><\/div><\/div><div class=\"g-cols wpb_row via_grid cols_1-3 laptops-cols_inherit tablets-cols_inherit mobiles-cols_1 valign_top type_default stacking_default\" style=\"--columns-gap:3rem;\"><div class=\"wpb_column vc_column_container\"><div class=\"vc_column-inner\"><div class=\"wpb_text_column\"><div class=\"wpb_wrapper\"><h6>\u00a02030 Nepal<\/h6>\n<\/div><\/div><\/div><\/div><div class=\"wpb_column vc_column_container\"><div class=\"vc_column-inner\"><div class=\"wpb_text_column\"><div class=\"wpb_wrapper\"><h6>\u00abAs the earth rests, people can eat\u00bb<\/h6>\n<\/div><\/div><\/div><\/div><\/div><div class=\"w-separator size_custom with_line width_default thick_1 style_solid color_border align_center\" style=\"height:30px\"><div class=\"w-separator-h\"><\/div><\/div><div class=\"g-cols wpb_row via_grid cols_1-3 laptops-cols_inherit tablets-cols_inherit mobiles-cols_1 valign_top type_default stacking_default\" style=\"--columns-gap:3rem;\"><div class=\"wpb_column vc_column_container\"><div class=\"vc_column-inner\"><div class=\"wpb_text_column\"><div class=\"wpb_wrapper\"><h6>\u00a02031 Jamaica<\/h6>\n<\/div><\/div><\/div><\/div><div class=\"wpb_column vc_column_container\"><div class=\"vc_column-inner\"><div class=\"wpb_text_column\"><div class=\"wpb_wrapper\"><h6>\u00abA sign of faith\u00bb<\/h6>\n<\/div><\/div><\/div><\/div><\/div><div class=\"w-separator size_custom with_line width_default thick_1 style_solid color_border align_center\" style=\"height:30px\"><div class=\"w-separator-h\"><\/div><\/div><\/div><\/div><\/div><\/div><\/section>\n","protected":false},"excerpt":{"rendered":"{:de}C\u00e9l\u00e9brations futuresAm ersten Freitag im M\u00e4rz wird in \u00fcber 170 L\u00e4ndern, Regionen und Inseln der Weltgebetstags-Gottesdienst gefeiert. Die Liturgie dazu wird jedes Jahr von christlichen Frauen aus einem anderen Land zusammengestellt und allen L\u00e4ndern zur Verf\u00fcgung gestellt. In den n\u00e4chsten Jahren kommen die Gebetstexte aus: 2026 Nigeria \u00abI will give you rest: come\u00bb &#8211; \u00abIch...","protected":false},"author":5,"featured_media":0,"parent":0,"menu_order":79,"comment_status":"closed","ping_status":"closed","template":"","meta":{"_acf_changed":false,"footnotes":""},"class_list":["post-7163","page","type-page","status-publish","hentry"],"translation":{"provider":"WPGlobus","version":"3.0.2","language":"fr","enabled_languages":["de","fr","it"],"languages":{"de":{"title":true,"content":true,"excerpt":false},"fr":{"title":true,"content":true,"excerpt":false},"it":{"title":true,"content":true,"excerpt":false}}},"acf":[],"_links":{"self":[{"href":"https:\/\/wgt.ch\/fr\/wp-json\/wp\/v2\/pages\/7163","targetHints":{"allow":["GET"]}}],"collection":[{"href":"https:\/\/wgt.ch\/fr\/wp-json\/wp\/v2\/pages"}],"about":[{"href":"https:\/\/wgt.ch\/fr\/wp-json\/wp\/v2\/types\/page"}],"author":[{"embeddable":true,"href":"https:\/\/wgt.ch\/fr\/wp-json\/wp\/v2\/users\/5"}],"replies":[{"embeddable":true,"href":"https:\/\/wgt.ch\/fr\/wp-json\/wp\/v2\/comments?post=7163"}],"version-history":[{"count":75,"href":"https:\/\/wgt.ch\/fr\/wp-json\/wp\/v2\/pages\/7163\/revisions"}],"predecessor-version":[{"id":39703,"href":"https:\/\/wgt.ch\/fr\/wp-json\/wp\/v2\/pages\/7163\/revisions\/39703"}],"wp:attachment":[{"href":"https:\/\/wgt.ch\/fr\/wp-json\/wp\/v2\/media?parent=7163"}],"curies":[{"name":"wp","href":"https:\/\/api.w.org\/{rel}","templated":true}]}}