{"id":9489,"date":"2020-11-18T22:39:24","date_gmt":"2020-11-18T21:39:24","guid":{"rendered":"https:\/\/wgt.ch\/?page_id=9489"},"modified":"2020-11-27T10:44:38","modified_gmt":"2020-11-27T09:44:38","slug":"2-dez-2020","status":"publish","type":"page","link":"https:\/\/wgt.ch\/fr\/advent-2020\/2-dez-2020\/","title":{"rendered":"2 d\u00e9c 2020"},"content":{"rendered":"<section class=\"l-section wpb_row height_small\"><div class=\"l-section-h i-cf\"><div class=\"g-cols vc_row via_grid cols_2 laptops-cols_inherit tablets-cols_inherit mobiles-cols_1 valign_top type_default stacking_default\"><div class=\"wpb_column vc_column_container\"><div class=\"vc_column-inner\"><div class=\"w-image align_none\"><div class=\"w-image-h\"><img decoding=\"async\" width=\"1004\" height=\"1024\" src=\"https:\/\/wgt.ch\/wp-content\/uploads\/2020\/11\/2-A-Ruth-1004x1024.jpg\" class=\"attachment-large size-large\" alt=\"\" loading=\"lazy\" srcset=\"https:\/\/wgt.ch\/wp-content\/uploads\/2020\/11\/2-A-Ruth-1004x1024.jpg 1004w, https:\/\/wgt.ch\/wp-content\/uploads\/2020\/11\/2-A-Ruth-294x300.jpg 294w, https:\/\/wgt.ch\/wp-content\/uploads\/2020\/11\/2-A-Ruth-1507x1536.jpg 1507w, https:\/\/wgt.ch\/wp-content\/uploads\/2020\/11\/2-A-Ruth-2009x2048.jpg 2009w\" sizes=\"auto, (max-width: 1004px) 100vw, 1004px\" \/><\/div><\/div><\/div><\/div><div class=\"wpb_column vc_column_container\"><div class=\"vc_column-inner\"><div class=\"wpb_text_column\"><div class=\"wpb_wrapper\"><p><strong>Weltgebetstag \u2013 kein Tag wie jeder andere im Jahr.<br \/>\n<\/strong><strong>Weltgebetstag \u2013 ein Tag des globalen Zusammenhalts.<br \/>\n<\/strong><strong>Weltgebetstag \u2013 mein Tag der \u00f6kumenischen Gemeinschaft im Bezirk.<\/strong><\/p>\n<p>An keinem anderen Tag im Jahr f\u00fchle ich mich mit Frauen aus allen Teilen \u00abunserer Welt\u00bb mehr verbunden. Ich bin dankbar, ein Teil dieser Gemeinschaft zu sein und mit engagierten Wiener Frauen die ber\u00fchrenden Texte und die gew\u00e4hlte Bibelstelle vorbereiten und Anfang M\u00e4rz einer grossen, interessierten Gemeinde vermitteln zu d\u00fcrfen.<\/p>\n<p>Ruth Lesigang, katholisch, Wien<\/p>\n<p><strong>La Journ\u00e9e mondiale de pri\u00e8re \u2013 pas un jour comme les autres jours de l&#8217;ann\u00e9e.<br \/>\n<\/strong><strong>Journ\u00e9e mondiale de pri\u00e8re \u2013 une journ\u00e9e de coh\u00e9sion mondiale.<br \/>\n<\/strong><strong>Journ\u00e9e mondiale de pri\u00e8re \u2013 ma journ\u00e9e de communaut\u00e9 \u0153cum\u00e9nique dans le district.<\/strong><\/p>\n<p>Aucun autre jour de l&#8217;ann\u00e9e, je ne me sens plus proche des femmes de toutes les r\u00e9gions de \u00abnotre monde\u00bb. Je suis reconnaissante de faire partie de cette communaut\u00e9 et de pouvoir pr\u00e9parer les textes touchants et le passage biblique choisi avec des femmes viennoises engag\u00e9es et de les transmettre \u00e0 une grande assembl\u00e9e int\u00e9ress\u00e9e au d\u00e9but du mois de mars.<\/p>\n<p>Ruth Lesigang, catholique, Vienne<\/p>\n<\/div><\/div><\/div><\/div><\/div><\/div><\/section><section class=\"l-section wpb_row height_small\"><div class=\"l-section-h i-cf\"><div class=\"g-cols vc_row via_grid cols_1 laptops-cols_inherit tablets-cols_inherit mobiles-cols_1 valign_top type_default stacking_default\">\r\n\r\n    <div class=\"back-button\">\r\n        <a class=\"width-full w-btn us-btn-style_2 usg_btn_1\" href=\"\/fr\/wp-json\/wp\/v2\/pages\">\r\n            <span class=\"w-btn-label\">\r\n                retour            <\/span>\r\n        <\/a>\r\n    <\/div>\r\n\r\n\r\n    <div class=\"wpb_column vc_column_container\"><div class=\"vc_column-inner\"><\/div><\/div><\/div><\/div><\/section>\n","protected":false},"excerpt":{"rendered":"{:de}Weltgebetstag \u2013 kein Tag wie jeder andere im Jahr. Weltgebetstag \u2013 ein Tag des globalen Zusammenhalts. Weltgebetstag \u2013 mein Tag der \u00f6kumenischen Gemeinschaft im Bezirk. An keinem anderen Tag im Jahr f\u00fchle ich mich mit Frauen aus allen Teilen \u00abunserer Welt\u00bb mehr verbunden. Ich bin dankbar, ein Teil dieser Gemeinschaft zu sein und mit engagierten...","protected":false},"author":5,"featured_media":0,"parent":9441,"menu_order":73,"comment_status":"closed","ping_status":"closed","template":"","meta":{"_acf_changed":false,"footnotes":""},"class_list":["post-9489","page","type-page","status-publish","hentry"],"translation":{"provider":"WPGlobus","version":"3.0.2","language":"fr","enabled_languages":["de","fr","it"],"languages":{"de":{"title":true,"content":true,"excerpt":false},"fr":{"title":true,"content":true,"excerpt":false},"it":{"title":true,"content":true,"excerpt":false}}},"acf":[],"_links":{"self":[{"href":"https:\/\/wgt.ch\/fr\/wp-json\/wp\/v2\/pages\/9489","targetHints":{"allow":["GET"]}}],"collection":[{"href":"https:\/\/wgt.ch\/fr\/wp-json\/wp\/v2\/pages"}],"about":[{"href":"https:\/\/wgt.ch\/fr\/wp-json\/wp\/v2\/types\/page"}],"author":[{"embeddable":true,"href":"https:\/\/wgt.ch\/fr\/wp-json\/wp\/v2\/users\/5"}],"replies":[{"embeddable":true,"href":"https:\/\/wgt.ch\/fr\/wp-json\/wp\/v2\/comments?post=9489"}],"version-history":[{"count":17,"href":"https:\/\/wgt.ch\/fr\/wp-json\/wp\/v2\/pages\/9489\/revisions"}],"predecessor-version":[{"id":10185,"href":"https:\/\/wgt.ch\/fr\/wp-json\/wp\/v2\/pages\/9489\/revisions\/10185"}],"up":[{"embeddable":true,"href":"https:\/\/wgt.ch\/fr\/wp-json\/wp\/v2\/pages\/9441"}],"wp:attachment":[{"href":"https:\/\/wgt.ch\/fr\/wp-json\/wp\/v2\/media?parent=9489"}],"curies":[{"name":"wp","href":"https:\/\/api.w.org\/{rel}","templated":true}]}}