{"id":9692,"date":"2020-11-23T11:27:59","date_gmt":"2020-11-23T10:27:59","guid":{"rendered":"https:\/\/wgt.ch\/?page_id=9692"},"modified":"2020-11-27T10:53:25","modified_gmt":"2020-11-27T09:53:25","slug":"8-dez-2020","status":"publish","type":"page","link":"https:\/\/wgt.ch\/fr\/advent-2020\/8-dez-2020\/","title":{"rendered":"8 d\u00e9c 2020"},"content":{"rendered":"<section class=\"l-section wpb_row height_small\"><div class=\"l-section-h i-cf\"><div class=\"g-cols vc_row via_grid cols_2 laptops-cols_inherit tablets-cols_inherit mobiles-cols_1 valign_top type_default stacking_default\"><div class=\"wpb_column vc_column_container\"><div class=\"vc_column-inner\"><div class=\"w-image align_none\"><div class=\"w-image-h\"><img decoding=\"async\" width=\"2000\" height=\"1980\" src=\"https:\/\/wgt.ch\/wp-content\/uploads\/2020\/11\/8-femLINKpacific-staff-b-1.jpg\" class=\"attachment-full size-full\" alt=\"\" loading=\"lazy\" srcset=\"https:\/\/wgt.ch\/wp-content\/uploads\/2020\/11\/8-femLINKpacific-staff-b-1.jpg 2000w, https:\/\/wgt.ch\/wp-content\/uploads\/2020\/11\/8-femLINKpacific-staff-b-1-300x297.jpg 300w, https:\/\/wgt.ch\/wp-content\/uploads\/2020\/11\/8-femLINKpacific-staff-b-1-1024x1014.jpg 1024w, https:\/\/wgt.ch\/wp-content\/uploads\/2020\/11\/8-femLINKpacific-staff-b-1-150x150.jpg 150w, https:\/\/wgt.ch\/wp-content\/uploads\/2020\/11\/8-femLINKpacific-staff-b-1-1536x1521.jpg 1536w\" sizes=\"auto, (max-width: 2000px) 100vw, 2000px\" \/><\/div><\/div><\/div><\/div><div class=\"wpb_column vc_column_container\"><div class=\"vc_column-inner\"><div class=\"wpb_text_column\"><div class=\"wpb_wrapper\"><p>The media women from femLINKpacific: We are passionate about the work we do as a team to organize and advocate for the inclusion and participation of diverse women in leadership and decision-making spaces. Our work is rooted in justice for all &#8211; through peace, community engagement and a deep understanding of the environment we must navigate. We believe diverse women must be given the resources to communicate issues affecting them as a marginalized group. As a community media organization, we are proud to exist as a bridge between grassroots feminists and policy makers. We are committed to advancing gender-inclusive peacebuilding practices in our journalism ethics because we believe the media is a powerful tool for advocacy, reaffirming our multi-ethnic and multi-faith founding principles.<\/p>\n<p>Les journalistes de femLINKpacific: Nous sommes passionn\u00e9es par le travail que nous faisons en \u00e9quipe pour organiser et d\u00e9fendre l&#8217;inclusion et la participation de diverses femmes dans les espaces de direction et de prise de d\u00e9cision. Notre travail est ancr\u00e9 dans la justice pour tous et toutes, \u00e0 travers la paix, l&#8217;engagement communautaire et une profonde compr\u00e9hension de l&#8217;environnement dans lequel nous devons \u00e9voluer. Nous pensons que les femmes de tous les horizons doivent disposer des ressources n\u00e9cessaires pour communiquer sur les questions qui les concernent en tant que groupe marginalis\u00e9. En tant qu&#8217;organisation m\u00e9diatique communautaire, nous sommes fi\u00e8res d&#8217;exister en tant que pont entre les f\u00e9ministes de base et les d\u00e9cideurs politiques. Nous nous engageons \u00e0 faire progresser les pratiques de construction de la paix incluant le genre dans notre \u00e9thique du journalisme parce que nous croyons que les m\u00e9dias sont un outil puissant de plaidoyer, r\u00e9affirmant nos principes fondateurs multiethniques et multiconfessionnels.<\/p>\n<p><a href=\"https:\/\/wgt.ch\/wp-content\/uploads\/2020\/10\/VAN-HP3-femLINKpacific-FR.pdf\" target=\"_blank\" rel=\"noopener noreferrer\"><strong>Projet VAN HP3 au pacifique: \u00abDonner une voix aux femmes et accro\u00eetre leur visibilit\u00e9\u00bb<\/strong><\/a><\/p>\n<\/div><\/div><\/div><\/div><\/div><\/div><\/section><section class=\"l-section wpb_row height_small\"><div class=\"l-section-h i-cf\"><div class=\"g-cols vc_row via_grid cols_1 laptops-cols_inherit tablets-cols_inherit mobiles-cols_1 valign_top type_default stacking_default\">\r\n\r\n    <div class=\"back-button\">\r\n        <a class=\"width-full w-btn us-btn-style_2 usg_btn_1\" href=\"\/fr\/wp-json\/wp\/v2\/pages\">\r\n            <span class=\"w-btn-label\">\r\n                retour            <\/span>\r\n        <\/a>\r\n    <\/div>\r\n\r\n\r\n    <div class=\"wpb_column vc_column_container\"><div class=\"vc_column-inner\"><\/div><\/div><\/div><\/div><\/section>\n","protected":false},"excerpt":{"rendered":"{:de}The media women from femLINKpacific: We are passionate about the work we do as a team to organize and advocate for the inclusion and participation of diverse women in leadership and decision-making spaces. Our work is rooted in justice for all &#8211; through peace, community engagement and a deep understanding of the environment we must...","protected":false},"author":5,"featured_media":0,"parent":9441,"menu_order":66,"comment_status":"closed","ping_status":"closed","template":"","meta":{"_acf_changed":false,"footnotes":""},"class_list":["post-9692","page","type-page","status-publish","hentry"],"translation":{"provider":"WPGlobus","version":"3.0.2","language":"fr","enabled_languages":["de","fr","it"],"languages":{"de":{"title":true,"content":true,"excerpt":false},"fr":{"title":true,"content":true,"excerpt":false},"it":{"title":true,"content":true,"excerpt":false}}},"acf":[],"_links":{"self":[{"href":"https:\/\/wgt.ch\/fr\/wp-json\/wp\/v2\/pages\/9692","targetHints":{"allow":["GET"]}}],"collection":[{"href":"https:\/\/wgt.ch\/fr\/wp-json\/wp\/v2\/pages"}],"about":[{"href":"https:\/\/wgt.ch\/fr\/wp-json\/wp\/v2\/types\/page"}],"author":[{"embeddable":true,"href":"https:\/\/wgt.ch\/fr\/wp-json\/wp\/v2\/users\/5"}],"replies":[{"embeddable":true,"href":"https:\/\/wgt.ch\/fr\/wp-json\/wp\/v2\/comments?post=9692"}],"version-history":[{"count":13,"href":"https:\/\/wgt.ch\/fr\/wp-json\/wp\/v2\/pages\/9692\/revisions"}],"predecessor-version":[{"id":10197,"href":"https:\/\/wgt.ch\/fr\/wp-json\/wp\/v2\/pages\/9692\/revisions\/10197"}],"up":[{"embeddable":true,"href":"https:\/\/wgt.ch\/fr\/wp-json\/wp\/v2\/pages\/9441"}],"wp:attachment":[{"href":"https:\/\/wgt.ch\/fr\/wp-json\/wp\/v2\/media?parent=9692"}],"curies":[{"name":"wp","href":"https:\/\/api.w.org\/{rel}","templated":true}]}}