{"id":9807,"date":"2020-11-24T17:08:57","date_gmt":"2020-11-24T16:08:57","guid":{"rendered":"https:\/\/wgt.ch\/?page_id=9807"},"modified":"2020-11-27T10:50:03","modified_gmt":"2020-11-27T09:50:03","slug":"5-dez-2020","status":"publish","type":"page","link":"https:\/\/wgt.ch\/fr\/advent-2020\/5-dez-2020\/","title":{"rendered":"5 d\u00e9c 2020"},"content":{"rendered":"<section class=\"l-section wpb_row height_small\"><div class=\"l-section-h i-cf\"><div class=\"g-cols vc_row via_grid cols_2 laptops-cols_inherit tablets-cols_inherit mobiles-cols_1 valign_top type_default stacking_default\"><div class=\"wpb_column vc_column_container\"><div class=\"vc_column-inner\"><div class=\"w-image align_none\"><div class=\"w-image-h\"><img decoding=\"async\" width=\"1097\" height=\"1373\" src=\"https:\/\/wgt.ch\/wp-content\/uploads\/2020\/11\/5-A_Siglinde.jpg\" class=\"attachment-full size-full\" alt=\"\" loading=\"lazy\" srcset=\"https:\/\/wgt.ch\/wp-content\/uploads\/2020\/11\/5-A_Siglinde.jpg 1097w, https:\/\/wgt.ch\/wp-content\/uploads\/2020\/11\/5-A_Siglinde-240x300.jpg 240w, https:\/\/wgt.ch\/wp-content\/uploads\/2020\/11\/5-A_Siglinde-818x1024.jpg 818w\" sizes=\"auto, (max-width: 1097px) 100vw, 1097px\" \/><\/div><\/div><\/div><\/div><div class=\"wpb_column vc_column_container\"><div class=\"vc_column-inner\"><div class=\"wpb_text_column\"><div class=\"wpb_wrapper\"><p>Das Wichtigste ist f\u00fcr mich die pers\u00f6nliche Begegnung mit den Frauen, sowohl im Organisationsteam als auch \u00fcber die Liturgie mit den Frauen in den betreffenden L\u00e4ndern. Das Mitarbeiten am Zustandekommen so vieler engagierter Projekte erf\u00fcllt mich mit grosser Freude und hat Auswirkungen auch auf mein Handeln in meinem pers\u00f6nlichen\u00a0Umfeld. Ich w\u00fcnsche dem Weltgebetstag, dass er Bestand hat. Dass sich immer wieder Frauen f\u00fcr diese Arbeit begeistern k\u00f6nnen.<\/p>\n<p>Siglinde Steiner, christkatholisch, \u00d6sterreich<\/p>\n<p>La chose la plus importante pour moi est la rencontre personnelle avec les femmes, \u00e0 la fois dans l&#8217;\u00e9quipe organisatrice et \u00e0 travers la liturgie avec les femmes des pays concern\u00e9s. C&#8217;est une grande joie pour moi de participer \u00e0 autant de projets engag\u00e9s et cela a \u00e9galement un impact sur mes actions dans mon environnement personnel. Je souhaite que la journ\u00e9e mondiale de pri\u00e8re se poursuive et que les femmes puissent toujours s&#8217;enthousiasmer pour ce travail.<\/p>\n<p>Siglinde Steiner, catholique chr\u00e9tienne, Autriche<\/p>\n<\/div><\/div><\/div><\/div><\/div><\/div><\/section><section class=\"l-section wpb_row height_small\"><div class=\"l-section-h i-cf\"><div class=\"g-cols vc_row via_grid cols_1 laptops-cols_inherit tablets-cols_inherit mobiles-cols_1 valign_top type_default stacking_default\">\r\n\r\n    <div class=\"back-button\">\r\n        <a class=\"width-full w-btn us-btn-style_2 usg_btn_1\" href=\"\/fr\/wp-json\/wp\/v2\/pages\">\r\n            <span class=\"w-btn-label\">\r\n                retour            <\/span>\r\n        <\/a>\r\n    <\/div>\r\n\r\n\r\n    <div class=\"wpb_column vc_column_container\"><div class=\"vc_column-inner\"><\/div><\/div><\/div><\/div><\/section>\n","protected":false},"excerpt":{"rendered":"{:de}Das Wichtigste ist f\u00fcr mich die pers\u00f6nliche Begegnung mit den Frauen, sowohl im Organisationsteam als auch \u00fcber die Liturgie mit den Frauen in den betreffenden L\u00e4ndern. Das Mitarbeiten am Zustandekommen so vieler engagierter Projekte erf\u00fcllt mich mit grosser Freude und hat Auswirkungen auch auf mein Handeln in meinem pers\u00f6nlichen\u00a0Umfeld. Ich w\u00fcnsche dem Weltgebetstag, dass er...","protected":false},"author":5,"featured_media":0,"parent":9441,"menu_order":69,"comment_status":"closed","ping_status":"closed","template":"","meta":{"_acf_changed":false,"footnotes":""},"class_list":["post-9807","page","type-page","status-publish","hentry"],"translation":{"provider":"WPGlobus","version":"3.0.2","language":"fr","enabled_languages":["de","fr","it"],"languages":{"de":{"title":true,"content":true,"excerpt":false},"fr":{"title":true,"content":true,"excerpt":false},"it":{"title":true,"content":true,"excerpt":false}}},"acf":[],"_links":{"self":[{"href":"https:\/\/wgt.ch\/fr\/wp-json\/wp\/v2\/pages\/9807","targetHints":{"allow":["GET"]}}],"collection":[{"href":"https:\/\/wgt.ch\/fr\/wp-json\/wp\/v2\/pages"}],"about":[{"href":"https:\/\/wgt.ch\/fr\/wp-json\/wp\/v2\/types\/page"}],"author":[{"embeddable":true,"href":"https:\/\/wgt.ch\/fr\/wp-json\/wp\/v2\/users\/5"}],"replies":[{"embeddable":true,"href":"https:\/\/wgt.ch\/fr\/wp-json\/wp\/v2\/comments?post=9807"}],"version-history":[{"count":6,"href":"https:\/\/wgt.ch\/fr\/wp-json\/wp\/v2\/pages\/9807\/revisions"}],"predecessor-version":[{"id":10191,"href":"https:\/\/wgt.ch\/fr\/wp-json\/wp\/v2\/pages\/9807\/revisions\/10191"}],"up":[{"embeddable":true,"href":"https:\/\/wgt.ch\/fr\/wp-json\/wp\/v2\/pages\/9441"}],"wp:attachment":[{"href":"https:\/\/wgt.ch\/fr\/wp-json\/wp\/v2\/media?parent=9807"}],"curies":[{"name":"wp","href":"https:\/\/api.w.org\/{rel}","templated":true}]}}