{"id":9816,"date":"2020-11-24T17:26:52","date_gmt":"2020-11-24T16:26:52","guid":{"rendered":"https:\/\/wgt.ch\/?page_id=9816"},"modified":"2020-11-27T10:51:14","modified_gmt":"2020-11-27T09:51:14","slug":"6-dez-2020","status":"publish","type":"page","link":"https:\/\/wgt.ch\/fr\/advent-2020\/6-dez-2020\/","title":{"rendered":"6 d\u00e9c 2020"},"content":{"rendered":"<section class=\"l-section wpb_row height_small\"><div class=\"l-section-h i-cf\"><div class=\"g-cols vc_row via_grid cols_2 laptops-cols_inherit tablets-cols_inherit mobiles-cols_1 valign_top type_default stacking_default\"><div class=\"wpb_column vc_column_container\"><div class=\"vc_column-inner\"><div class=\"w-image align_none\"><div class=\"w-image-h\"><img decoding=\"async\" width=\"1000\" height=\"1250\" src=\"https:\/\/wgt.ch\/wp-content\/uploads\/2020\/11\/6-Margaritha.jpg\" class=\"attachment-full size-full\" alt=\"\" loading=\"lazy\" srcset=\"https:\/\/wgt.ch\/wp-content\/uploads\/2020\/11\/6-Margaritha.jpg 1000w, https:\/\/wgt.ch\/wp-content\/uploads\/2020\/11\/6-Margaritha-240x300.jpg 240w, https:\/\/wgt.ch\/wp-content\/uploads\/2020\/11\/6-Margaritha-819x1024.jpg 819w\" sizes=\"auto, (max-width: 1000px) 100vw, 1000px\" \/><\/div><\/div><\/div><\/div><div class=\"wpb_column vc_column_container\"><div class=\"vc_column-inner\"><div class=\"wpb_text_column\"><div class=\"wpb_wrapper\"><p>Giornata mondiale di preghiera: un ecumenismo da vivere! Da oltre un decennio \u00e8 per me motivo di gioia condividere con persone di diverse confessioni cristiane la fede in Ges\u00f9 ed esprimerla con preghiere e gesti di carit\u00e0 insieme al mondo intero. Le donne del gruppo cantonale ticinese, con sensibilit\u00e0 femminile, condividono l\u2019amicizia e irradiano motivi di speranza partendo dalla riflessione sulla Parola di Dio, alla luce della liturgia annuale. Come cattolica, constato che nella GMP si realizzano progetti di unit\u00e0 nella diversit\u00e0.<br \/>\nMargherita, Ticino<\/p>\n<p>Journ\u00e9e mondiale de pri\u00e8re : un oecum\u00e9nisme \u00e0 vivre ! Depuis plus de dix ans, je suis heureuse de partager ma foi en J\u00e9sus avec des personnes de diff\u00e9rentes confessions chr\u00e9tiennes et de l&#8217;exprimer par des pri\u00e8res et des actes de charit\u00e9 avec le monde entier. Les femmes du groupe cantonal tessinois, avec une sensibilit\u00e9 f\u00e9minine, partagent l&#8217;amiti\u00e9 et r\u00e9pandent des raisons d&#8217;esp\u00e9rer \u00e0 partir de la r\u00e9flexion sur la Parole de Dieu, \u00e0 la lumi\u00e8re de la liturgie annuelle. En tant que catholique, je constate que dans le cadre de la JMP se r\u00e9alisent des projets d&#8217;unit\u00e9 dans la diversit\u00e9.<br \/>\nMargherita, Tessin<\/p>\n<\/div><\/div><\/div><\/div><\/div><\/div><\/section><section class=\"l-section wpb_row height_small\"><div class=\"l-section-h i-cf\"><div class=\"g-cols vc_row via_grid cols_1 laptops-cols_inherit tablets-cols_inherit mobiles-cols_1 valign_top type_default stacking_default\">\r\n\r\n    <div class=\"back-button\">\r\n        <a class=\"width-full w-btn us-btn-style_2 usg_btn_1\" href=\"\/fr\/wp-json\/wp\/v2\/pages\">\r\n            <span class=\"w-btn-label\">\r\n                retour            <\/span>\r\n        <\/a>\r\n    <\/div>\r\n\r\n\r\n    <div class=\"wpb_column vc_column_container\"><div class=\"vc_column-inner\"><\/div><\/div><\/div><\/div><\/section>\n","protected":false},"excerpt":{"rendered":"{:de}Giornata mondiale di preghiera: un ecumenismo da vivere! Da oltre un decennio \u00e8 per me motivo di gioia condividere con persone di diverse confessioni cristiane la fede in Ges\u00f9 ed esprimerla con preghiere e gesti di carit\u00e0 insieme al mondo intero. Le donne del gruppo cantonale ticinese, con sensibilit\u00e0 femminile, condividono l\u2019amicizia e irradiano motivi...","protected":false},"author":5,"featured_media":0,"parent":9441,"menu_order":70,"comment_status":"closed","ping_status":"closed","template":"","meta":{"_acf_changed":false,"footnotes":""},"class_list":["post-9816","page","type-page","status-publish","hentry"],"translation":{"provider":"WPGlobus","version":"3.0.2","language":"fr","enabled_languages":["de","fr","it"],"languages":{"de":{"title":true,"content":true,"excerpt":false},"fr":{"title":true,"content":true,"excerpt":false},"it":{"title":true,"content":true,"excerpt":false}}},"acf":[],"_links":{"self":[{"href":"https:\/\/wgt.ch\/fr\/wp-json\/wp\/v2\/pages\/9816","targetHints":{"allow":["GET"]}}],"collection":[{"href":"https:\/\/wgt.ch\/fr\/wp-json\/wp\/v2\/pages"}],"about":[{"href":"https:\/\/wgt.ch\/fr\/wp-json\/wp\/v2\/types\/page"}],"author":[{"embeddable":true,"href":"https:\/\/wgt.ch\/fr\/wp-json\/wp\/v2\/users\/5"}],"replies":[{"embeddable":true,"href":"https:\/\/wgt.ch\/fr\/wp-json\/wp\/v2\/comments?post=9816"}],"version-history":[{"count":6,"href":"https:\/\/wgt.ch\/fr\/wp-json\/wp\/v2\/pages\/9816\/revisions"}],"predecessor-version":[{"id":10192,"href":"https:\/\/wgt.ch\/fr\/wp-json\/wp\/v2\/pages\/9816\/revisions\/10192"}],"up":[{"embeddable":true,"href":"https:\/\/wgt.ch\/fr\/wp-json\/wp\/v2\/pages\/9441"}],"wp:attachment":[{"href":"https:\/\/wgt.ch\/fr\/wp-json\/wp\/v2\/media?parent=9816"}],"curies":[{"name":"wp","href":"https:\/\/api.w.org\/{rel}","templated":true}]}}