{"id":9841,"date":"2020-11-24T17:57:42","date_gmt":"2020-11-24T16:57:42","guid":{"rendered":"https:\/\/wgt.ch\/?page_id=9841"},"modified":"2020-11-27T10:54:39","modified_gmt":"2020-11-27T09:54:39","slug":"9-dez-2020","status":"publish","type":"page","link":"https:\/\/wgt.ch\/fr\/advent-2020\/9-dez-2020\/","title":{"rendered":"9 d\u00e9c 2020"},"content":{"rendered":"<section class=\"l-section wpb_row height_small\"><div class=\"l-section-h i-cf\"><div class=\"g-cols vc_row via_grid cols_2 laptops-cols_inherit tablets-cols_inherit mobiles-cols_1 valign_top type_default stacking_default\"><div class=\"wpb_column vc_column_container\"><div class=\"vc_column-inner\"><div class=\"w-image align_none\"><div class=\"w-image-h\"><img decoding=\"async\" width=\"1000\" height=\"1385\" src=\"https:\/\/wgt.ch\/wp-content\/uploads\/2020\/11\/9-A_Roberta.jpg\" class=\"attachment-full size-full\" alt=\"\" loading=\"lazy\" srcset=\"https:\/\/wgt.ch\/wp-content\/uploads\/2020\/11\/9-A_Roberta.jpg 1000w, https:\/\/wgt.ch\/wp-content\/uploads\/2020\/11\/9-A_Roberta-217x300.jpg 217w, https:\/\/wgt.ch\/wp-content\/uploads\/2020\/11\/9-A_Roberta-739x1024.jpg 739w\" sizes=\"auto, (max-width: 1000px) 100vw, 1000px\" \/><\/div><\/div><\/div><\/div><div class=\"wpb_column vc_column_container\"><div class=\"vc_column-inner\"><div class=\"wpb_text_column\"><div class=\"wpb_wrapper\"><p>Der Weltgebetstag stellt die perfekte Symbiose zwischen dem Gebet und der M\u00f6glichkeit, Frauen in schwierigen Lebenssituationen gezielt zu helfen, dar. Frauenprobleme sind Menschenprobleme und gehen ergo uns alle an. Wenn Situationen, politisch, gesellschaftlich oder privat, in eine Schieflage geraten, sind es zuallererst Frauen, die davon betroffen sind. Hier sinnvoll einzugreifen, wie es in den WGT-Projekten geschieht, bedeutet f\u00fcr mich, intensiv weiter mitzuarbeiten und Teil der guten Arbeit zu sein.<\/p>\n<p>Roberta Desch, , lutherisch, Nieder\u00f6sterreich<\/p>\n<p>&nbsp;<\/p>\n<p>La Journ\u00e9e mondiale de pri\u00e8re repr\u00e9sente la symbiose parfaite entre la pri\u00e8re et la possibilit\u00e9 d&#8217;apporter une aide sp\u00e9cifique aux femmes qui se trouvent dans des situations de vie difficiles. Les probl\u00e8mes des femmes sont des probl\u00e8mes humains et nous concernent toutes. Lorsque des situations, qu&#8217;elles soient politiques, sociales ou priv\u00e9es, tournent mal, ce sont avant tout les femmes qui sont touch\u00e9es. Intervenir de mani\u00e8re significative, comme c&#8217;est le cas dans les projets de la JMP, signifie pour moi poursuivre ce travail de mani\u00e8re intensive et fournir du bon travail.<\/p>\n<p>Roberta Desch, luth\u00e9rienne, Basse-Autriche<\/p>\n<\/div><\/div><\/div><\/div><\/div><\/div><\/section><section class=\"l-section wpb_row height_small\"><div class=\"l-section-h i-cf\"><div class=\"g-cols vc_row via_grid cols_1 laptops-cols_inherit tablets-cols_inherit mobiles-cols_1 valign_top type_default stacking_default\">\r\n\r\n    <div class=\"back-button\">\r\n        <a class=\"width-full w-btn us-btn-style_2 usg_btn_1\" href=\"\/fr\/wp-json\/wp\/v2\/pages\">\r\n            <span class=\"w-btn-label\">\r\n                retour            <\/span>\r\n        <\/a>\r\n    <\/div>\r\n\r\n\r\n    <div class=\"wpb_column vc_column_container\"><div class=\"vc_column-inner\"><\/div><\/div><\/div><\/div><\/section>\n","protected":false},"excerpt":{"rendered":"{:de}Der Weltgebetstag stellt die perfekte Symbiose zwischen dem Gebet und der M\u00f6glichkeit, Frauen in schwierigen Lebenssituationen gezielt zu helfen, dar. Frauenprobleme sind Menschenprobleme und gehen ergo uns alle an. Wenn Situationen, politisch, gesellschaftlich oder privat, in eine Schieflage geraten, sind es zuallererst Frauen, die davon betroffen sind. Hier sinnvoll einzugreifen, wie es in den WGT-Projekten...","protected":false},"author":5,"featured_media":0,"parent":9441,"menu_order":67,"comment_status":"closed","ping_status":"closed","template":"","meta":{"_acf_changed":false,"footnotes":""},"class_list":["post-9841","page","type-page","status-publish","hentry"],"translation":{"provider":"WPGlobus","version":"3.0.2","language":"fr","enabled_languages":["de","fr","it"],"languages":{"de":{"title":true,"content":true,"excerpt":false},"fr":{"title":true,"content":true,"excerpt":false},"it":{"title":true,"content":true,"excerpt":false}}},"acf":[],"_links":{"self":[{"href":"https:\/\/wgt.ch\/fr\/wp-json\/wp\/v2\/pages\/9841","targetHints":{"allow":["GET"]}}],"collection":[{"href":"https:\/\/wgt.ch\/fr\/wp-json\/wp\/v2\/pages"}],"about":[{"href":"https:\/\/wgt.ch\/fr\/wp-json\/wp\/v2\/types\/page"}],"author":[{"embeddable":true,"href":"https:\/\/wgt.ch\/fr\/wp-json\/wp\/v2\/users\/5"}],"replies":[{"embeddable":true,"href":"https:\/\/wgt.ch\/fr\/wp-json\/wp\/v2\/comments?post=9841"}],"version-history":[{"count":8,"href":"https:\/\/wgt.ch\/fr\/wp-json\/wp\/v2\/pages\/9841\/revisions"}],"predecessor-version":[{"id":10198,"href":"https:\/\/wgt.ch\/fr\/wp-json\/wp\/v2\/pages\/9841\/revisions\/10198"}],"up":[{"embeddable":true,"href":"https:\/\/wgt.ch\/fr\/wp-json\/wp\/v2\/pages\/9441"}],"wp:attachment":[{"href":"https:\/\/wgt.ch\/fr\/wp-json\/wp\/v2\/media?parent=9841"}],"curies":[{"name":"wp","href":"https:\/\/api.w.org\/{rel}","templated":true}]}}