{"id":9897,"date":"2020-11-25T15:12:24","date_gmt":"2020-11-25T14:12:24","guid":{"rendered":"https:\/\/wgt.ch\/?page_id=9897"},"modified":"2020-11-27T10:59:12","modified_gmt":"2020-11-27T09:59:12","slug":"11-dez-2020","status":"publish","type":"page","link":"https:\/\/wgt.ch\/fr\/advent-2020\/11-dez-2020\/","title":{"rendered":"11 d\u00e9c 2020"},"content":{"rendered":"<section class=\"l-section wpb_row height_small\"><div class=\"l-section-h i-cf\"><div class=\"g-cols vc_row via_grid cols_2 laptops-cols_inherit tablets-cols_inherit mobiles-cols_1 valign_top type_default stacking_default\"><div class=\"wpb_column vc_column_container\"><div class=\"vc_column-inner\"><div class=\"w-image align_none\"><div class=\"w-image-h\"><img decoding=\"async\" width=\"1053\" height=\"855\" src=\"https:\/\/wgt.ch\/wp-content\/uploads\/2020\/11\/11-Sonja.jpg\" class=\"attachment-full size-full\" alt=\"\" loading=\"lazy\" srcset=\"https:\/\/wgt.ch\/wp-content\/uploads\/2020\/11\/11-Sonja.jpg 1053w, https:\/\/wgt.ch\/wp-content\/uploads\/2020\/11\/11-Sonja-300x244.jpg 300w, https:\/\/wgt.ch\/wp-content\/uploads\/2020\/11\/11-Sonja-1024x831.jpg 1024w\" sizes=\"auto, (max-width: 1053px) 100vw, 1053px\" \/><\/div><\/div><\/div><\/div><div class=\"wpb_column vc_column_container\"><div class=\"vc_column-inner\"><div class=\"wpb_text_column\"><div class=\"wpb_wrapper\"><p><strong>Ich bin Sonja<\/strong> aus dem Kanton Schaffhausen. Seit 1992 bin ich Mitglied des schweizerischen WGT-Komitees und engagiere mich auch auf lokaler und kantonaler Ebene. Der \u00f6kumenische Weltgebetstag bedeutet f\u00fcr mich weltweite Solidarit\u00e4t unter Frauen. Sehr gerne trage ich die Hintergrundinformationen zum neuen WGT-Land zusammen. An Vanuatu, einem Inselstaat im S\u00fcdpazifik und WGT-Land 2021, faszinieren mich ihre Traditionen und Stammesbr\u00e4uche. Auf einigen Inseln werden sie noch gelebt.<\/p>\n<p><strong>Je suis Sonja<\/strong>, du canton de Schaffhouse. Je suis membre du comit\u00e9 suisse de la JMP depuis 1992 et aussi active au niveau local et cantonal. Pour moi, la Journ\u00e9e mondiale de pri\u00e8re oecum\u00e9nique signifie solidarit\u00e9 globale entre les femmes. J\u2019aime rassembler les informations de base des nouveaux pays JMP. Au Vanuatu, un \u00e9tat insulaire du Pacifique Sud et le pays de la JMP 2021 me fascinent les traditions indig\u00e8nes encore vivantes sur quelques \u00eeles.<\/p>\n<\/div><\/div><\/div><\/div><\/div><\/div><\/section><section class=\"l-section wpb_row height_small\"><div class=\"l-section-h i-cf\"><div class=\"g-cols vc_row via_grid cols_1 laptops-cols_inherit tablets-cols_inherit mobiles-cols_1 valign_top type_default stacking_default\">\r\n\r\n    <div class=\"back-button\">\r\n        <a class=\"width-full w-btn us-btn-style_2 usg_btn_1\" href=\"\/fr\/wp-json\/wp\/v2\/pages\">\r\n            <span class=\"w-btn-label\">\r\n                retour            <\/span>\r\n        <\/a>\r\n    <\/div>\r\n\r\n\r\n    <div class=\"wpb_column vc_column_container\"><div class=\"vc_column-inner\"><\/div><\/div><\/div><\/div><\/section>\n","protected":false},"excerpt":{"rendered":"{:de}Ich bin Sonja aus dem Kanton Schaffhausen. Seit 1992 bin ich Mitglied des schweizerischen WGT-Komitees und engagiere mich auch auf lokaler und kantonaler Ebene. Der \u00f6kumenische Weltgebetstag bedeutet f\u00fcr mich weltweite Solidarit\u00e4t unter Frauen. Sehr gerne trage ich die Hintergrundinformationen zum neuen WGT-Land zusammen. An Vanuatu, einem Inselstaat im S\u00fcdpazifik und WGT-Land 2021, faszinieren mich...","protected":false},"author":5,"featured_media":0,"parent":9441,"menu_order":52,"comment_status":"closed","ping_status":"closed","template":"","meta":{"_acf_changed":false,"footnotes":""},"class_list":["post-9897","page","type-page","status-publish","hentry"],"translation":{"provider":"WPGlobus","version":"3.0.2","language":"fr","enabled_languages":["de","fr","it"],"languages":{"de":{"title":true,"content":true,"excerpt":false},"fr":{"title":true,"content":true,"excerpt":false},"it":{"title":true,"content":true,"excerpt":false}}},"acf":[],"_links":{"self":[{"href":"https:\/\/wgt.ch\/fr\/wp-json\/wp\/v2\/pages\/9897","targetHints":{"allow":["GET"]}}],"collection":[{"href":"https:\/\/wgt.ch\/fr\/wp-json\/wp\/v2\/pages"}],"about":[{"href":"https:\/\/wgt.ch\/fr\/wp-json\/wp\/v2\/types\/page"}],"author":[{"embeddable":true,"href":"https:\/\/wgt.ch\/fr\/wp-json\/wp\/v2\/users\/5"}],"replies":[{"embeddable":true,"href":"https:\/\/wgt.ch\/fr\/wp-json\/wp\/v2\/comments?post=9897"}],"version-history":[{"count":9,"href":"https:\/\/wgt.ch\/fr\/wp-json\/wp\/v2\/pages\/9897\/revisions"}],"predecessor-version":[{"id":10205,"href":"https:\/\/wgt.ch\/fr\/wp-json\/wp\/v2\/pages\/9897\/revisions\/10205"}],"up":[{"embeddable":true,"href":"https:\/\/wgt.ch\/fr\/wp-json\/wp\/v2\/pages\/9441"}],"wp:attachment":[{"href":"https:\/\/wgt.ch\/fr\/wp-json\/wp\/v2\/media?parent=9897"}],"curies":[{"name":"wp","href":"https:\/\/api.w.org\/{rel}","templated":true}]}}