{"id":9905,"date":"2020-11-25T15:19:58","date_gmt":"2020-11-25T14:19:58","guid":{"rendered":"https:\/\/wgt.ch\/?page_id=9905"},"modified":"2020-11-27T11:01:15","modified_gmt":"2020-11-27T10:01:15","slug":"12-dez-2020","status":"publish","type":"page","link":"https:\/\/wgt.ch\/fr\/advent-2020\/12-dez-2020\/","title":{"rendered":"12 d\u00e9c 2020"},"content":{"rendered":"<section class=\"l-section wpb_row height_small\"><div class=\"l-section-h i-cf\"><div class=\"g-cols vc_row via_grid cols_2 laptops-cols_inherit tablets-cols_inherit mobiles-cols_1 valign_top type_default stacking_default\"><div class=\"wpb_column vc_column_container\"><div class=\"vc_column-inner\"><div class=\"w-image align_none\"><div class=\"w-image-h\"><img decoding=\"async\" width=\"1000\" height=\"1000\" src=\"https:\/\/wgt.ch\/wp-content\/uploads\/2020\/11\/12-Mercy-Pakiwag-APC.jpg\" class=\"attachment-full size-full\" alt=\"\" loading=\"lazy\" srcset=\"https:\/\/wgt.ch\/wp-content\/uploads\/2020\/11\/12-Mercy-Pakiwag-APC.jpg 1000w, https:\/\/wgt.ch\/wp-content\/uploads\/2020\/11\/12-Mercy-Pakiwag-APC-300x300.jpg 300w, https:\/\/wgt.ch\/wp-content\/uploads\/2020\/11\/12-Mercy-Pakiwag-APC-150x150.jpg 150w\" sizes=\"auto, (max-width: 1000px) 100vw, 1000px\" \/><\/div><\/div><\/div><\/div><div class=\"wpb_column vc_column_container\"><div class=\"vc_column-inner\"><div class=\"wpb_text_column\"><div class=\"wpb_wrapper\"><p><strong>I am Mercy Pakiwag<\/strong>, head teacher of Apu Palamguwan Cultural Education Center APC in Bukidnon in the Philippines. Many of us say that being part of APC is an opportunity to discover ourselves and that we have the ability to teach even though we didn\u2019t finish a degree, but can render service to the children in community. We are all thankful for being able to identify and sustain our culture discovering the core values of being Pulangiyen seeking sustainability in helping each other, caring for our land and water. Living essential values like being honest, understanding, caring for each other and being peace-minded.<\/p>\n<p><strong>Je suis Mercy Pakiwag<\/strong>, troisi\u00e8me de gauche, enseignante et directrice du Centre d&#8217;\u00e9ducation culturelle Apu Palamguwan APC au sud des Philippines. Beaucoup d&#8217;entre nous disent que faire partie d&#8217;APC est une chance pr\u00e9cieuse de nous d\u00e9couvrir et d\u2019\u00eatre capables d&#8217;enseigner. M\u00eame si nous n&#8217;avons pas obtenu de dipl\u00f4me, nous pouvons rendre service aux enfants de la communaut\u00e9. Nous sommes toutes et tous reconnaissantes de pouvoir identifier et soutenir notre culture en d\u00e9couvrant les valeurs fondamentales d&#8217;\u00eatre Pulangiyen \u00e0 la recherche de la durabilit\u00e9 en s&#8217;aidant mutuellement, en prenant soin de notre terre et de notre eau. Vivre selon nos valeurs essentielles d&#8217;\u00eatre honn\u00eate, de se comprendre, de prendre soin les uns des autres et d&#8217;avoir un esprit de paix.<\/p>\n<p><a href=\"https:\/\/wgt.ch\/wp-content\/uploads\/2020\/10\/VAN-HP6-Ecole-indigene-FR.pdf\" target=\"_blank\" rel=\"noopener noreferrer\">Projet VAN HP6 aux Philippines: \u00abSoutien aux enseignant(e)s et aux \u00e9co-\u00e9coles indig\u00e8nes\u00bb<\/a><\/p>\n<\/div><\/div><\/div><\/div><\/div><\/div><\/section><section class=\"l-section wpb_row height_small\"><div class=\"l-section-h i-cf\"><div class=\"g-cols vc_row via_grid cols_1 laptops-cols_inherit tablets-cols_inherit mobiles-cols_1 valign_top type_default stacking_default\">\r\n\r\n    <div class=\"back-button\">\r\n        <a class=\"width-full w-btn us-btn-style_2 usg_btn_1\" href=\"\/fr\/wp-json\/wp\/v2\/pages\">\r\n            <span class=\"w-btn-label\">\r\n                retour            <\/span>\r\n        <\/a>\r\n    <\/div>\r\n\r\n\r\n    <div class=\"wpb_column vc_column_container\"><div class=\"vc_column-inner\"><\/div><\/div><\/div><\/div><\/section>\n","protected":false},"excerpt":{"rendered":"{:de}I am Mercy Pakiwag, head teacher of Apu Palamguwan Cultural Education Center APC in Bukidnon in the Philippines. Many of us say that being part of APC is an opportunity to discover ourselves and that we have the ability to teach even though we didn\u2019t finish a degree, but can render service to the children...","protected":false},"author":5,"featured_media":0,"parent":9441,"menu_order":53,"comment_status":"closed","ping_status":"closed","template":"","meta":{"_acf_changed":false,"footnotes":""},"class_list":["post-9905","page","type-page","status-publish","hentry"],"translation":{"provider":"WPGlobus","version":"3.0.2","language":"fr","enabled_languages":["de","fr","it"],"languages":{"de":{"title":true,"content":true,"excerpt":false},"fr":{"title":true,"content":true,"excerpt":false},"it":{"title":true,"content":true,"excerpt":false}}},"acf":[],"_links":{"self":[{"href":"https:\/\/wgt.ch\/fr\/wp-json\/wp\/v2\/pages\/9905","targetHints":{"allow":["GET"]}}],"collection":[{"href":"https:\/\/wgt.ch\/fr\/wp-json\/wp\/v2\/pages"}],"about":[{"href":"https:\/\/wgt.ch\/fr\/wp-json\/wp\/v2\/types\/page"}],"author":[{"embeddable":true,"href":"https:\/\/wgt.ch\/fr\/wp-json\/wp\/v2\/users\/5"}],"replies":[{"embeddable":true,"href":"https:\/\/wgt.ch\/fr\/wp-json\/wp\/v2\/comments?post=9905"}],"version-history":[{"count":10,"href":"https:\/\/wgt.ch\/fr\/wp-json\/wp\/v2\/pages\/9905\/revisions"}],"predecessor-version":[{"id":10208,"href":"https:\/\/wgt.ch\/fr\/wp-json\/wp\/v2\/pages\/9905\/revisions\/10208"}],"up":[{"embeddable":true,"href":"https:\/\/wgt.ch\/fr\/wp-json\/wp\/v2\/pages\/9441"}],"wp:attachment":[{"href":"https:\/\/wgt.ch\/fr\/wp-json\/wp\/v2\/media?parent=9905"}],"curies":[{"name":"wp","href":"https:\/\/api.w.org\/{rel}","templated":true}]}}