{"id":9914,"date":"2020-11-25T15:40:30","date_gmt":"2020-11-25T14:40:30","guid":{"rendered":"https:\/\/wgt.ch\/?page_id=9914"},"modified":"2020-11-27T11:03:28","modified_gmt":"2020-11-27T10:03:28","slug":"13-dez-2020","status":"publish","type":"page","link":"https:\/\/wgt.ch\/fr\/advent-2020\/13-dez-2020\/","title":{"rendered":"13 d\u00e9c 2020"},"content":{"rendered":"<section class=\"l-section wpb_row height_small\"><div class=\"l-section-h i-cf\"><div class=\"g-cols vc_row via_grid cols_2 laptops-cols_inherit tablets-cols_inherit mobiles-cols_1 valign_top type_default stacking_default\"><div class=\"wpb_column vc_column_container\"><div class=\"vc_column-inner\"><div class=\"w-image align_none\"><div class=\"w-image-h\"><img decoding=\"async\" width=\"1803\" height=\"1867\" src=\"https:\/\/wgt.ch\/wp-content\/uploads\/2020\/11\/13-A_Marianne.jpg\" class=\"attachment-full size-full\" alt=\"\" loading=\"lazy\" srcset=\"https:\/\/wgt.ch\/wp-content\/uploads\/2020\/11\/13-A_Marianne.jpg 1803w, https:\/\/wgt.ch\/wp-content\/uploads\/2020\/11\/13-A_Marianne-290x300.jpg 290w, https:\/\/wgt.ch\/wp-content\/uploads\/2020\/11\/13-A_Marianne-989x1024.jpg 989w, https:\/\/wgt.ch\/wp-content\/uploads\/2020\/11\/13-A_Marianne-1483x1536.jpg 1483w\" sizes=\"auto, (max-width: 1803px) 100vw, 1803px\" \/><\/div><\/div><\/div><\/div><div class=\"wpb_column vc_column_container\"><div class=\"vc_column-inner\"><div class=\"wpb_text_column\"><div class=\"wpb_wrapper\"><p><strong>Mir gef\u00e4llt am Weltgebetstag der Frauen<\/strong>, dass es eine weltweite \u00f6kumenische Aktion VON FRAUEN F\u00dcR FRAUEN ist. Dass wir 24 Stunden im Gebet vereint sind &#8211; diese Geisteskraft im Gebet und Gesang! Wir schenken Hoffnung, finanzielle Hilfe &#8211; bringen Steine ins Rollen! Ich bin im \u00abArbeitskreis WGT-kfb Steiermark\u00bb, im Besonderen in Bad Radkersburg und in der S\u00fcdoststeiermark aktiv. Ich w\u00fcnsche mir f\u00fcr den Weltgebetstag, dass er noch mehr bekannt wird, auch bei den M\u00e4nnern und der Jugend, dass ein Strom der Hilfe zum Ozean wird.<\/p>\n<p>Marianne Konrad, katholisch, Steiermark<\/p>\n<p><strong>Ce que j&#8217;aime dans la Journ\u00e9e mondiale de pri\u00e8re des femmes<\/strong>, c&#8217;est qu&#8217;il s&#8217;agit d&#8217;une action \u0153cum\u00e9nique mondiale men\u00e9e par DES FEMMES POUR LES FEMMES. Que nous soyons unies dans la pri\u00e8re 24 heures &#8211; quelle force spirituelle dans la pri\u00e8re et le chant\u00a0! Nous donnons de l&#8217;espoir, de l&#8217;aide financi\u00e8re \u2013 et nous mettons le monde en mouvement\u00a0! Je suis active dans le groupe JMP-kfb Steiermark, en particulier \u00e0 Bad Radkersburg et dans le sud-est de la Styrie. Mon souhait pour la Journ\u00e9e mondiale de pri\u00e8re est que l&#8217;on la connaisse encore mieux, y compris parmi les hommes et les jeunes, et qu&#8217;un fleuve d&#8217;aide devienne un oc\u00e9an.<\/p>\n<p>Marianne Konrad, catholique, Styrie<\/p>\n<\/div><\/div><\/div><\/div><\/div><\/div><\/section><section class=\"l-section wpb_row height_small\"><div class=\"l-section-h i-cf\"><div class=\"g-cols vc_row via_grid cols_1 laptops-cols_inherit tablets-cols_inherit mobiles-cols_1 valign_top type_default stacking_default\">\r\n\r\n    <div class=\"back-button\">\r\n        <a class=\"width-full w-btn us-btn-style_2 usg_btn_1\" href=\"\/fr\/wp-json\/wp\/v2\/pages\">\r\n            <span class=\"w-btn-label\">\r\n                retour            <\/span>\r\n        <\/a>\r\n    <\/div>\r\n\r\n\r\n    <div class=\"wpb_column vc_column_container\"><div class=\"vc_column-inner\"><\/div><\/div><\/div><\/div><\/section>\n","protected":false},"excerpt":{"rendered":"{:de}Mir gef\u00e4llt am Weltgebetstag der Frauen, dass es eine weltweite \u00f6kumenische Aktion VON FRAUEN F\u00dcR FRAUEN ist. Dass wir 24 Stunden im Gebet vereint sind &#8211; diese Geisteskraft im Gebet und Gesang! Wir schenken Hoffnung, finanzielle Hilfe &#8211; bringen Steine ins Rollen! Ich bin im \u00abArbeitskreis WGT-kfb Steiermark\u00bb, im Besonderen in Bad Radkersburg und in...","protected":false},"author":5,"featured_media":0,"parent":9441,"menu_order":54,"comment_status":"closed","ping_status":"closed","template":"","meta":{"_acf_changed":false,"footnotes":""},"class_list":["post-9914","page","type-page","status-publish","hentry"],"translation":{"provider":"WPGlobus","version":"3.0.2","language":"fr","enabled_languages":["de","fr","it"],"languages":{"de":{"title":true,"content":true,"excerpt":false},"fr":{"title":true,"content":true,"excerpt":false},"it":{"title":true,"content":true,"excerpt":false}}},"acf":[],"_links":{"self":[{"href":"https:\/\/wgt.ch\/fr\/wp-json\/wp\/v2\/pages\/9914","targetHints":{"allow":["GET"]}}],"collection":[{"href":"https:\/\/wgt.ch\/fr\/wp-json\/wp\/v2\/pages"}],"about":[{"href":"https:\/\/wgt.ch\/fr\/wp-json\/wp\/v2\/types\/page"}],"author":[{"embeddable":true,"href":"https:\/\/wgt.ch\/fr\/wp-json\/wp\/v2\/users\/5"}],"replies":[{"embeddable":true,"href":"https:\/\/wgt.ch\/fr\/wp-json\/wp\/v2\/comments?post=9914"}],"version-history":[{"count":10,"href":"https:\/\/wgt.ch\/fr\/wp-json\/wp\/v2\/pages\/9914\/revisions"}],"predecessor-version":[{"id":10212,"href":"https:\/\/wgt.ch\/fr\/wp-json\/wp\/v2\/pages\/9914\/revisions\/10212"}],"up":[{"embeddable":true,"href":"https:\/\/wgt.ch\/fr\/wp-json\/wp\/v2\/pages\/9441"}],"wp:attachment":[{"href":"https:\/\/wgt.ch\/fr\/wp-json\/wp\/v2\/media?parent=9914"}],"curies":[{"name":"wp","href":"https:\/\/api.w.org\/{rel}","templated":true}]}}