{"id":9931,"date":"2020-11-25T16:03:13","date_gmt":"2020-11-25T15:03:13","guid":{"rendered":"https:\/\/wgt.ch\/?page_id=9931"},"modified":"2020-11-27T11:07:50","modified_gmt":"2020-11-27T10:07:50","slug":"15-dez-2020","status":"publish","type":"page","link":"https:\/\/wgt.ch\/fr\/advent-2020\/15-dez-2020\/","title":{"rendered":"15 d\u00e9c 2020"},"content":{"rendered":"<section class=\"l-section wpb_row height_small\"><div class=\"l-section-h i-cf\"><div class=\"g-cols vc_row via_grid cols_2 laptops-cols_inherit tablets-cols_inherit mobiles-cols_1 valign_top type_default stacking_default\"><div class=\"wpb_column vc_column_container\"><div class=\"vc_column-inner\"><div class=\"w-image align_none\"><div class=\"w-image-h\"><img decoding=\"async\" width=\"999\" height=\"933\" src=\"https:\/\/wgt.ch\/wp-content\/uploads\/2020\/11\/15-A_Esther_Handschin_Fotorechte-EMK-De.jpeg\" class=\"attachment-full size-full\" alt=\"\" loading=\"lazy\" srcset=\"https:\/\/wgt.ch\/wp-content\/uploads\/2020\/11\/15-A_Esther_Handschin_Fotorechte-EMK-De.jpeg 999w, https:\/\/wgt.ch\/wp-content\/uploads\/2020\/11\/15-A_Esther_Handschin_Fotorechte-EMK-De-300x280.jpeg 300w\" sizes=\"auto, (max-width: 999px) 100vw, 999px\" \/><\/div><\/div><\/div><\/div><div class=\"wpb_column vc_column_container\"><div class=\"vc_column-inner\"><div class=\"wpb_text_column\"><div class=\"wpb_wrapper\"><p><strong>An jedem Ort<\/strong>, an dem ich bisher f\u00fcr meine Kirche t\u00e4tig war, gab es den Weltgebetstag der Frauen. Es war die Ebene, wo ich bald in Kontakt gekommen bin. Frauen, die mit mir zusammen Weltgebetstag gefeiert haben, die habe ich auch im Supermarkt getroffen. Inzwischen setze ich am ersten Freitag im M\u00e4rz gerne ein Reiseziel auf meine Facebook-Seite: \u00abHeute geht es nach Frankreich.\u00bb \u00abWer kommt mit auf die Bahamas?\u00bb Es treffen dazu viele Kommentare ein: \u00abEs war kalt heute in Zimbabwe! Hat aber super lecker geschmeckt!\u00bb<\/p>\n<p>Esther Handschin, evangelisch-methodistisch, Salzburg, \u00d6sterreich<\/p>\n<p><strong>Dans tous les endroits<\/strong> o\u00f9 j&#8217;ai travaill\u00e9 pour mon \u00e9glise jusqu&#8217;\u00e0 pr\u00e9sent, il y a eu la Journ\u00e9e mondiale de pri\u00e8re des femmes. C&#8217;est l\u00e0 que j\u2019ai rapidement pris contact. Les femmes, avec lesquelles j\u2019ai c\u00e9l\u00e9br\u00e9 la Journ\u00e9e mondiale de pri\u00e8re, je les ai rencontr\u00e9es aussi au supermarch\u00e9. Entre-temps, le premier vendredi de mars, j&#8217;aime mettre une destination sur ma page facebook: \u00abAujourd&#8217;hui, on va en France.\u00bb \u00abQui m\u2019accompagne aux Bahamas?\u00bb Les commentaires sont nombreux. \u00abIl faisait froid aujourd&#8217;hui au Zimbabwe\u00a0! Mais \u00e7a avait vraiment bon go\u00fbt\u00a0!\u00bb<\/p>\n<p>Esther Handschin, m\u00e9thodiste protestante, Salzburg, Autriche<\/p>\n<\/div><\/div><\/div><\/div><\/div><\/div><\/section><section class=\"l-section wpb_row height_small\"><div class=\"l-section-h i-cf\"><div class=\"g-cols vc_row via_grid cols_1 laptops-cols_inherit tablets-cols_inherit mobiles-cols_1 valign_top type_default stacking_default\">\r\n\r\n    <div class=\"back-button\">\r\n        <a class=\"width-full w-btn us-btn-style_2 usg_btn_1\" href=\"\/fr\/wp-json\/wp\/v2\/pages\">\r\n            <span class=\"w-btn-label\">\r\n                retour            <\/span>\r\n        <\/a>\r\n    <\/div>\r\n\r\n\r\n    <div class=\"wpb_column vc_column_container\"><div class=\"vc_column-inner\"><\/div><\/div><\/div><\/div><\/section>\n","protected":false},"excerpt":{"rendered":"{:de}An jedem Ort, an dem ich bisher f\u00fcr meine Kirche t\u00e4tig war, gab es den Weltgebetstag der Frauen. Es war die Ebene, wo ich bald in Kontakt gekommen bin. Frauen, die mit mir zusammen Weltgebetstag gefeiert haben, die habe ich auch im Supermarkt getroffen. Inzwischen setze ich am ersten Freitag im M\u00e4rz gerne ein Reiseziel...","protected":false},"author":5,"featured_media":0,"parent":9441,"menu_order":56,"comment_status":"closed","ping_status":"closed","template":"","meta":{"_acf_changed":false,"footnotes":""},"class_list":["post-9931","page","type-page","status-publish","hentry"],"translation":{"provider":"WPGlobus","version":"3.0.2","language":"fr","enabled_languages":["de","fr","it"],"languages":{"de":{"title":true,"content":true,"excerpt":false},"fr":{"title":true,"content":true,"excerpt":false},"it":{"title":true,"content":true,"excerpt":false}}},"acf":[],"_links":{"self":[{"href":"https:\/\/wgt.ch\/fr\/wp-json\/wp\/v2\/pages\/9931","targetHints":{"allow":["GET"]}}],"collection":[{"href":"https:\/\/wgt.ch\/fr\/wp-json\/wp\/v2\/pages"}],"about":[{"href":"https:\/\/wgt.ch\/fr\/wp-json\/wp\/v2\/types\/page"}],"author":[{"embeddable":true,"href":"https:\/\/wgt.ch\/fr\/wp-json\/wp\/v2\/users\/5"}],"replies":[{"embeddable":true,"href":"https:\/\/wgt.ch\/fr\/wp-json\/wp\/v2\/comments?post=9931"}],"version-history":[{"count":9,"href":"https:\/\/wgt.ch\/fr\/wp-json\/wp\/v2\/pages\/9931\/revisions"}],"predecessor-version":[{"id":10218,"href":"https:\/\/wgt.ch\/fr\/wp-json\/wp\/v2\/pages\/9931\/revisions\/10218"}],"up":[{"embeddable":true,"href":"https:\/\/wgt.ch\/fr\/wp-json\/wp\/v2\/pages\/9441"}],"wp:attachment":[{"href":"https:\/\/wgt.ch\/fr\/wp-json\/wp\/v2\/media?parent=9931"}],"curies":[{"name":"wp","href":"https:\/\/api.w.org\/{rel}","templated":true}]}}