{"id":9939,"date":"2020-11-25T16:25:40","date_gmt":"2020-11-25T15:25:40","guid":{"rendered":"https:\/\/wgt.ch\/?page_id=9939"},"modified":"2020-11-27T11:11:03","modified_gmt":"2020-11-27T10:11:03","slug":"16-dez-2020","status":"publish","type":"page","link":"https:\/\/wgt.ch\/fr\/advent-2020\/16-dez-2020\/","title":{"rendered":"16 d\u00e9c 2020"},"content":{"rendered":"<section class=\"l-section wpb_row height_small\"><div class=\"l-section-h i-cf\"><div class=\"g-cols vc_row via_grid cols_2 laptops-cols_inherit tablets-cols_inherit mobiles-cols_1 valign_top type_default stacking_default\"><div class=\"wpb_column vc_column_container\"><div class=\"vc_column-inner\"><div class=\"w-image align_none\"><div class=\"w-image-h\"><img decoding=\"async\" width=\"2560\" height=\"2167\" src=\"https:\/\/wgt.ch\/wp-content\/uploads\/2020\/11\/16-Putri-Wahyuni-Brenjonk-Indonesien-scaled.jpg\" class=\"attachment-full size-full\" alt=\"\" loading=\"lazy\" srcset=\"https:\/\/wgt.ch\/wp-content\/uploads\/2020\/11\/16-Putri-Wahyuni-Brenjonk-Indonesien-scaled.jpg 2560w, https:\/\/wgt.ch\/wp-content\/uploads\/2020\/11\/16-Putri-Wahyuni-Brenjonk-Indonesien-300x254.jpg 300w, https:\/\/wgt.ch\/wp-content\/uploads\/2020\/11\/16-Putri-Wahyuni-Brenjonk-Indonesien-1024x867.jpg 1024w, https:\/\/wgt.ch\/wp-content\/uploads\/2020\/11\/16-Putri-Wahyuni-Brenjonk-Indonesien-1536x1300.jpg 1536w, https:\/\/wgt.ch\/wp-content\/uploads\/2020\/11\/16-Putri-Wahyuni-Brenjonk-Indonesien-2048x1733.jpg 2048w\" sizes=\"auto, (max-width: 2560px) 100vw, 2560px\" \/><\/div><\/div><\/div><\/div><div class=\"wpb_column vc_column_container\"><div class=\"vc_column-inner\"><div class=\"wpb_text_column\"><div class=\"wpb_wrapper\"><p><strong>I am Putri Wahyuni,<\/strong> the woman in yellow. I am 21 years old and live in Mojokerto in Indonesia. After I graduated from high school I participated in Women Empowerment training held by BRENJONK with WWDP support. I was also accompanied intensely by the BRENJONK Team. I am very happy with this program. I can independently manage the business in the field of organic culinary. As a woman I feel confident, independent and I have the freedom to make a creative contribution in the health and economy of the family.<\/p>\n<p><strong>Je suis Putri Wahyuni,<\/strong> habill\u00e9e en jaune. J\u2019ai 21 ans et je vis \u00e0 Mojokerto en Indon\u00e9sie. Apr\u00e8s l\u2019\u00e9cole secondaire, j\u2019ai particip\u00e9 \u00e0 une formation pour rendre les femmes plus fortes et plus autonomes, soutenue par la Journ\u00e9e mondiale de pri\u00e8re des femmes. J\u2019ai \u00e9t\u00e9 accompagn\u00e9e intens\u00e9ment par l\u2019\u00e9quipe de Brenjonk. Je suis tr\u00e8s heureuse de cette formation. Je peux g\u00e9rer la cuisine biologique de fa\u00e7on ind\u00e9pendante. En tant que femme, je me sens confiante, ind\u00e9pendante et libre de contribuer avec cr\u00e9ativit\u00e9 \u00e0 la sant\u00e9 et aux revenus de ma famille.<\/p>\n<p><a href=\"https:\/\/wgt.ch\/wp-content\/uploads\/2020\/10\/VAN-HP4-Brenjonk-FR.pdf\" target=\"_blank\" rel=\"noopener noreferrer\">Projet VAN HP4 en Indon\u00e9sie\u00a0: \u00abRendre les femmes plus fortes grace \u00e0 l\u2019agriculture agro\u00e9cologique\u00bb<\/a><\/p>\n<\/div><\/div><\/div><\/div><\/div><\/div><\/section><section class=\"l-section wpb_row height_small\"><div class=\"l-section-h i-cf\"><div class=\"g-cols vc_row via_grid cols_1 laptops-cols_inherit tablets-cols_inherit mobiles-cols_1 valign_top type_default stacking_default\">\r\n\r\n    <div class=\"back-button\">\r\n        <a class=\"width-full w-btn us-btn-style_2 usg_btn_1\" href=\"\/fr\/wp-json\/wp\/v2\/pages\">\r\n            <span class=\"w-btn-label\">\r\n                retour            <\/span>\r\n        <\/a>\r\n    <\/div>\r\n\r\n\r\n    <div class=\"wpb_column vc_column_container\"><div class=\"vc_column-inner\"><\/div><\/div><\/div><\/div><\/section>\n","protected":false},"excerpt":{"rendered":"{:de}I am Putri Wahyuni, the woman in yellow. I am 21 years old and live in Mojokerto in Indonesia. After I graduated from high school I participated in Women Empowerment training held by BRENJONK with WWDP support. I was also accompanied intensely by the BRENJONK Team. I am very happy with this program. I can...","protected":false},"author":5,"featured_media":0,"parent":9441,"menu_order":57,"comment_status":"closed","ping_status":"closed","template":"","meta":{"_acf_changed":false,"footnotes":""},"class_list":["post-9939","page","type-page","status-publish","hentry"],"translation":{"provider":"WPGlobus","version":"3.0.2","language":"fr","enabled_languages":["de","fr","it"],"languages":{"de":{"title":true,"content":true,"excerpt":false},"fr":{"title":true,"content":true,"excerpt":false},"it":{"title":true,"content":true,"excerpt":false}}},"acf":[],"_links":{"self":[{"href":"https:\/\/wgt.ch\/fr\/wp-json\/wp\/v2\/pages\/9939","targetHints":{"allow":["GET"]}}],"collection":[{"href":"https:\/\/wgt.ch\/fr\/wp-json\/wp\/v2\/pages"}],"about":[{"href":"https:\/\/wgt.ch\/fr\/wp-json\/wp\/v2\/types\/page"}],"author":[{"embeddable":true,"href":"https:\/\/wgt.ch\/fr\/wp-json\/wp\/v2\/users\/5"}],"replies":[{"embeddable":true,"href":"https:\/\/wgt.ch\/fr\/wp-json\/wp\/v2\/comments?post=9939"}],"version-history":[{"count":16,"href":"https:\/\/wgt.ch\/fr\/wp-json\/wp\/v2\/pages\/9939\/revisions"}],"predecessor-version":[{"id":10221,"href":"https:\/\/wgt.ch\/fr\/wp-json\/wp\/v2\/pages\/9939\/revisions\/10221"}],"up":[{"embeddable":true,"href":"https:\/\/wgt.ch\/fr\/wp-json\/wp\/v2\/pages\/9441"}],"wp:attachment":[{"href":"https:\/\/wgt.ch\/fr\/wp-json\/wp\/v2\/media?parent=9939"}],"curies":[{"name":"wp","href":"https:\/\/api.w.org\/{rel}","templated":true}]}}