{"id":9974,"date":"2020-11-25T18:03:20","date_gmt":"2020-11-25T17:03:20","guid":{"rendered":"https:\/\/wgt.ch\/?page_id=9974"},"modified":"2020-11-27T11:16:29","modified_gmt":"2020-11-27T10:16:29","slug":"18-dez-2020","status":"publish","type":"page","link":"https:\/\/wgt.ch\/fr\/advent-2020\/18-dez-2020\/","title":{"rendered":"18 d\u00e9c 2020"},"content":{"rendered":"<section class=\"l-section wpb_row height_small\"><div class=\"l-section-h i-cf\"><div class=\"g-cols vc_row via_grid cols_2 laptops-cols_inherit tablets-cols_inherit mobiles-cols_1 valign_top type_default stacking_default\"><div class=\"wpb_column vc_column_container\"><div class=\"vc_column-inner\"><div class=\"w-image align_none\"><div class=\"w-image-h\"><img decoding=\"async\" width=\"1981\" height=\"2393\" src=\"https:\/\/wgt.ch\/wp-content\/uploads\/2020\/11\/18-A-Ilse.jpg\" class=\"attachment-full size-full\" alt=\"\" loading=\"lazy\" srcset=\"https:\/\/wgt.ch\/wp-content\/uploads\/2020\/11\/18-A-Ilse.jpg 1981w, https:\/\/wgt.ch\/wp-content\/uploads\/2020\/11\/18-A-Ilse-248x300.jpg 248w, https:\/\/wgt.ch\/wp-content\/uploads\/2020\/11\/18-A-Ilse-848x1024.jpg 848w, https:\/\/wgt.ch\/wp-content\/uploads\/2020\/11\/18-A-Ilse-1272x1536.jpg 1272w, https:\/\/wgt.ch\/wp-content\/uploads\/2020\/11\/18-A-Ilse-1695x2048.jpg 1695w\" sizes=\"auto, (max-width: 1981px) 100vw, 1981px\" \/><\/div><\/div><\/div><\/div><div class=\"wpb_column vc_column_container\"><div class=\"vc_column-inner\"><div class=\"wpb_text_column\"><div class=\"wpb_wrapper\"><p><strong>Der Weltgebetstag<\/strong> war 25 Jahre meine Aufgabe als Pfarrerin in der Gemeinde. Mir hat die Vorbereitung der Gottesdienste, in denen Frauen ihre Ideen eingebracht und mitgearbeitet haben, immer viel Freude gemacht. Als Pensionistin arbeite ich in der \u00f6sterreichischen Liturgiegruppe mit. Durch die Frauen aus aller Welt, die die Liturgien gestalten, wird das Christentum lebendiger und bunter. Ich w\u00fcnsche mir und den Kirchen in aller Welt, dass der Weltgebetstag eine lebendige \u00f6kumenische Tradition bleibt.<\/p>\n<p>Ilse Beyer, lutherisch, Wien, \u00d6sterreich<\/p>\n<p><strong>La Journ\u00e9e mondiale de pri\u00e8re<\/strong> a \u00e9t\u00e9 ma t\u00e2che en tant que pasteur de paroisse, pendant 25 ans. J&#8217;ai toujours appr\u00e9ci\u00e9 la pr\u00e9paration des services, dans lesquels les femmes ont apport\u00e9 leurs id\u00e9es et ont travaill\u00e9 ensemble. En tant que retrait\u00e9e, je travaille dans le groupe de liturgie autrichien. Gr\u00e2ce aux femmes du monde entier qui con\u00e7oivent les liturgies, le christianisme devient plus vivant et plus color\u00e9. Je souhaite, pour moi-m\u00eame et pour les \u00e9glises du monde entier, que la Journ\u00e9e mondiale de pri\u00e8re reste une tradition \u0153cum\u00e9nique vivante.<\/p>\n<p>Ilse Beyer, luth\u00e9rienne, Vienne, Autriche<\/p>\n<\/div><\/div><\/div><\/div><\/div><\/div><\/section><section class=\"l-section wpb_row height_small\"><div class=\"l-section-h i-cf\"><div class=\"g-cols vc_row via_grid cols_1 laptops-cols_inherit tablets-cols_inherit mobiles-cols_1 valign_top type_default stacking_default\">\r\n\r\n    <div class=\"back-button\">\r\n        <a class=\"width-full w-btn us-btn-style_2 usg_btn_1\" href=\"\/fr\/wp-json\/wp\/v2\/pages\">\r\n            <span class=\"w-btn-label\">\r\n                retour            <\/span>\r\n        <\/a>\r\n    <\/div>\r\n\r\n\r\n    <div class=\"wpb_column vc_column_container\"><div class=\"vc_column-inner\"><\/div><\/div><\/div><\/div><\/section>\n","protected":false},"excerpt":{"rendered":"{:de}Der Weltgebetstag war 25 Jahre meine Aufgabe als Pfarrerin in der Gemeinde. Mir hat die Vorbereitung der Gottesdienste, in denen Frauen ihre Ideen eingebracht und mitgearbeitet haben, immer viel Freude gemacht. Als Pensionistin arbeite ich in der \u00f6sterreichischen Liturgiegruppe mit. Durch die Frauen aus aller Welt, die die Liturgien gestalten, wird das Christentum lebendiger und...","protected":false},"author":5,"featured_media":0,"parent":9441,"menu_order":59,"comment_status":"closed","ping_status":"closed","template":"","meta":{"_acf_changed":false,"footnotes":""},"class_list":["post-9974","page","type-page","status-publish","hentry"],"translation":{"provider":"WPGlobus","version":"3.0.2","language":"fr","enabled_languages":["de","fr","it"],"languages":{"de":{"title":true,"content":true,"excerpt":false},"fr":{"title":true,"content":true,"excerpt":false},"it":{"title":true,"content":true,"excerpt":false}}},"acf":[],"_links":{"self":[{"href":"https:\/\/wgt.ch\/fr\/wp-json\/wp\/v2\/pages\/9974","targetHints":{"allow":["GET"]}}],"collection":[{"href":"https:\/\/wgt.ch\/fr\/wp-json\/wp\/v2\/pages"}],"about":[{"href":"https:\/\/wgt.ch\/fr\/wp-json\/wp\/v2\/types\/page"}],"author":[{"embeddable":true,"href":"https:\/\/wgt.ch\/fr\/wp-json\/wp\/v2\/users\/5"}],"replies":[{"embeddable":true,"href":"https:\/\/wgt.ch\/fr\/wp-json\/wp\/v2\/comments?post=9974"}],"version-history":[{"count":10,"href":"https:\/\/wgt.ch\/fr\/wp-json\/wp\/v2\/pages\/9974\/revisions"}],"predecessor-version":[{"id":10229,"href":"https:\/\/wgt.ch\/fr\/wp-json\/wp\/v2\/pages\/9974\/revisions\/10229"}],"up":[{"embeddable":true,"href":"https:\/\/wgt.ch\/fr\/wp-json\/wp\/v2\/pages\/9441"}],"wp:attachment":[{"href":"https:\/\/wgt.ch\/fr\/wp-json\/wp\/v2\/media?parent=9974"}],"curies":[{"name":"wp","href":"https:\/\/api.w.org\/{rel}","templated":true}]}}