{"id":9983,"date":"2020-11-25T18:25:39","date_gmt":"2020-11-25T17:25:39","guid":{"rendered":"https:\/\/wgt.ch\/?page_id=9983"},"modified":"2020-11-27T11:18:24","modified_gmt":"2020-11-27T10:18:24","slug":"19-dez-2020","status":"publish","type":"page","link":"https:\/\/wgt.ch\/fr\/advent-2020\/19-dez-2020\/","title":{"rendered":"19 d\u00e9c 2020"},"content":{"rendered":"<section class=\"l-section wpb_row height_small\"><div class=\"l-section-h i-cf\"><div class=\"g-cols vc_row via_grid cols_2 laptops-cols_inherit tablets-cols_inherit mobiles-cols_1 valign_top type_default stacking_default\"><div class=\"wpb_column vc_column_container\"><div class=\"vc_column-inner\"><div class=\"w-image align_none\"><div class=\"w-image-h\"><img decoding=\"async\" width=\"1996\" height=\"2560\" src=\"https:\/\/wgt.ch\/wp-content\/uploads\/2020\/11\/19-Cornelia-CH-scaled.jpg\" class=\"attachment-full size-full\" alt=\"\" loading=\"lazy\" srcset=\"https:\/\/wgt.ch\/wp-content\/uploads\/2020\/11\/19-Cornelia-CH-scaled.jpg 1996w, https:\/\/wgt.ch\/wp-content\/uploads\/2020\/11\/19-Cornelia-CH-234x300.jpg 234w, https:\/\/wgt.ch\/wp-content\/uploads\/2020\/11\/19-Cornelia-CH-798x1024.jpg 798w, https:\/\/wgt.ch\/wp-content\/uploads\/2020\/11\/19-Cornelia-CH-1198x1536.jpg 1198w, https:\/\/wgt.ch\/wp-content\/uploads\/2020\/11\/19-Cornelia-CH-1597x2048.jpg 1597w\" sizes=\"auto, (max-width: 1996px) 100vw, 1996px\" \/><\/div><\/div><\/div><\/div><div class=\"wpb_column vc_column_container\"><div class=\"vc_column-inner\"><div class=\"wpb_text_column\"><div class=\"wpb_wrapper\"><p><strong>Mi chiamo Cornelia,<\/strong> sono evangelica riformata e vivo in Ticino, a Bellinzona. Da sempre in famiglia ho vissuto l\u2019ecumenismo nel quotidiano. Partecipo da dieci anni alla Giornata mondiale di preghiera. Ogni anno mi rallegro di preparare con altre donne la celebrazione di marzo. Mi permette di conoscere paesi diversi ognuno con le proprie particolarita\u0300. Con la preghiera e la colletta ho l\u2019opportunita\u0300 di aiutare persone lontane. Spero che questo movimento ecumenico possa continuare e rafforzarsi.<\/p>\n<p><strong>Je m\u2019appelle Cornelia.<\/strong> Je suis r\u00e9form\u00e9e \u00e9vang\u00e9lique et j\u2019habite au Tessin, \u00e0 Bellinzone. J&#8217;ai toujours v\u00e9cu l&#8217;\u0153cum\u00e9nisme au quotidien dans ma famille. Je participe \u00e0 la Journ\u00e9e mondiale de pri\u00e8re depuis dix ans. Chaque ann\u00e9e, je me r\u00e9jouis de pr\u00e9parer avec d&#8217;autres femmes la c\u00e9l\u00e9bration du mois de mars. Cela me permet de conna\u00eetre diff\u00e9rents pays, chacun avec ses particularit\u00e9s. Gr\u00e2ce \u00e0 la pri\u00e8re et \u00e0 la collecte, j&#8217;ai la possibilit\u00e9 d&#8217;aider des gens au loin. J&#8217;esp\u00e8re que ce mouvement \u0153cum\u00e9nique pourra se poursuivre et se renforcer.<\/p>\n<\/div><\/div><\/div><\/div><\/div><\/div><\/section><section class=\"l-section wpb_row height_small\"><div class=\"l-section-h i-cf\"><div class=\"g-cols vc_row via_grid cols_1 laptops-cols_inherit tablets-cols_inherit mobiles-cols_1 valign_top type_default stacking_default\">\r\n\r\n    <div class=\"back-button\">\r\n        <a class=\"width-full w-btn us-btn-style_2 usg_btn_1\" href=\"\/fr\/wp-json\/wp\/v2\/pages\">\r\n            <span class=\"w-btn-label\">\r\n                retour            <\/span>\r\n        <\/a>\r\n    <\/div>\r\n\r\n\r\n    <div class=\"wpb_column vc_column_container\"><div class=\"vc_column-inner\"><\/div><\/div><\/div><\/div><\/section>\n","protected":false},"excerpt":{"rendered":"{:de}Mi chiamo Cornelia, sono evangelica riformata e vivo in Ticino, a Bellinzona. Da sempre in famiglia ho vissuto l\u2019ecumenismo nel quotidiano. Partecipo da dieci anni alla Giornata mondiale di preghiera. Ogni anno mi rallegro di preparare con altre donne la celebrazione di marzo. Mi permette di conoscere paesi diversi ognuno con le proprie particolarita\u0300. Con...","protected":false},"author":5,"featured_media":0,"parent":9441,"menu_order":60,"comment_status":"closed","ping_status":"closed","template":"","meta":{"_acf_changed":false,"footnotes":""},"class_list":["post-9983","page","type-page","status-publish","hentry"],"translation":{"provider":"WPGlobus","version":"3.0.2","language":"fr","enabled_languages":["de","fr","it"],"languages":{"de":{"title":true,"content":true,"excerpt":false},"fr":{"title":true,"content":true,"excerpt":false},"it":{"title":true,"content":true,"excerpt":false}}},"acf":[],"_links":{"self":[{"href":"https:\/\/wgt.ch\/fr\/wp-json\/wp\/v2\/pages\/9983","targetHints":{"allow":["GET"]}}],"collection":[{"href":"https:\/\/wgt.ch\/fr\/wp-json\/wp\/v2\/pages"}],"about":[{"href":"https:\/\/wgt.ch\/fr\/wp-json\/wp\/v2\/types\/page"}],"author":[{"embeddable":true,"href":"https:\/\/wgt.ch\/fr\/wp-json\/wp\/v2\/users\/5"}],"replies":[{"embeddable":true,"href":"https:\/\/wgt.ch\/fr\/wp-json\/wp\/v2\/comments?post=9983"}],"version-history":[{"count":9,"href":"https:\/\/wgt.ch\/fr\/wp-json\/wp\/v2\/pages\/9983\/revisions"}],"predecessor-version":[{"id":10232,"href":"https:\/\/wgt.ch\/fr\/wp-json\/wp\/v2\/pages\/9983\/revisions\/10232"}],"up":[{"embeddable":true,"href":"https:\/\/wgt.ch\/fr\/wp-json\/wp\/v2\/pages\/9441"}],"wp:attachment":[{"href":"https:\/\/wgt.ch\/fr\/wp-json\/wp\/v2\/media?parent=9983"}],"curies":[{"name":"wp","href":"https:\/\/api.w.org\/{rel}","templated":true}]}}